{"id":5035,"date":"2023-01-12T19:21:34","date_gmt":"2023-01-12T19:21:34","guid":{"rendered":"https:\/\/livinghome.vn\/thiet-bi\/?post_type=product&#038;p=5035"},"modified":"2024-11-29T14:19:39","modified_gmt":"2024-11-29T07:19:39","slug":"tu-lanh-bosch-gsn36vi3p-1-canh-doc-lap-255-lit","status":"publish","type":"product","link":"https:\/\/livinghome.vn\/thiet-bi\/tu-lanh-bosch-gsn36vi3p-1-canh-doc-lap-255-lit\/","title":{"rendered":"T\u1ee7 l\u1ea1nh Bosch GSN36VI3P &#8211; 1 c\u00e1nh \u0111\u1ed9c l\u1eadp 255 l\u00edt"},"content":{"rendered":"<h1>Living Home xin tr\u00e2n tr\u1ecdng gi\u1edbi thi\u1ec7u \u0111\u1ebfn b\u1ea1n T\u1ee7 l\u1ea1nh Bosch GSN36VI3P v\u1edbi nh\u1eefng t\u00ednh n\u0103ng v\u00f4 c\u00f9ng h\u1ea5p d\u1eabn nh\u01b0 sau<\/h1>\n<h3>Th\u00f4ng tin thi\u1ebft b\u1ecb<\/h3>\n<ul>\n<li>Thi\u1ebft k\u1ebf \u0111\u1ed9c l\u1eadp v\u1edbi c\u1eeda m\u00e0u Inox h\u1ea1n ch\u1ebf b\u00e1m v\u00e2n tay v\u00e0 tr\u1ea7y x\u01b0\u1edbc<\/li>\n<li>C\u1eeda c\u00f3 th\u1ec3 l\u1eafp \u0111\u1eb7t \u0111\u1ea3o chi\u1ec1u, d\u1ec5 d\u00e0ng v\u1ec7 sinh<\/li>\n<li>C\u00f4ng ngh\u1ec7 v\u1eadn h\u00e0nh ti\u1ebft ki\u1ec7m n\u0103ng l\u01b0\u1ee3ng theo ti\u00eau chu\u1ea9n Ch\u00e2u \u00c2u: A++<\/li>\n<li>H\u1ec7 th\u1ed1ng \u0111\u00e8n LED chi\u1ebfu s\u00e1ng b\u00ean trong<\/li>\n<li>4 Ng\u0103n k\u00e9o trong su\u1ed1t, th\u1ec3 t\u00edch l\u1edbn<\/li>\n<li>Kh\u00f4ng \u0111\u00f3ng tuy\u1ebft<\/li>\n<li>Dung t\u00edch l\u00ean \u0111\u1ebfn 255L<\/li>\n<li>B\u1ea3ng \u0111i\u1ec1u b\u1eb1ng n\u00fat nh\u1ea5n<\/li>\n<li>Xu\u1ea5t x\u1ee9 Ba Lan<\/li>\n<\/ul>\n<figure id=\"attachment_59361\" aria-describedby=\"caption-attachment-59361\" style=\"width: 800px\" class=\"wp-caption alignnone\"><img loading=\"lazy\" decoding=\"async\" class=\"wp-image-59361 size-large\" src=\"https:\/\/livinghome.vn\/thiet-bi\/wp-content\/uploads\/nha-bep\/bosch-hmh\/tu-lanh-don\/tu-lanh-don-bosch-gsn36vi3p\/tu-lanh-don-bosch-gsn36vi3p-2-800x800.jpg\" alt=\"T\u1ee7 l\u1ea1nh Bosch GSN36VI3P - 1 c\u00e1nh \u0111\u1ed9c l\u1eadp 255 l\u00edt\" width=\"800\" height=\"800\" title=\"\"><figcaption id=\"caption-attachment-59361\" class=\"wp-caption-text\">T\u1ee7 l\u1ea1nh Bosch GSN36VI3P &#8211; H\u1ec7 th\u1ed1ng \u0111\u00e8n LED chi\u1ebfu s\u00e1ng b\u00ean trong<\/figcaption><\/figure>\n<h3>Ch\u1ee9c n\u0103ng an to\u00e0n<\/h3>\n<ul>\n<li>C\u00e1c k\u1ec7 k\u00ednh c\u01b0\u1eddng l\u1ef1c ch\u1ecbu t\u1ea3i tr\u1ecdng cao<\/li>\n<\/ul>\n<h3>Th\u00f4ng s\u1ed1 k\u1ef9 thu\u1eadt<\/h3>\n<ul>\n<li>M\u00e0u: Inox<\/li>\n<li>Tr\u1ecdng l\u01b0\u1ee3ng: 75 kg<\/li>\n<li>\u0110\u1ed9 \u1ed3n: 42 dB<\/li>\n<li>C\u00f4ng su\u1ea5t: 90W<\/li>\n<li>\u0110i\u1ec7n n\u0103ng ti\u00eau th\u1ee5: 237 kWh\/n\u0103m<\/li>\n<li>Hi\u1ec7u \u0111i\u1ec7n th\u1ebf: 220 \u2013 240V<\/li>\n<li>C\u01b0\u1eddng \u0111\u1ed9: 10A; T\u1ea7n s\u1ed1: 50Hz<\/li>\n<li>K\u00edch th\u01b0\u1edbc: 1860C x 600R x 650S mm<\/li>\n<\/ul>\n","protected":false},"excerpt":{"rendered":"<p>Thi\u1ebft k\u1ebf \u0111\u1ed9c l\u1eadp v\u1edbi c\u1eeda m\u00e0u Inox h\u1ea1n ch\u1ebf b\u00e1m v\u00e2n tay v\u00e0 tr\u1ea7y x\u01b0\u1edbc<\/p>\n<p>C\u1eeda c\u00f3 th\u1ec3 l\u1eafp \u0111\u1eb7t \u0111\u1ea3o chi\u1ec1u, d\u1ec5 d\u00e0ng v\u1ec7 sinh<\/p>\n<p>C\u00f4ng ngh\u1ec7 v\u1eadn h\u00e0nh ti\u1ebft ki\u1ec7m n\u0103ng l\u01b0\u1ee3ng theo ti\u00eau chu\u1ea9n Ch\u00e2u \u00c2u: A++<\/p>\n<p>H\u1ec7 th\u1ed1ng \u0111\u00e8n LED chi\u1ebfu s\u00e1ng b\u00ean trong<\/p>\n<p>4 Ng\u0103n k\u00e9o trong su\u1ed1t, th\u1ec3 t\u00edch l\u1edbn<\/p>\n<p>Kh\u00f4ng \u0111\u00f3ng tuy\u1ebft<\/p>\n<p>Dung t\u00edch l\u00ean \u0111\u1ebfn 255L<\/p>\n<p>B\u1ea3ng \u0111i\u1ec1u b\u1eb1ng n\u00fat nh\u1ea5n<\/p>\n<p>Xu\u1ea5t x\u1ee9 Ba Lan<\/p>\n","protected":false},"featured_media":5248,"comment_status":"open","ping_status":"closed","template":"","meta":[],"product_brand":[],"product_cat":[472,201,530],"product_tag":[473,203,525],"class_list":{"0":"post-5035","1":"product","2":"type-product","3":"status-publish","4":"has-post-thumbnail","6":"product_cat-thuong-hieu-bosch","7":"product_cat-tu-lanh","8":"product_cat-tu-lanh-bosch","9":"product_tag-bosch","10":"product_tag-tu-lanh","11":"product_tag-tu-lanh-bosch","13":"first","14":"instock","15":"sale","16":"shipping-taxable","17":"purchasable","18":"product-type-simple"},"_links":{"self":[{"href":"https:\/\/livinghome.vn\/thiet-bi\/wp-json\/wp\/v2\/product\/5035","targetHints":{"allow":["GET"]}}],"collection":[{"href":"https:\/\/livinghome.vn\/thiet-bi\/wp-json\/wp\/v2\/product"}],"about":[{"href":"https:\/\/livinghome.vn\/thiet-bi\/wp-json\/wp\/v2\/types\/product"}],"replies":[{"embeddable":true,"href":"https:\/\/livinghome.vn\/thiet-bi\/wp-json\/wp\/v2\/comments?post=5035"}],"wp:featuredmedia":[{"embeddable":true,"href":"https:\/\/livinghome.vn\/thiet-bi\/wp-json\/wp\/v2\/media\/5248"}],"wp:attachment":[{"href":"https:\/\/livinghome.vn\/thiet-bi\/wp-json\/wp\/v2\/media?parent=5035"}],"wp:term":[{"taxonomy":"product_brand","embeddable":true,"href":"https:\/\/livinghome.vn\/thiet-bi\/wp-json\/wp\/v2\/product_brand?post=5035"},{"taxonomy":"product_cat","embeddable":true,"href":"https:\/\/livinghome.vn\/thiet-bi\/wp-json\/wp\/v2\/product_cat?post=5035"},{"taxonomy":"product_tag","embeddable":true,"href":"https:\/\/livinghome.vn\/thiet-bi\/wp-json\/wp\/v2\/product_tag?post=5035"}],"curies":[{"name":"wp","href":"https:\/\/api.w.org\/{rel}","templated":true}]}}