{"id":5012,"date":"2023-01-12T19:20:58","date_gmt":"2023-01-12T19:20:58","guid":{"rendered":"https:\/\/livinghome.vn\/thiet-bi\/?post_type=product&#038;p=5012"},"modified":"2024-11-29T14:19:39","modified_gmt":"2024-11-29T07:19:39","slug":"tu-lanh-bosch-kin86af30o-am-tu-273-lit","status":"publish","type":"product","link":"https:\/\/livinghome.vn\/thiet-bi\/tu-lanh-bosch-kin86af30o-am-tu-273-lit\/","title":{"rendered":"T\u1ee7 l\u1ea1nh Bosch KIN86AF30O &#8211; \u00c2m t\u1ee7 273 l\u00edt"},"content":{"rendered":"<h1>Living Home xin tr\u00e2n tr\u1ecdng gi\u1edbi thi\u1ec7u \u0111\u1ebfn b\u1ea1n T\u1ee7 l\u1ea1nh Bosch KIN86AF30O v\u1edbi nh\u1eefng t\u00ednh n\u0103ng v\u00f4 c\u00f9ng h\u1ea5p d\u1eabn nh\u01b0 sau<\/h1>\n<h3>\u0110\u1eb7c t\u00ednh s\u1ea3n ph\u1ea9m<\/h3>\n<ul>\n<li>Thi\u1ebft k\u1ebf \u00e2m t\u1ee7 v\u1edbi c\u1eeda c\u00f3 th\u1ec3 l\u1eafp m\u1eb7t g\u1ed7 ph\u00eda tr\u01b0\u1edbc theo \u00fd th\u00edch v\u00e0 thi\u1ebft k\u1ebf ri\u00eang c\u1ee7a t\u1eebng gian b\u1ebfp<\/li>\n<li>C\u1eeda c\u00f3 th\u1ec3 l\u1eafp \u0111\u1eb7t \u0111\u1ea3o chi\u1ec1u, d\u1ec5 d\u00e0ng v\u1ec7 sinh<\/li>\n<li>Thi\u1ebft k\u1ebf hi\u1ec7n \u0111\u1ea1i v\u1edbi ng\u0103n ch\u1ee9a l\u1edbn<\/li>\n<li>H\u1ec7 th\u1ed1ng \u0111\u00e8n LED chi\u1ebfu s\u00e1ng b\u00ean trong.<\/li>\n<li>C\u00f4ng ngh\u1ec7 l\u00e0m l\u1ea1nh MultiAirflow t\u0103ng hi\u1ec7u qu\u1ea3 v\u00e0 t\u1eadn d\u1ee5ng t\u1ed1i \u0111a lu\u1ed3ng kh\u00ed l\u1ea1nh<\/li>\n<li>B\u1ea3ng \u0111i\u1ec1u khi\u1ec3n \u0111i\u1ec7n t\u1eed<\/li>\n<li>Ng\u0103n ch\u1ee9a VitaFreshPlus gi\u00fap l\u01b0u tr\u1eef rau c\u1ee7 hi\u1ec7u qu\u1ea3<\/li>\n<li>Ng\u0103n ch\u1ee9a BigBox l\u01b0u tr\u1eef th\u1ef1c ph\u1ea9m v\u1edbi k\u00edch th\u01b0\u1edbc l\u1edbn<\/li>\n<li>Ng\u0103n \u0111\u00f4ng ti\u00eau chu\u1ea9n 4 sao gi\u00fap vi\u1ec7c l\u01b0u tr\u1eef \u0111\u01b0\u1ee3c l\u00e2u h\u01a1n, h\u1ea1n ch\u1ebf \u0111\u1ebfn th\u1ea5p nh\u1ea5t th\u1ea5t tho\u00e1t d\u01b0\u1ee1ng ch\u1ea5t<\/li>\n<li>Xu\u1ea5t x\u1ee9 \u0110\u1ee9c<\/li>\n<\/ul>\n<figure id=\"attachment_59356\" aria-describedby=\"caption-attachment-59356\" style=\"width: 1067px\" class=\"wp-caption alignnone\"><img loading=\"lazy\" decoding=\"async\" class=\"wp-image-59356 size-large\" src=\"https:\/\/livinghome.vn\/thiet-bi\/wp-content\/uploads\/nha-bep\/bosch-hmh\/tu-lanh-am\/tu-lanh-am-bosch-kin86af30o\/tu-lanh-am-bosch-kin86af30o-10-1067x800.jpg\" alt=\"T\u1ee7 l\u1ea1nh Bosch KIN86AF30O - \u00c2m t\u1ee7 273 l\u00edt\" width=\"1067\" height=\"800\" title=\"\"><figcaption id=\"caption-attachment-59356\" class=\"wp-caption-text\">T\u1ee7 l\u1ea1nh Bosch KIN86AF30O &#8211; Thi\u1ebft k\u1ebf \u00e2m t\u1ee7 v\u1edbi c\u1eeda c\u00f3 th\u1ec3 l\u1eafp m\u1eb7t g\u1ed7 ph\u00eda tr\u01b0\u1edbc theo \u00fd th\u00edch v\u00e0 thi\u1ebft k\u1ebf ri\u00eang c\u1ee7a t\u1eebng gian b\u1ebfp<\/figcaption><\/figure>\n<h3>Ch\u1ee9c n\u0103ng an to\u00e0n<\/h3>\n<ul>\n<li>B\u1ed9 l\u1ecdc m\u00f9i v\u1edbi than ho\u1ea1t t\u00ednh \u0111\u01b0\u1ee3c t\u00edch h\u1ee3p b\u00ean trong t\u1ee7<\/li>\n<li>C\u00e1c k\u1ec7 k\u00ednh c\u01b0\u1eddng l\u1ef1c ch\u1ecbu t\u1ea3i tr\u1ecdng cao<\/li>\n<\/ul>\n<h3>Th\u00f4ng s\u1ed1 k\u0129 thu\u1eadt<\/h3>\n<ul>\n<li>M\u00e0u: Tr\u1eafng<\/li>\n<li>Dung t\u00edch 273L<\/li>\n<li>\u0110\u1ed9 \u1ed3n: 38 dB<\/li>\n<li>C\u00f4ng su\u1ea5t: 90W<\/li>\n<li>Hi\u1ec7u \u0111i\u1ec7n th\u1ebf: 220 \u2013 240V<\/li>\n<li>C\u01b0\u1eddng \u0111\u1ed9: 10A; T\u1ea7n s\u1ed1: 50Hz<\/li>\n<li>K\u00edch th\u01b0\u1edbc: 1772C x 558R x 545C mm<\/li>\n<li>Tr\u1ecdng l\u01b0\u1ee3ng: 76.2 kg<\/li>\n<\/ul>\n<figure id=\"attachment_59351\" aria-describedby=\"caption-attachment-59351\" style=\"width: 800px\" class=\"wp-caption alignnone\"><img loading=\"lazy\" decoding=\"async\" class=\"wp-image-59351 size-large\" src=\"https:\/\/livinghome.vn\/thiet-bi\/wp-content\/uploads\/nha-bep\/bosch-hmh\/tu-lanh-am\/tu-lanh-am-bosch-kin86af30o\/tu-lanh-am-bosch-kin86af30o-5-800x800.jpg\" alt=\"T\u1ee7 l\u1ea1nh Bosch KIN86AF30O - \u00c2m t\u1ee7 273 l\u00edt\" width=\"800\" height=\"800\" title=\"\"><figcaption id=\"caption-attachment-59351\" class=\"wp-caption-text\">T\u1ee7 l\u1ea1nh Bosch KIN86AF30O &#8211; Chi ti\u1ebft l\u1eafp \u0111\u1eb7t<\/figcaption><\/figure>\n","protected":false},"excerpt":{"rendered":"<p>Thi\u1ebft k\u1ebf \u00e2m t\u1ee7 v\u1edbi c\u1eeda c\u00f3 th\u1ec3 l\u1eafp m\u1eb7t g\u1ed7 ph\u00eda tr\u01b0\u1edbc theo \u00fd th\u00edch v\u00e0 thi\u1ebft k\u1ebf ri\u00eang c\u1ee7a t\u1eebng gian b\u1ebfp<\/p>\n<p>C\u1eeda c\u00f3 th\u1ec3 l\u1eafp \u0111\u1eb7t \u0111\u1ea3o chi\u1ec1u, d\u1ec5 d\u00e0ng v\u1ec7 sinh<\/p>\n<p>Thi\u1ebft k\u1ebf hi\u1ec7n \u0111\u1ea1i v\u1edbi ng\u0103n ch\u1ee9a l\u1edbn<\/p>\n<p>H\u1ec7 th\u1ed1ng \u0111\u00e8n LED chi\u1ebfu s\u00e1ng b\u00ean trong.<\/p>\n<p>C\u00f4ng ngh\u1ec7 l\u00e0m l\u1ea1nh MultiAirflow t\u0103ng hi\u1ec7u qu\u1ea3 v\u00e0 t\u1eadn d\u1ee5ng t\u1ed1i \u0111a lu\u1ed3ng kh\u00ed l\u1ea1nh<\/p>\n<p>B\u1ea3ng \u0111i\u1ec1u khi\u1ec3n \u0111i\u1ec7n t\u1eed<\/p>\n<p>Ng\u0103n ch\u1ee9a VitaFreshPlus gi\u00fap l\u01b0u tr\u1eef rau c\u1ee7 hi\u1ec7u qu\u1ea3<\/p>\n<p>Ng\u0103n ch\u1ee9a BigBox l\u01b0u tr\u1eef th\u1ef1c ph\u1ea9m v\u1edbi k\u00edch th\u01b0\u1edbc l\u1edbn<\/p>\n<p>Ng\u0103n \u0111\u00f4ng ti\u00eau chu\u1ea9n 4 sao gi\u00fap vi\u1ec7c l\u01b0u tr\u1eef \u0111\u01b0\u1ee3c l\u00e2u h\u01a1n, h\u1ea1n ch\u1ebf \u0111\u1ebfn th\u1ea5p nh\u1ea5t th\u1ea5t tho\u00e1t d\u01b0\u1ee1ng ch\u1ea5t<\/p>\n<p>Xu\u1ea5t x\u1ee9 \u0110\u1ee9c<\/p>\n","protected":false},"featured_media":5233,"comment_status":"open","ping_status":"closed","template":"","meta":[],"product_brand":[],"product_cat":[472,530],"product_tag":[473,203,307,525],"class_list":{"0":"post-5012","1":"product","2":"type-product","3":"status-publish","4":"has-post-thumbnail","6":"product_cat-thuong-hieu-bosch","7":"product_cat-tu-lanh-bosch","8":"product_tag-bosch","9":"product_tag-tu-lanh","10":"product_tag-tu-lanh-am-tu","11":"product_tag-tu-lanh-bosch","13":"first","14":"instock","15":"sale","16":"shipping-taxable","17":"purchasable","18":"product-type-simple"},"_links":{"self":[{"href":"https:\/\/livinghome.vn\/thiet-bi\/wp-json\/wp\/v2\/product\/5012","targetHints":{"allow":["GET"]}}],"collection":[{"href":"https:\/\/livinghome.vn\/thiet-bi\/wp-json\/wp\/v2\/product"}],"about":[{"href":"https:\/\/livinghome.vn\/thiet-bi\/wp-json\/wp\/v2\/types\/product"}],"replies":[{"embeddable":true,"href":"https:\/\/livinghome.vn\/thiet-bi\/wp-json\/wp\/v2\/comments?post=5012"}],"wp:featuredmedia":[{"embeddable":true,"href":"https:\/\/livinghome.vn\/thiet-bi\/wp-json\/wp\/v2\/media\/5233"}],"wp:attachment":[{"href":"https:\/\/livinghome.vn\/thiet-bi\/wp-json\/wp\/v2\/media?parent=5012"}],"wp:term":[{"taxonomy":"product_brand","embeddable":true,"href":"https:\/\/livinghome.vn\/thiet-bi\/wp-json\/wp\/v2\/product_brand?post=5012"},{"taxonomy":"product_cat","embeddable":true,"href":"https:\/\/livinghome.vn\/thiet-bi\/wp-json\/wp\/v2\/product_cat?post=5012"},{"taxonomy":"product_tag","embeddable":true,"href":"https:\/\/livinghome.vn\/thiet-bi\/wp-json\/wp\/v2\/product_tag?post=5012"}],"curies":[{"name":"wp","href":"https:\/\/api.w.org\/{rel}","templated":true}]}}