{"id":5011,"date":"2023-01-12T19:20:58","date_gmt":"2023-01-12T19:20:58","guid":{"rendered":"https:\/\/livinghome.vn\/thiet-bi\/?post_type=product&#038;p=5011"},"modified":"2024-11-29T14:19:39","modified_gmt":"2024-11-29T07:19:39","slug":"tu-lanh-bosch-kgn56lb40o-don-2-canh-559-lit-ket-noi-home-connect","status":"publish","type":"product","link":"https:\/\/livinghome.vn\/thiet-bi\/tu-lanh-bosch-kgn56lb40o-don-2-canh-559-lit-ket-noi-home-connect\/","title":{"rendered":"T\u1ee7 l\u1ea1nh Bosch KGN56LB40O &#8211; \u0110\u01a1n 2 c\u00e1nh 559 l\u00edt k\u1ebft n\u1ed1i Home Connect"},"content":{"rendered":"<h1>Living Home xin tr\u00e2n tr\u1ecdng gi\u1edbi thi\u1ec7u \u0111\u1ebfn b\u1ea1n T\u1ee7 l\u1ea1nh Bosch KGN56LB40O v\u1edbi nh\u1eefng t\u00ednh n\u0103ng v\u00f4 c\u00f9ng h\u1ea5p d\u1eabn nh\u01b0 sau<\/h1>\n<h3><strong>\u0110\u1eb7c t\u00ednh s\u1ea3n ph\u1ea9m<\/strong><\/h3>\n<ul>\n<li>K\u1ebft n\u1ed1i Home Connect, \u0111i\u1ec1u khi\u1ec3n th\u00f4ng qua thi\u1ebft b\u1ecb di \u0111\u1ed9ng<\/li>\n<li>Thi\u1ebft k\u1ebf \u0111\u1ed9c l\u1eadp v\u1edbi c\u1eeda k\u00ednh \u0111en, ch\u1ed1ng b\u00e1m v\u00e2n tay<\/li>\n<li>C\u1eeda c\u00f3 th\u1ec3 l\u1eafp \u0111\u1eb7t \u0111\u1ea3o chi\u1ec1u, d\u1ec5 d\u00e0ng v\u1ec7 sinh<\/li>\n<li>C\u00f4ng ngh\u1ec7 Inverter ti\u1ebft ki\u1ec7m \u0111i\u1ec7n<\/li>\n<li>Thi\u1ebft k\u1ebf hi\u1ec7n \u0111\u1ea1i v\u1edbi tay n\u1eafm \u1ea9n v\u00e0o trong c\u00e1nh. H\u1ec7 th\u00f4ng \u0111\u00e8n LED chi\u1ebfu s\u00e1ng b\u00ean trong<\/li>\n<li>C\u00f4ng ngh\u1ec7 l\u00e0m l\u1ea1nh MultiAirflow t\u0103ng hi\u1ec7u qu\u1ea3 v\u00e0 t\u1eadn d\u1ee5ng t\u1ed1i \u0111a lu\u1ed3ng kh\u00ed l\u1ea1nh<\/li>\n<li>Ch\u1ee9c n\u0103ng l\u00e0m \u0111\u00f4ng nhanh, l\u00e0m l\u1ea1nh nhanh<\/li>\n<li>B\u1ea3ng \u0111i\u1ec1u khi\u1ec3n LCD c\u1ea3m \u1ee9ng tr\u00ean c\u1eeda<\/li>\n<li>Ng\u0103n ch\u1ee9a VitaFreshPlus gi\u00fap l\u01b0u tr\u1eef th\u1ecbt c\u00e1, rau c\u1ee7 hi\u1ec7u qu\u1ea3<\/li>\n<li>Ng\u0103n ch\u1ee9a BigBox l\u01b0u tr\u1eef th\u1ef1c ph\u1ea9m v\u1edbi k\u00edch th\u01b0\u1edbc l\u1edbn<\/li>\n<li>Xu\u1ea5t x\u1ee9 Th\u1ed5 Nh\u0129 K\u1ef3<\/li>\n<\/ul>\n<figure id=\"attachment_59371\" aria-describedby=\"caption-attachment-59371\" style=\"width: 800px\" class=\"wp-caption alignnone\"><img loading=\"lazy\" decoding=\"async\" class=\"wp-image-59371 size-large\" src=\"https:\/\/livinghome.vn\/thiet-bi\/wp-content\/uploads\/nha-bep\/bosch-hmh\/tu-lanh-don\/tu-lanh-don-bosch-kgn56lb40o\/tu-lanh-don-bosch-kgn56lb40o-1-800x800.jpg\" alt=\"T\u1ee7 l\u1ea1nh Bosch KGN56LB40O - \u0110\u01a1n 2 c\u00e1nh 559 l\u00edt k\u1ebft n\u1ed1i Home Connect\" width=\"800\" height=\"800\" title=\"\"><figcaption id=\"caption-attachment-59371\" class=\"wp-caption-text\">T\u1ee7 l\u1ea1nh Bosch KGN56LB40O &#8211; B\u1ea3ng \u0111i\u1ec1u khi\u1ec3n LCD c\u1ea3m \u1ee9ng tr\u00ean c\u1eeda<\/figcaption><\/figure>\n<figure id=\"attachment_59367\" aria-describedby=\"caption-attachment-59367\" style=\"width: 1067px\" class=\"wp-caption alignnone\"><img loading=\"lazy\" decoding=\"async\" class=\"wp-image-59367 size-large\" src=\"https:\/\/livinghome.vn\/thiet-bi\/wp-content\/uploads\/nha-bep\/bosch-hmh\/tu-lanh-don\/tu-lanh-don-bosch-kgn56lb40o\/tu-lanh-don-bosch-kgn56lb40o-5-1067x800.jpg\" alt=\"T\u1ee7 l\u1ea1nh Bosch KGN56LB40O - \u0110\u01a1n 2 c\u00e1nh 559 l\u00edt k\u1ebft n\u1ed1i Home Connect\" width=\"1067\" height=\"800\" title=\"\"><figcaption id=\"caption-attachment-59367\" class=\"wp-caption-text\">T\u1ee7 l\u1ea1nh Bosch KGN56LB40O &#8211; Ng\u0103n ch\u1ee9a BigBox l\u01b0u tr\u1eef th\u1ef1c ph\u1ea9m v\u1edbi k\u00edch th\u01b0\u1edbc l\u1edbn<\/figcaption><\/figure>\n<h3>Ch\u1ee9c n\u0103ng an to\u00e0n<\/h3>\n<ul>\n<li>C\u00e1c k\u1ec7 k\u00ednh c\u01b0\u1eddng l\u1ef1c ch\u1ecbu t\u1ea3i tr\u1ecdng cao<\/li>\n<li>C\u1ea3nh b\u00e1o m\u1edf c\u1eeda<\/li>\n<li>Kh\u00f3a b\u1ea3ng \u0111i\u1ec3u khi\u1ec3n<\/li>\n<\/ul>\n<h3>Th\u00f4ng s\u1ed1 k\u1ef9 thu\u1eadt<\/h3>\n<ul>\n<li>M\u00e0u: C\u1eeda k\u00ednh \u0111en<\/li>\n<li>Dung t\u00edch 559L<\/li>\n<li>\u0110\u1ed9 \u1ed5n 42dB<\/li>\n<li>C\u00f4ng su\u1ea5t 100W<\/li>\n<li>Hi\u1ec7u \u0111i\u1ec7n th\u1ebf: 220 &#8211; 240V<\/li>\n<li>C\u01b0\u1eddng \u0111\u1ed9 10A; T\u1ea7n s\u1ed1 50Hz<\/li>\n<li>K\u00edch th\u01b0\u1edbc: 1930C x 700R x 800S mm<\/li>\n<li>Tr\u1ecdng l\u01b0\u1ee3ng 107kg<\/li>\n<\/ul>\n<figure id=\"attachment_59364\" aria-describedby=\"caption-attachment-59364\" style=\"width: 1067px\" class=\"wp-caption alignnone\"><img loading=\"lazy\" decoding=\"async\" class=\"wp-image-59364 size-large\" src=\"https:\/\/livinghome.vn\/thiet-bi\/wp-content\/uploads\/nha-bep\/bosch-hmh\/tu-lanh-don\/tu-lanh-don-bosch-kgn56lb40o\/tu-lanh-don-bosch-kgn56lb40o-8-1067x800.jpg\" alt=\"T\u1ee7 l\u1ea1nh Bosch KGN56LB40O - \u0110\u01a1n 2 c\u00e1nh 559 l\u00edt k\u1ebft n\u1ed1i Home Connect\" width=\"1067\" height=\"800\" title=\"\"><figcaption id=\"caption-attachment-59364\" class=\"wp-caption-text\">T\u1ee7 l\u1ea1nh Bosch KGN56LB40O &#8211; Chi ti\u1ebft l\u1eafp \u0111\u1eb7t<\/figcaption><\/figure>\n","protected":false},"excerpt":{"rendered":"<p>K\u1ebft n\u1ed1i Home Connect, \u0111i\u1ec1u khi\u1ec3n th\u00f4ng qua thi\u1ebft b\u1ecb di \u0111\u1ed9ng<\/p>\n<p>Thi\u1ebft k\u1ebf \u0111\u1ed9c l\u1eadp v\u1edbi c\u1eeda k\u00ednh \u0111en, ch\u1ed1ng b\u00e1m v\u00e2n tay<\/p>\n<p>C\u1eeda c\u00f3 th\u1ec3 l\u1eafp \u0111\u1eb7t \u0111\u1ea3o chi\u1ec1u, d\u1ec5 d\u00e0ng v\u1ec7 sinh<\/p>\n<p>C\u00f4ng ngh\u1ec7 Inverter ti\u1ebft ki\u1ec7m \u0111i\u1ec7n<\/p>\n<p>Thi\u1ebft k\u1ebf hi\u1ec7n \u0111\u1ea1i v\u1edbi tay n\u1eafm \u1ea9n v\u00e0o trong c\u00e1nh. H\u1ec7 th\u00f4ng \u0111\u00e8n LED chi\u1ebfu s\u00e1ng b\u00ean trong<\/p>\n<p>C\u00f4ng ngh\u1ec7 l\u00e0m l\u1ea1nh MultiAirflow t\u0103ng hi\u1ec7u qu\u1ea3 v\u00e0 t\u1eadn d\u1ee5ng t\u1ed1i \u0111a lu\u1ed3ng kh\u00ed l\u1ea1nh<\/p>\n<p>Ch\u1ee9c n\u0103ng l\u00e0m \u0111\u00f4ng nhanh, l\u00e0m l\u1ea1nh nhanh<\/p>\n<p>B\u1ea3ng \u0111i\u1ec1u khi\u1ec3n LCD c\u1ea3m \u1ee9ng tr\u00ean c\u1eeda<\/p>\n<p>Ng\u0103n ch\u1ee9a VitaFreshPlus gi\u00fap l\u01b0u tr\u1eef th\u1ecbt c\u00e1, rau c\u1ee7 hi\u1ec7u qu\u1ea3<\/p>\n<p>Ng\u0103n ch\u1ee9a BigBox l\u01b0u tr\u1eef th\u1ef1c ph\u1ea9m v\u1edbi k\u00edch th\u01b0\u1edbc l\u1edbn<\/p>\n<p>Xu\u1ea5t x\u1ee9 Th\u1ed5 Nh\u0129 K\u1ef3<\/p>\n","protected":false},"featured_media":5224,"comment_status":"open","ping_status":"closed","template":"","meta":[],"product_brand":[],"product_cat":[472,201,530],"product_tag":[473,203,525,529],"class_list":{"0":"post-5011","1":"product","2":"type-product","3":"status-publish","4":"has-post-thumbnail","6":"product_cat-thuong-hieu-bosch","7":"product_cat-tu-lanh","8":"product_cat-tu-lanh-bosch","9":"product_tag-bosch","10":"product_tag-tu-lanh","11":"product_tag-tu-lanh-bosch","12":"product_tag-tu-lanh-don-2-canh","14":"first","15":"instock","16":"sale","17":"shipping-taxable","18":"purchasable","19":"product-type-simple"},"_links":{"self":[{"href":"https:\/\/livinghome.vn\/thiet-bi\/wp-json\/wp\/v2\/product\/5011","targetHints":{"allow":["GET"]}}],"collection":[{"href":"https:\/\/livinghome.vn\/thiet-bi\/wp-json\/wp\/v2\/product"}],"about":[{"href":"https:\/\/livinghome.vn\/thiet-bi\/wp-json\/wp\/v2\/types\/product"}],"replies":[{"embeddable":true,"href":"https:\/\/livinghome.vn\/thiet-bi\/wp-json\/wp\/v2\/comments?post=5011"}],"wp:featuredmedia":[{"embeddable":true,"href":"https:\/\/livinghome.vn\/thiet-bi\/wp-json\/wp\/v2\/media\/5224"}],"wp:attachment":[{"href":"https:\/\/livinghome.vn\/thiet-bi\/wp-json\/wp\/v2\/media?parent=5011"}],"wp:term":[{"taxonomy":"product_brand","embeddable":true,"href":"https:\/\/livinghome.vn\/thiet-bi\/wp-json\/wp\/v2\/product_brand?post=5011"},{"taxonomy":"product_cat","embeddable":true,"href":"https:\/\/livinghome.vn\/thiet-bi\/wp-json\/wp\/v2\/product_cat?post=5011"},{"taxonomy":"product_tag","embeddable":true,"href":"https:\/\/livinghome.vn\/thiet-bi\/wp-json\/wp\/v2\/product_tag?post=5011"}],"curies":[{"name":"wp","href":"https:\/\/api.w.org\/{rel}","templated":true}]}}