{"id":4949,"date":"2023-01-12T19:19:41","date_gmt":"2023-01-12T19:19:41","guid":{"rendered":"https:\/\/livinghome.vn\/thiet-bi\/?post_type=product&#038;p=4949"},"modified":"2024-11-29T14:19:47","modified_gmt":"2024-11-29T07:19:47","slug":"ke-noi-may-giat-say-bosch-wtz27400","status":"publish","type":"product","link":"https:\/\/livinghome.vn\/thiet-bi\/ke-noi-may-giat-say-bosch-wtz27400\/","title":{"rendered":"K\u1ec7 n\u1ed1i m\u00e1y gi\u1eb7t s\u1ea5y Bosch WTZ27400"},"content":{"rendered":"<h3>Living Home xin tr\u00e2n tr\u1ecdng gi\u1edbi thi\u1ec7u \u0111\u1ebfn b\u1ea1n K\u1ec7 n\u1ed1i m\u00e1y gi\u1eb7t s\u1ea5y Bosch WTZ27400<\/h3>\n<h3>\u0110\u1eb7c t\u00ednh s\u1ea3n ph\u1ea9m<\/h3>\n<ul>\n<li>K\u1ec7 ch\u1ed3ng m\u00e1y s\u1ea5y tr\u00ean m\u00e1y gi\u1eb7t c\u00f3 ng\u0103n k\u00e9o<\/li>\n<li>Xu\u00e2t x\u1ee9 \u0110\u1ee9c<\/li>\n<\/ul>\n<h3>Th\u00f4ng s\u1ed1 k\u1ef9 thu\u1eadt<\/h3>\n<ul>\n<li>K\u00edch th\u01b0\u1edbc: 668 x 690 x 600mm<\/li>\n<li>M\u00e0u s\u1eafc: Tr\u1eafng<\/li>\n<li>T\u1ea3i tr\u1ecdng t\u1ed1i \u0111a cho ng\u0103n k\u00e9o: 16 kg<\/li>\n<li>Tr\u1ecdng l\u01b0\u1ee3ng: 5.1kg<\/li>\n<\/ul>\n<p>&nbsp;<\/p>\n","protected":false},"excerpt":{"rendered":"<p>K\u1ec7 ch\u1ed3ng m\u00e1y s\u1ea5y tr\u00ean m\u00e1y gi\u1eb7t c\u00f3 ng\u0103n k\u00e9o<\/p>\n<p>Xu\u00e2t x\u1ee9 \u0110\u1ee9c<\/p>\n<p>K\u00edch th\u01b0\u1edbc: 668 x 690 x 600mm<\/p>\n<p>M\u00e0u s\u1eafc: Tr\u1eafng<\/p>\n<p>T\u1ea3i tr\u1ecdng t\u1ed1i \u0111a cho ng\u0103n k\u00e9o: 16 kg<\/p>\n<p>Tr\u1ecdng l\u01b0\u1ee3ng: 5.1kg<\/p>\n","protected":false},"featured_media":5163,"comment_status":"open","ping_status":"closed","template":"","meta":[],"product_brand":[],"product_cat":[521,472],"product_tag":[473,522,523],"class_list":{"0":"post-4949","1":"product","2":"type-product","3":"status-publish","4":"has-post-thumbnail","6":"product_cat-phu-kien-may-giat-say","7":"product_cat-thuong-hieu-bosch","8":"product_tag-bosch","9":"product_tag-ke-noi-may-giat-say","10":"product_tag-ke-noi-may-giat-say-bosch","12":"first","13":"instock","14":"sale","15":"shipping-taxable","16":"purchasable","17":"product-type-simple"},"_links":{"self":[{"href":"https:\/\/livinghome.vn\/thiet-bi\/wp-json\/wp\/v2\/product\/4949","targetHints":{"allow":["GET"]}}],"collection":[{"href":"https:\/\/livinghome.vn\/thiet-bi\/wp-json\/wp\/v2\/product"}],"about":[{"href":"https:\/\/livinghome.vn\/thiet-bi\/wp-json\/wp\/v2\/types\/product"}],"replies":[{"embeddable":true,"href":"https:\/\/livinghome.vn\/thiet-bi\/wp-json\/wp\/v2\/comments?post=4949"}],"wp:featuredmedia":[{"embeddable":true,"href":"https:\/\/livinghome.vn\/thiet-bi\/wp-json\/wp\/v2\/media\/5163"}],"wp:attachment":[{"href":"https:\/\/livinghome.vn\/thiet-bi\/wp-json\/wp\/v2\/media?parent=4949"}],"wp:term":[{"taxonomy":"product_brand","embeddable":true,"href":"https:\/\/livinghome.vn\/thiet-bi\/wp-json\/wp\/v2\/product_brand?post=4949"},{"taxonomy":"product_cat","embeddable":true,"href":"https:\/\/livinghome.vn\/thiet-bi\/wp-json\/wp\/v2\/product_cat?post=4949"},{"taxonomy":"product_tag","embeddable":true,"href":"https:\/\/livinghome.vn\/thiet-bi\/wp-json\/wp\/v2\/product_tag?post=4949"}],"curies":[{"name":"wp","href":"https:\/\/api.w.org\/{rel}","templated":true}]}}