{"id":4925,"date":"2023-01-12T19:19:12","date_gmt":"2023-01-12T19:19:12","guid":{"rendered":"https:\/\/livinghome.vn\/thiet-bi\/?post_type=product&#038;p=4925"},"modified":"2024-11-29T14:19:47","modified_gmt":"2024-11-29T07:19:47","slug":"may-say-bosch-wtw85400sg-tu-hoi-voi-bom-nhiet-14-chuong-trinh-9kg","status":"publish","type":"product","link":"https:\/\/livinghome.vn\/thiet-bi\/may-say-bosch-wtw85400sg-tu-hoi-voi-bom-nhiet-14-chuong-trinh-9kg\/","title":{"rendered":"M\u00e1y s\u1ea5y Bosch WTW85400SG &#8211; T\u1ee5 h\u01a1i v\u1edbi b\u01a1m nhi\u1ec7t 14 ch\u01b0\u01a1ng tr\u00ecnh 9KG"},"content":{"rendered":"<h1>Living Home xin tr\u00e2n tr\u1ecdng gi\u1edbi thi\u1ec7u \u0111\u1ebfn b\u1ea1n M\u00e1y s\u1ea5y Bosch WTW85400SG v\u1edbi nh\u1eefng t\u00ednh n\u0103ng v\u00f4 c\u00f9ng h\u1ea5p d\u1eabn nh\u01b0 sau<\/h1>\n<h3>\u0110\u1eb7c t\u00ednh s\u1ea3n ph\u1ea9m<\/h3>\n<p>\u2022 M\u00e1y s\u1ea5y t\u1ee5 h\u01a1i v\u1edbi b\u01a1m nhi\u1ec7t, s\u1eed d\u1ee5ng c\u00f4ng ngh\u1ec7 sinh nhi\u1ec7t b\u1eb1ng m\u00e1y n\u00e9n kh\u00ed gas, t\u0103ng \u0111\u1ed9 an to\u00e0n v\u00e0 gi\u1ea3m \u0111i\u1ec7n n\u0103ng ti\u00eau th\u1ee5<br \/>\n\u2022 Dung l\u01b0\u1ee3ng: 9 kg<br \/>\n\u2022 14 ch\u01b0\u01a1ng tr\u00ecnh s\u1ea5y<br \/>\n\u2022 Ch\u1ee9c n\u0103ng \u0111\u1eb7c bi\u1ec7t:<br \/>\n&#8211; S\u1ea5y nhanh 40 ph\u00fat<br \/>\n&#8211; S\u1ea5y \u0111\u1ed3 th\u1ec3 thao<br \/>\n&#8211; Ch\u01b0\u01a1ng tr\u00ecnh s\u1ea5y qu\u1ea7n \u00e1o d\u00e0nh cho da nh\u1ea1y c\u1ea3m<br \/>\n\u2022 C\u1ea3m bi\u1ebfn Duo-Tronic b\u00ean trong gi\u00fap ki\u1ec3m tra \u0111\u1ed9 \u1ea9m nh\u1eb1m t\u1ef1 \u0111\u1ed9ng \u0111i\u1ec1u ch\u1ec9nh th\u1eddi gian s\u1ea5y th\u00edch h\u1ee3p<br \/>\n\u2022 \u0110\u1ed9ng c\u01a1 kh\u00f4ng ch\u1ed5i than EcoSilence Drive\u2122TM<br \/>\n\u2022 V\u1ecf m\u00e1y ch\u1ed1ng rung AntiVibration\u2122TM<br \/>\n\u2022 \u0110i\u1ec1u khi\u1ec3n \u0111i\u1ec7n t\u1eed v\u1edbi m\u00e0n h\u00ecnh hi\u1ec3n th\u1ecb LED<br \/>\n\u2022 H\u1eb9n gi\u1edd<br \/>\n\u2022 \u0110\u1ed9 \u1ed3n: 64 dB<br \/>\n\u2022 Ti\u1ebft ki\u1ec7m n\u0103ng l\u01b0\u1ee3ng theo ti\u00eau chu\u1ea9n Ch\u00e2u \u00c2u: A++<\/p>\n<figure id=\"attachment_59334\" aria-describedby=\"caption-attachment-59334\" style=\"width: 1067px\" class=\"wp-caption alignnone\"><img loading=\"lazy\" decoding=\"async\" class=\"wp-image-59334 size-large\" src=\"https:\/\/livinghome.vn\/thiet-bi\/wp-content\/uploads\/nha-bep\/bosch-hmh\/may-say\/may-say-bosch-wtw85400sg\/may-say-bosch-wtw85400sg-3-1067x800.jpg\" alt=\"M\u00e1y s\u1ea5y Bosch WTW85400SG - T\u1ee5 h\u01a1i v\u1edbi b\u01a1m nhi\u1ec7t 14 ch\u01b0\u01a1ng tr\u00ecnh 9KG\" width=\"1067\" height=\"800\" title=\"\"><figcaption id=\"caption-attachment-59334\" class=\"wp-caption-text\">M\u00e1y s\u1ea5y Bosch WTW85400SG &#8211; \u0110i\u1ec1u khi\u1ec3n \u0111i\u1ec7n t\u1eed v\u1edbi m\u00e0n h\u00ecnh hi\u1ec3n th\u1ecb LED<\/figcaption><\/figure>\n<h3>Ch\u1ee9c n\u0103ng an to\u00e0n<\/h3>\n<p>\u2022 Kh\u00f3a tr\u1ebb em<br \/>\n\u2022 \u00c2m b\u00e1o khi k\u1ebft th\u00fac ch\u01b0\u01a1ng tr\u00ecnh<\/p>\n<h3>Th\u00f4ng tin k\u1ef9 thu\u1eadt<\/h3>\n<p>\u2022 C\u00f4ng su\u1ea5t: 1.0 kW<br \/>\n\u2022 Hi\u1ec7u \u0111i\u1ec7n th\u1ebf: 220 &#8211; 240 V<br \/>\n\u2022 T\u1ea7n s\u1ed1: 50 Hz, 10 A<br \/>\n\u2022 Chi\u1ec1u d\u00e0i d\u00e2y c\u00e1p: 1.45 m k\u00e8m \u0111\u1ea7u c\u1eafm<br \/>\n\u2022 K\u00edch th\u01b0\u1edbc s\u1ea3n ph\u1ea9m:842C x 598R x 599Smm<\/p>\n<figure id=\"attachment_59329\" aria-describedby=\"caption-attachment-59329\" style=\"width: 800px\" class=\"wp-caption alignnone\"><img loading=\"lazy\" decoding=\"async\" class=\"wp-image-59329 size-large\" src=\"https:\/\/livinghome.vn\/thiet-bi\/wp-content\/uploads\/nha-bep\/bosch-hmh\/may-say\/may-say-bosch-wtw85400sg\/may-say-bosch-wtw85400sg-8-800x800.jpg\" alt=\"M\u00e1y s\u1ea5y Bosch WTW85400SG - T\u1ee5 h\u01a1i v\u1edbi b\u01a1m nhi\u1ec7t 14 ch\u01b0\u01a1ng tr\u00ecnh 9KG\" width=\"800\" height=\"800\" title=\"\"><figcaption id=\"caption-attachment-59329\" class=\"wp-caption-text\">M\u00e1y s\u1ea5y Bosch WTW85400SG &#8211; Chi ti\u1ebft l\u1eafp \u0111\u1eb7t<\/figcaption><\/figure>\n","protected":false},"excerpt":{"rendered":"<p>M\u00e1y s\u1ea5y t\u1ee5 h\u01a1i v\u1edbi b\u01a1m nhi\u1ec7t, s\u1eed d\u1ee5ng c\u00f4ng ngh\u1ec7 sinh nhi\u1ec7t b\u1eb1ng m\u00e1y n\u00e9n kh\u00ed gas, t\u0103ng \u0111\u1ed9 an to\u00e0n v\u00e0 gi\u1ea3m \u0111i\u1ec7n n\u0103ng ti\u00eau th\u1ee5<br \/>\nDung l\u01b0\u1ee3ng: 9 kg<br \/>\n14 ch\u01b0\u01a1ng tr\u00ecnh s\u1ea5y<\/p>\n<p>Ch\u1ee9c n\u0103ng \u0111\u1eb7c bi\u1ec7t:<br \/>\n&#8211; S\u1ea5y nhanh 40 ph\u00fat<br \/>\n&#8211; S\u1ea5y \u0111\u1ed3 th\u1ec3 thao<br \/>\n&#8211; Ch\u01b0\u01a1ng tr\u00ecnh s\u1ea5y qu\u1ea7n \u00e1o d\u00e0nh cho da nh\u1ea1y c\u1ea3m<br \/>\nC\u1ea3m bi\u1ebfn Duo-Tronic b\u00ean trong gi\u00fap ki\u1ec3m tra \u0111\u1ed9 \u1ea9m nh\u1eb1m t\u1ef1 \u0111\u1ed9ng \u0111i\u1ec1u ch\u1ec9nh th\u1eddi gian s\u1ea5y th\u00edch h\u1ee3p<br \/>\n\u0110\u1ed9ng c\u01a1 kh\u00f4ng ch\u1ed5i than EcoSilence Drive\u2122TM<br \/>\nV\u1ecf m\u00e1y ch\u1ed1ng rung AntiVibration\u2122TM<br \/>\n\u0110i\u1ec1u khi\u1ec3n \u0111i\u1ec7n t\u1eed v\u1edbi m\u00e0n h\u00ecnh hi\u1ec3n th\u1ecb LED<br \/>\nH\u1eb9n gi\u1edd<br \/>\n\u0110\u1ed9 \u1ed3n: 64 dB<br \/>\nTi\u1ebft ki\u1ec7m n\u0103ng l\u01b0\u1ee3ng theo ti\u00eau chu\u1ea9n Ch\u00e2u \u00c2u: A++<\/p>\n","protected":false},"featured_media":5143,"comment_status":"open","ping_status":"closed","template":"","meta":[],"product_brand":[],"product_cat":[517,472],"product_tag":[473,301,518,520],"class_list":{"0":"post-4925","1":"product","2":"type-product","3":"status-publish","4":"has-post-thumbnail","6":"product_cat-may-say-bosch","7":"product_cat-thuong-hieu-bosch","8":"product_tag-bosch","9":"product_tag-may-say","10":"product_tag-may-say-bosch","11":"product_tag-may-say-tu-hoi-voi-bom-nhiet","13":"first","14":"instock","15":"sale","16":"shipping-taxable","17":"purchasable","18":"product-type-simple"},"_links":{"self":[{"href":"https:\/\/livinghome.vn\/thiet-bi\/wp-json\/wp\/v2\/product\/4925","targetHints":{"allow":["GET"]}}],"collection":[{"href":"https:\/\/livinghome.vn\/thiet-bi\/wp-json\/wp\/v2\/product"}],"about":[{"href":"https:\/\/livinghome.vn\/thiet-bi\/wp-json\/wp\/v2\/types\/product"}],"replies":[{"embeddable":true,"href":"https:\/\/livinghome.vn\/thiet-bi\/wp-json\/wp\/v2\/comments?post=4925"}],"wp:featuredmedia":[{"embeddable":true,"href":"https:\/\/livinghome.vn\/thiet-bi\/wp-json\/wp\/v2\/media\/5143"}],"wp:attachment":[{"href":"https:\/\/livinghome.vn\/thiet-bi\/wp-json\/wp\/v2\/media?parent=4925"}],"wp:term":[{"taxonomy":"product_brand","embeddable":true,"href":"https:\/\/livinghome.vn\/thiet-bi\/wp-json\/wp\/v2\/product_brand?post=4925"},{"taxonomy":"product_cat","embeddable":true,"href":"https:\/\/livinghome.vn\/thiet-bi\/wp-json\/wp\/v2\/product_cat?post=4925"},{"taxonomy":"product_tag","embeddable":true,"href":"https:\/\/livinghome.vn\/thiet-bi\/wp-json\/wp\/v2\/product_tag?post=4925"}],"curies":[{"name":"wp","href":"https:\/\/api.w.org\/{rel}","templated":true}]}}