{"id":4917,"date":"2023-01-12T19:19:11","date_gmt":"2023-01-12T19:19:11","guid":{"rendered":"https:\/\/livinghome.vn\/thiet-bi\/?post_type=product&#038;p=4917"},"modified":"2024-11-29T14:19:47","modified_gmt":"2024-11-29T07:19:47","slug":"may-giat-bosch-waw28440sg-cua-truoc-14-chuong-trinh-8kg","status":"publish","type":"product","link":"https:\/\/livinghome.vn\/thiet-bi\/may-giat-bosch-waw28440sg-cua-truoc-14-chuong-trinh-8kg\/","title":{"rendered":"M\u00e1y gi\u1eb7t Bosch WAW28440SG &#8211; C\u1eeda tr\u01b0\u1edbc 14 ch\u01b0\u01a1ng tr\u00ecnh 8KG"},"content":{"rendered":"<h1>Living Home xin tr\u00e2n tr\u1ecdng gi\u1edbi thi\u1ec7u \u0111\u1ebfn b\u1ea1n M\u00e1y gi\u1eb7t Bosch WAW28440SG C\u1eeda tr\u01b0\u1edbc v\u1edbi nh\u1eefng t\u00ednh n\u0103ng v\u00f4 c\u00f9ng h\u1ea5p d\u1eabn nh\u01b0 sau<\/h1>\n<h3>\u0110\u1eb7c t\u00ednh s\u1ea3n ph\u1ea9m<\/h3>\n<ul>\n<li>Dung l\u01b0\u1ee3ng: 8 kg, 1400 v\u00f2ng\/ ph\u00fat<\/li>\n<li>9 ch\u01b0\u01a1ng tr\u00ecnh gi\u1eb7t<br \/>\nCh\u1ee9c n\u0103ng \u0111\u1eb7c bi\u1ec7t<br \/>\n&#8211; Th\u00eam \u0111\u1ed3 khi gi\u1eb7t<br \/>\n&#8211; Ch\u1ed1ng nh\u0103n \u0111\u1ed3 sau khi gi\u1eb7t<br \/>\n&#8211; Gi\u1eb7t si\u00eau t\u1ed1c &#8211; 15 ph\u00fat<br \/>\n&#8211; Th\u00eam s\u1ed1 l\u1ea7n x\u1ea3<\/li>\n<li>\u0110\u1ed9ng c\u01a1 kh\u00f4ng ch\u1ed5i than EcoSilence Drive\u2122TM<\/li>\n<li>V\u1ecf m\u00e1y ch\u1ed1ng rung AntiVibration\u2122TM<\/li>\n<li>\u0110i\u1ec1u khi\u1ec3n \u0111i\u1ec7n t\u1eed, m\u00e0n h\u00ecnh LED<\/li>\n<li>H\u1eb9n gi\u1edd<\/li>\n<li>\u0110\u1ed9 \u1ed3n khi gi\u1eb7t: 48 dB<\/li>\n<li>\u0110\u1ed9 \u1ed3n khi v\u1eaft: 72 dB<\/li>\n<li>Ti\u00eau chu\u1ea9n ti\u1ebft ki\u1ec7m n\u0103ng l\u01b0\u1ee3ng: A (Ch\u00e2u \u00c2u)<\/li>\n<\/ul>\n<h3>Ch\u1ee9c n\u0103ng an to\u00e0n<\/h3>\n<ul>\n<li>Kh\u00f3a tr\u1ebb em<\/li>\n<li>Ch\u1ed1ng r\u00f2 r\u1ec9 n\u01b0\u1edbc<\/li>\n<\/ul>\n<h3>Th\u00f4ng tin k\u1ef9 thu\u1eadt<\/h3>\n<ul>\n<li>M\u1ee9c ti\u00eau th\u1ee5 \u0111i\u1ec7n: 1.06 kwh\/1 l\u1ea7n gi\u1eb7t<\/li>\n<li>M\u1ee9c ti\u00eau th\u1ee5 n\u01b0\u1edbc: 55 l\u00edt\/1 l\u1ea7n gi\u1eb7t<\/li>\n<li>Hi\u1ec7u \u0111i\u1ec7n th\u1ebf: 220 &#8211; 240 V<\/li>\n<li>T\u1ea7n s\u1ed1: 50 Hz, 10 A<\/li>\n<li>Chi\u1ec1u d\u00e0i d\u00e2y c\u00e1p: 1.75 m k\u00e8m \u0111\u1ea7u c\u1eafm<\/li>\n<li>K\u00edch th\u01b0\u1edbc s\u1ea3n ph\u1ea9m: 848 &#8211; 860C x 598R x 590S mm<\/li>\n<\/ul>\n","protected":false},"excerpt":{"rendered":"<p>Dung l\u01b0\u1ee3ng: 8 kg, 1400 v\u00f2ng\/ ph\u00fat<\/p>\n<p>9 ch\u01b0\u01a1ng tr\u00ecnh gi\u1eb7t<br \/>\nCh\u1ee9c n\u0103ng \u0111\u1eb7c bi\u1ec7t<br \/>\n&#8211; Th\u00eam \u0111\u1ed3 khi gi\u1eb7t<br \/>\n&#8211; Ch\u1ed1ng nh\u0103n \u0111\u1ed3 sau khi gi\u1eb7t<br \/>\n&#8211; Gi\u1eb7t si\u00eau t\u1ed1c &#8211; 15 ph\u00fat<br \/>\n&#8211; Th\u00eam s\u1ed1 l\u1ea7n x\u1ea3<\/p>\n<p>\u0110\u1ed9ng c\u01a1 kh\u00f4ng ch\u1ed5i than EcoSilence Drive\u2122TM<\/p>\n<p>V\u1ecf m\u00e1y ch\u1ed1ng rung AntiVibration\u2122TM<\/p>\n<p>\u0110i\u1ec1u khi\u1ec3n \u0111i\u1ec7n t\u1eed, m\u00e0n h\u00ecnh LED<\/p>\n<p>H\u1eb9n gi\u1edd<\/p>\n<p>\u0110\u1ed9 \u1ed3n khi gi\u1eb7t: 48 dB<\/p>\n<p>\u0110\u1ed9 \u1ed3n khi v\u1eaft: 72 dB<\/p>\n<p>Ti\u00eau chu\u1ea9n ti\u1ebft ki\u1ec7m n\u0103ng l\u01b0\u1ee3ng: A (Ch\u00e2u \u00c2u)<\/p>\n","protected":false},"featured_media":5089,"comment_status":"open","ping_status":"closed","template":"","meta":[],"product_brand":[],"product_cat":[513,472],"product_tag":[473,209,514,212],"class_list":{"0":"post-4917","1":"product","2":"type-product","3":"status-publish","4":"has-post-thumbnail","6":"product_cat-may-giat-bosch","7":"product_cat-thuong-hieu-bosch","8":"product_tag-bosch","9":"product_tag-may-giat","10":"product_tag-may-giat-bosch","11":"product_tag-may-giat-cua-truoc","13":"first","14":"instock","15":"sale","16":"shipping-taxable","17":"purchasable","18":"product-type-simple"},"_links":{"self":[{"href":"https:\/\/livinghome.vn\/thiet-bi\/wp-json\/wp\/v2\/product\/4917","targetHints":{"allow":["GET"]}}],"collection":[{"href":"https:\/\/livinghome.vn\/thiet-bi\/wp-json\/wp\/v2\/product"}],"about":[{"href":"https:\/\/livinghome.vn\/thiet-bi\/wp-json\/wp\/v2\/types\/product"}],"replies":[{"embeddable":true,"href":"https:\/\/livinghome.vn\/thiet-bi\/wp-json\/wp\/v2\/comments?post=4917"}],"wp:featuredmedia":[{"embeddable":true,"href":"https:\/\/livinghome.vn\/thiet-bi\/wp-json\/wp\/v2\/media\/5089"}],"wp:attachment":[{"href":"https:\/\/livinghome.vn\/thiet-bi\/wp-json\/wp\/v2\/media?parent=4917"}],"wp:term":[{"taxonomy":"product_brand","embeddable":true,"href":"https:\/\/livinghome.vn\/thiet-bi\/wp-json\/wp\/v2\/product_brand?post=4917"},{"taxonomy":"product_cat","embeddable":true,"href":"https:\/\/livinghome.vn\/thiet-bi\/wp-json\/wp\/v2\/product_cat?post=4917"},{"taxonomy":"product_tag","embeddable":true,"href":"https:\/\/livinghome.vn\/thiet-bi\/wp-json\/wp\/v2\/product_tag?post=4917"}],"curies":[{"name":"wp","href":"https:\/\/api.w.org\/{rel}","templated":true}]}}