{"id":4913,"date":"2023-01-12T19:19:10","date_gmt":"2023-01-12T19:19:10","guid":{"rendered":"https:\/\/livinghome.vn\/thiet-bi\/?post_type=product&#038;p=4913"},"modified":"2024-11-29T14:19:47","modified_gmt":"2024-11-29T07:19:47","slug":"lo-vi-song-bosch-bfl634gs1b-21-lit-38cm","status":"publish","type":"product","link":"https:\/\/livinghome.vn\/thiet-bi\/lo-vi-song-bosch-bfl634gs1b-21-lit-38cm\/","title":{"rendered":"L\u00f2 vi s\u00f3ng Bosch BFL634GS1B &#8211; 21 l\u00edt 38cm"},"content":{"rendered":"<h1>Living Home xin tr\u00e2n tr\u1ecdng gi\u1edbi thi\u1ec7u \u0111\u1ebfn b\u1ea1n L\u00f2 vi s\u00f3ng Bosch BFL634GS1B v\u1edbi nh\u1eefng t\u00ednh n\u0103ng v\u00f4 c\u00f9ng h\u1ea5p d\u1eabn nh\u01b0 sau<\/h1>\n<h3>\u0110\u1eb7c t\u00ednh s\u1ea3n ph\u1ea9m<\/h3>\n<ul>\n<li>Dung t\u00edch l\u00f2: 21 l\u00edt<\/li>\n<li>C\u00f4ng ngh\u1ec7 vi s\u00f3ng m\u1edbi kh\u00f4ng c\u1ea7n \u0111\u0129a xoay<\/li>\n<li>L\u00e0m n\u00f3ng theo kh\u1ed1i l\u01b0\u1ee3ng\/ th\u1eddi gian<\/li>\n<li>Ch\u01b0\u01a1ng tr\u00ecnh r\u00e3 \u0111\u00f4ng theo kh\u1ed1i l\u01b0\u1ee3ng\/ th\u1eddi gian<\/li>\n<li>7 ch\u01b0\u01a1ng tr\u00ecnh n\u1ea5u t\u1ef1 \u0111\u1ed9ng<\/li>\n<li>C\u00f4ng su\u1ea5t vi s\u00f3ng t\u1ed1i \u0111a: 900 W;<\/li>\n<li>5 m\u1ee9c c\u00f4ng su\u1ea5t vi s\u00f3ng (90W, 180W, 360W, 600W, 900W) k\u1ebft h\u1ee3p c\u00f4ng ngh\u1ec7 inverter<\/li>\n<li>Ma\u0300n hi\u0300nh TFT hi\u1ec3n th\u1ecb th\u00f4ng tin<\/li>\n<li>\u0110i\u1ec1u khi\u1ec3n c\u1ea3m \u1ee9ng \u0111i\u1ec7n t\u1eed v\u00e0 v\u00f2ng xoay c\u1ea3m \u1ee9ng<\/li>\n<li>Xu\u1ea5t x\u1ee9 Anh<\/li>\n<\/ul>\n<figure id=\"attachment_58943\" aria-describedby=\"caption-attachment-58943\" style=\"width: 1067px\" class=\"wp-caption alignnone\"><img loading=\"lazy\" decoding=\"async\" class=\"wp-image-58943 size-large\" src=\"https:\/\/livinghome.vn\/thiet-bi\/wp-content\/uploads\/nha-bep\/bosch-hmh\/lo-vi-song\/lo-vi-song-bosch-bfl634gb1b\/lo-vi-song-bosch-bfl634gb1b-3-1067x800.jpg\" alt=\"L\u00f2 vi s\u00f3ng Bosch BFL634GS1B - 21 l\u00edt 38cm\" width=\"1067\" height=\"800\" title=\"\"><figcaption id=\"caption-attachment-58943\" class=\"wp-caption-text\">L\u00f2 vi s\u00f3ng Bosch BFL634GS1B &#8211; Ma\u0300n hi\u0300nh TFT hi\u1ec3n th\u1ecb th\u00f4ng tin \u0111i\u1ec1u khi\u1ec3n c\u1ea3m \u1ee9ng \u0111i\u1ec7n t\u1eed v\u00e0 v\u00f2ng xoay c\u1ea3m \u1ee9ng<\/figcaption><\/figure>\n<h3>Ch\u1ee9c n\u0103ng an to\u00e0n<\/h3>\n<ul>\n<li>T\u1ef1 t\u1eaft khi kh\u00f4ng s\u1eed d\u1ee5ng<\/li>\n<li>Kh\u00f3a an to\u00e0n tr\u1ebb em<\/li>\n<\/ul>\n<h3>Th\u00f4ng tin k\u1ef9 thu\u1eadt<\/h3>\n<ul>\n<li>T\u1ed5ng c\u00f4ng su\u1ea5t: 1.22 kW<\/li>\n<li>Hi\u1ec7u \u0111i\u1ec7n th\u1ebf: 220 &#8211; 240 V<\/li>\n<li>T\u1ea7n s\u1ed1: 50\/ 60 Hz, 10 A<\/li>\n<li>K\u00edch th\u01b0\u1edbc s\u1ea3n ph\u1ea9m: 382C x 594R x 318S mm<\/li>\n<li>K\u00edch th\u01b0\u1edbc h\u1ed9c t\u1ee7: 380 &#8211; 382C x 560 &#8211; 568R x 550S mm<\/li>\n<\/ul>\n<figure id=\"attachment_58940\" aria-describedby=\"caption-attachment-58940\" style=\"width: 800px\" class=\"wp-caption alignnone\"><img loading=\"lazy\" decoding=\"async\" class=\"wp-image-58940 size-large\" src=\"https:\/\/livinghome.vn\/thiet-bi\/wp-content\/uploads\/nha-bep\/bosch-hmh\/lo-vi-song\/lo-vi-song-bosch-bfl634gb1b\/lo-vi-song-bosch-bfl634gb1b-6-800x800.jpg\" alt=\"L\u00f2 vi s\u00f3ng Bosch BFL634GS1B - 21 l\u00edt 38cm\" width=\"800\" height=\"800\" title=\"\"><figcaption id=\"caption-attachment-58940\" class=\"wp-caption-text\">L\u00f2 vi s\u00f3ng Bosch BFL634GS1B &#8211; Chi ti\u1ebft l\u1eafp \u0111\u1eb7t<\/figcaption><\/figure>\n","protected":false},"excerpt":{"rendered":"<p>Dung t\u00edch l\u00f2: 21 l\u00edt<\/p>\n<p>C\u00f4ng ngh\u1ec7 vi s\u00f3ng m\u1edbi kh\u00f4ng c\u1ea7n \u0111\u0129a xoay<\/p>\n<p>L\u00e0m n\u00f3ng theo kh\u1ed1i l\u01b0\u1ee3ng\/ th\u1eddi gian<\/p>\n<p>Ch\u01b0\u01a1ng tr\u00ecnh r\u00e3 \u0111\u00f4ng theo kh\u1ed1i l\u01b0\u1ee3ng\/ th\u1eddi gian<\/p>\n<p>7 ch\u01b0\u01a1ng tr\u00ecnh n\u1ea5u t\u1ef1 \u0111\u1ed9ng<\/p>\n<p>C\u00f4ng su\u1ea5t vi s\u00f3ng t\u1ed1i \u0111a: 900 W;<\/p>\n<p>5 m\u1ee9c c\u00f4ng su\u1ea5t vi s\u00f3ng (90W, 180W, 360W, 600W, 900W) k\u1ebft h\u1ee3p c\u00f4ng ngh\u1ec7 inverter<\/p>\n<p>Ma\u0300n hi\u0300nh TFT hi\u1ec3n th\u1ecb th\u00f4ng tin<\/p>\n<p>\u0110i\u1ec1u khi\u1ec3n c\u1ea3m \u1ee9ng \u0111i\u1ec7n t\u1eed v\u00e0 v\u00f2ng xoay c\u1ea3m \u1ee9ng<\/p>\n<p>Xu\u1ea5t x\u1ee9 Anh<\/p>\n","protected":false},"featured_media":5059,"comment_status":"open","ping_status":"closed","template":"","meta":[],"product_brand":[],"product_cat":[510,472],"product_tag":[473,158,511],"class_list":{"0":"post-4913","1":"product","2":"type-product","3":"status-publish","4":"has-post-thumbnail","6":"product_cat-lo-vi-song-bosch","7":"product_cat-thuong-hieu-bosch","8":"product_tag-bosch","9":"product_tag-lo-vi-song","10":"product_tag-lo-vi-song-bosch","12":"first","13":"instock","14":"sale","15":"shipping-taxable","16":"purchasable","17":"product-type-simple"},"_links":{"self":[{"href":"https:\/\/livinghome.vn\/thiet-bi\/wp-json\/wp\/v2\/product\/4913","targetHints":{"allow":["GET"]}}],"collection":[{"href":"https:\/\/livinghome.vn\/thiet-bi\/wp-json\/wp\/v2\/product"}],"about":[{"href":"https:\/\/livinghome.vn\/thiet-bi\/wp-json\/wp\/v2\/types\/product"}],"replies":[{"embeddable":true,"href":"https:\/\/livinghome.vn\/thiet-bi\/wp-json\/wp\/v2\/comments?post=4913"}],"wp:featuredmedia":[{"embeddable":true,"href":"https:\/\/livinghome.vn\/thiet-bi\/wp-json\/wp\/v2\/media\/5059"}],"wp:attachment":[{"href":"https:\/\/livinghome.vn\/thiet-bi\/wp-json\/wp\/v2\/media?parent=4913"}],"wp:term":[{"taxonomy":"product_brand","embeddable":true,"href":"https:\/\/livinghome.vn\/thiet-bi\/wp-json\/wp\/v2\/product_brand?post=4913"},{"taxonomy":"product_cat","embeddable":true,"href":"https:\/\/livinghome.vn\/thiet-bi\/wp-json\/wp\/v2\/product_cat?post=4913"},{"taxonomy":"product_tag","embeddable":true,"href":"https:\/\/livinghome.vn\/thiet-bi\/wp-json\/wp\/v2\/product_tag?post=4913"}],"curies":[{"name":"wp","href":"https:\/\/api.w.org\/{rel}","templated":true}]}}