{"id":4909,"date":"2023-01-12T19:19:10","date_gmt":"2023-01-12T19:19:10","guid":{"rendered":"https:\/\/livinghome.vn\/thiet-bi\/?post_type=product&#038;p=4909"},"modified":"2024-11-29T14:19:50","modified_gmt":"2024-11-29T07:19:50","slug":"lo-nuong-bosch-cmg656bs6b-ket-hop-vi-song-45-lit-45cm-ket-noi-home-connect","status":"publish","type":"product","link":"https:\/\/livinghome.vn\/thiet-bi\/lo-nuong-bosch-cmg656bs6b-ket-hop-vi-song-45-lit-45cm-ket-noi-home-connect\/","title":{"rendered":"L\u00f2 n\u01b0\u1edbng Bosch CMG656BS6B &#8211; K\u1ebft h\u1ee3p vi s\u00f3ng 45 l\u00edt 45cm k\u1ebft n\u1ed1i Home Connect"},"content":{"rendered":"<h1>Living Home xin tr\u00e2n tr\u1ecdng gi\u1edbi thi\u1ec7u \u0111\u1ebfn b\u1ea1n L\u00f2 n\u01b0\u1edbng Bosch CMG656BS6B K\u1ebft h\u1ee3p vi s\u00f3ng v\u1edbi nh\u1eefng t\u00ednh n\u0103ng v\u00f4 c\u00f9ng h\u1ea5p d\u1eabn nh\u01b0 sau<\/h1>\n<h3><strong>\u0110\u1eb7c t\u00ednh s\u1ea3n ph\u1ea9m<\/strong><\/h3>\n<ul>\n<li><span class=\"fontstyle0\">Dung t\u00edch l\u00f2: 45 l\u00edt<br \/>\n<\/span><\/li>\n<li><span class=\"fontstyle2\">M\u00e0n h\u00ecnh c\u1ea3m \u1ee9ng to\u00e0n ph\u1ea7n TFT<br \/>\n<\/span><\/li>\n<li><span class=\"fontstyle2\">Home connect k\u1ebft n\u1ed1i \u0111i\u1ec1u khi\u1ec3n v\u1edbi ipad v\u00e0 \u0111i\u1ec7n tho\u1ea1i<br \/>\n<\/span><\/li>\n<li><span class=\"fontstyle0\">12 ph\u01b0\u01a1ng ph\u00e1p gia nhi\u1ec7t<br \/>\n<\/span><\/li>\n<li><span class=\"fontstyle0\">Ch\u01b0\u01a1ng tr\u00ecnh \u0111\u1eb7c bi\u1ec7t: 4D hot-air; Pizza; L\u00e0m n\u00f3ng nhanh; R\u00e3 \u0111\u00f4ng; 4D hot-air Eco; Gi\u1eef \u1ea5m; Ch\u01b0\u01a1ng tr\u00ecnh n\u01b0\u1edbng k\u1ebft h\u1ee3p h\u1ea5p; Ch\u01b0\u01a1ng tr\u00ecnh n\u01b0\u1edbng k\u1ebft h\u1ee3p vi s\u00f3ng<br \/>\n<\/span><\/li>\n<li><span class=\"fontstyle0\">5 m\u1ee9c c\u00f4ng su\u1ea5t vi s\u00f3ng: (90W, 180W, 360W, 600W, 900W) v\u1edbi\u00a0<\/span><span class=\"fontstyle2\">c\u00f4ng ngh\u1ec7 Inverter<br \/>\n<\/span><\/li>\n<li><span class=\"fontstyle2\">DishAssist: t\u1ef1 \u0111\u1ed9ng \u0111i\u1ec1u ch\u1ec9nh nhi\u1ec7t \u0111\u1ed9, th\u1eddi gian v\u00e0 ph\u01b0\u01a1ng ph\u00e1p gia nhi\u1ec7t t\u1ed1i \u01b0u cho t\u1eebng m\u00f3n \u0103n<br \/>\n<\/span><\/li>\n<li><span class=\"fontstyle0\">Nhi\u1ec7t \u0111\u1ed9 t\u1eeb 30\u00b0C &#8211; 300\u00b0C<br \/>\n<\/span><\/li>\n<li><span class=\"fontstyle0\">C\u1eeda l\u00f2 thi\u1ebft k\u1ebf \u0111\u00f3ng\/m\u1edf \u00eam \u00e1i<br \/>\n<\/span><\/li>\n<li><span class=\"fontstyle2\">\u0110i\u1ec1u khi\u1ec3n c\u1ea3m \u1ee9ng tr\u00ean m\u00e0n h\u00ecnh TFT k\u1ebft h\u1ee3p v\u1edbi v\u00f2ng xoay \u0111\u1ed9c \u0111\u00e1o<br \/>\n<\/span><\/li>\n<li><span class=\"fontstyle0\">M\u00e0n h\u00ecnh TFT hi\u1ec3n th\u1ecb tr\u1ef1c quan th\u1eddi gian, nhi\u1ec7t \u0111\u1ed9 v\u00e0 ch\u01b0\u01a1ng tr\u00ecnh n\u01b0\u1edbng \u0111ang v\u1eadn h\u00e0nh<\/span><\/li>\n<li><span class=\"fontstyle0\">Ch\u1ee9c n\u0103ng v\u1ec7 sinh b\u1eb1ng ph\u01b0\u01a1ng ph\u00e1p th\u1ee7y ph\u00e2n<br \/>\n<\/span><\/li>\n<li><span class=\"fontstyle0\">\u0110\u00e8n LED chi\u1ebfu s\u00e1ng b\u00ean trong l\u00f2, s\u00e1ng khi c\u1eeda m\u1edf<br \/>\n<\/span><\/li>\n<li><span class=\"fontstyle0\">Ph\u1ee5 ki\u1ec7n \u0111i k\u00e8m: 1 khay n\u01b0\u1edbng, 1 v\u1ec9 n\u01b0\u1edbng<br \/>\n<\/span><\/li>\n<li><span class=\"fontstyle0\">Xu\u1ea5t x\u1ee9 \u0110\u1ee9c<\/span><\/li>\n<\/ul>\n<figure id=\"attachment_58843\" aria-describedby=\"caption-attachment-58843\" style=\"width: 1067px\" class=\"wp-caption alignnone\"><img loading=\"lazy\" decoding=\"async\" class=\"wp-image-58843 size-large\" src=\"https:\/\/livinghome.vn\/thiet-bi\/wp-content\/uploads\/nha-bep\/bosch-hmh\/lo-nuong\/lo-nuong-bosch-cmg656bs6b\/lo-nuong-bosch-cmg656bs6b-8-1067x800.jpg\" alt=\"L\u00f2 n\u01b0\u1edbng Bosch CMG656BS6B - K\u1ebft h\u1ee3p vi s\u00f3ng 45 l\u00edt 45cm k\u1ebft n\u1ed1i Home Connect\" width=\"1067\" height=\"800\" title=\"\"><figcaption id=\"caption-attachment-58843\" class=\"wp-caption-text\">L\u00f2 n\u01b0\u1edbng Bosch CMG656BS6B &#8211; C\u1eeda l\u00f2 thi\u1ebft k\u1ebf \u0111\u00f3ng\/m\u1edf \u00eam \u00e1i<\/figcaption><\/figure>\n<h3><strong>Ch\u1ee9c n\u0103ng an to\u00e0n<\/strong><\/h3>\n<ul>\n<li><span class=\"fontstyle2\">C\u1eeda k\u00ednh 4 l\u1edbp<br \/>\n<\/span><\/li>\n<li><span class=\"fontstyle0\">Kh\u00f3a an to\u00e0n tr\u1ebb em<br \/>\n<\/span><\/li>\n<li><span class=\"fontstyle0\">T\u1ef1 \u0111\u1ed9ng t\u1eaft khi kh\u00f4ng s\u1eed d\u1ee5ng<br \/>\n<\/span><\/li>\n<li><span class=\"fontstyle0\">N\u00fat nh\u1ea5n Start\/Stop;<br \/>\n<\/span><\/li>\n<li><span class=\"fontstyle0\">T\u1ef1 ng\u1eaft l\u00f2 khi c\u1eeda m\u1edf<br \/>\n<\/span><\/li>\n<li><span class=\"fontstyle0\">Nhi\u1ec7t \u0111\u1ed9 m\u1eb7t k\u00ednh ngo\u00e0i t\u1ed1i \u0111a 40<\/span><span class=\"fontstyle0\">o<\/span><span class=\"fontstyle0\">C<br \/>\n<\/span><\/li>\n<li><span class=\"fontstyle0\">\u00c2m b\u00e1o khi qu\u00e1 tr\u00ecnh n\u01b0\u1edbng ho\u00e0n t\u1ea5t<\/span><\/li>\n<\/ul>\n<h3><strong>Th\u00f4ng s\u1ed1 k\u1ef9 thu\u1eadt<\/strong><\/h3>\n<ul>\n<li><span class=\"fontstyle0\">T\u1ed5ng c\u00f4ng su\u1ea5t: 3.6 Kw<br \/>\n<\/span><\/li>\n<li><span class=\"fontstyle0\">Hi\u1ec7u \u0111i\u1ec7n th\u1ebf: 220 &#8211; 240 V<br \/>\n<\/span><\/li>\n<li><span class=\"fontstyle0\">T\u1ea7n s\u1ed1: 50\/60 Hz, 16 A<br \/>\n<\/span><\/li>\n<li><span class=\"fontstyle0\">K\u00edch th\u01b0\u1edbc s\u1ea3n ph\u1ea9m: 455C x 594R x 548S mm<br \/>\n<\/span><\/li>\n<li><span class=\"fontstyle0\">K\u00edch th\u01b0\u1edbc h\u1ed9c t\u1ee7: 450-455C x 560 &#8211; 568R x 550S mm<\/span><\/li>\n<\/ul>\n","protected":false},"excerpt":{"rendered":"<p><span class=\"fontstyle0\">Dung t\u00edch l\u00f2: 45 l\u00edt<br \/>\n<\/span><\/p>\n<p><span class=\"fontstyle2\">M\u00e0n h\u00ecnh c\u1ea3m \u1ee9ng to\u00e0n ph\u1ea7n TFT<br \/>\n<\/span><\/p>\n<p><span class=\"fontstyle2\">Home connect k\u1ebft n\u1ed1i \u0111i\u1ec1u khi\u1ec3n v\u1edbi ipad v\u00e0 \u0111i\u1ec7n tho\u1ea1i<br \/>\n<\/span><\/p>\n<p><span class=\"fontstyle0\">12 ph\u01b0\u01a1ng ph\u00e1p gia nhi\u1ec7t<br \/>\n<\/span><\/p>\n<p><span class=\"fontstyle0\">Ch\u01b0\u01a1ng tr\u00ecnh \u0111\u1eb7c bi\u1ec7t: 4D hot-air; Pizza; L\u00e0m n\u00f3ng nhanh; R\u00e3 \u0111\u00f4ng; 4D hot-air Eco; Gi\u1eef \u1ea5m; Ch\u01b0\u01a1ng tr\u00ecnh n\u01b0\u1edbng k\u1ebft h\u1ee3p h\u1ea5p; Ch\u01b0\u01a1ng tr\u00ecnh n\u01b0\u1edbng k\u1ebft h\u1ee3p vi s\u00f3ng<br \/>\n<\/span><\/p>\n<p><span class=\"fontstyle0\">5 m\u1ee9c c\u00f4ng su\u1ea5t vi s\u00f3ng: (90W, 180W, 360W, 600W, 900W) v\u1edbi\u00a0<\/span><span class=\"fontstyle2\">c\u00f4ng ngh\u1ec7 Inverter<br \/>\n<\/span><\/p>\n<p><span class=\"fontstyle2\">DishAssist: t\u1ef1 \u0111\u1ed9ng \u0111i\u1ec1u ch\u1ec9nh nhi\u1ec7t \u0111\u1ed9, th\u1eddi gian v\u00e0 ph\u01b0\u01a1ng ph\u00e1p gia nhi\u1ec7t t\u1ed1i \u01b0u cho t\u1eebng m\u00f3n \u0103n<br \/>\n<\/span><\/p>\n<p><span class=\"fontstyle0\">Nhi\u1ec7t \u0111\u1ed9 t\u1eeb 30\u00b0C &#8211; 300\u00b0C<br \/>\n<\/span><\/p>\n<p><span class=\"fontstyle0\">C\u1eeda l\u00f2 thi\u1ebft k\u1ebf \u0111\u00f3ng\/m\u1edf \u00eam \u00e1i<br \/>\n<\/span><\/p>\n<p><span class=\"fontstyle2\">\u0110i\u1ec1u khi\u1ec3n c\u1ea3m \u1ee9ng tr\u00ean m\u00e0n h\u00ecnh TFT k\u1ebft h\u1ee3p v\u1edbi v\u00f2ng xoay \u0111\u1ed9c \u0111\u00e1o<br \/>\n<\/span><\/p>\n<p><span class=\"fontstyle0\">M\u00e0n h\u00ecnh TFT hi\u1ec3n th\u1ecb tr\u1ef1c quan th\u1eddi gian, nhi\u1ec7t \u0111\u1ed9 v\u00e0 ch\u01b0\u01a1ng tr\u00ecnh n\u01b0\u1edbng \u0111ang v\u1eadn h\u00e0nh<\/span><\/p>\n<p><span class=\"fontstyle0\">Ch\u1ee9c n\u0103ng v\u1ec7 sinh b\u1eb1ng ph\u01b0\u01a1ng ph\u00e1p th\u1ee7y ph\u00e2n<br \/>\n<\/span><\/p>\n<p><span class=\"fontstyle0\">\u0110\u00e8n LED chi\u1ebfu s\u00e1ng b\u00ean trong l\u00f2, s\u00e1ng khi c\u1eeda m\u1edf<br \/>\n<\/span><\/p>\n<p><span class=\"fontstyle0\">Ph\u1ee5 ki\u1ec7n \u0111i k\u00e8m: 1 khay n\u01b0\u1edbng, 1 v\u1ec9 n\u01b0\u1edbng<br \/>\n<\/span><\/p>\n<p><span class=\"fontstyle0\">Xu\u1ea5t x\u1ee9 \u0110\u1ee9c<\/span><\/p>\n","protected":false},"featured_media":5036,"comment_status":"open","ping_status":"closed","template":"","meta":[],"product_brand":[],"product_cat":[95,472],"product_tag":[473,96,504],"class_list":{"0":"post-4909","1":"product","2":"type-product","3":"status-publish","4":"has-post-thumbnail","6":"product_cat-lo-nuong","7":"product_cat-thuong-hieu-bosch","8":"product_tag-bosch","9":"product_tag-lo-nuong","10":"product_tag-lo-nuong-bosch","12":"first","13":"instock","14":"sale","15":"shipping-taxable","16":"purchasable","17":"product-type-simple"},"_links":{"self":[{"href":"https:\/\/livinghome.vn\/thiet-bi\/wp-json\/wp\/v2\/product\/4909","targetHints":{"allow":["GET"]}}],"collection":[{"href":"https:\/\/livinghome.vn\/thiet-bi\/wp-json\/wp\/v2\/product"}],"about":[{"href":"https:\/\/livinghome.vn\/thiet-bi\/wp-json\/wp\/v2\/types\/product"}],"replies":[{"embeddable":true,"href":"https:\/\/livinghome.vn\/thiet-bi\/wp-json\/wp\/v2\/comments?post=4909"}],"wp:featuredmedia":[{"embeddable":true,"href":"https:\/\/livinghome.vn\/thiet-bi\/wp-json\/wp\/v2\/media\/5036"}],"wp:attachment":[{"href":"https:\/\/livinghome.vn\/thiet-bi\/wp-json\/wp\/v2\/media?parent=4909"}],"wp:term":[{"taxonomy":"product_brand","embeddable":true,"href":"https:\/\/livinghome.vn\/thiet-bi\/wp-json\/wp\/v2\/product_brand?post=4909"},{"taxonomy":"product_cat","embeddable":true,"href":"https:\/\/livinghome.vn\/thiet-bi\/wp-json\/wp\/v2\/product_cat?post=4909"},{"taxonomy":"product_tag","embeddable":true,"href":"https:\/\/livinghome.vn\/thiet-bi\/wp-json\/wp\/v2\/product_tag?post=4909"}],"curies":[{"name":"wp","href":"https:\/\/api.w.org\/{rel}","templated":true}]}}