{"id":4908,"date":"2023-01-12T19:19:10","date_gmt":"2023-01-12T19:19:10","guid":{"rendered":"https:\/\/livinghome.vn\/thiet-bi\/?post_type=product&#038;p=4908"},"modified":"2024-11-29T14:19:50","modified_gmt":"2024-11-29T07:19:50","slug":"lo-nuong-bosch-cmg633bs1b-ket-hop-vi-song-45-lit-45cm","status":"publish","type":"product","link":"https:\/\/livinghome.vn\/thiet-bi\/lo-nuong-bosch-cmg633bs1b-ket-hop-vi-song-45-lit-45cm\/","title":{"rendered":"L\u00f2 n\u01b0\u1edbng Bosch CMG633BS1B &#8211; K\u1ebft h\u1ee3p vi s\u00f3ng 45 l\u00edt 45cm"},"content":{"rendered":"<h1>Living Home xin tr\u00e2n tr\u1ecdng gi\u1edbi thi\u1ec7u \u0111\u1ebfn b\u1ea1n L\u00f2 n\u01b0\u1edbng Bosch CMG633BS1B K\u1ebft h\u1ee3p vi s\u00f3ng v\u1edbi nh\u1eefng t\u00ednh n\u0103ng v\u00f4 c\u00f9ng h\u1ea5p d\u1eabn nh\u01b0 sau<\/h1>\n<h3><strong>\u0110\u1eb7c t\u00ednh s\u1ea3n ph\u1ea9m<\/strong><\/h3>\n<ul>\n<li>Dung t\u00edch l\u00f2: 45 l\u00edt<\/li>\n<li>6 ph\u01b0\u01a1ng ph\u00e1p gia nhi\u1ec7t, v\u1edbi c\u00e1c ch\u01b0\u01a1ng tr\u00ecnh \u0111\u1eb7c bi\u1ec7t: 4D hot-air, n\u01b0\u1edbng nh\u1eb9, gi\u1eef \u1ea5m th\u1ee9c \u0103n<\/li>\n<li>Ch\u01b0\u01a1ng tr\u00ecnh t\u1ef1 \u0111\u1ed9ng AutoPilot 14: v\u1edbi 14 ch\u01b0\u01a1ng tr\u00ecnh n\u01b0\u1edbng \u0111\u01b0\u1ee3c l\u1eadp tr\u00ecnh s\u1eb5n gi\u00fap cho vi\u1ec7c n\u1ea5u n\u01b0\u1edbng \u0111\u01b0\u1ee3c d\u1ec5 d\u00e0ng v\u00e0 hi\u1ec7u qu\u1ea3<\/li>\n<li>C\u00f4ng su\u1ea5t vi s\u00f3ng t\u1ed1i \u0111a: 900 W; 5 m\u1ee9c c\u00f4ng su\u1ea5t vi s\u00f3ng (90 W,180 W,360 W,600 W,900 W) v\u1edbi c\u00f4ng ngh\u1ec7 Inverter (MW)<\/li>\n<li>Ch\u01b0\u01a1ng tr\u00ecnh n\u01b0\u1edbng k\u1ebft h\u1ee3p vi s\u00f3ng<\/li>\n<li>M\u00e0n h\u00ecnh m\u00e0u TFT d\u1ec5 d\u00e0ng s\u1eed d\u1ee5ng v\u00e0 hi\u1ec3n th\u1ecb r\u00f5 r\u00e0ng c\u00e1c k\u00fd hi\u1ec7u<\/li>\n<li>H\u1ec7 th\u1ed1ng \u0111\u00e8n LED chi\u1ebfu s\u00e1ng b\u00ean trong ti\u1ebft ki\u1ec7m \u0111i\u1ec7n n\u0103ng ti\u00eau th\u1ee5<\/li>\n<li>C\u1eeda l\u00f2 \u0111\u01b0\u1ee3c thi\u1ebft k\u1ebf v\u1edbi c\u00f4ng ngh\u1ec7 \u0111\u00f3ng m\u1edf \u00eam, gi\u1ea3m ch\u1ea5n khi \u0111\u00f3ng<\/li>\n<li>Ph\u1ee5 ki\u1ec7n \u0111i k\u00e8m: 1 khay n\u01b0\u1edbng, 1 v\u1ec9 n\u01b0\u1edbng<\/li>\n<li>Xu\u1ea5t x\u1ee9 \u0110\u1ee9c<\/li>\n<\/ul>\n<figure id=\"attachment_58839\" aria-describedby=\"caption-attachment-58839\" style=\"width: 1067px\" class=\"wp-caption alignnone\"><img loading=\"lazy\" decoding=\"async\" class=\"wp-image-58839 size-large\" src=\"https:\/\/livinghome.vn\/thiet-bi\/wp-content\/uploads\/nha-bep\/bosch-hmh\/lo-nuong\/lo-nuong-bosch-cmg633bs1b\/lo-nuong-bosch-cmg633bs1b-2-1067x800.jpg\" alt=\"L\u00f2 n\u01b0\u1edbng Bosch CMG633BS1B - K\u1ebft h\u1ee3p vi s\u00f3ng 45 l\u00edt 45cm\" width=\"1067\" height=\"800\" title=\"\"><figcaption id=\"caption-attachment-58839\" class=\"wp-caption-text\">L\u00f2 n\u01b0\u1edbng Bosch CMG633BS1B &#8211; C\u1eeda l\u00f2 \u0111\u01b0\u1ee3c thi\u1ebft k\u1ebf v\u1edbi c\u00f4ng ngh\u1ec7 \u0111\u00f3ng m\u1edf \u00eam, gi\u1ea3m ch\u1ea5n khi \u0111\u00f3ng<\/figcaption><\/figure>\n<h3><strong>Ch\u1ee9c n\u0103ng an to\u00e0n<\/strong><\/h3>\n<ul>\n<li>Kh\u00f3a tr\u1ebb em<\/li>\n<li>T\u1ef1 t\u1eaft khi kh\u00f4ng s\u1eed d\u1ee5ng<\/li>\n<li>N\u00fat nh\u1ea5n Start\/Stop<\/li>\n<li>Nhi\u1ec7t \u0111\u1ed9 m\u1eb7t k\u00ednh ngo\u00e0i t\u1ed1i \u0111a 40oC<\/li>\n<li>\u00c2m b\u00e1o khi qu\u00e1 tr\u00ecnh ho\u00e0n t\u1ea5t<\/li>\n<\/ul>\n<h3><strong>Th\u00f4ng s\u1ed1 k\u1ef9 thu\u1eadt<\/strong><\/h3>\n<ul>\n<li>T\u1ed5ng c\u00f4ng su\u1ea5t: 3.6 kW<\/li>\n<li>Hi\u1ec7u \u0111i\u1ec7n th\u1ebf: 220 &#8211; 240 V<\/li>\n<li>T\u1ea7n s\u1ed1: 50\/60 Hz, 16 A<\/li>\n<li>K\u00edch th\u01b0\u1edbc s\u1ea3n ph\u1ea9m: 455C x 594R x 548S mm<\/li>\n<li>K\u00edch th\u01b0\u1edbc h\u1ed9c t\u1ee7: 450 &#8211; 455C x 560 &#8211; 568R x 550S mm<\/li>\n<\/ul>\n<figure id=\"attachment_58840\" aria-describedby=\"caption-attachment-58840\" style=\"width: 800px\" class=\"wp-caption alignnone\"><img loading=\"lazy\" decoding=\"async\" class=\"wp-image-58840 size-large\" src=\"https:\/\/livinghome.vn\/thiet-bi\/wp-content\/uploads\/nha-bep\/bosch-hmh\/lo-nuong\/lo-nuong-bosch-cmg633bs1b\/lo-nuong-bosch-cmg633bs1b-10-800x800.jpg\" alt=\"L\u00f2 n\u01b0\u1edbng Bosch CMG633BS1B - K\u1ebft h\u1ee3p vi s\u00f3ng 45 l\u00edt 45cm\" width=\"800\" height=\"800\" title=\"\"><figcaption id=\"caption-attachment-58840\" class=\"wp-caption-text\">L\u00f2 n\u01b0\u1edbng Bosch CMG633BS1B &#8211; Chi ti\u1ebft l\u1eafp \u0111\u1eb7t<\/figcaption><\/figure>\n<p>&nbsp;<\/p>\n","protected":false},"excerpt":{"rendered":"<ul>\n<li>Dung t\u00edch l\u00f2: 45 l\u00edt<\/li>\n<li>6 ph\u01b0\u01a1ng ph\u00e1p gia nhi\u1ec7t, v\u1edbi c\u00e1c ch\u01b0\u01a1ng tr\u00ecnh \u0111\u1eb7c bi\u1ec7t: 4D hot-air, n\u01b0\u1edbng nh\u1eb9, gi\u1eef \u1ea5m th\u1ee9c \u0103n<\/li>\n<li>Ch\u01b0\u01a1ng tr\u00ecnh t\u1ef1 \u0111\u1ed9ng AutoPilot 14: v\u1edbi 14 ch\u01b0\u01a1ng tr\u00ecnh n\u01b0\u1edbng \u0111\u01b0\u1ee3c l\u1eadp tr\u00ecnh s\u1eb5n gi\u00fap cho vi\u1ec7c n\u1ea5u n\u01b0\u1edbng \u0111\u01b0\u1ee3c d\u1ec5 d\u00e0ng v\u00e0 hi\u1ec7u qu\u1ea3<\/li>\n<li>C\u00f4ng su\u1ea5t vi s\u00f3ng t\u1ed1i \u0111a: 900 W; 5 m\u1ee9c c\u00f4ng su\u1ea5t vi s\u00f3ng (90 W,180 W,360 W,600 W,900 W) v\u1edbi c\u00f4ng ngh\u1ec7 Inverter (MW)<\/li>\n<li>Ch\u01b0\u01a1ng tr\u00ecnh n\u01b0\u1edbng k\u1ebft h\u1ee3p vi s\u00f3ng<\/li>\n<li>M\u00e0n h\u00ecnh m\u00e0u TFT d\u1ec5 d\u00e0ng s\u1eed d\u1ee5ng v\u00e0 hi\u1ec3n th\u1ecb r\u00f5 r\u00e0ng c\u00e1c k\u00fd hi\u1ec7u<\/li>\n<li>H\u1ec7 th\u1ed1ng \u0111\u00e8n LED chi\u1ebfu s\u00e1ng b\u00ean trong ti\u1ebft ki\u1ec7m \u0111i\u1ec7n n\u0103ng ti\u00eau th\u1ee5<\/li>\n<li>C\u1eeda l\u00f2 \u0111\u01b0\u1ee3c thi\u1ebft k\u1ebf v\u1edbi c\u00f4ng ngh\u1ec7 \u0111\u00f3ng m\u1edf \u00eam, gi\u1ea3m ch\u1ea5n khi \u0111\u00f3ng<\/li>\n<li>Ph\u1ee5 ki\u1ec7n \u0111i k\u00e8m: 1 khay n\u01b0\u1edbng, 1 v\u1ec9 n\u01b0\u1edbng<\/li>\n<li>Xu\u1ea5t x\u1ee9 \u0110\u1ee9c<\/li>\n<\/ul>\n","protected":false},"featured_media":5024,"comment_status":"open","ping_status":"closed","template":"","meta":[],"product_brand":[],"product_cat":[95,472],"product_tag":[473,96,504],"class_list":{"0":"post-4908","1":"product","2":"type-product","3":"status-publish","4":"has-post-thumbnail","6":"product_cat-lo-nuong","7":"product_cat-thuong-hieu-bosch","8":"product_tag-bosch","9":"product_tag-lo-nuong","10":"product_tag-lo-nuong-bosch","12":"first","13":"instock","14":"sale","15":"shipping-taxable","16":"purchasable","17":"product-type-simple"},"_links":{"self":[{"href":"https:\/\/livinghome.vn\/thiet-bi\/wp-json\/wp\/v2\/product\/4908","targetHints":{"allow":["GET"]}}],"collection":[{"href":"https:\/\/livinghome.vn\/thiet-bi\/wp-json\/wp\/v2\/product"}],"about":[{"href":"https:\/\/livinghome.vn\/thiet-bi\/wp-json\/wp\/v2\/types\/product"}],"replies":[{"embeddable":true,"href":"https:\/\/livinghome.vn\/thiet-bi\/wp-json\/wp\/v2\/comments?post=4908"}],"wp:featuredmedia":[{"embeddable":true,"href":"https:\/\/livinghome.vn\/thiet-bi\/wp-json\/wp\/v2\/media\/5024"}],"wp:attachment":[{"href":"https:\/\/livinghome.vn\/thiet-bi\/wp-json\/wp\/v2\/media?parent=4908"}],"wp:term":[{"taxonomy":"product_brand","embeddable":true,"href":"https:\/\/livinghome.vn\/thiet-bi\/wp-json\/wp\/v2\/product_brand?post=4908"},{"taxonomy":"product_cat","embeddable":true,"href":"https:\/\/livinghome.vn\/thiet-bi\/wp-json\/wp\/v2\/product_cat?post=4908"},{"taxonomy":"product_tag","embeddable":true,"href":"https:\/\/livinghome.vn\/thiet-bi\/wp-json\/wp\/v2\/product_tag?post=4908"}],"curies":[{"name":"wp","href":"https:\/\/api.w.org\/{rel}","templated":true}]}}