{"id":4907,"date":"2023-01-12T19:19:10","date_gmt":"2023-01-12T19:19:10","guid":{"rendered":"https:\/\/livinghome.vn\/thiet-bi\/?post_type=product&#038;p=4907"},"modified":"2024-11-29T14:19:50","modified_gmt":"2024-11-29T07:19:50","slug":"lo-nuong-bosch-csg656rs1-ket-hop-hap-47-lit-45cm","status":"publish","type":"product","link":"https:\/\/livinghome.vn\/thiet-bi\/lo-nuong-bosch-csg656rs1-ket-hop-hap-47-lit-45cm\/","title":{"rendered":"L\u00f2 n\u01b0\u1edbng Bosch CSG656RS1 &#8211; K\u1ebft h\u1ee3p h\u1ea5p 47 l\u00edt 45cm"},"content":{"rendered":"<h1>Living Home xin tr\u00e2n tr\u1ecdng gi\u1edbi thi\u1ec7u \u0111\u1ebfn b\u1ea1n L\u00f2 n\u01b0\u1edbng Bosch CSG656RS1 v\u1edbi nh\u1eefng t\u00ednh n\u0103ng v\u00f4 c\u00f9ng h\u1ea5p d\u1eabn nh\u01b0 sau<\/h1>\n<h3>\u0110\u1eb7c t\u00ednh s\u1ea3n ph\u1ea9m<\/h3>\n<ul>\n<li>Dung t\u00edch l\u00f2: 47 l\u00edt<\/li>\n<li>Dung t\u00edch khay n\u01b0\u1edbc: 1 l\u00edt<\/li>\n<li>14 ph\u01b0\u01a1ng ph\u00e1p gia nhi\u1ec7t: v\u1edbi 14 ph\u01b0\u01a1ng ph\u00e1p gia nhi\u1ec7t \u0111\u01b0\u1ee3c l\u1eadp tr\u00ecnh s\u1eb5n gi\u00fap cho vi\u1ec7c n\u1ea5u n\u01b0\u1edbng \u0111\u01b0\u1ee3c d\u1ec5 d\u00e0ng v\u00e0 hi\u1ec7u qu\u1ea3<\/li>\n<li>D\u00e3y nhi\u1ec7t \u0111\u1ed9 c\u1ee7a l\u00f2 t\u1eeb 30 \u00b0C &#8211; 250 \u00b0C<\/li>\n<li>Ma\u0300n hi\u0300nh ma\u0300u TFT c\u1ea3m \u1ee9ng \u0111i\u1ec1u khi\u1ec3n v\u00e0 hi\u1ec3n th\u1ecb<\/li>\n<li>H\u1ec7 th\u1ed1ng \u0111\u00e8n LED chi\u1ebfu s\u00e1ng b\u00ean trong ti\u1ebft ki\u1ec7m \u0111i\u1ec7n n\u0103ng ti\u00eau th\u1ee5<\/li>\n<li>C\u1eeda l\u00f2 \u0111\u01b0\u1ee3c thi\u1ebft k\u1ebf v\u1edbi c\u00f4ng ngh\u1ec7 \u0111\u00f3ng m\u1edf \u00eam, gi\u1ea3m ch\u1ea5n khi \u0111\u00f3ng<\/li>\n<li>Ti\u1ebft ki\u1ec7m n\u0103ng l\u01b0\u1ee3ng theo ti\u00eau chu\u1ea9n Ch\u00e2u \u00c2u: A+<\/li>\n<li>Ph\u1ee5 ki\u1ec7n \u0111i k\u00e8m: 1 khay n\u01b0\u1edbng, 1 v\u1ec9 n\u01b0\u1edbng; 1 khay ch\u1ee9a n\u01b0\u1edbc<\/li>\n<\/ul>\n<figure id=\"attachment_58859\" aria-describedby=\"caption-attachment-58859\" style=\"width: 800px\" class=\"wp-caption alignnone\"><img loading=\"lazy\" decoding=\"async\" class=\"wp-image-58859 size-large\" src=\"https:\/\/livinghome.vn\/thiet-bi\/wp-content\/uploads\/nha-bep\/bosch-hmh\/lo-nuong\/lo-nuong-bosch-csg656rs1\/lo-nuong-bosch-csg656rs1-2-800x800.jpg\" alt=\"L\u00f2 n\u01b0\u1edbng Bosch CSG656RS1 - K\u1ebft h\u1ee3p h\u1ea5p 47 l\u00edt 45cm\" width=\"800\" height=\"800\" title=\"\"><figcaption id=\"caption-attachment-58859\" class=\"wp-caption-text\">L\u00f2 n\u01b0\u1edbng Bosch CSG656RS1 &#8211; C\u1eeda l\u00f2 \u0111\u01b0\u1ee3c thi\u1ebft k\u1ebf v\u1edbi c\u00f4ng ngh\u1ec7 \u0111\u00f3ng m\u1edf \u00eam, gi\u1ea3m ch\u1ea5n khi \u0111\u00f3ng<\/figcaption><\/figure>\n<h3>Ch\u1ee9c n\u0103ng an to\u00e0n<\/h3>\n<ul>\n<li>Kh\u00f3a tre\u0309 em<\/li>\n<li>T\u1ef1 t\u1eaft khi kh\u00f4ng s\u1eed d\u1ee5ng<\/li>\n<li>Nhi\u1ec7t \u0111\u1ed9 m\u1eb7t k\u00ednh ngo\u00e0i t\u1ed1i \u0111a 40<sup>o<\/sup>C<\/li>\n<li>C\u1eeda k\u00ednh 3 l\u1edbp, qu\u1ea1t l\u00e0m m\u00e1t b\u00ean trong<\/li>\n<\/ul>\n<h3>Th\u00f4ng tin k\u1ef9 thu\u1eadt<\/h3>\n<ul>\n<li>T\u1ed5ng c\u00f4ng su\u1ea5t: 3.3 kW<\/li>\n<li>Hi\u1ec7u \u0111i\u1ec7n th\u1ebf: 220 &#8211; 240 V<\/li>\n<li>T\u1ea7n s\u1ed1: 50\/60 Hz, 16 A<\/li>\n<li>K\u00edch th\u01b0\u1edbc s\u1ea3n ph\u1ea9m: 455C x 594R x 548S mm<\/li>\n<li>K\u00edch th\u01b0\u1edbc h\u1ed9c t\u1ee7: 450 &#8211; 455C x 560 &#8211; 568R x 550S mm<\/li>\n<\/ul>\n<figure id=\"attachment_58853\" aria-describedby=\"caption-attachment-58853\" style=\"width: 800px\" class=\"wp-caption alignnone\"><img loading=\"lazy\" decoding=\"async\" class=\"wp-image-58853 size-large\" src=\"https:\/\/livinghome.vn\/thiet-bi\/wp-content\/uploads\/nha-bep\/bosch-hmh\/lo-nuong\/lo-nuong-bosch-csg656rs1\/lo-nuong-bosch-csg656rs1-8-800x800.jpg\" alt=\"L\u00f2 n\u01b0\u1edbng Bosch CSG656RS1 - K\u1ebft h\u1ee3p h\u1ea5p 47 l\u00edt 45cm\" width=\"800\" height=\"800\" title=\"\"><figcaption id=\"caption-attachment-58853\" class=\"wp-caption-text\">L\u00f2 n\u01b0\u1edbng Bosch CSG656RS1 &#8211; Chi ti\u1ebft l\u1eafp \u0111\u1eb7t<\/figcaption><\/figure>\n<p>&nbsp;<\/p>\n","protected":false},"excerpt":{"rendered":"<p>Dung t\u00edch l\u00f2: 47 l\u00edt<\/p>\n<p>Dung t\u00edch khay n\u01b0\u1edbc: 1 l\u00edt<\/p>\n<p>14 ph\u01b0\u01a1ng ph\u00e1p gia nhi\u1ec7t: v\u1edbi 14 ph\u01b0\u01a1ng ph\u00e1p gia nhi\u1ec7t \u0111\u01b0\u1ee3c l\u1eadp tr\u00ecnh s\u1eb5n gi\u00fap cho vi\u1ec7c n\u1ea5u n\u01b0\u1edbng \u0111\u01b0\u1ee3c d\u1ec5 d\u00e0ng v\u00e0 hi\u1ec7u qu\u1ea3<\/p>\n<p>D\u00e3y nhi\u1ec7t \u0111\u1ed9 c\u1ee7a l\u00f2 t\u1eeb 30 \u00b0C &#8211; 250 \u00b0C<\/p>\n<p>Ma\u0300n hi\u0300nh ma\u0300u TFT c\u1ea3m \u1ee9ng \u0111i\u1ec1u khi\u1ec3n v\u00e0 hi\u1ec3n th\u1ecb<\/p>\n<p>H\u1ec7 th\u1ed1ng \u0111\u00e8n LED chi\u1ebfu s\u00e1ng b\u00ean trong ti\u1ebft ki\u1ec7m \u0111i\u1ec7n n\u0103ng ti\u00eau th\u1ee5<\/p>\n<p>C\u1eeda l\u00f2 \u0111\u01b0\u1ee3c thi\u1ebft k\u1ebf v\u1edbi c\u00f4ng ngh\u1ec7 \u0111\u00f3ng m\u1edf \u00eam, gi\u1ea3m ch\u1ea5n khi \u0111\u00f3ng<\/p>\n<p>Ti\u1ebft ki\u1ec7m n\u0103ng l\u01b0\u1ee3ng theo ti\u00eau chu\u1ea9n Ch\u00e2u \u00c2u: A+<\/p>\n<p>Ph\u1ee5 ki\u1ec7n \u0111i k\u00e8m: 1 khay n\u01b0\u1edbng, 1 v\u1ec9 n\u01b0\u1edbng; 1 khay ch\u1ee9a n\u01b0\u1edbc<\/p>\n<div class=\"mceTemp\"><\/div>\n","protected":false},"featured_media":5013,"comment_status":"open","ping_status":"closed","template":"","meta":[],"product_brand":[],"product_cat":[503,472],"product_tag":[473,96,504,507],"class_list":{"0":"post-4907","1":"product","2":"type-product","3":"status-publish","4":"has-post-thumbnail","6":"product_cat-lo-nuong-bosch","7":"product_cat-thuong-hieu-bosch","8":"product_tag-bosch","9":"product_tag-lo-nuong","10":"product_tag-lo-nuong-bosch","11":"product_tag-lo-nuong-ket-hop-hap","13":"first","14":"instock","15":"sale","16":"shipping-taxable","17":"purchasable","18":"product-type-simple"},"_links":{"self":[{"href":"https:\/\/livinghome.vn\/thiet-bi\/wp-json\/wp\/v2\/product\/4907","targetHints":{"allow":["GET"]}}],"collection":[{"href":"https:\/\/livinghome.vn\/thiet-bi\/wp-json\/wp\/v2\/product"}],"about":[{"href":"https:\/\/livinghome.vn\/thiet-bi\/wp-json\/wp\/v2\/types\/product"}],"replies":[{"embeddable":true,"href":"https:\/\/livinghome.vn\/thiet-bi\/wp-json\/wp\/v2\/comments?post=4907"}],"wp:featuredmedia":[{"embeddable":true,"href":"https:\/\/livinghome.vn\/thiet-bi\/wp-json\/wp\/v2\/media\/5013"}],"wp:attachment":[{"href":"https:\/\/livinghome.vn\/thiet-bi\/wp-json\/wp\/v2\/media?parent=4907"}],"wp:term":[{"taxonomy":"product_brand","embeddable":true,"href":"https:\/\/livinghome.vn\/thiet-bi\/wp-json\/wp\/v2\/product_brand?post=4907"},{"taxonomy":"product_cat","embeddable":true,"href":"https:\/\/livinghome.vn\/thiet-bi\/wp-json\/wp\/v2\/product_cat?post=4907"},{"taxonomy":"product_tag","embeddable":true,"href":"https:\/\/livinghome.vn\/thiet-bi\/wp-json\/wp\/v2\/product_tag?post=4907"}],"curies":[{"name":"wp","href":"https:\/\/api.w.org\/{rel}","templated":true}]}}