{"id":4904,"date":"2023-01-12T19:19:10","date_gmt":"2023-01-12T19:19:10","guid":{"rendered":"https:\/\/livinghome.vn\/thiet-bi\/?post_type=product&#038;p=4904"},"modified":"2024-11-29T14:19:50","modified_gmt":"2024-11-29T07:19:50","slug":"lo-nuong-bosch-hbg6764s6b-71-lit-60cm-ket-noi-home-connect","status":"publish","type":"product","link":"https:\/\/livinghome.vn\/thiet-bi\/lo-nuong-bosch-hbg6764s6b-71-lit-60cm-ket-noi-home-connect\/","title":{"rendered":"L\u00f2 n\u01b0\u1edbng Bosch HBG6764S6B &#8211; 71 l\u00edt 60cm k\u1ebft n\u1ed1i Home Connect"},"content":{"rendered":"<h1>Living Home xin tr\u00e2n tr\u1ecdng gi\u1edbi thi\u1ec7u \u0111\u1ebfn b\u1ea1n L\u00f2 n\u01b0\u1edbng Bosch HBG6764S6B v\u1edbi nh\u1eefng t\u00ednh n\u0103ng v\u00f4 c\u00f9ng h\u1ea5p d\u1eabn nh\u01b0 sau<\/h1>\n<h3>\u0110\u1eb7c t\u00ednh s\u1ea3n ph\u1ea9m<\/h3>\n<ul>\n<li>Dung t\u00edch l\u00f2: 71 l\u00edt<\/li>\n<li>13 ph\u01b0\u01a1ng ph\u00e1p gia nhi\u1ec7t<\/li>\n<li>Ch\u01b0\u01a1ng tr\u00ecnh \u0111\u1eb7c bi\u1ec7t: 4D hot-air, Pizza, l\u00e0m n\u00f3ng nhanh, r\u00e3 \u0111\u00f4ng, 4D hot-air eco, gi\u1eef \u1ea5m<\/li>\n<li><strong>Home connect: k\u1ebft n\u1ed1i v\u1edbi c\u00e1c thi\u1ebft b\u1ecb di \u0111\u1ed9ng<\/strong><\/li>\n<li>DishAssist: t\u1ef1 \u0111\u1ed9ng \u0111i\u1ec1u ch\u1ec9nh nhi\u1ec7t \u0111\u1ed9, th\u1eddi gian v\u00e0 ph\u01b0\u01a1ng ph\u00e1p gia nhi\u1ec7t ph\u00f9 h\u1ee3p<\/li>\n<li>Nhi\u1ec7t \u0111\u1ed9: 30 &#8211;\u00a0 300<sup>o<\/sup>C<\/li>\n<li>\u0110\u00e8n chi\u1ebfu s\u00e1ng b\u00ean trong l\u00f2<\/li>\n<li>C\u1eeda l\u00f2 \u0111\u00f3ng m\u1edf \u00eam \u00e1i<\/li>\n<li>\u0110i\u1ec1u khi\u1ec3n c\u1ea3m \u1ee9ng, m\u00e0n h\u00ecnh TFT tr\u1ef1c quan<\/li>\n<li>V\u1ec7 sinh b\u1eb1ng ph\u01b0\u01a1ng ph\u00e1p nhi\u1ec7t ph\u00e2n<\/li>\n<li>Ph\u1ee5 ki\u1ec7n \u0111i k\u00e8m: 2 khay n\u01b0\u1edbng, 1 v\u1ec9 n\u01b0\u1edbng, 1 que th\u0103m nhi\u1ec7t<\/li>\n<li>Ti\u1ebft ki\u1ec7m n\u0103ng l\u01b0\u1ee3ng theo ti\u00eau chu\u1ea9n ch\u00e2u \u00c2u: A+<\/li>\n<li>Xu\u1ea5t x\u1ee9: \u0110\u1ee9c<\/li>\n<\/ul>\n<figure id=\"attachment_58915\" aria-describedby=\"caption-attachment-58915\" style=\"width: 800px\" class=\"wp-caption alignnone\"><img loading=\"lazy\" decoding=\"async\" class=\"wp-image-58915 size-large\" src=\"https:\/\/livinghome.vn\/thiet-bi\/wp-content\/uploads\/nha-bep\/bosch-hmh\/lo-nuong\/lo-nuong-bosch-hbg6764s6b\/lo-nuong-bosch-hbg6764s6b-5-800x800.jpg\" alt=\"L\u00f2 n\u01b0\u1edbng Bosch HBG6764S6B - 71 l\u00edt 60cm k\u1ebft n\u1ed1i Home Connect\" width=\"800\" height=\"800\" title=\"\"><figcaption id=\"caption-attachment-58915\" class=\"wp-caption-text\">L\u00f2 n\u01b0\u1edbng Bosch HBG6764S6B &#8211; \u0110i\u1ec1u khi\u1ec3n c\u1ea3m \u1ee9ng v\u1edbi m\u00e0n h\u00ecnh TFT tr\u1ef1c quan<\/figcaption><\/figure>\n<h3>Ch\u1ee9c n\u0103ng an to\u00e0n<\/h3>\n<ul>\n<li>C\u1eeda k\u00ednh 3 l\u1edbp<\/li>\n<li>Qu\u1ea1t l\u00e0m m\u00e1t b\u00ean trong<\/li>\n<li>Kh\u00f3a an to\u00e0n tr\u1ebb em<\/li>\n<li>T\u1ef1 \u0111\u1ed9ng t\u1eaft khi kh\u00f4ng s\u1eed d\u1ee5ng<\/li>\n<li>N\u00fat nh\u1ea5n Start\/Stop<\/li>\n<li>T\u1ef1 ng\u1eaft l\u00f2 khi c\u1eeda m\u1edf<\/li>\n<li>Nhi\u1ec7t \u0111\u1ed9 m\u1eb7t k\u00ednh ngo\u00e0i t\u1ed1i \u0111a 30<sup>o<\/sup>C<\/li>\n<li>\u00c2m b\u00e1o khi qu\u00e1 tr\u00ecnh n\u01b0\u1edbng ho\u00e0n t\u1ea5t<\/li>\n<\/ul>\n<h3>Th\u00f4ng tin k\u1ef9 thu\u1eadt<\/h3>\n<ul>\n<li>T\u1ed5ng c\u00f4ng su\u1ea5t 3.6KW<\/li>\n<li>D\u00f2ng \u0111i\u1ec7n: 220-240V\/50-60Hz\/16A<\/li>\n<li>K\u00edch th\u01b0\u1edbc s\u1ea3n ph\u1ea9m: 595C x 595R x 548S mm<\/li>\n<li>K\u00edch th\u01b0\u1edbc h\u1ed9c t\u1ee7: 585 &#8211; 595C x 560 &#8211; 568R x 550S mm<\/li>\n<\/ul>\n<figure id=\"attachment_58911\" aria-describedby=\"caption-attachment-58911\" style=\"width: 800px\" class=\"wp-caption alignnone\"><img loading=\"lazy\" decoding=\"async\" class=\"wp-image-58911 size-large\" src=\"https:\/\/livinghome.vn\/thiet-bi\/wp-content\/uploads\/nha-bep\/bosch-hmh\/lo-nuong\/lo-nuong-bosch-hbg6764s6b\/lo-nuong-bosch-hbg6764s6b-9-800x800.jpg\" alt=\"L\u00f2 n\u01b0\u1edbng Bosch HBG6764S6B - 71 l\u00edt 60cm k\u1ebft n\u1ed1i Home Connect\" width=\"800\" height=\"800\" title=\"\"><figcaption id=\"caption-attachment-58911\" class=\"wp-caption-text\">L\u00f2 n\u01b0\u1edbng Bosch HBG6764S6B &#8211; Chi ti\u1ebft l\u1eafp \u0111\u1eb7t<\/figcaption><\/figure>\n","protected":false},"excerpt":{"rendered":"<p>Dung t\u00edch l\u00f2: 71 l\u00edt<\/p>\n<p>13 ph\u01b0\u01a1ng ph\u00e1p gia nhi\u1ec7t<\/p>\n<p>Ch\u01b0\u01a1ng tr\u00ecnh \u0111\u1eb7c bi\u1ec7t: 4D hot-air, Pizza, l\u00e0m n\u00f3ng nhanh, r\u00e3 \u0111\u00f4ng, 4D hot-air eco, gi\u1eef \u1ea5m<\/p>\n<p>Home connect: k\u1ebft n\u1ed1i v\u1edbi c\u00e1c thi\u1ebft b\u1ecb di \u0111\u1ed9ng<\/p>\n<p>DishAssist: t\u1ef1 \u0111\u1ed9ng \u0111i\u1ec1u ch\u1ec9nh nhi\u1ec7t \u0111\u1ed9, th\u1eddi gian v\u00e0 ph\u01b0\u01a1ng ph\u00e1p gia nhi\u1ec7t ph\u00f9 h\u1ee3p<\/p>\n<p>Nhi\u1ec7t \u0111\u1ed9: 30 &#8211;\u00a0 300<sup>o<\/sup>C<\/p>\n<p>\u0110\u00e8n chi\u1ebfu s\u00e1ng b\u00ean trong l\u00f2<\/p>\n<p>C\u1eeda l\u00f2 \u0111\u00f3ng m\u1edf \u00eam \u00e1i<\/p>\n<p>\u0110i\u1ec1u khi\u1ec3n c\u1ea3m \u1ee9ng, m\u00e0n h\u00ecnh TFT tr\u1ef1c quan<\/p>\n<p>V\u1ec7 sinh b\u1eb1ng ph\u01b0\u01a1ng ph\u00e1p nhi\u1ec7t ph\u00e2n<\/p>\n<p>Ph\u1ee5 ki\u1ec7n \u0111i k\u00e8m: 2 khay n\u01b0\u1edbng, 1 v\u1ec9 n\u01b0\u1edbng, 1 que th\u0103m nhi\u1ec7t<\/p>\n<p>Ti\u1ebft ki\u1ec7m n\u0103ng l\u01b0\u1ee3ng theo ti\u00eau chu\u1ea9n ch\u00e2u \u00c2u: A+<\/p>\n<p>Xu\u1ea5t x\u1ee9: \u0110\u1ee9c<\/p>\n","protected":false},"featured_media":4981,"comment_status":"open","ping_status":"closed","template":"","meta":[],"product_brand":[],"product_cat":[503,472],"product_tag":[473,96,504],"class_list":{"0":"post-4904","1":"product","2":"type-product","3":"status-publish","4":"has-post-thumbnail","6":"product_cat-lo-nuong-bosch","7":"product_cat-thuong-hieu-bosch","8":"product_tag-bosch","9":"product_tag-lo-nuong","10":"product_tag-lo-nuong-bosch","12":"first","13":"instock","14":"sale","15":"shipping-taxable","16":"purchasable","17":"product-type-simple"},"_links":{"self":[{"href":"https:\/\/livinghome.vn\/thiet-bi\/wp-json\/wp\/v2\/product\/4904","targetHints":{"allow":["GET"]}}],"collection":[{"href":"https:\/\/livinghome.vn\/thiet-bi\/wp-json\/wp\/v2\/product"}],"about":[{"href":"https:\/\/livinghome.vn\/thiet-bi\/wp-json\/wp\/v2\/types\/product"}],"replies":[{"embeddable":true,"href":"https:\/\/livinghome.vn\/thiet-bi\/wp-json\/wp\/v2\/comments?post=4904"}],"wp:featuredmedia":[{"embeddable":true,"href":"https:\/\/livinghome.vn\/thiet-bi\/wp-json\/wp\/v2\/media\/4981"}],"wp:attachment":[{"href":"https:\/\/livinghome.vn\/thiet-bi\/wp-json\/wp\/v2\/media?parent=4904"}],"wp:term":[{"taxonomy":"product_brand","embeddable":true,"href":"https:\/\/livinghome.vn\/thiet-bi\/wp-json\/wp\/v2\/product_brand?post=4904"},{"taxonomy":"product_cat","embeddable":true,"href":"https:\/\/livinghome.vn\/thiet-bi\/wp-json\/wp\/v2\/product_cat?post=4904"},{"taxonomy":"product_tag","embeddable":true,"href":"https:\/\/livinghome.vn\/thiet-bi\/wp-json\/wp\/v2\/product_tag?post=4904"}],"curies":[{"name":"wp","href":"https:\/\/api.w.org\/{rel}","templated":true}]}}