{"id":4902,"date":"2023-01-12T19:19:10","date_gmt":"2023-01-12T19:19:10","guid":{"rendered":"https:\/\/livinghome.vn\/thiet-bi\/?post_type=product&#038;p=4902"},"modified":"2024-11-29T14:17:41","modified_gmt":"2024-11-29T07:17:41","slug":"lo-nuong-bosch-hbg5585s6b-am-tu-71-lit-60cm-ket-noi-home-connect","status":"publish","type":"product","link":"https:\/\/livinghome.vn\/thiet-bi\/lo-nuong-bosch-hbg5585s6b-am-tu-71-lit-60cm-ket-noi-home-connect\/","title":{"rendered":"L\u00f2 n\u01b0\u1edbng Bosch HBG5585S6B &#8211; \u00c2m t\u1ee7 71 l\u00edt 60cm k\u1ebft n\u1ed1i Home Connect"},"content":{"rendered":"<h1>Living Home xin tr\u00e2n tr\u1ecdng gi\u1edbi thi\u1ec7u \u0111\u1ebfn b\u1ea1n L\u00f2 n\u01b0\u1edbng Bosch HBG5585S6B v\u1edbi nh\u1eefng t\u00ednh n\u0103ng v\u00f4 c\u00f9ng h\u1ea5p d\u1eabn nh\u01b0 sau<\/h1>\n<h3>\u0110\u1eb7c t\u00ednh s\u1ea3n ph\u1ea9m<\/h3>\n<ul>\n<li>Dung t\u00edch l\u00f2: 71 l\u00edt<\/li>\n<li>7 ph\u01b0\u01a1ng ph\u00e1p gia nhi\u1ec7t<\/li>\n<li>Home connect k\u1ebft n\u1ed1i \u0111i\u1ec1u khi\u1ec3n v\u1edbi ipad v\u00e0 \u0111i\u1ec7n tho\u1ea1i<\/li>\n<li>30 ch\u01b0\u01a1ng tr\u00ecnh n\u01b0\u1edbng t\u1ef1 \u0111\u1ed9ng<\/li>\n<li>C\u00f4ng ngh\u1ec7 gia nhi\u1ec7t 3D hot-air gi\u00fap th\u1ef1c ph\u1ea9m ch\u00edn \u0111\u1ec1u trong qu\u00e1 tr\u00ecnh n\u01b0\u1edbng<\/li>\n<li>Ch\u01b0\u01a1ng tr\u00ecnh l\u00e0m n\u00f3ng l\u00f2 nhanh h\u1ed7 tr\u1ee3 qu\u00e1 tr\u00ecnh n\u1ea5u n\u01b0\u1edbng nhanh v\u00e0 ch\u00ednh x\u00e1c h\u01a1n<\/li>\n<li>Nhi\u1ec7t \u0111\u1ed9 t\u1eeb 50\u00b0C &#8211; 275\u00b0C<\/li>\n<li>\u0110i\u1ec1u khi\u1ec3n b\u1eb1ng n\u00fam v\u1eb7n v\u00e0 c\u1ea3m \u1ee9ng<\/li>\n<li>M\u00e0n h\u00ecnh hi\u1ec3n th\u1ecb LCD<\/li>\n<li>Ch\u1ee9c n\u0103ng v\u1ec7 sinh th\u1ee7y ph\u00e2n tr\u1ef1c ti\u1ebfp<\/li>\n<li>\u0110\u00e8n chi\u1ebfu s\u00e1ng b\u00ean trong l\u00f2<\/li>\n<li>C\u1eeda l\u00f2 \u0111\u00f3ng\/m\u1edf c\u00f3 gi\u1ea3m ch\u1ea5n<\/li>\n<li>Ph\u1ee5 ki\u1ec7n \u0111i k\u00e8m: 1 khay n\u01b0\u1edbng, 2 v\u1ec9 n\u01b0\u1edbng, 1 que th\u0103m nhi\u1ec7t, 1 ray tr\u01b0\u1ee3t c\u00f3 th\u1ec3 thay \u0111\u1ed5i v\u1ecb tr\u00ed<\/li>\n<li>Ti\u1ebft ki\u1ec7m n\u0103ng l\u01b0\u1ee3ng theo ti\u00eau chu\u1ea9n Ch\u00e2u \u00c2u: A<\/li>\n<li>Xu\u1ea5t x\u1ee9 T\u00e2y Ban Nha<\/li>\n<\/ul>\n<figure id=\"attachment_58891\" aria-describedby=\"caption-attachment-58891\" style=\"width: 800px\" class=\"wp-caption alignnone\"><img loading=\"lazy\" decoding=\"async\" class=\"wp-image-58891 size-large\" src=\"https:\/\/livinghome.vn\/thiet-bi\/wp-content\/uploads\/nha-bep\/bosch-hmh\/lo-nuong\/lo-nuong-bosch-hbg5585s6b\/lo-nuong-bosch-hbg5585s6b-2-800x800.jpg\" alt=\"L\u00f2 n\u01b0\u1edbng Bosch HBG5585S6B - \u00c2m t\u1ee7 71 l\u00edt 60cm k\u1ebft n\u1ed1i Home Connect\" width=\"800\" height=\"800\" title=\"\"><figcaption id=\"caption-attachment-58891\" class=\"wp-caption-text\">L\u00f2 n\u01b0\u1edbng Bosch HBG5585S6B &#8211; M\u00e0n h\u00ecnh hi\u1ec3n th\u1ecb LCD s\u1eafc n\u00e9t<\/figcaption><\/figure>\n<h3>Ch\u1ee9c n\u0103ng an to\u00e0n<\/h3>\n<ul>\n<li>C\u1eeda k\u00ednh 3 l\u1edbp<\/li>\n<li>Kh\u00f3a an to\u00e0n tr\u1ebb em<\/li>\n<li>Nhi\u1ec7t \u0111\u1ed9 m\u1eb7t k\u00ednh ngo\u00e0i t\u1ed1i \u0111a 40oC<\/li>\n<li>\u00c2m b\u00e1o khi qu\u00e1 tr\u00ecnh n\u01b0\u1edbng ho\u00e0n t\u1ea5t<\/li>\n<\/ul>\n<h3>Th\u00f4ng s\u1ed1 k\u0129 thu\u1eadt<\/h3>\n<ul>\n<li>T\u1ed5ng c\u00f4ng su\u1ea5t: 2.99 kW<\/li>\n<li>Hi\u1ec7u \u0111i\u1ec7n th\u1ebf: 220 &#8211; 240 V<\/li>\n<li>T\u1ea7n s\u1ed1: 50\/60 Hz, 16 A<\/li>\n<li>K\u00edch th\u01b0\u1edbc s\u1ea3n ph\u1ea9m: 595C x 594R x 548S mm<\/li>\n<li>K\u00edch th\u01b0\u1edbc h\u1ed9c t\u1ee7: 585 &#8211; 595C x 560 &#8211; 568R x 550S mm<\/li>\n<\/ul>\n<figure id=\"attachment_58886\" aria-describedby=\"caption-attachment-58886\" style=\"width: 800px\" class=\"wp-caption alignnone\"><img loading=\"lazy\" decoding=\"async\" class=\"wp-image-58886 size-large\" src=\"https:\/\/livinghome.vn\/thiet-bi\/wp-content\/uploads\/nha-bep\/bosch-hmh\/lo-nuong\/lo-nuong-bosch-hbg5585s6b\/lo-nuong-bosch-hbg5585s6b-7-800x800.jpg\" alt=\"L\u00f2 n\u01b0\u1edbng Bosch HBG5585S6B - \u00c2m t\u1ee7 71 l\u00edt 60cm k\u1ebft n\u1ed1i Home Connect\" width=\"800\" height=\"800\" title=\"\"><figcaption id=\"caption-attachment-58886\" class=\"wp-caption-text\">L\u00f2 n\u01b0\u1edbng Bosch HBG5585S6B &#8211; Chi ti\u1ebft l\u1eafp \u0111\u1eb7t<\/figcaption><\/figure>\n<p>&nbsp;<\/p>\n","protected":false},"excerpt":{"rendered":"<p>Dung t\u00edch l\u00f2: 71 l\u00edt<\/p>\n<p>7 ph\u01b0\u01a1ng ph\u00e1p gia nhi\u1ec7t<\/p>\n<p>Home connect k\u1ebft n\u1ed1i \u0111i\u1ec1u khi\u1ec3n v\u1edbi ipad v\u00e0 \u0111i\u1ec7n tho\u1ea1i<\/p>\n<p>30 ch\u01b0\u01a1ng tr\u00ecnh n\u01b0\u1edbng t\u1ef1 \u0111\u1ed9ng<\/p>\n<p>C\u00f4ng ngh\u1ec7 gia nhi\u1ec7t 3D hot-air gi\u00fap th\u1ef1c ph\u1ea9m ch\u00edn \u0111\u1ec1u trong qu\u00e1 tr\u00ecnh n\u01b0\u1edbng<\/p>\n<p>Ch\u01b0\u01a1ng tr\u00ecnh l\u00e0m n\u00f3ng l\u00f2 nhanh h\u1ed7 tr\u1ee3 qu\u00e1 tr\u00ecnh n\u1ea5u n\u01b0\u1edbng nhanh v\u00e0 ch\u00ednh x\u00e1c h\u01a1n<\/p>\n<p>Nhi\u1ec7t \u0111\u1ed9 t\u1eeb 50\u00b0C &#8211; 275\u00b0C<\/p>\n<p>\u0110i\u1ec1u khi\u1ec3n b\u1eb1ng n\u00fam v\u1eb7n v\u00e0 c\u1ea3m \u1ee9ng<\/p>\n<p>M\u00e0n h\u00ecnh hi\u1ec3n th\u1ecb LCD<\/p>\n<p>Ch\u1ee9c n\u0103ng v\u1ec7 sinh th\u1ee7y ph\u00e2n tr\u1ef1c ti\u1ebfp<\/p>\n<p>\u0110\u00e8n chi\u1ebfu s\u00e1ng b\u00ean trong l\u00f2<\/p>\n<p>C\u1eeda l\u00f2 \u0111\u00f3ng\/m\u1edf c\u00f3 gi\u1ea3m ch\u1ea5n<\/p>\n<p>Ph\u1ee5 ki\u1ec7n \u0111i k\u00e8m: 1 khay n\u01b0\u1edbng, 2 v\u1ec9 n\u01b0\u1edbng, 1 que th\u0103m nhi\u1ec7t, 1 ray tr\u01b0\u1ee3t c\u00f3 th\u1ec3 thay \u0111\u1ed5i v\u1ecb tr\u00ed<\/p>\n<p>Ti\u1ebft ki\u1ec7m n\u0103ng l\u01b0\u1ee3ng theo ti\u00eau chu\u1ea9n Ch\u00e2u \u00c2u: A<\/p>\n<p>Xu\u1ea5t x\u1ee9 T\u00e2y Ban Nha<\/p>\n","protected":false},"featured_media":4961,"comment_status":"open","ping_status":"closed","template":"","meta":[],"product_brand":[],"product_cat":[503,472],"product_tag":[473,96,156,504],"class_list":{"0":"post-4902","1":"product","2":"type-product","3":"status-publish","4":"has-post-thumbnail","6":"product_cat-lo-nuong-bosch","7":"product_cat-thuong-hieu-bosch","8":"product_tag-bosch","9":"product_tag-lo-nuong","10":"product_tag-lo-nuong-am-tu","11":"product_tag-lo-nuong-bosch","13":"first","14":"instock","15":"sale","16":"shipping-taxable","17":"purchasable","18":"product-type-simple"},"_links":{"self":[{"href":"https:\/\/livinghome.vn\/thiet-bi\/wp-json\/wp\/v2\/product\/4902","targetHints":{"allow":["GET"]}}],"collection":[{"href":"https:\/\/livinghome.vn\/thiet-bi\/wp-json\/wp\/v2\/product"}],"about":[{"href":"https:\/\/livinghome.vn\/thiet-bi\/wp-json\/wp\/v2\/types\/product"}],"replies":[{"embeddable":true,"href":"https:\/\/livinghome.vn\/thiet-bi\/wp-json\/wp\/v2\/comments?post=4902"}],"wp:featuredmedia":[{"embeddable":true,"href":"https:\/\/livinghome.vn\/thiet-bi\/wp-json\/wp\/v2\/media\/4961"}],"wp:attachment":[{"href":"https:\/\/livinghome.vn\/thiet-bi\/wp-json\/wp\/v2\/media?parent=4902"}],"wp:term":[{"taxonomy":"product_brand","embeddable":true,"href":"https:\/\/livinghome.vn\/thiet-bi\/wp-json\/wp\/v2\/product_brand?post=4902"},{"taxonomy":"product_cat","embeddable":true,"href":"https:\/\/livinghome.vn\/thiet-bi\/wp-json\/wp\/v2\/product_cat?post=4902"},{"taxonomy":"product_tag","embeddable":true,"href":"https:\/\/livinghome.vn\/thiet-bi\/wp-json\/wp\/v2\/product_tag?post=4902"}],"curies":[{"name":"wp","href":"https:\/\/api.w.org\/{rel}","templated":true}]}}