{"id":4900,"date":"2023-01-12T19:19:09","date_gmt":"2023-01-12T19:19:09","guid":{"rendered":"https:\/\/livinghome.vn\/thiet-bi\/?post_type=product&#038;p=4900"},"modified":"2024-11-29T14:19:50","modified_gmt":"2024-11-29T07:19:50","slug":"lo-nuong-bosch-hba534bs0a-am-tu-71-lit-60cm","status":"publish","type":"product","link":"https:\/\/livinghome.vn\/thiet-bi\/lo-nuong-bosch-hba534bs0a-am-tu-71-lit-60cm\/","title":{"rendered":"L\u00f2 n\u01b0\u1edbng Bosch HBA534BS0A &#8211; \u00c2m t\u1ee7 71 l\u00edt 60cm"},"content":{"rendered":"<h1>Living Home xin tr\u00e2n tr\u1ecdng gi\u1edbi thi\u1ec7u \u0111\u1ebfn b\u1ea1n L\u00f2 n\u01b0\u1edbng Bosch HBA534BS0A v\u1edbi nh\u1eefng t\u00ednh n\u0103ng v\u00f4 c\u00f9ng h\u1ea5p d\u1eabn nh\u01b0 sau<\/h1>\n<h3>\u0110\u1eb7c t\u00ednh s\u1ea3n ph\u1ea9m<\/h3>\n<ul>\n<li><span class=\"fontstyle0\">Dung t\u00edch l\u00f2: 71 l\u00edt<br \/>\n<\/span><\/li>\n<li><span class=\"fontstyle0\">7 ph\u01b0\u01a1ng ph\u00e1p gia nhi\u1ec7t;<br \/>\n<\/span><\/li>\n<li><span class=\"fontstyle0\">Ch\u01b0\u01a1ng tr\u00ecnh \u0111\u1eb7c bi\u1ec7t: 3D hot-air; Pizza; L\u00e0m\u00a0<\/span><span class=\"fontstyle0\">n\u00f3ng nhanh<br \/>\n<\/span><\/li>\n<li><span class=\"fontstyle0\">Nhi\u1ec7t \u0111\u1ed9 t\u1eeb 50\u00b0C &#8211; 275\u00b0C<br \/>\n<\/span><\/li>\n<li><span class=\"fontstyle2\">\u0110i\u1ec1u khi\u1ec3n b\u1eb1ng n\u00fam v\u1eb7n v\u00e0 n\u00fat c\u1ea3m \u1ee9ng<br \/>\n<\/span><\/li>\n<li><span class=\"fontstyle2\">M\u00e0n h\u00ecnh LED hi\u1ec3n th\u1ecb th\u1eddi gian v\u00e0 nhi\u1ec7t \u0111\u1ed9 v\u1edbi thi\u1ebft k\u1ebf c\u1ee7a series 8<br \/>\n<\/span><\/li>\n<li><span class=\"fontstyle0\">B\u1ec1 m\u1eb7t b\u00ean trong l\u00f2 \u0111\u01b0\u1ee3c tr\u00e1ng men gi\u00fap d\u1ec5 d\u00e0ng v\u1ec7 sinh<br \/>\n<\/span><\/li>\n<li><span class=\"fontstyle2\">Ch\u1ee9c n\u0103ng v\u1ec7 sinh b\u1eb1ng ph\u01b0\u01a1ng ph\u00e1p th\u1ee7y ph\u00e2n<br \/>\n<\/span><\/li>\n<li><span class=\"fontstyle0\">\u0110\u00e8n chi\u1ebfu s\u00e1ng b\u00ean trong l\u00f2<br \/>\n<\/span><\/li>\n<li><span class=\"fontstyle0\">Ph\u1ee5 ki\u1ec7n \u0111i k\u00e8m: 2 khay n\u01b0\u1edbng, 1 v\u1ec9 n\u01b0\u1edbng<br \/>\n<\/span><\/li>\n<li><span class=\"fontstyle0\">Ti\u1ebft ki\u1ec7m n\u0103ng l\u01b0\u1ee3ng theo ti\u00eau chu\u1ea9n Ch\u00e2u \u00c2u: A<br \/>\n<\/span><\/li>\n<li><span class=\"fontstyle0\">Xu\u1ea5t x\u1ee9 Ba Lan<\/span><\/li>\n<\/ul>\n<figure id=\"attachment_58869\" aria-describedby=\"caption-attachment-58869\" style=\"width: 800px\" class=\"wp-caption alignnone\"><img loading=\"lazy\" decoding=\"async\" class=\"wp-image-58869 size-large\" src=\"https:\/\/livinghome.vn\/thiet-bi\/wp-content\/uploads\/nha-bep\/bosch-hmh\/lo-nuong\/lo-nuong-bosch-hba534bs0a\/lo-nuong-bosch-hba534bs0a-2-800x800.jpg\" alt=\"L\u00f2 n\u01b0\u1edbng Bosch HBA534BS0A - \u00c2m t\u1ee7 71 l\u00edt 60cm\" width=\"800\" height=\"800\" title=\"\"><figcaption id=\"caption-attachment-58869\" class=\"wp-caption-text\">L\u00f2 n\u01b0\u1edbng Bosch HBA534BS0A &#8211; M\u00e0n h\u00ecnh LED hi\u1ec3n th\u1ecb th\u1eddi gian v\u00e0 nhi\u1ec7t \u0111\u1ed9 v\u1edbi thi\u1ebft k\u1ebf c\u1ee7a series 8<\/figcaption><\/figure>\n<h3>Ch\u1ee9c n\u0103ng an to\u00e0n<\/h3>\n<ul>\n<li><span class=\"fontstyle0\">C\u1eeda k\u00ednh 3 l\u1edbp<br \/>\n<\/span><\/li>\n<li><span class=\"fontstyle0\">Kh\u00f3a an to\u00e0n tr\u1ebb em<br \/>\n<\/span><\/li>\n<li><span class=\"fontstyle0\">Nhi\u1ec7t \u0111\u1ed9 m\u1eb7t k\u00ednh ngo\u00e0i t\u1ed1i \u0111a 40<\/span><span class=\"fontstyle0\">o<\/span><span class=\"fontstyle0\">C<br \/>\n<\/span><\/li>\n<li><span class=\"fontstyle0\">\u00c2m b\u00e1o khi qu\u00e1 tr\u00ecnh n\u01b0\u1edbng ho\u00e0n t\u1ea5t<\/span><\/li>\n<\/ul>\n<h3>Th\u00f4ng tin k\u1ef9 thu\u1eadt<\/h3>\n<ul>\n<li>T\u1ed5ng c\u00f4ng su\u1ea5t: 3.4 kW<\/li>\n<li>Hi\u1ec7u \u0111i\u1ec7n th\u1ebf: 220 &#8211; 240 V<\/li>\n<li>T\u1ea7n s\u1ed1: 50\/60 Hz, 16 A<\/li>\n<li>K\u00edch th\u01b0\u1edbc s\u1ea3n ph\u1ea9m: 595C x 594R x 548S mm<\/li>\n<li>K\u00edch th\u01b0\u1edbc h\u1ed9c t\u1ee7: 585 &#8211; 595C x 560 &#8211; 568R x 550S mm<\/li>\n<\/ul>\n<figure id=\"attachment_58866\" aria-describedby=\"caption-attachment-58866\" style=\"width: 800px\" class=\"wp-caption alignnone\"><img loading=\"lazy\" decoding=\"async\" class=\"wp-image-58866 size-large\" src=\"https:\/\/livinghome.vn\/thiet-bi\/wp-content\/uploads\/nha-bep\/bosch-hmh\/lo-nuong\/lo-nuong-bosch-hba534bs0a\/lo-nuong-bosch-hba534bs0a-5-800x800.jpg\" alt=\"L\u00f2 n\u01b0\u1edbng Bosch HBA534BS0A - \u00c2m t\u1ee7 71 l\u00edt 60cm\" width=\"800\" height=\"800\" title=\"\"><figcaption id=\"caption-attachment-58866\" class=\"wp-caption-text\">L\u00f2 n\u01b0\u1edbng Bosch HBA534BS0A &#8211; Chi ti\u1ebft l\u1eafp \u0111\u1eb7t<\/figcaption><\/figure>\n","protected":false},"excerpt":{"rendered":"<p><span class=\"fontstyle0\">Dung t\u00edch l\u00f2: 71 l\u00edt<br \/>\n<\/span><\/p>\n<p><span class=\"fontstyle0\">7 ph\u01b0\u01a1ng ph\u00e1p gia nhi\u1ec7t;<br \/>\n<\/span><\/p>\n<p><span class=\"fontstyle0\">Ch\u01b0\u01a1ng tr\u00ecnh \u0111\u1eb7c bi\u1ec7t: 3D hot-air; Pizza; L\u00e0m\u00a0<\/span><span class=\"fontstyle0\">n\u00f3ng nhanh<br \/>\n<\/span><\/p>\n<p><span class=\"fontstyle0\">Nhi\u1ec7t \u0111\u1ed9 t\u1eeb 50\u00b0C &#8211; 275\u00b0C<br \/>\n<\/span><\/p>\n<p><span class=\"fontstyle2\">\u0110i\u1ec1u khi\u1ec3n b\u1eb1ng n\u00fam v\u1eb7n v\u00e0 n\u00fat c\u1ea3m \u1ee9ng<br \/>\n<\/span><\/p>\n<p><span class=\"fontstyle2\">M\u00e0n h\u00ecnh LED hi\u1ec3n th\u1ecb th\u1eddi gian v\u00e0 nhi\u1ec7t \u0111\u1ed9 v\u1edbi thi\u1ebft k\u1ebf c\u1ee7a series 8<br \/>\n<\/span><\/p>\n<p><span class=\"fontstyle0\">B\u1ec1 m\u1eb7t b\u00ean trong l\u00f2 \u0111\u01b0\u1ee3c tr\u00e1ng men gi\u00fap d\u1ec5 d\u00e0ng v\u1ec7 sinh<br \/>\n<\/span><\/p>\n<p><span class=\"fontstyle2\">Ch\u1ee9c n\u0103ng v\u1ec7 sinh b\u1eb1ng ph\u01b0\u01a1ng ph\u00e1p th\u1ee7y ph\u00e2n<br \/>\n<\/span><\/p>\n<p><span class=\"fontstyle0\">\u0110\u00e8n chi\u1ebfu s\u00e1ng b\u00ean trong l\u00f2<br \/>\n<\/span><\/p>\n<p><span class=\"fontstyle0\">Ph\u1ee5 ki\u1ec7n \u0111i k\u00e8m: 2 khay n\u01b0\u1edbng, 1 v\u1ec9 n\u01b0\u1edbng<br \/>\n<\/span><\/p>\n<p><span class=\"fontstyle0\">Ti\u1ebft ki\u1ec7m n\u0103ng l\u01b0\u1ee3ng theo ti\u00eau chu\u1ea9n Ch\u00e2u \u00c2u: A<br \/>\n<\/span><\/p>\n<p><span class=\"fontstyle0\">Xu\u1ea5t x\u1ee9 Ba Lan<\/span><\/p>\n","protected":false},"featured_media":4941,"comment_status":"open","ping_status":"closed","template":"","meta":[],"product_brand":[],"product_cat":[503,472],"product_tag":[473,96,156,504],"class_list":{"0":"post-4900","1":"product","2":"type-product","3":"status-publish","4":"has-post-thumbnail","6":"product_cat-lo-nuong-bosch","7":"product_cat-thuong-hieu-bosch","8":"product_tag-bosch","9":"product_tag-lo-nuong","10":"product_tag-lo-nuong-am-tu","11":"product_tag-lo-nuong-bosch","13":"first","14":"instock","15":"sale","16":"shipping-taxable","17":"purchasable","18":"product-type-simple"},"_links":{"self":[{"href":"https:\/\/livinghome.vn\/thiet-bi\/wp-json\/wp\/v2\/product\/4900","targetHints":{"allow":["GET"]}}],"collection":[{"href":"https:\/\/livinghome.vn\/thiet-bi\/wp-json\/wp\/v2\/product"}],"about":[{"href":"https:\/\/livinghome.vn\/thiet-bi\/wp-json\/wp\/v2\/types\/product"}],"replies":[{"embeddable":true,"href":"https:\/\/livinghome.vn\/thiet-bi\/wp-json\/wp\/v2\/comments?post=4900"}],"wp:featuredmedia":[{"embeddable":true,"href":"https:\/\/livinghome.vn\/thiet-bi\/wp-json\/wp\/v2\/media\/4941"}],"wp:attachment":[{"href":"https:\/\/livinghome.vn\/thiet-bi\/wp-json\/wp\/v2\/media?parent=4900"}],"wp:term":[{"taxonomy":"product_brand","embeddable":true,"href":"https:\/\/livinghome.vn\/thiet-bi\/wp-json\/wp\/v2\/product_brand?post=4900"},{"taxonomy":"product_cat","embeddable":true,"href":"https:\/\/livinghome.vn\/thiet-bi\/wp-json\/wp\/v2\/product_cat?post=4900"},{"taxonomy":"product_tag","embeddable":true,"href":"https:\/\/livinghome.vn\/thiet-bi\/wp-json\/wp\/v2\/product_tag?post=4900"}],"curies":[{"name":"wp","href":"https:\/\/api.w.org\/{rel}","templated":true}]}}