{"id":488,"date":"2023-01-12T10:20:37","date_gmt":"2023-01-12T10:20:37","guid":{"rendered":"https:\/\/livinghome.vn\/thiet-bi\/?post_type=product&#038;p=488"},"modified":"2024-11-29T14:21:01","modified_gmt":"2024-11-29T07:21:01","slug":"bep-dien-eurosun-eu-if268s-73cm-2-dien","status":"publish","type":"product","link":"https:\/\/livinghome.vn\/thiet-bi\/bep-dien-eurosun-eu-if268s-73cm-2-dien\/","title":{"rendered":"B\u1ebfp \u0110i\u1ec7n Eurosun EU-IF268S 73CM 2 \u0110i\u1ec7n K\u00ednh Vitroceramic"},"content":{"rendered":"<p>B\u1ea1n th\u00edch m\u1ed9t chi\u1ebfc b\u1ebfp \u0111i\u1ec7n kh\u00f4ng k\u00e9n n\u1ed3i th\u00ec Eurosun lu\u00f4n c\u00f3 gi\u1ea3i ph\u00e1p cho b\u1ea1n. V\u1edbi 2 v\u00f9ng n\u1ea5u \u0111i\u1ec7n (n\u00f4 nam l\u00e0 b\u1ebfp h\u1ed3ng ngo\u1ea1i m\u00e0 m\u1ecdi ng\u01b0\u1eddi v\u1eabn hay g\u1ecdi), Eurosun EU-IF268S l\u00e0 model m\u00e0 b\u1ea1n c\u00f3t h\u1ec3 tham kh\u1ea3o<\/p>\n<h2>V\u1eady m\u1eabu B\u1ebfp \u0111i\u1ec7n Eurosun EU-IF268S c\u00f3 g\u00ec n\u1ed5i b\u1eadt<\/h2>\n<h3><span class=\"fontstyle0\">\u0110\u1eb7c t\u00ednh s\u1ea3n ph\u1ea9m<\/span><\/h3>\n<ul>\n<li><span class=\"fontstyle0\">2 v\u00f9ng n\u1ea5u h\u1ed3ng ngo\u1ea1i, 2 v\u00f2ng nhi\u1ec7t ti\u1ec7n d\u1ee5ng<br \/>\n<\/span><\/li>\n<li><span class=\"fontstyle0\">M\u1eb7t k\u00ednh <\/span><span class=\"fontstyle2\">Vitroceramic <\/span><span class=\"fontstyle0\">ch\u1ecbu s\u1ed1c nhi\u1ec7t cao<br \/>\n<\/span><\/li>\n<li><span class=\"fontstyle0\">\u0110i\u1ec1u khi\u1ec3n <\/span><span class=\"fontstyle2\">tr\u01b0\u1ee3t c\u1ea3m \u1ee9ng 9 m\u1ee9c c\u00f4ng su\u1ea5t<br \/>\n<\/span><\/li>\n<li><span class=\"fontstyle0\">T\u00ednh n\u0103ng chia s\u1ebb c\u00f4ng su\u1ea5t 2 v\u00f9ng n\u1ea5u t\u1ed1i \u0111a 4400W<br \/>\n<\/span><\/li>\n<li><span class=\"fontstyle0\">T\u1ef1 \u0111\u1ed9ng ph\u00e1t hi\u1ec7n v\u00f9ng n\u1ea5u<br \/>\n<\/span><\/li>\n<li><span class=\"fontstyle0\">Ch\u1ee9c n\u0103ng h\u1eb9n gi\u1edd 99 ph\u00fat<\/span><\/li>\n<\/ul>\n<figure id=\"attachment_67686\" aria-describedby=\"caption-attachment-67686\" style=\"width: 1200px\" class=\"wp-caption alignnone\"><img loading=\"lazy\" decoding=\"async\" class=\"size-full wp-image-67686\" src=\"https:\/\/livinghome.vn\/thiet-bi\/wp-content\/uploads\/nha-bep\/eurosun\/bep-dien\/bep-dien-eurosun-eu-if268s\/bep-dien-eurosun-eu-if268s-3-1.jpg\" alt=\"B\u1ebfp \u0111i\u1ec7n Eurosun EU-IF268S - 73cm 2 v\u00f9ng n\u1ea5u \u0111i\u1ec7n\" width=\"1200\" height=\"800\" title=\"\"><figcaption id=\"caption-attachment-67686\" class=\"wp-caption-text\">B\u1ebfp \u0111i\u1ec7n Eurosun EU-IF268S \u0111\u01b0\u1ee3c thi\u1ebft k\u1ebf \u0111\u1eb9p v\u00e0 hi\u1ec7n \u0111\u1ea1i<\/figcaption><\/figure>\n<h3><span class=\"fontstyle0\">Ch\u1ee9c n\u0103ng an to\u00e0n<\/span><\/h3>\n<ul>\n<li><span class=\"fontstyle0\">Ph\u00edm kh\u1edfi \u0111\u1ed9ng an to\u00e0n<br \/>\n<\/span><\/li>\n<li><span class=\"fontstyle0\">H\u1ec7 th\u1ed1ng b\u1ea3o v\u1ec7 an to\u00e0n khi qu\u00e1 nhi\u1ec7t, qu\u00e1 \u00e1p<br \/>\n<\/span><\/li>\n<li><span class=\"fontstyle0\">Ch\u1ee9c n\u0103ng t\u1eaft t\u1ef1 \u0111\u1ed9ng t\u1eaft b\u1ebfp khi kh\u00f4ng c\u00f3 n\u1ed3i<br \/>\n<\/span><\/li>\n<li><span class=\"fontstyle0\">Kh\u00f3a tr\u1ebb em <\/span><span class=\"fontstyle2\">Child lock<br \/>\n<\/span><\/li>\n<li><span class=\"fontstyle0\">Ki\u1ec3m so\u00e1t nhi\u1ec7t \u0111\u1ed9 trong v\u00f9ng n\u1ea5u<\/span><\/li>\n<\/ul>\n<figure id=\"attachment_67684\" aria-describedby=\"caption-attachment-67684\" style=\"width: 1201px\" class=\"wp-caption alignnone\"><img loading=\"lazy\" decoding=\"async\" class=\"size-full wp-image-67684\" src=\"https:\/\/livinghome.vn\/thiet-bi\/wp-content\/uploads\/nha-bep\/eurosun\/bep-dien\/bep-dien-eurosun-eu-if268s\/bep-dien-eurosun-eu-if268s-2-1.jpg\" alt=\"B\u1ebfp \u0111i\u1ec7n Eurosun EU-IF268S - 73cm 2 v\u00f9ng n\u1ea5u \u0111i\u1ec7n\" width=\"1201\" height=\"800\" title=\"\"><figcaption id=\"caption-attachment-67684\" class=\"wp-caption-text\">B\u1ebfp \u0111i\u1ec7n Eurosun EU-IF268S v\u1edbi 2 v\u00f9ng n\u1ea5u \u0111i\u1ec7n (h\u1ed3ng ngo\u1ea1i) kh\u00f4ng k\u00e9n n\u1ed3i d\u1ec5 d\u00f9ng<\/figcaption><\/figure>\n<h3>\u00a0<span class=\"fontstyle0\">Th\u00f4ng tin k\u1ef9 thu\u1eadt<\/span><\/h3>\n<ul>\n<li><span class=\"fontstyle0\">\u0110i\u1ec7n \u00e1p: 220V \/ 50Hz<br \/>\n<\/span><\/li>\n<li><span class=\"fontstyle0\">C\u00f4ng su\u1ea5t l\u00f2 tr\u00e1i: 2200\/1000W<br \/>\n<\/span><\/li>\n<li><span class=\"fontstyle0\">C\u00f4ng su\u1ea5t l\u00f2 ph\u1ea3i: 2200\/1000W<br \/>\n<\/span><\/li>\n<li><span class=\"fontstyle0\">K\u00edch th\u01b0\u1edbc s\u1ea3n ph\u1ea9m: 735R x 430S x 60C mm<br \/>\n<\/span><\/li>\n<li><span class=\"fontstyle0\">K\u00edch th\u01b0\u1edbc kho\u00e9t \u0111\u00e1: 690R x 405S mm<\/span><\/li>\n<\/ul>\n<figure id=\"attachment_67685\" aria-describedby=\"caption-attachment-67685\" style=\"width: 1200px\" class=\"wp-caption alignnone\"><img loading=\"lazy\" decoding=\"async\" class=\"size-full wp-image-67685\" src=\"https:\/\/livinghome.vn\/thiet-bi\/wp-content\/uploads\/nha-bep\/eurosun\/bep-dien\/bep-dien-eurosun-eu-if268s\/bep-dien-eurosun-eu-if268s-5.jpg\" alt=\"B\u1ebfp \u0111i\u1ec7n Eurosun EU-IF268S - 73cm 2 v\u00f9ng n\u1ea5u \u0111i\u1ec7n\" width=\"1200\" height=\"800\" title=\"\"><figcaption id=\"caption-attachment-67685\" class=\"wp-caption-text\">M\u00e2m b\u1ee5ng b\u1eb1ng th\u00e9p c\u1ee7a B\u1ebfp \u0111i\u1ec7n Eurosun EU-IF268S<\/figcaption><\/figure>\n","protected":false},"excerpt":{"rendered":"<p>&#8211; <strong>Lo\u1ea1i b\u1ebfp: <\/strong>2 \u0111i\u1ec7n (h\u1ed3ng ngo\u1ea1i)<\/p>\n<p>&#8211; <strong>M\u1eb7t k\u00ednh:<\/strong> Vitroceramic<\/p>\n<p>&#8211; <strong>C\u00f4ng su\u1ea5t:<\/strong> C\u00f4ng su\u1ea5t l\u00f2 tr\u00e1i: 2200W &#8211; C\u00f4ng su\u1ea5t l\u00f2 ph\u1ea3i: 2200W<\/p>\n<p>&#8211; <strong>K\u00edch th\u01b0\u1edbc b\u1ebfp:<\/strong> W750 x D430 mm<\/p>\n<p>&#8211; <strong>K\u00edch th\u01b0\u1edbc c\u1eaft \u0111\u00e1:<\/strong> W690 x D405 mm<\/p>\n<p>&#8211; <strong>H\u1ec7 th\u1ed1ng \u0111i\u1ec1u khi\u1ec3n:<\/strong> c\u1ea3m \u1ee9ng d\u1ea1ng ch\u1ea1m<\/p>\n","protected":false},"featured_media":584,"comment_status":"open","ping_status":"closed","template":"","meta":[],"product_brand":[],"product_cat":[741,117,1743,1744,745,813,799,801,106],"product_tag":[118,119,120,121,122,174,108],"class_list":{"0":"post-488","1":"product","2":"type-product","3":"status-publish","4":"has-post-thumbnail","6":"product_cat-bep-hong-ngoai","7":"product_cat-bep-dien-hong-ngoai","8":"product_cat-bep-dien-hong-ngoai-doi","9":"product_cat-bep-dien-hong-ngoai-eurosun","10":"product_cat-bep-dien-tu","11":"product_cat-bep-dien-tu-chung-cu","12":"product_cat-bep-dien-tu-hinh-chu-nhat","13":"product_cat-bep-dien-tu-khong-ken-noi","14":"product_cat-thuong-hieu-eurosun","15":"product_tag-bep-dien","16":"product_tag-bep-dien-2-vung-nau","17":"product_tag-bep-dien-am","18":"product_tag-bep-dien-eurosun","19":"product_tag-bep-dien-hong-ngoai","20":"product_tag-bep-hong-ngoai","21":"product_tag-eurosun","23":"first","24":"instock","25":"sale","26":"shipping-taxable","27":"purchasable","28":"product-type-simple"},"_links":{"self":[{"href":"https:\/\/livinghome.vn\/thiet-bi\/wp-json\/wp\/v2\/product\/488","targetHints":{"allow":["GET"]}}],"collection":[{"href":"https:\/\/livinghome.vn\/thiet-bi\/wp-json\/wp\/v2\/product"}],"about":[{"href":"https:\/\/livinghome.vn\/thiet-bi\/wp-json\/wp\/v2\/types\/product"}],"replies":[{"embeddable":true,"href":"https:\/\/livinghome.vn\/thiet-bi\/wp-json\/wp\/v2\/comments?post=488"}],"wp:featuredmedia":[{"embeddable":true,"href":"https:\/\/livinghome.vn\/thiet-bi\/wp-json\/wp\/v2\/media\/584"}],"wp:attachment":[{"href":"https:\/\/livinghome.vn\/thiet-bi\/wp-json\/wp\/v2\/media?parent=488"}],"wp:term":[{"taxonomy":"product_brand","embeddable":true,"href":"https:\/\/livinghome.vn\/thiet-bi\/wp-json\/wp\/v2\/product_brand?post=488"},{"taxonomy":"product_cat","embeddable":true,"href":"https:\/\/livinghome.vn\/thiet-bi\/wp-json\/wp\/v2\/product_cat?post=488"},{"taxonomy":"product_tag","embeddable":true,"href":"https:\/\/livinghome.vn\/thiet-bi\/wp-json\/wp\/v2\/product_tag?post=488"}],"curies":[{"name":"wp","href":"https:\/\/api.w.org\/{rel}","templated":true}]}}