{"id":4685,"date":"2023-01-12T19:12:10","date_gmt":"2023-01-12T19:12:10","guid":{"rendered":"https:\/\/livinghome.vn\/thiet-bi\/?post_type=product&#038;p=4685"},"modified":"2024-11-29T14:19:50","modified_gmt":"2024-11-29T07:19:50","slug":"lo-nuong-bosch-hbf113br0a-am-tu-66-lit-60cm","status":"publish","type":"product","link":"https:\/\/livinghome.vn\/thiet-bi\/lo-nuong-bosch-hbf113br0a-am-tu-66-lit-60cm\/","title":{"rendered":"L\u00f2 n\u01b0\u1edbng Bosch HBF113BR0A &#8211; \u00c2m t\u1ee7 66 l\u00edt 60cm"},"content":{"rendered":"<h1>Living Home xin tr\u00e2n tr\u1ecdng gi\u1edbi thi\u1ec7u \u0111\u1ebfn b\u1ea1n L\u00f2 n\u01b0\u1edbng Bosch HBF113BR0A v\u1edbi nh\u1eefng t\u00ednh n\u0103ng v\u00f4 c\u00f9ng h\u1ea5p d\u1eabn nh\u01b0 sau<\/h1>\n<h3>\u0110\u1eb7c t\u00ednh s\u1ea3n ph\u1ea9m<\/h3>\n<ul>\n<li><span class=\"fontstyle0\">Dung t\u00edch l\u00f2: 66 l\u00edt<br \/>\n<\/span><\/li>\n<li><span class=\"fontstyle0\">5 ph\u01b0\u01a1ng ph\u00e1p gia nhi\u1ec7t;<br \/>\n<\/span><\/li>\n<li><span class=\"fontstyle0\">Ch\u01b0\u01a1ng tr\u00ecnh l\u00e0m n\u00f3ng l\u00f2 nhanh<br \/>\n<\/span><\/li>\n<li><span class=\"fontstyle0\">C\u00f4ng ngh\u1ec7 gia nhi\u1ec7t 3D hot-air gi\u00fap th\u1ef1c ph\u1ea9m ch\u00edn \u0111\u1ec1u trong qu\u00e1 tr\u00ecnh n\u01b0\u1edbng<br \/>\n<\/span><\/li>\n<li><span class=\"fontstyle0\">Nhi\u1ec7t \u0111\u1ed9 t\u1eeb 50\u00b0C &#8211; 275\u00b0C<br \/>\n<\/span><\/li>\n<li><span class=\"fontstyle0\">\u0110i\u1ec1u khi\u1ec3n b\u1eb1ng n\u00fam v\u1eb7n v\u00e0 c\u1ea3m \u1ee9ng<\/span><\/li>\n<li><span class=\"fontstyle0\">M\u00e0n h\u00ecnh LED hi\u1ec3n th\u1ecb th\u1eddi gian v\u00e0 nhi\u1ec7t \u0111\u1ed9<br \/>\n<\/span><\/li>\n<li><span class=\"fontstyle0\">B\u1ec1 m\u1eb7t b\u00ean trong l\u00f2 \u0111\u01b0\u1ee3c tr\u00e1ng men gi\u00fap d\u1ec5 d\u00e0ng v\u1ec7 sinh<br \/>\n<\/span><\/li>\n<li><span class=\"fontstyle0\">\u0110\u00e8n chi\u1ebfu s\u00e1ng b\u00ean trong l\u00f2<br \/>\n<\/span><\/li>\n<li><span class=\"fontstyle0\">C\u1eeda l\u00f2 \u0111\u01b0\u1ee3c thi\u1ebft k\u1ebf v\u1edbi c\u00f4ng ngh\u1ec7 m\u1edbi gi\u00fap d\u1ec5 d\u00e0ng th\u00e1o l\u1eafp khi v\u1ec7 sinh<br \/>\n<\/span><\/li>\n<li><span class=\"fontstyle0\">Ph\u1ee5 ki\u1ec7n \u0111i k\u00e8m: 1 khay n\u01b0\u1edbng, 1 v\u1ec9 n\u01b0\u1edbng<br \/>\n<\/span><\/li>\n<li><span class=\"fontstyle0\">Ti\u1ebft ki\u1ec7m n\u0103ng l\u01b0\u1ee3ng theo ti\u00eau chu\u1ea9n Ch\u00e2u \u00c2u: A<br \/>\n<\/span><\/li>\n<li><span class=\"fontstyle0\">Xu\u1ea5t x\u1ee9 Th\u1ed5 Nh\u0129 K\u1ef3<\/span><\/li>\n<\/ul>\n<figure id=\"attachment_58877\" aria-describedby=\"caption-attachment-58877\" style=\"width: 800px\" class=\"wp-caption alignnone\"><img loading=\"lazy\" decoding=\"async\" class=\"wp-image-58877 size-large\" src=\"https:\/\/livinghome.vn\/thiet-bi\/wp-content\/uploads\/nha-bep\/bosch-hmh\/lo-nuong\/lo-nuong-bosch-hbf113br0a\/lo-nuong-bosch-hbf113br0a-2-800x800.jpg\" alt=\"L\u00f2 n\u01b0\u1edbng Bosch HBF113BR0A - \u00c2m t\u1ee7 66 l\u00edt 60cm\" width=\"800\" height=\"800\" title=\"\"><figcaption id=\"caption-attachment-58877\" class=\"wp-caption-text\">L\u00f2 n\u01b0\u1edbng Bosch HBF113BR0A &#8211; m\u00e0n h\u00ecnh LED hi\u1ec3n th\u1ecb th\u1eddi gian v\u00e0 nhi\u1ec7t \u0111\u1ed9<\/figcaption><\/figure>\n<h3>Ch\u1ee9c n\u0103ng an to\u00e0n<\/h3>\n<ul>\n<li>C\u1eeda k\u00ednh 3 l\u1edbp<\/li>\n<li>Kh\u00f3a an to\u00e0n tr\u1ebb em<\/li>\n<li>Nhi\u1ec7t \u0111\u1ed9 m\u1eb7t k\u00ednh ngo\u00e0i t\u1ed1i \u0111a 50<sup>o<\/sup>C<\/li>\n<li>\u00c2m b\u00e1o khi qu\u00e1 tr\u00ecnh n\u01b0\u1edbng ho\u00e0n t\u1ea5t<\/li>\n<\/ul>\n<h3 id=\"tab-2\" class=\"tab-panel\">Th\u00f4ng tin k\u1ef9 thu\u1eadt<\/h3>\n<ul>\n<li class=\"tab-panel\"><span class=\"fontstyle0\">T\u1ed5ng c\u00f4ng su\u1ea5t: 3.3 kW<br \/>\n<\/span><\/li>\n<li class=\"tab-panel\"><span class=\"fontstyle0\">Hi\u1ec7u \u0111i\u1ec7n th\u1ebf: 220 &#8211; 240 V<br \/>\n<\/span><\/li>\n<li class=\"tab-panel\"><span class=\"fontstyle0\">T\u1ea7n s\u1ed1: 50\/60 Hz, 13 A<br \/>\n<\/span><\/li>\n<li class=\"tab-panel\"><span class=\"fontstyle0\">K\u00edch th\u01b0\u1edbc s\u1ea3n ph\u1ea9m: 595C x 594R x 548S mm<br \/>\n<\/span><\/li>\n<li class=\"tab-panel\"><span class=\"fontstyle0\">K\u00edch th\u01b0\u1edbc h\u1ed9c t\u1ee7: 575 &#8211; 597C x 560 &#8211; 568R x 550S mm<\/span><\/li>\n<\/ul>\n<figure id=\"attachment_58872\" aria-describedby=\"caption-attachment-58872\" style=\"width: 800px\" class=\"wp-caption alignnone\"><img loading=\"lazy\" decoding=\"async\" class=\"wp-image-58872 size-large\" src=\"https:\/\/livinghome.vn\/thiet-bi\/wp-content\/uploads\/nha-bep\/bosch-hmh\/lo-nuong\/lo-nuong-bosch-hbf113br0a\/lo-nuong-bosch-hbf113br0a-7-800x800.jpg\" alt=\"L\u00f2 n\u01b0\u1edbng Bosch HBF113BR0A - \u00c2m t\u1ee7 66 l\u00edt 60cm\" width=\"800\" height=\"800\" title=\"\"><figcaption id=\"caption-attachment-58872\" class=\"wp-caption-text\">L\u00f2 n\u01b0\u1edbng Bosch HBF113BR0A &#8211; Chi ti\u1ebft l\u1eafp \u0111\u1eb7t<\/figcaption><\/figure>\n","protected":false},"excerpt":{"rendered":"<p><span class=\"fontstyle0\">Dung t\u00edch l\u00f2: 66 l\u00edt<br \/>\n<\/span><\/p>\n<p><span class=\"fontstyle0\">5 ph\u01b0\u01a1ng ph\u00e1p gia nhi\u1ec7t;<br \/>\n<\/span><\/p>\n<p><span class=\"fontstyle0\">Ch\u01b0\u01a1ng tr\u00ecnh l\u00e0m n\u00f3ng l\u00f2 nhanh<br \/>\n<\/span><\/p>\n<p><span class=\"fontstyle0\">C\u00f4ng ngh\u1ec7 gia nhi\u1ec7t 3D hot-air gi\u00fap th\u1ef1c ph\u1ea9m ch\u00edn \u0111\u1ec1u trong qu\u00e1 tr\u00ecnh n\u01b0\u1edbng<br \/>\n<\/span><\/p>\n<p><span class=\"fontstyle0\">Nhi\u1ec7t \u0111\u1ed9 t\u1eeb 50\u00b0C &#8211; 275\u00b0C<br \/>\n<\/span><\/p>\n<p><span class=\"fontstyle0\">\u0110i\u1ec1u khi\u1ec3n b\u1eb1ng n\u00fam v\u1eb7n v\u00e0 c\u1ea3m \u1ee9ng<\/span><\/p>\n<p><span class=\"fontstyle0\">M\u00e0n h\u00ecnh LED hi\u1ec3n th\u1ecb th\u1eddi gian v\u00e0 nhi\u1ec7t \u0111\u1ed9<br \/>\n<\/span><\/p>\n<p><span class=\"fontstyle0\">B\u1ec1 m\u1eb7t b\u00ean trong l\u00f2 \u0111\u01b0\u1ee3c tr\u00e1ng men gi\u00fap d\u1ec5 d\u00e0ng v\u1ec7 sinh<br \/>\n<\/span><\/p>\n<p><span class=\"fontstyle0\">\u0110\u00e8n chi\u1ebfu s\u00e1ng b\u00ean trong l\u00f2<br \/>\n<\/span><\/p>\n<p><span class=\"fontstyle0\">C\u1eeda l\u00f2 \u0111\u01b0\u1ee3c thi\u1ebft k\u1ebf v\u1edbi c\u00f4ng ngh\u1ec7 m\u1edbi gi\u00fap d\u1ec5 d\u00e0ng th\u00e1o l\u1eafp khi v\u1ec7 sinh<br \/>\n<\/span><\/p>\n<p><span class=\"fontstyle0\">Ph\u1ee5 ki\u1ec7n \u0111i k\u00e8m: 1 khay n\u01b0\u1edbng, 1 v\u1ec9 n\u01b0\u1edbng<br \/>\n<\/span><\/p>\n<p><span class=\"fontstyle0\">Ti\u1ebft ki\u1ec7m n\u0103ng l\u01b0\u1ee3ng theo ti\u00eau chu\u1ea9n Ch\u00e2u \u00c2u: A<br \/>\n<\/span><\/p>\n<p><span class=\"fontstyle0\">Xu\u1ea5t x\u1ee9 Th\u1ed5 Nh\u0129 K\u1ef3<\/span><\/p>\n","protected":false},"featured_media":4928,"comment_status":"open","ping_status":"closed","template":"","meta":[],"product_brand":[],"product_cat":[503,472],"product_tag":[473,96,156,504],"class_list":{"0":"post-4685","1":"product","2":"type-product","3":"status-publish","4":"has-post-thumbnail","6":"product_cat-lo-nuong-bosch","7":"product_cat-thuong-hieu-bosch","8":"product_tag-bosch","9":"product_tag-lo-nuong","10":"product_tag-lo-nuong-am-tu","11":"product_tag-lo-nuong-bosch","13":"first","14":"instock","15":"sale","16":"shipping-taxable","17":"purchasable","18":"product-type-simple"},"_links":{"self":[{"href":"https:\/\/livinghome.vn\/thiet-bi\/wp-json\/wp\/v2\/product\/4685","targetHints":{"allow":["GET"]}}],"collection":[{"href":"https:\/\/livinghome.vn\/thiet-bi\/wp-json\/wp\/v2\/product"}],"about":[{"href":"https:\/\/livinghome.vn\/thiet-bi\/wp-json\/wp\/v2\/types\/product"}],"replies":[{"embeddable":true,"href":"https:\/\/livinghome.vn\/thiet-bi\/wp-json\/wp\/v2\/comments?post=4685"}],"wp:featuredmedia":[{"embeddable":true,"href":"https:\/\/livinghome.vn\/thiet-bi\/wp-json\/wp\/v2\/media\/4928"}],"wp:attachment":[{"href":"https:\/\/livinghome.vn\/thiet-bi\/wp-json\/wp\/v2\/media?parent=4685"}],"wp:term":[{"taxonomy":"product_brand","embeddable":true,"href":"https:\/\/livinghome.vn\/thiet-bi\/wp-json\/wp\/v2\/product_brand?post=4685"},{"taxonomy":"product_cat","embeddable":true,"href":"https:\/\/livinghome.vn\/thiet-bi\/wp-json\/wp\/v2\/product_cat?post=4685"},{"taxonomy":"product_tag","embeddable":true,"href":"https:\/\/livinghome.vn\/thiet-bi\/wp-json\/wp\/v2\/product_tag?post=4685"}],"curies":[{"name":"wp","href":"https:\/\/api.w.org\/{rel}","templated":true}]}}