{"id":4662,"date":"2023-01-12T19:11:41","date_gmt":"2023-01-12T19:11:41","guid":{"rendered":"https:\/\/livinghome.vn\/thiet-bi\/?post_type=product&#038;p=4662"},"modified":"2024-11-29T14:19:50","modified_gmt":"2024-11-29T07:19:50","slug":"may-hut-mui-bosch-dhi623gsg-am-tu-70db-60cm","status":"publish","type":"product","link":"https:\/\/livinghome.vn\/thiet-bi\/may-hut-mui-bosch-dhi623gsg-am-tu-70db-60cm\/","title":{"rendered":"M\u00e1y h\u00fat m\u00f9i Bosch DHI623GSG &#8211; \u00c2m t\u1ee7 70dB 60cm"},"content":{"rendered":"<h1>Living Home xin tr\u00e2n tr\u1ecdng gi\u1edbi thi\u1ec7u \u0111\u1ebfn b\u1ea1n M\u00e1y h\u00fat m\u00f9i Bosch DHI623GSG v\u1edbi nh\u1eefng t\u00ednh n\u0103ng v\u00f4 c\u00f9ng h\u1ea5p d\u1eabn nh\u01b0 sau<\/h1>\n<h3>\u0110\u1eb7c t\u00ednh s\u1ea3n ph\u1ea9m<\/h3>\n<ul>\n<li><span class=\"fontstyle0\">Thi\u1ebft k\u1ebf \u00e2m t\u1ee7<br \/>\n<\/span><\/li>\n<li><span class=\"fontstyle0\">M\u1eb7t inox<br \/>\n<\/span><\/li>\n<li><span class=\"fontstyle0\">C\u00f4ng su\u1ea5t h\u00fat t\u1ed1i \u0111a theo ti\u00eau chu\u1ea9n ch\u00e2u \u00c2u DIN\/EN 61591: 380 m\u00b3\/h<br \/>\n<\/span><\/li>\n<li><span class=\"fontstyle0\">3 m\u1ee9c c\u00f4ng su\u1ea5t h\u00fat, \u0111\u1ed9 \u1ed3n 70 dB<br \/>\n<\/span><\/li>\n<li><span class=\"fontstyle0\">\u0110i\u1ec1u khi\u1ec3n b\u1eb1ng n\u00fat nh\u1ea5n<br \/>\n<\/span><\/li>\n<li><span class=\"fontstyle0\">H\u1ec7 th\u1ed1ng chi\u1ebfu s\u00e1ng b\u1eb1ng \u0111\u00e8n halogen 2 x 20 W<br \/>\n<\/span><\/li>\n<li><span class=\"fontstyle0\">Xu\u1ea5t x\u1ee9 \u00dd<\/span><\/li>\n<\/ul>\n<h3>Ch\u1ee9c n\u0103ng an to\u00e0n<\/h3>\n<ul>\n<li>T\u1ef1 t\u1eaft khi tr\u01b0\u1ee3t v\u00e0o<\/li>\n<li>T\u1ea5m l\u01b0\u1edbi l\u1ecdc c\u00f3 th\u1ec3 r\u1eeda b\u1eb1ng m\u00e1y r\u1eeda ch\u00e9n<\/li>\n<\/ul>\n<h3 id=\"tab-2\" class=\"tab-panel\">Th\u00f4ng tin k\u1ef9 thu\u1eadt<\/h3>\n<ul>\n<li class=\"tab-panel\"><span class=\"fontstyle0\">T\u1ed5ng c\u00f4ng su\u1ea5t: 186 W<br \/>\n<\/span><\/li>\n<li class=\"tab-panel\"><span class=\"fontstyle0\">Hi\u1ec7u \u0111i\u1ec7n th\u1ebf: 220 &#8211; 240V, T\u1ea7n s\u1ed1: 50\/60 Hz, 10 A<br \/>\n<\/span><\/li>\n<li class=\"tab-panel\"><span class=\"fontstyle0\">Chi\u1ec1u d\u00e0i d\u00e2y c\u00e1p: 1.75 m, kh\u00f4ng k\u00e8m \u0111\u1ea7u c\u1eafm<br \/>\n<\/span><\/li>\n<li class=\"tab-panel\"><span class=\"fontstyle0\">K\u00edch th\u01b0\u1edbc s\u1ea3n ph\u1ea9m 60cm: 598R x 300S x 180C mm<\/span><\/li>\n<\/ul>\n<figure id=\"attachment_59104\" aria-describedby=\"caption-attachment-59104\" style=\"width: 800px\" class=\"wp-caption alignnone\"><img loading=\"lazy\" decoding=\"async\" class=\"wp-image-59104 size-large\" src=\"https:\/\/livinghome.vn\/thiet-bi\/wp-content\/uploads\/nha-bep\/bosch-hmh\/may-hut-mui-am-tu\/may-hut-mui-am-tu-bosch-dhi623gsg\/may-hut-mui-am-tu-bosch-dhi623gsg-2-800x800.jpg\" alt=\"M\u00e1y h\u00fat m\u00f9i Bosch DHI623GSG - \u00c2m t\u1ee7 70dB 60cm\" width=\"800\" height=\"800\" title=\"\"><figcaption id=\"caption-attachment-59104\" class=\"wp-caption-text\">M\u00e1y h\u00fat m\u00f9i Bosch DHI623GSG &#8211; Chi ti\u1ebft l\u1eafp \u0111\u1eb7t<\/figcaption><\/figure>\n","protected":false},"excerpt":{"rendered":"<p><span class=\"fontstyle0\">Thi\u1ebft k\u1ebf \u00e2m t\u1ee7<br \/>\n<\/span><\/p>\n<p><span class=\"fontstyle0\">M\u1eb7t inox<br \/>\n<\/span><\/p>\n<p><span class=\"fontstyle0\">C\u00f4ng su\u1ea5t h\u00fat t\u1ed1i \u0111a theo ti\u00eau chu\u1ea9n ch\u00e2u \u00c2u DIN\/EN 61591: 380 m\u00b3\/h<br \/>\n<\/span><\/p>\n<p><span class=\"fontstyle0\">3 m\u1ee9c c\u00f4ng su\u1ea5t h\u00fat, \u0111\u1ed9 \u1ed3n 70 dB<br \/>\n<\/span><\/p>\n<p><span class=\"fontstyle0\">\u0110i\u1ec1u khi\u1ec3n b\u1eb1ng n\u00fat nh\u1ea5n<br \/>\n<\/span><\/p>\n<p><span class=\"fontstyle0\">H\u1ec7 th\u1ed1ng chi\u1ebfu s\u00e1ng b\u1eb1ng \u0111\u00e8n halogen 2 x 20 W<br \/>\n<\/span><\/p>\n<p><span class=\"fontstyle0\">Xu\u1ea5t x\u1ee9 \u00dd<\/span><\/p>\n","protected":false},"featured_media":4887,"comment_status":"open","ping_status":"closed","template":"","meta":[],"product_brand":[],"product_cat":[499,472],"product_tag":[473,86,87,500],"class_list":{"0":"post-4662","1":"product","2":"type-product","3":"status-publish","4":"has-post-thumbnail","6":"product_cat-may-hut-mui-bosch","7":"product_cat-thuong-hieu-bosch","8":"product_tag-bosch","9":"product_tag-may-hut-mui","10":"product_tag-may-hut-mui-am-tu","11":"product_tag-may-hut-mui-bosch","13":"first","14":"instock","15":"sale","16":"shipping-taxable","17":"purchasable","18":"product-type-simple"},"_links":{"self":[{"href":"https:\/\/livinghome.vn\/thiet-bi\/wp-json\/wp\/v2\/product\/4662","targetHints":{"allow":["GET"]}}],"collection":[{"href":"https:\/\/livinghome.vn\/thiet-bi\/wp-json\/wp\/v2\/product"}],"about":[{"href":"https:\/\/livinghome.vn\/thiet-bi\/wp-json\/wp\/v2\/types\/product"}],"replies":[{"embeddable":true,"href":"https:\/\/livinghome.vn\/thiet-bi\/wp-json\/wp\/v2\/comments?post=4662"}],"wp:featuredmedia":[{"embeddable":true,"href":"https:\/\/livinghome.vn\/thiet-bi\/wp-json\/wp\/v2\/media\/4887"}],"wp:attachment":[{"href":"https:\/\/livinghome.vn\/thiet-bi\/wp-json\/wp\/v2\/media?parent=4662"}],"wp:term":[{"taxonomy":"product_brand","embeddable":true,"href":"https:\/\/livinghome.vn\/thiet-bi\/wp-json\/wp\/v2\/product_brand?post=4662"},{"taxonomy":"product_cat","embeddable":true,"href":"https:\/\/livinghome.vn\/thiet-bi\/wp-json\/wp\/v2\/product_cat?post=4662"},{"taxonomy":"product_tag","embeddable":true,"href":"https:\/\/livinghome.vn\/thiet-bi\/wp-json\/wp\/v2\/product_tag?post=4662"}],"curies":[{"name":"wp","href":"https:\/\/api.w.org\/{rel}","templated":true}]}}