{"id":4643,"date":"2023-01-12T19:11:16","date_gmt":"2023-01-12T19:11:16","guid":{"rendered":"https:\/\/livinghome.vn\/thiet-bi\/?post_type=product&#038;p=4643"},"modified":"2024-11-29T14:19:51","modified_gmt":"2024-11-29T07:19:51","slug":"may-hut-mui-bosch-dfs067k51-am-tu-60db-60cm","status":"publish","type":"product","link":"https:\/\/livinghome.vn\/thiet-bi\/may-hut-mui-bosch-dfs067k51-am-tu-60db-60cm\/","title":{"rendered":"M\u00e1y h\u00fat m\u00f9i Bosch DFS067K51 &#8211; \u00c2m t\u1ee7 60dB 60cm"},"content":{"rendered":"<h1>Living Home xin tr\u00e2n tr\u1ecdng gi\u1edbi thi\u1ec7u \u0111\u1ebfn b\u1ea1n M\u00e1y h\u00fat m\u00f9i Bosch DFS067K51 v\u1edbi nh\u1eefng t\u00ednh n\u0103ng v\u00f4 c\u00f9ng h\u1ea5p d\u1eabn nh\u01b0 sau<\/h1>\n<h3>\u0110\u1eb7c t\u00ednh s\u1ea3n ph\u1ea9m<\/h3>\n<ul>\n<li>Thi\u1ebft k\u1ebf \u00e2m t\u1ee7<\/li>\n<li>M\u1eb7t inox k\u1ebft h\u1ee3p b\u1ea3ng \u0111i\u1ec1u khi\u1ec3n c\u1ea3m \u1ee9ng<\/li>\n<li>C\u00f4ng su\u1ea5t h\u00fat t\u1ed1i \u0111a theo ti\u00eau chu\u1ea9n ch\u00e2u \u00c2u DIN\/EN 61591: 628 m\u00b3\/h<\/li>\n<li>C\u00f4ng ngh\u1ec7 \u0111\u1ed9ng c\u01a1 kh\u00f4ng ch\u1ed5i than, \u0111\u1ed9 \u1ed3n th\u1ea5p, tu\u1ed5i th\u1ecd cao<\/li>\n<li>3 m\u1ee9c c\u00f4ng su\u1ea5t h\u00fat v\u00e0 2 m\u1ee9c t\u0103ng c\u01b0\u1eddng<\/li>\n<li>C\u1ea3m bi\u1ebfn PerfectAir: T\u1ef1 \u0111\u1ed9ng \u0111i\u1ec1u ch\u1ec9nh c\u00f4ng su\u1ea5t ph\u00f9 h\u1ee3p v\u1edbi t\u1eebng qu\u00e1 tr\u00ecnh n\u1ea5u n\u01b0\u1edbng<\/li>\n<li>\u0110\u1ed9 \u1ed3n 60 dB -M\u1ee9c 3 v\u00e0 71 M\u1ee9c h\u00fat s\u00e2u<\/li>\n<li>\u0110i\u1ec1u khi\u1ec3n c\u1ea3m \u1ee9ng hi\u1ec7n \u0111\u1ea1i<\/li>\n<li>H\u1ec7 th\u1ed1ng chi\u1ebfu s\u00e1ng b\u1eb1ng \u0111\u00e8n LED ti\u1ebft ki\u1ec7m \u0111i\u1ec7n n\u0103ng t\u1ed1i \u0111a v\u00e0 cung c\u1ea5p \u00e1nh s\u00e1ng hi\u1ec7u qu\u1ea3 h\u01a1n<\/li>\n<li>Ti\u1ebft ki\u1ec7m n\u0103ng l\u01b0\u1ee3ng theo ti\u00eau chu\u1ea9n Ch\u00e2u \u00c2u: A<\/li>\n<li>Xu\u1ea5t x\u1ee9 \u0110\u1ee9c<\/li>\n<\/ul>\n<figure id=\"attachment_59097\" aria-describedby=\"caption-attachment-59097\" style=\"width: 1067px\" class=\"wp-caption alignnone\"><img loading=\"lazy\" decoding=\"async\" class=\"wp-image-59097 size-large\" src=\"https:\/\/livinghome.vn\/thiet-bi\/wp-content\/uploads\/nha-bep\/bosch-hmh\/may-hut-mui-am-tu\/may-hut-mui-am-tu-bosch-dfs067k51\/may-hut-mui-am-tu-bosch-dfs067k51-1-1067x800.jpg\" alt=\"M\u00e1y h\u00fat m\u00f9i Bosch DFS067K51 - \u00c2m t\u1ee7 60dB 60cm\" width=\"1067\" height=\"800\" title=\"\"><figcaption id=\"caption-attachment-59097\" class=\"wp-caption-text\">M\u00e1y h\u00fat m\u00f9i Bosch DFS067K51 &#8211; Thi\u1ebft k\u1ebf \u00e2m t\u1ee7<\/figcaption><\/figure>\n<figure id=\"attachment_59094\" aria-describedby=\"caption-attachment-59094\" style=\"width: 800px\" class=\"wp-caption alignnone\"><img loading=\"lazy\" decoding=\"async\" class=\"wp-image-59094 size-large\" src=\"https:\/\/livinghome.vn\/thiet-bi\/wp-content\/uploads\/nha-bep\/bosch-hmh\/may-hut-mui-am-tu\/may-hut-mui-am-tu-bosch-dfs067k51\/may-hut-mui-am-tu-bosch-dfs067k51-12-800x800.jpg\" alt=\"M\u00e1y h\u00fat m\u00f9i Bosch DFS067K51 - \u00c2m t\u1ee7 60dB 60cm\" width=\"800\" height=\"800\" title=\"\"><figcaption id=\"caption-attachment-59094\" class=\"wp-caption-text\">M\u00e1y h\u00fat m\u00f9i Bosch DFS067K51 &#8211; B\u1ea3ng \u0111i\u1ec1u khi\u1ec3n c\u1ea3m \u1ee9ng<\/figcaption><\/figure>\n<h3>Ch\u1ee9c n\u0103ng an to\u00e0n<\/h3>\n<ul>\n<li>T\u1ef1 t\u1eaft khi tr\u01b0\u1ee3t v\u00e0o<\/li>\n<li>T\u1ea5m l\u01b0\u1edbi l\u1ecdc c\u00f3 th\u1ec3 r\u1eeda b\u1eb1ng m\u00e1y r\u1eeda ch\u00e9n<\/li>\n<li>C\u1ea3nh b\u00e1o b\u00e3o h\u00f2a b\u1ed9 l\u1ecdc d\u1ea7u m\u1ee1 v\u00e0 b\u1ed9 l\u1ecdc than ho\u1ea1t t\u00ednh<\/li>\n<\/ul>\n<h3>Th\u00f4ng s\u1ed1 k\u0129 thu\u1eadt<\/h3>\n<ul>\n<li>T\u1ed5ng c\u00f4ng su\u1ea5t: 144 W<\/li>\n<li>Hi\u1ec7u \u0111i\u1ec7n th\u1ebf: 220 &#8211; 240V, T\u1ea7n s\u1ed1: 50\/60 Hz, 10 A<\/li>\n<li>Chi\u1ec1u d\u00e0i d\u00e2y c\u00e1p: 1.75 m, kh\u00f4ng k\u00e8m \u0111\u1ea7u c\u1eafm<\/li>\n<li>K\u00edch th\u01b0\u1edbc s\u1ea3n ph\u1ea9m: 598R x 290S x 426C mm<\/li>\n<\/ul>\n","protected":false},"excerpt":{"rendered":"<p>Thi\u1ebft k\u1ebf \u00e2m t\u1ee7<\/p>\n<p>M\u1eb7t inox k\u1ebft h\u1ee3p b\u1ea3ng \u0111i\u1ec1u khi\u1ec3n c\u1ea3m \u1ee9ng<\/p>\n<p>C\u00f4ng su\u1ea5t h\u00fat t\u1ed1i \u0111a theo ti\u00eau chu\u1ea9n ch\u00e2u \u00c2u DIN\/EN 61591: 628 m\u00b3\/h<\/p>\n<p>C\u00f4ng ngh\u1ec7 \u0111\u1ed9ng c\u01a1 kh\u00f4ng ch\u1ed5i than, \u0111\u1ed9 \u1ed3n th\u1ea5p, tu\u1ed5i th\u1ecd cao<\/p>\n<p>3 m\u1ee9c c\u00f4ng su\u1ea5t h\u00fat v\u00e0 2 m\u1ee9c t\u0103ng c\u01b0\u1eddng<\/p>\n<p>C\u1ea3m bi\u1ebfn PerfectAir: T\u1ef1 \u0111\u1ed9ng \u0111i\u1ec1u ch\u1ec9nh c\u00f4ng su\u1ea5t ph\u00f9 h\u1ee3p v\u1edbi t\u1eebng qu\u00e1 tr\u00ecnh n\u1ea5u n\u01b0\u1edbng<\/p>\n<p>\u0110\u1ed9 \u1ed3n 60 dB &#8211; M\u1ee9c 3 v\u00e0 71 M\u1ee9c h\u00fat s\u00e2u<\/p>\n<p>\u0110i\u1ec1u khi\u1ec3n c\u1ea3m \u1ee9ng hi\u1ec7n \u0111\u1ea1i<\/p>\n<p>H\u1ec7 th\u1ed1ng chi\u1ebfu s\u00e1ng b\u1eb1ng \u0111\u00e8n LED ti\u1ebft ki\u1ec7m \u0111i\u1ec7n n\u0103ng t\u1ed1i \u0111a v\u00e0 cung c\u1ea5p \u00e1nh s\u00e1ng hi\u1ec7u qu\u1ea3 h\u01a1n<\/p>\n<p>Ti\u1ebft ki\u1ec7m n\u0103ng l\u01b0\u1ee3ng theo ti\u00eau chu\u1ea9n Ch\u00e2u \u00c2u: A<\/p>\n<p>Xu\u1ea5t x\u1ee9 \u0110\u1ee9c<\/p>\n","protected":false},"featured_media":4859,"comment_status":"open","ping_status":"closed","template":"","meta":[],"product_brand":[],"product_cat":[499,472],"product_tag":[473,86,87,500],"class_list":{"0":"post-4643","1":"product","2":"type-product","3":"status-publish","4":"has-post-thumbnail","6":"product_cat-may-hut-mui-bosch","7":"product_cat-thuong-hieu-bosch","8":"product_tag-bosch","9":"product_tag-may-hut-mui","10":"product_tag-may-hut-mui-am-tu","11":"product_tag-may-hut-mui-bosch","13":"first","14":"instock","15":"sale","16":"shipping-taxable","17":"purchasable","18":"product-type-simple"},"_links":{"self":[{"href":"https:\/\/livinghome.vn\/thiet-bi\/wp-json\/wp\/v2\/product\/4643","targetHints":{"allow":["GET"]}}],"collection":[{"href":"https:\/\/livinghome.vn\/thiet-bi\/wp-json\/wp\/v2\/product"}],"about":[{"href":"https:\/\/livinghome.vn\/thiet-bi\/wp-json\/wp\/v2\/types\/product"}],"replies":[{"embeddable":true,"href":"https:\/\/livinghome.vn\/thiet-bi\/wp-json\/wp\/v2\/comments?post=4643"}],"wp:featuredmedia":[{"embeddable":true,"href":"https:\/\/livinghome.vn\/thiet-bi\/wp-json\/wp\/v2\/media\/4859"}],"wp:attachment":[{"href":"https:\/\/livinghome.vn\/thiet-bi\/wp-json\/wp\/v2\/media?parent=4643"}],"wp:term":[{"taxonomy":"product_brand","embeddable":true,"href":"https:\/\/livinghome.vn\/thiet-bi\/wp-json\/wp\/v2\/product_brand?post=4643"},{"taxonomy":"product_cat","embeddable":true,"href":"https:\/\/livinghome.vn\/thiet-bi\/wp-json\/wp\/v2\/product_cat?post=4643"},{"taxonomy":"product_tag","embeddable":true,"href":"https:\/\/livinghome.vn\/thiet-bi\/wp-json\/wp\/v2\/product_tag?post=4643"}],"curies":[{"name":"wp","href":"https:\/\/api.w.org\/{rel}","templated":true}]}}