{"id":4642,"date":"2023-01-12T19:11:16","date_gmt":"2023-01-12T19:11:16","guid":{"rendered":"https:\/\/livinghome.vn\/thiet-bi\/?post_type=product&#038;p=4642"},"modified":"2024-11-29T14:19:50","modified_gmt":"2024-11-29T07:19:50","slug":"may-hut-mui-bosch-dib98jq50b-dao-54db-90cm","status":"publish","type":"product","link":"https:\/\/livinghome.vn\/thiet-bi\/may-hut-mui-bosch-dib98jq50b-dao-54db-90cm\/","title":{"rendered":"M\u00e1y h\u00fat m\u00f9i Bosch DIB98JQ50B &#8211; \u0110\u1ea3o 54dB 90cm"},"content":{"rendered":"<h1>Living Home xin tr\u00e2n tr\u1ecdng gi\u1edbi thi\u1ec7u \u0111\u1ebfn b\u1ea1n M\u00e1y h\u00fat m\u00f9i Bosch DIB98JQ50B v\u1edbi nh\u1eefng t\u00ednh n\u0103ng v\u00f4 c\u00f9ng h\u1ea5p d\u1eabn nh\u01b0 sau<\/h1>\n<h3>\u0110\u1eb7c t\u00ednh s\u1ea3n ph\u1ea9m<\/h3>\n<ul>\n<li><span class=\"fontstyle0\">Thi\u1ebft k\u1ebf l\u1eafp \u0111\u1ea3o<br \/>\n<\/span><\/li>\n<li><span class=\"fontstyle0\">M\u1eb7t inox<br \/>\n<\/span><\/li>\n<li><span class=\"fontstyle0\">C\u00f4ng su\u1ea5t h\u00fat t\u1ed1i \u0111a theo ti\u00eau chu\u1ea9n ch\u00e2u \u00c2u DIN\/EN 61591: 867 m\u00b3\/h<br \/>\n<\/span><\/li>\n<li><span class=\"fontstyle2\">C\u00f4ng ngh\u1ec7 \u0111\u1ed9ng c\u01a1 kh\u00f4ng ch\u1ed5i than, \u0111\u1ed9 \u1ed3n th\u1ea5p, tu\u1ed5i th\u1ecd cao<br \/>\n<\/span><\/li>\n<li><span class=\"fontstyle0\">3 m\u1ee9c c\u00f4ng su\u1ea5t h\u00fat v\u00e0 2 m\u1ee9c \u0111\u1ed9 h\u00fat t\u0103ng c\u01b0\u1eddng<br \/>\n<\/span><\/li>\n<li><span class=\"fontstyle2\">C\u1ea3m bi\u1ebfn PerfectAir: T\u1ef1 \u0111\u1ed9ng \u0111i\u1ec1u ch\u1ec9nh c\u00f4ng su\u1ea5t ph\u00f9 h\u1ee3p v\u1edbi t\u1eebng qu\u00e1 tr\u00ecnh n\u1ea5u n\u01b0\u1edbng<br \/>\n<\/span><\/li>\n<li><span class=\"fontstyle0\">T\u1ef1 \u0111\u1ed9ng chuy\u1ec3n t\u1eeb m\u1ee9c h\u00fat t\u0103ng c\u01b0\u1eddng v\u1ec1 m\u1ee9c c\u00f4ng su\u1ea5t th\u00f4ng th\u01b0\u1eddng sau 6 ph\u00fat<br \/>\n<\/span><\/li>\n<li><span class=\"fontstyle0\">\u0110\u1ed9 \u1ed3n 54 dB<br \/>\n<\/span><\/li>\n<li><span class=\"fontstyle0\">\u0110i\u1ec1u khi\u1ec3n c\u1ea3m \u1ee9ng<br \/>\n<\/span><\/li>\n<li><span class=\"fontstyle0\">H\u1ec7 th\u1ed1ng chi\u1ebfu s\u00e1ng b\u1eb1ng \u0111\u00e8n LED 4&#215;1.5 W<br \/>\n<\/span><\/li>\n<li><span class=\"fontstyle0\">Ti\u1ebft ki\u1ec7m n\u0103ng l\u01b0\u1ee3ng theo ti\u00eau chu\u1ea9n Ch\u00e2u \u00c2u: A+<br \/>\n<\/span><\/li>\n<li><span class=\"fontstyle0\">Xu\u1ea5t x\u1ee9 \u0110\u1ee9c<\/span><\/li>\n<\/ul>\n<figure id=\"attachment_59014\" aria-describedby=\"caption-attachment-59014\" style=\"width: 800px\" class=\"wp-caption alignnone\"><img loading=\"lazy\" decoding=\"async\" class=\"wp-image-59014 size-large\" src=\"https:\/\/livinghome.vn\/thiet-bi\/wp-content\/uploads\/nha-bep\/bosch-hmh\/may-hut-mui\/may-hut-mui-bosch-dib98jq50b\/may-hut-mui-bosch-dib98jq50b-4-800x800.jpg\" alt=\"M\u00e1y h\u00fat m\u00f9i Bosch DIB98JQ50B - \u0110\u1ea3o 54dB 90cm\" width=\"800\" height=\"800\" title=\"\"><figcaption id=\"caption-attachment-59014\" class=\"wp-caption-text\">M\u00e1y h\u00fat m\u00f9i Bosch DIB98JQ50B &#8211; Thi\u1ebft k\u1ebf sang tr\u1ecdng n\u00e2ng t\u1ea7m kh\u00f4ng gian b\u1ebfp<\/figcaption><\/figure>\n<h3>Ch\u1ee9c n\u0103ng an to\u00e0n<\/h3>\n<ul>\n<li>T\u1ea5m l\u01b0\u1edbi l\u1ecdc c\u00f3 th\u1ec3 r\u1eeda b\u1eb1ng m\u00e1y r\u1eeda ch\u00e9n<\/li>\n<li>C\u1ea3nh b\u00e1o b\u00e3o h\u00f2a b\u1ed9 l\u1ecdc d\u1ea7u m\u1ee1 v\u00e0 b\u1ed9 l\u1ecdc than ho\u1ea1t t\u00ednh<\/li>\n<\/ul>\n<h3>Th\u00f4ng s\u1ed1 k\u1ef9 thu\u1eadt<\/h3>\n<p>T\u1ed5ng c\u00f4ng su\u1ea5t: 166 W<\/p>\n<p>Hi\u1ec7u \u0111i\u1ec7n th\u1ebf: 220 &#8211; 240V, T\u1ea7n s\u1ed1 50\/60Hz, 10A<\/p>\n<p>Chi\u1ec1u d\u00e0i d\u00e2y c\u00e1p: 130cm, kh\u00f4ng k\u00e8m \u0111\u1ea7u c\u1eafm<\/p>\n<p>K\u00edch th\u01b0\u1edbc s\u1ea3n ph\u1ea9m: 744 &#8211; 924\/ 744 &#8211; 1044 C x 898 R x 600 S (mm)<\/p>\n","protected":false},"excerpt":{"rendered":"<p><span class=\"fontstyle0\">Thi\u1ebft k\u1ebf l\u1eafp \u0111\u1ea3o<br \/>\n<\/span><\/p>\n<p><span class=\"fontstyle0\">M\u1eb7t inox<br \/>\n<\/span><\/p>\n<p><span class=\"fontstyle0\">C\u00f4ng su\u1ea5t h\u00fat t\u1ed1i \u0111a theo ti\u00eau chu\u1ea9n ch\u00e2u \u00c2u DIN\/EN 61591: 867 m\u00b3\/h<br \/>\n<\/span><\/p>\n<p><span class=\"fontstyle2\">C\u00f4ng ngh\u1ec7 \u0111\u1ed9ng c\u01a1 kh\u00f4ng ch\u1ed5i than, \u0111\u1ed9 \u1ed3n th\u1ea5p, tu\u1ed5i th\u1ecd cao<br \/>\n<\/span><\/p>\n<p><span class=\"fontstyle0\">3 m\u1ee9c c\u00f4ng su\u1ea5t h\u00fat v\u00e0 2 m\u1ee9c \u0111\u1ed9 h\u00fat t\u0103ng c\u01b0\u1eddng<br \/>\n<\/span><\/p>\n<p><span class=\"fontstyle2\">C\u1ea3m bi\u1ebfn PerfectAir: T\u1ef1 \u0111\u1ed9ng \u0111i\u1ec1u ch\u1ec9nh c\u00f4ng su\u1ea5t ph\u00f9 h\u1ee3p v\u1edbi t\u1eebng qu\u00e1 tr\u00ecnh n\u1ea5u n\u01b0\u1edbng<br \/>\n<\/span><\/p>\n<p><span class=\"fontstyle0\">T\u1ef1 \u0111\u1ed9ng chuy\u1ec3n t\u1eeb m\u1ee9c h\u00fat t\u0103ng c\u01b0\u1eddng v\u1ec1 m\u1ee9c c\u00f4ng su\u1ea5t th\u00f4ng th\u01b0\u1eddng sau 6 ph\u00fat<br \/>\n<\/span><\/p>\n<p><span class=\"fontstyle0\">\u0110\u1ed9 \u1ed3n 54 dB<br \/>\n<\/span><\/p>\n<p><span class=\"fontstyle0\">\u0110i\u1ec1u khi\u1ec3n c\u1ea3m \u1ee9ng<br \/>\n<\/span><\/p>\n<p><span class=\"fontstyle0\">H\u1ec7 th\u1ed1ng chi\u1ebfu s\u00e1ng b\u1eb1ng \u0111\u00e8n LED 4&#215;1.5 W<br \/>\n<\/span><\/p>\n<p><span class=\"fontstyle0\">Ti\u1ebft ki\u1ec7m n\u0103ng l\u01b0\u1ee3ng theo ti\u00eau chu\u1ea9n Ch\u00e2u \u00c2u: A+<br \/>\n<\/span><\/p>\n<p><span class=\"fontstyle0\">Xu\u1ea5t x\u1ee9 \u0110\u1ee9c<\/span><\/p>\n","protected":false},"featured_media":4851,"comment_status":"open","ping_status":"closed","template":"","meta":[],"product_brand":[],"product_cat":[499,472],"product_tag":[473,86,500,135],"class_list":{"0":"post-4642","1":"product","2":"type-product","3":"status-publish","4":"has-post-thumbnail","6":"product_cat-may-hut-mui-bosch","7":"product_cat-thuong-hieu-bosch","8":"product_tag-bosch","9":"product_tag-may-hut-mui","10":"product_tag-may-hut-mui-bosch","11":"product_tag-may-hut-mui-dao","13":"first","14":"instock","15":"sale","16":"shipping-taxable","17":"purchasable","18":"product-type-simple"},"_links":{"self":[{"href":"https:\/\/livinghome.vn\/thiet-bi\/wp-json\/wp\/v2\/product\/4642","targetHints":{"allow":["GET"]}}],"collection":[{"href":"https:\/\/livinghome.vn\/thiet-bi\/wp-json\/wp\/v2\/product"}],"about":[{"href":"https:\/\/livinghome.vn\/thiet-bi\/wp-json\/wp\/v2\/types\/product"}],"replies":[{"embeddable":true,"href":"https:\/\/livinghome.vn\/thiet-bi\/wp-json\/wp\/v2\/comments?post=4642"}],"wp:featuredmedia":[{"embeddable":true,"href":"https:\/\/livinghome.vn\/thiet-bi\/wp-json\/wp\/v2\/media\/4851"}],"wp:attachment":[{"href":"https:\/\/livinghome.vn\/thiet-bi\/wp-json\/wp\/v2\/media?parent=4642"}],"wp:term":[{"taxonomy":"product_brand","embeddable":true,"href":"https:\/\/livinghome.vn\/thiet-bi\/wp-json\/wp\/v2\/product_brand?post=4642"},{"taxonomy":"product_cat","embeddable":true,"href":"https:\/\/livinghome.vn\/thiet-bi\/wp-json\/wp\/v2\/product_cat?post=4642"},{"taxonomy":"product_tag","embeddable":true,"href":"https:\/\/livinghome.vn\/thiet-bi\/wp-json\/wp\/v2\/product_tag?post=4642"}],"curies":[{"name":"wp","href":"https:\/\/api.w.org\/{rel}","templated":true}]}}