{"id":463,"date":"2023-01-12T10:19:42","date_gmt":"2023-01-12T10:19:42","guid":{"rendered":"https:\/\/livinghome.vn\/thiet-bi\/?post_type=product&#038;p=463"},"modified":"2024-11-29T14:21:02","modified_gmt":"2024-11-29T07:21:02","slug":"bep-dien-tu-eurosun-eu-te728pro-2-vung-nau-nhap-khau-malaysia-da-dung","status":"publish","type":"product","link":"https:\/\/livinghome.vn\/thiet-bi\/bep-dien-tu-eurosun-eu-te728pro-2-vung-nau-nhap-khau-malaysia-da-dung\/","title":{"rendered":"B\u1ebfp \u0111i\u1ec7n t\u1eeb Eurosun EU-TE728Pro 2 v\u00f9ng n\u1ea5u nh\u1eadp kh\u1ea9u Malaysia \u0111a d\u1ee5ng"},"content":{"rendered":"<h2>B\u1ebfp \u0111i\u1ec7n t\u1eeb Eurosun EU-TE728Pro 2 v\u00f9ng n\u1ea5u nh\u1eadp kh\u1ea9u Malaysia \u0111a d\u1ee5ng c\u00f3 g\u00ec hot:<\/h2>\n<figure id=\"attachment_44039\" aria-describedby=\"caption-attachment-44039\" style=\"width: 800px\" class=\"wp-caption alignnone\"><img loading=\"lazy\" decoding=\"async\" class=\"wp-image-44039 size-large\" src=\"https:\/\/livinghome.vn\/thiet-bi\/wp-content\/uploads\/nha-bep\/eurosun\/bep-dien-tu\/bep-dien-tu-eurosun-eu-te728pro\/bep-dien-tu-eurosun-eu-te728pro-1-800x800.jpg\" alt=\"B\u1ebfp \u0111i\u1ec7n t\u1eeb Eurosun EU-TE728Pro 2 v\u00f9ng n\u1ea5u nh\u1eadp kh\u1ea9u \u0111a d\u1ee5ng\" width=\"800\" height=\"800\" title=\"\"><figcaption id=\"caption-attachment-44039\" class=\"wp-caption-text\">B\u1ebfp \u0111i\u1ec7n t\u1eeb Eurosun EU-TE728Pro 2 v\u00f9ng n\u1ea5u nh\u1eadp kh\u1ea9u \u0111a d\u1ee5ng<\/figcaption><\/figure>\n<h3><strong><span class=\"fontstyle0\">\u0110\u1eb7c t\u00ednh s\u1ea3n ph\u1ea9m<\/span> <\/strong><\/h3>\n<ul>\n<li><span class=\"fontstyle0\">L\u00f2 tr\u00e1i <a href=\"https:\/\/livinghome.vn\/thiet-bi\/bep-tu\/\">c\u1ea3m \u1ee9ng t\u1eeb<\/a><br \/>\n<\/span><\/li>\n<li><span class=\"fontstyle0\">L\u00f2 ph\u1ea3i B\u1ebfp h\u1ed3ng ngo\u1ea1i, 2 v\u00f2ng nhi\u1ec7t ti\u1ec7n d\u1ee5ng<br \/>\n<\/span><\/li>\n<li><span class=\"fontstyle0\">M\u1eb7t k\u00ednh <\/span><span class=\"fontstyle2\">SCHOTT CERAN <\/span><span class=\"fontstyle0\">v\u00e1t 4 c\u1ea1nh, vi\u1ec1n h\u1ee3p kim nh\u00f4m cao c\u1ea5p<br \/>\n<\/span><\/li>\n<li><span class=\"fontstyle0\">C\u00f4ng ngh\u1ec7 bi\u1ebfn t\u1ea7n <\/span><span class=\"fontstyle2\">Bridge INVERTER <\/span><span class=\"fontstyle0\">th\u00f4ng minh v\u01b0\u1ee3t tr\u1ed9i \u0111un n\u1ea5u v\u00e0 gi\u1eef nhi\u1ec7t li\u00ean t\u1ee5c \u1edf m\u1ee9c th\u1ea5p nh\u1ea5t kh\u00f4ng t\u1eaft m\u1edf. Ti\u1ebft ki\u1ec7m l\u00ean t\u1edbi 30% \u0111i\u1ec7n n\u0103ng.<br \/>\n<\/span><\/li>\n<li><span class=\"fontstyle0\">Ch\u1ee9c n\u0103ng &#8220;<\/span><span class=\"fontstyle2\">Booste<\/span><span class=\"fontstyle0\">r&#8221; 2 v\u00f9ng n\u1ea5u ri\u00eang bi\u1ec7t Max 2800W<br \/>\n<\/span><\/li>\n<li><span class=\"fontstyle0\">\u0110i\u1ec1u khi\u1ec3n <\/span><span class=\"fontstyle2\">tr\u01b0\u1ee3t c\u1ea3m \u1ee9ng 12 m\u1ee9c c\u00f4ng su\u1ea5t <\/span><span class=\"fontstyle0\">\u0111\u1ed9c l\u1eadp<br \/>\n<\/span><\/li>\n<li><span class=\"fontstyle0\">T\u1ed1c \u0111\u1ed9 t\u0103ng nhi\u1ec7t nhanh g\u1ea5p 2 l\u1ea7n so v\u1edbi b\u1ebfp truy\u1ec1n th\u1ed1ng.<br \/>\n<\/span><\/li>\n<li><span class=\"fontstyle0\">N\u1ea5u th\u1ee9c \u0103n v\u1edbi \u0111\u1ed9 ch\u00ednh x\u00e1c cao ph\u1ea3n \u1ee9ng t\u1ee9c th\u00ec v\u1edbi m\u1ee9c nhi\u1ec7t mong mu\u1ed1n<br \/>\n<\/span><\/li>\n<li><span class=\"fontstyle0\">T\u1ef1 \u0111\u1ed9ng ph\u00e1t hi\u1ec7n v\u00f9ng n\u1ea5u v\u00e0 v\u00f9ng n\u1ea5u ch\u1ec9 n\u00f3ng l\u00ean khi c\u00f3 n\u1ed3i.<br \/>\n<\/span><\/li>\n<li><span class=\"fontstyle0\">Ch\u1ee9c n\u0103ng <\/span><span class=\"fontstyle2\">h\u00e2m n\u00f3ng Warm <\/span><span class=\"fontstyle0\">\u1edf nhi\u1ec7t \u0111\u1ed9 m\u1ee9c <\/span><span class=\"fontstyle2\">45\u00baC, 65\u00baC, 85\u00baC<br \/>\n<\/span><\/li>\n<li><span class=\"fontstyle0\">Ch\u1ee9c n\u0103ng <\/span><span class=\"fontstyle2\">chi\u00ean r\u00e1n Frying <\/span><span class=\"fontstyle0\">v\u1edbi nhi\u1ec1u m\u1ee9c nhi\u1ec7t \u0111\u1ed9<\/span><\/li>\n<\/ul>\n<h3><strong style=\"font-size: 20.16px;\"><span class=\"fontstyle0\">Ch\u1ee9c n\u0103ng an to\u00e0n<\/span><\/strong><\/h3>\n<ul>\n<li><span class=\"fontstyle0\">Ch\u1ee9c n\u0103ng <\/span><span class=\"fontstyle2\">t\u1ea1m d\u1eebng Pause \u201cStop go\u201d<br \/>\n<\/span><\/li>\n<li><span class=\"fontstyle0\">Ch\u1ee9c n\u0103ng <\/span><span class=\"fontstyle2\">ch\u1ed1ng tr\u00e0o n\u01b0\u1edbc Water overflow<br \/>\n<\/span><\/li>\n<li><span class=\"fontstyle0\">Ch\u1ee9c n\u0103ng t\u1eaft t\u1ef1 \u0111\u1ed9ng t\u1eaft b\u1ebfp khi kh\u00f4ng c\u00f3 n\u1ed3i<br \/>\n<\/span><\/li>\n<li><span class=\"fontstyle0\">Kh\u00f3a tr\u1ebb em <\/span><span class=\"fontstyle3\">Child lock<br \/>\n<\/span><\/li>\n<li><span class=\"fontstyle0\">H\u1eb9n gi\u1edd gi\u1edbi h\u1ea1n th\u1eddi gian ho\u1ea1t \u0111\u1ed9ng.<br \/>\n<\/span><\/li>\n<li><span class=\"fontstyle0\">B\u1ea3o v\u1ec7 qu\u00e1 nhi\u1ec7t (c\u1ea3m bi\u1ebfn nhi\u1ec7t \u0111\u1ed9 t\u00edch h\u1ee3p trong t\u1eebng v\u00f9ng n\u1ea5u)<br \/>\n<\/span><\/li>\n<li><span class=\"fontstyle0\">Ch\u1ec9 b\u00e1o nhi\u1ec7t d\u01b0: \u201cH\u201d \u0111\u01b0\u1ee3c hi\u1ec3n th\u1ecb cho t\u1eebng v\u00f9ng n\u1ea5u c\u00f2n n\u00f3ng<br \/>\n<\/span><\/li>\n<li><span class=\"fontstyle0\">T\u00ednh n\u0103ng chia s\u1ebb c\u00f4ng su\u1ea5t c\u1ee7a 2 v\u00f9ng n\u1ea5u t\u1ed1i \u0111a 3600W<\/span><\/li>\n<\/ul>\n<h3>\u00a0<strong><span class=\"fontstyle0\">Th\u00f4ng tin k\u1ef9 thu\u1eadt<\/span><\/strong><\/h3>\n<ul>\n<li><span class=\"fontstyle0\">\u0110i\u1ec7n \u00e1p: 220V \/ 50Hz<br \/>\n<\/span><\/li>\n<li><span class=\"fontstyle0\">C\u00f4ng su\u1ea5t l\u00f2 tr\u00e1i: 2200W &#8211; Booster 2800W<br \/>\n<\/span><\/li>\n<li><span class=\"fontstyle0\">C\u00f4ng su\u1ea5t l\u00f2 ph\u1ea3i: 2200\/1000W<br \/>\n<\/span><\/li>\n<li><span class=\"fontstyle0\">K\u00edch th\u01b0\u1edbc s\u1ea3n ph\u1ea9m: 730R x 430S x 60C mm<br \/>\n<\/span><\/li>\n<li><span class=\"fontstyle0\">K\u00edch th\u01b0\u1edbc kho\u00e9t \u0111\u00e1: 700R x 412S mm<\/span><\/li>\n<\/ul>\n","protected":false},"excerpt":{"rendered":"<p>B\u1ebfp \u0111i\u1ec7n t\u1eeb Eurosun EU-TE728Pro 2 v\u00f9ng n\u1ea5u nh\u1eadp kh\u1ea9u Malaysia \u0111a d\u1ee5ng c\u00f3 g\u00ec hot: \u0110\u1eb7c t\u00ednh s\u1ea3n ph\u1ea9m L\u00f2 tr\u00e1i c\u1ea3m \u1ee9ng t\u1eeb L\u00f2 ph\u1ea3i B\u1ebfp h\u1ed3ng ngo\u1ea1i, 2 v\u00f2ng nhi\u1ec7t ti\u1ec7n d\u1ee5ng M\u1eb7t k\u00ednh SCHOTT CERAN v\u00e1t 4 c\u1ea1nh, vi\u1ec1n h\u1ee3p kim nh\u00f4m cao c\u1ea5p C\u00f4ng ngh\u1ec7 bi\u1ebfn t\u1ea7n Bridge INVERTER th\u00f4ng [&#8230;]\n","protected":false},"featured_media":571,"comment_status":"open","ping_status":"closed","template":"","meta":[],"product_brand":[],"product_cat":[745,793,813,796,715,799,80,801,802,807,741,106],"product_tag":[81,113,115,114,108],"class_list":{"0":"post-463","1":"product","2":"type-product","3":"status-publish","4":"has-post-thumbnail","6":"product_cat-bep-dien-tu","7":"product_cat-bep-1-dien-1-tu","8":"product_cat-bep-dien-tu-chung-cu","9":"product_cat-bep-dien-tu-doi","10":"product_cat-bep-dien-tu-eurosun","11":"product_cat-bep-dien-tu-hinh-chu-nhat","12":"product_cat-bep-dien-tu-ket-hop","13":"product_cat-bep-dien-tu-khong-ken-noi","14":"product_cat-bep-dien-tu-mat-kinh-schott-ceran","15":"product_cat-bep-dien-tu-tiet-kiem-dien","16":"product_cat-bep-hong-ngoai","17":"product_cat-thuong-hieu-eurosun","18":"product_tag-bep-dien-tu","19":"product_tag-bep-dien-tu-2-vung-nau","20":"product_tag-bep-dien-tu-am","21":"product_tag-bep-dien-tu-eurosun","22":"product_tag-eurosun","24":"first","25":"instock","26":"sale","27":"shipping-taxable","28":"purchasable","29":"product-type-simple"},"_links":{"self":[{"href":"https:\/\/livinghome.vn\/thiet-bi\/wp-json\/wp\/v2\/product\/463","targetHints":{"allow":["GET"]}}],"collection":[{"href":"https:\/\/livinghome.vn\/thiet-bi\/wp-json\/wp\/v2\/product"}],"about":[{"href":"https:\/\/livinghome.vn\/thiet-bi\/wp-json\/wp\/v2\/types\/product"}],"replies":[{"embeddable":true,"href":"https:\/\/livinghome.vn\/thiet-bi\/wp-json\/wp\/v2\/comments?post=463"}],"wp:featuredmedia":[{"embeddable":true,"href":"https:\/\/livinghome.vn\/thiet-bi\/wp-json\/wp\/v2\/media\/571"}],"wp:attachment":[{"href":"https:\/\/livinghome.vn\/thiet-bi\/wp-json\/wp\/v2\/media?parent=463"}],"wp:term":[{"taxonomy":"product_brand","embeddable":true,"href":"https:\/\/livinghome.vn\/thiet-bi\/wp-json\/wp\/v2\/product_brand?post=463"},{"taxonomy":"product_cat","embeddable":true,"href":"https:\/\/livinghome.vn\/thiet-bi\/wp-json\/wp\/v2\/product_cat?post=463"},{"taxonomy":"product_tag","embeddable":true,"href":"https:\/\/livinghome.vn\/thiet-bi\/wp-json\/wp\/v2\/product_tag?post=463"}],"curies":[{"name":"wp","href":"https:\/\/api.w.org\/{rel}","templated":true}]}}