{"id":4613,"date":"2023-01-12T19:10:38","date_gmt":"2023-01-12T19:10:38","guid":{"rendered":"https:\/\/livinghome.vn\/thiet-bi\/?post_type=product&#038;p=4613"},"modified":"2024-11-29T14:19:51","modified_gmt":"2024-11-29T07:19:51","slug":"may-hut-mui-bosch-dwb77cm50-gan-tuong-60db-70cm","status":"publish","type":"product","link":"https:\/\/livinghome.vn\/thiet-bi\/may-hut-mui-bosch-dwb77cm50-gan-tuong-60db-70cm\/","title":{"rendered":"M\u00e1y h\u00fat m\u00f9i Bosch DWB77CM50 &#8211; G\u1eafn t\u01b0\u1eddng 60dB 70cm"},"content":{"rendered":"<h1>Living Home xin tr\u00e2n tr\u1ecdng gi\u1edbi thi\u1ec7u \u0111\u1ebfn b\u1ea1n M\u00e1y h\u00fat m\u00f9i Bosch DWB77CM50 v\u1edbi nh\u1eefng t\u00ednh n\u0103ng v\u00f4 c\u00f9ng h\u1ea5p d\u1eabn nh\u01b0 sau<\/h1>\n<h3>\u0110\u1eb7c t\u00ednh s\u1ea3n ph\u1ea9m<\/h3>\n<ul>\n<li>Thi\u1ebft k\u1ebf g\u1eafn t\u01b0\u1eddng<\/li>\n<li>M\u1eb7t Inox<\/li>\n<li>C\u00f4ng su\u1ea5t h\u00fat t\u1ed1i \u0111a theo ti\u00eau chu\u1ea9n ch\u00e2u \u00c2u DIN\/EN 61591: 671 m3\/h<\/li>\n<li>C\u00f4ng ngh\u1ec7 \u0111\u1ed9ng c\u01a1 kh\u00f4ng ch\u1ed5i than, \u0111\u1ed9 \u1ed3n th\u1ea5p, tu\u1ed5i th\u1ecd cao<\/li>\n<li>3 m\u1ee9c c\u00f4ng su\u1ea5t h\u00fat v\u00e0 1 m\u1ee9c \u0111\u1ed9 h\u00fat t\u0103ng c\u01b0\u1eddng<\/li>\n<li>T\u1ef1 \u0111\u1ed9ng chuy\u1ec3n t\u1eeb m\u1ee9c h\u00fat t\u0103ng c\u01b0\u1eddng v\u1ec1 m\u1ee9c c\u00f4ng su\u1ea5t th\u00f4ng th\u01b0\u1eddng sau 6 ph\u00fat<\/li>\n<li>\u0110\u1ed9 \u1ed3n 60 dB<\/li>\n<li>\u0110i\u1ec1u khi\u1ec3n c\u1ea3m \u1ee9ng<\/li>\n<li>H\u1ec7 th\u1ed1ng chi\u1ebfu s\u00e1ng b\u1eb1ng \u0111\u00e8n LED 2 x 1.5 W<\/li>\n<li>Ti\u1ebft ki\u1ec7m n\u0103ng l\u01b0\u1ee3ng theo ti\u00eau chu\u1ea9n Ch\u00e2u \u00c2u: A<\/li>\n<\/ul>\n<h3>Ch\u1ee9c n\u0103ng an to\u00e0n<\/h3>\n<ul>\n<li>M\u00e1y trang b\u1ecb 2 l\u01b0\u1edbi l\u1ecdc c\u00f3 th\u1ec3 r\u1eeda b\u1eb1ng m\u00e1y r\u1eeda ch\u00e9n<\/li>\n<\/ul>\n<h3 id=\"tab-2\" class=\"tab-panel\"><span id=\"thong-tin-ky-thuat\">Th\u00f4ng tin k\u1ef9 thu\u1eadt<\/span><\/h3>\n<ul>\n<li>T\u1ed5ng c\u00f4ng su\u1ea5t: 143W<\/li>\n<li>Hi\u1ec7u \u0111i\u1ec7n th\u1ebf: 220 &#8211; 240V, T\u1ea7n s\u1ed1: 50\/60 Hz, 10A<\/li>\n<li>Chi\u1ec1u d\u00e0i d\u00e2y c\u00e1p: 130cm, kh\u00f4ng k\u00e8m \u0111\u1ea7u c\u1eafm<\/li>\n<li>K\u00edch th\u01b0\u1edbc s\u1ea3n ph\u1ea9m: 628 &#8211; 954\/ 628 &#8211; 1064C x 698R x 500S mm<\/li>\n<\/ul>\n<figure id=\"attachment_59027\" aria-describedby=\"caption-attachment-59027\" style=\"width: 800px\" class=\"wp-caption alignnone\"><img loading=\"lazy\" decoding=\"async\" class=\"wp-image-59027 size-large\" src=\"https:\/\/livinghome.vn\/thiet-bi\/wp-content\/uploads\/nha-bep\/bosch-hmh\/may-hut-mui\/may-hut-mui-bosch-dwb77cm50\/may-hut-mui-bosch-dwb77cm50-4-800x800.jpg\" alt=\"M\u00e1y h\u00fat m\u00f9i Bosch DWB77CM50 - G\u1eafn t\u01b0\u1eddng 60dB 70cm\" width=\"800\" height=\"800\" title=\"\"><figcaption id=\"caption-attachment-59027\" class=\"wp-caption-text\">M\u00e1y h\u00fat m\u00f9i Bosch DWB77CM50 &#8211; Chi ti\u1ebft l\u1eafp \u0111\u1eb7t<\/figcaption><\/figure>\n","protected":false},"excerpt":{"rendered":"<p>Thi\u1ebft k\u1ebf g\u1eafn t\u01b0\u1eddng<\/p>\n<p>M\u1eb7t Inox<\/p>\n<p>C\u00f4ng su\u1ea5t h\u00fat t\u1ed1i \u0111a theo ti\u00eau chu\u1ea9n ch\u00e2u \u00c2u DIN\/EN 61591: 671 m3\/h<\/p>\n<p>C\u00f4ng ngh\u1ec7 \u0111\u1ed9ng c\u01a1 kh\u00f4ng ch\u1ed5i than, \u0111\u1ed9 \u1ed3n th\u1ea5p, tu\u1ed5i th\u1ecd cao<\/p>\n<p>3 m\u1ee9c c\u00f4ng su\u1ea5t h\u00fat v\u00e0 1 m\u1ee9c \u0111\u1ed9 h\u00fat t\u0103ng c\u01b0\u1eddng<\/p>\n<p>T\u1ef1 \u0111\u1ed9ng chuy\u1ec3n t\u1eeb m\u1ee9c h\u00fat t\u0103ng c\u01b0\u1eddng v\u1ec1 m\u1ee9c c\u00f4ng su\u1ea5t th\u00f4ng th\u01b0\u1eddng sau 6 ph\u00fat<\/p>\n<p>\u0110\u1ed9 \u1ed3n 60 dB<\/p>\n<p>\u0110i\u1ec1u khi\u1ec3n c\u1ea3m \u1ee9ng<\/p>\n<p>H\u1ec7 th\u1ed1ng chi\u1ebfu s\u00e1ng b\u1eb1ng \u0111\u00e8n LED 2 x 1.5 W<\/p>\n<p>Ti\u1ebft ki\u1ec7m n\u0103ng l\u01b0\u1ee3ng theo ti\u00eau chu\u1ea9n Ch\u00e2u \u00c2u: A<\/p>\n","protected":false},"featured_media":4838,"comment_status":"open","ping_status":"closed","template":"","meta":[],"product_brand":[],"product_cat":[499,472],"product_tag":[473,86,500,90],"class_list":{"0":"post-4613","1":"product","2":"type-product","3":"status-publish","4":"has-post-thumbnail","6":"product_cat-may-hut-mui-bosch","7":"product_cat-thuong-hieu-bosch","8":"product_tag-bosch","9":"product_tag-may-hut-mui","10":"product_tag-may-hut-mui-bosch","11":"product_tag-may-hut-mui-gan-tuong","13":"first","14":"instock","15":"sale","16":"shipping-taxable","17":"purchasable","18":"product-type-simple"},"_links":{"self":[{"href":"https:\/\/livinghome.vn\/thiet-bi\/wp-json\/wp\/v2\/product\/4613","targetHints":{"allow":["GET"]}}],"collection":[{"href":"https:\/\/livinghome.vn\/thiet-bi\/wp-json\/wp\/v2\/product"}],"about":[{"href":"https:\/\/livinghome.vn\/thiet-bi\/wp-json\/wp\/v2\/types\/product"}],"replies":[{"embeddable":true,"href":"https:\/\/livinghome.vn\/thiet-bi\/wp-json\/wp\/v2\/comments?post=4613"}],"wp:featuredmedia":[{"embeddable":true,"href":"https:\/\/livinghome.vn\/thiet-bi\/wp-json\/wp\/v2\/media\/4838"}],"wp:attachment":[{"href":"https:\/\/livinghome.vn\/thiet-bi\/wp-json\/wp\/v2\/media?parent=4613"}],"wp:term":[{"taxonomy":"product_brand","embeddable":true,"href":"https:\/\/livinghome.vn\/thiet-bi\/wp-json\/wp\/v2\/product_brand?post=4613"},{"taxonomy":"product_cat","embeddable":true,"href":"https:\/\/livinghome.vn\/thiet-bi\/wp-json\/wp\/v2\/product_cat?post=4613"},{"taxonomy":"product_tag","embeddable":true,"href":"https:\/\/livinghome.vn\/thiet-bi\/wp-json\/wp\/v2\/product_tag?post=4613"}],"curies":[{"name":"wp","href":"https:\/\/api.w.org\/{rel}","templated":true}]}}