{"id":4565,"date":"2023-01-12T19:09:34","date_gmt":"2023-01-12T19:09:34","guid":{"rendered":"https:\/\/livinghome.vn\/thiet-bi\/?post_type=product&#038;p=4565"},"modified":"2024-11-29T14:19:52","modified_gmt":"2024-11-29T07:19:52","slug":"may-hut-mui-bosch-dwk67cm60b-kinh-nghieng-58db-60cm","status":"publish","type":"product","link":"https:\/\/livinghome.vn\/thiet-bi\/may-hut-mui-bosch-dwk67cm60b-kinh-nghieng-58db-60cm\/","title":{"rendered":"M\u00e1y h\u00fat m\u00f9i Bosch DWK67CM60B &#8211; K\u00ednh nghi\u00eang 58dB 60cm"},"content":{"rendered":"<h1>Living Home xin tr\u00e2n tr\u1ecdng gi\u1edbi thi\u1ec7u \u0111\u1ebfn b\u1ea1n M\u00e1y h\u00fat m\u00f9i Bosch DWK67CM60B v\u1edbi nh\u1eefng t\u00ednh n\u0103ng v\u00f4 c\u00f9ng h\u1ea5p d\u1eabn nh\u01b0 sau<\/h1>\n<h3>\u0110\u1eb7c t\u00ednh s\u1ea3n ph\u1ea9m<\/h3>\n<ul>\n<li>Thi\u1ebft k\u1ebf g\u1eafn t\u01b0\u1eddng, k\u00ednh nghi\u00eang<\/li>\n<li>M\u1eb7t k\u00ednh \u0111en sang tr\u1ecdng<\/li>\n<li>C\u00f4ng su\u1ea5t h\u00fat t\u1ed1i \u0111a theo ti\u00eau chu\u1ea9n ch\u00e2u \u00c2u DIN\/EN 61591: 700 m<sup>3<\/sup>\/h<\/li>\n<li>3 m\u1ee9c c\u00f4ng su\u1ea5t h\u00fat &amp; 1 m\u1ee9c t\u0103ng c\u01b0\u1eddng<\/li>\n<li>C\u1ea3m bi\u1ec3n PerfectAir t\u1ef1 \u0111\u1ed9ng ki\u1ec3m so\u00e1t c\u00f4ng su\u1ea5t h\u00fat ph\u00f9 h\u1ee3p, t\u1ed1i \u01b0u nh\u1ea5t<\/li>\n<li>Ho\u1ea1t \u0111\u1ed9ng si\u00eau y\u00ean t\u0129nh v\u1edbi \u0111\u1ed9 \u1ed3n ch\u1ec9 58dB<\/li>\n<li>\u0110i\u1ec1u khi\u1ec3n c\u1ea3m \u1ee9ng hi\u1ec7n \u0111\u1ea1i<\/li>\n<li>H\u1ec7 th\u1ed1ng chi\u1ebfu s\u00e1ng b\u1eb1ng \u0111\u00e8n LED ti\u1ebft ki\u1ec7m t\u1ed1i \u0111a v\u00e0 cung c\u1ea5p hi\u1ec7u n\u0103ng cao h\u01a1n<\/li>\n<li>Xu\u1ea5t x\u1ee9: \u0110\u1ee9c<\/li>\n<\/ul>\n<figure id=\"attachment_59055\" aria-describedby=\"caption-attachment-59055\" style=\"width: 800px\" class=\"wp-caption alignnone\"><img loading=\"lazy\" decoding=\"async\" class=\"wp-image-59055 size-large\" src=\"https:\/\/livinghome.vn\/thiet-bi\/wp-content\/uploads\/nha-bep\/bosch-hmh\/may-hut-mui\/may-hut-mui-bosch-dwk67cm60b\/may-hut-mui-bosch-dwk67cm60b-5-800x800.jpg\" alt=\"M\u00e1y h\u00fat m\u00f9i Bosch DWK67CM60B - K\u00ednh nghi\u00eang 58dB 60cm\" width=\"800\" height=\"800\" title=\"\"><figcaption id=\"caption-attachment-59055\" class=\"wp-caption-text\">M\u00e1y h\u00fat m\u00f9i Bosch DWK67CM60B &#8211; Thi\u1ebft k\u1ebf g\u1eafn t\u01b0\u1eddng m\u1eb7t k\u00ednh \u0111en sang tr\u1ecdng<\/figcaption><\/figure>\n<h3>Ch\u1ee9c n\u0103ng an to\u00e0n<\/h3>\n<ul>\n<li>T\u1ea5m l\u01b0\u1edbi l\u1ecdc c\u00f3 th\u1ec3 r\u1eeda b\u1eb1ng m\u00e1y r\u1eeda ch\u00e9n<\/li>\n<\/ul>\n<h3>Th\u00f4ng s\u1ed1 k\u1ef9 thu\u1eadt<\/h3>\n<ul>\n<li>T\u1ed5ng c\u00f4ng su\u1ea5t: 263 W<\/li>\n<li>Hi\u1ec7u \u0111i\u1ec7n th\u1ebf: 220 &#8211; 240V<\/li>\n<li>T\u1ea7n s\u1ed1: 50 &#8211; 60 Hz, 10A<\/li>\n<li>Chi\u1ec1u d\u00e0i d\u00e2y c\u00e1p: 1.3m kh\u00f4ng k\u00e8m \u0111\u1ea7u c\u1eafm<\/li>\n<li>K\u00edch th\u01b0\u1edbc s\u1ea3n ph\u1ea9m: 590R x 499S x 928 &#8211; 1198C (mm)<\/li>\n<\/ul>\n","protected":false},"excerpt":{"rendered":"<p>Thi\u1ebft k\u1ebf g\u1eafn t\u01b0\u1eddng, k\u00ednh nghi\u00eang<\/p>\n<p>M\u1eb7t k\u00ednh \u0111en sang tr\u1ecdng<\/p>\n<p>C\u00f4ng su\u1ea5t h\u00fat t\u1ed1i \u0111a theo ti\u00eau chu\u1ea9n ch\u00e2u \u00c2u DIN\/EN 61591: 700 m<sup>3<\/sup>\/h<\/p>\n<p>3 m\u1ee9c c\u00f4ng su\u1ea5t h\u00fat &amp; 1 m\u1ee9c t\u0103ng c\u01b0\u1eddng<\/p>\n<p>C\u1ea3m bi\u1ec3n PerfectAir t\u1ef1 \u0111\u1ed9ng ki\u1ec3m so\u00e1t c\u00f4ng su\u1ea5t h\u00fat ph\u00f9 h\u1ee3p, t\u1ed1i \u01b0u nh\u1ea5t<\/p>\n<p>Ho\u1ea1t \u0111\u1ed9ng si\u00eau y\u00ean t\u0129nh v\u1edbi \u0111\u1ed9 \u1ed3n ch\u1ec9 58dB<\/p>\n<p>\u0110i\u1ec1u khi\u1ec3n c\u1ea3m \u1ee9ng hi\u1ec7n \u0111\u1ea1i<\/p>\n<p>H\u1ec7 th\u1ed1ng chi\u1ebfu s\u00e1ng b\u1eb1ng \u0111\u00e8n LED ti\u1ebft ki\u1ec7m t\u1ed1i \u0111a v\u00e0 cung c\u1ea5p hi\u1ec7u n\u0103ng cao h\u01a1n<\/p>\n<p>Xu\u1ea5t x\u1ee9: \u0110\u1ee9c<\/p>\n","protected":false},"featured_media":4805,"comment_status":"open","ping_status":"closed","template":"","meta":[],"product_brand":[],"product_cat":[499,472],"product_tag":[473,86,500],"class_list":{"0":"post-4565","1":"product","2":"type-product","3":"status-publish","4":"has-post-thumbnail","6":"product_cat-may-hut-mui-bosch","7":"product_cat-thuong-hieu-bosch","8":"product_tag-bosch","9":"product_tag-may-hut-mui","10":"product_tag-may-hut-mui-bosch","12":"first","13":"instock","14":"sale","15":"shipping-taxable","16":"purchasable","17":"product-type-simple"},"_links":{"self":[{"href":"https:\/\/livinghome.vn\/thiet-bi\/wp-json\/wp\/v2\/product\/4565","targetHints":{"allow":["GET"]}}],"collection":[{"href":"https:\/\/livinghome.vn\/thiet-bi\/wp-json\/wp\/v2\/product"}],"about":[{"href":"https:\/\/livinghome.vn\/thiet-bi\/wp-json\/wp\/v2\/types\/product"}],"replies":[{"embeddable":true,"href":"https:\/\/livinghome.vn\/thiet-bi\/wp-json\/wp\/v2\/comments?post=4565"}],"wp:featuredmedia":[{"embeddable":true,"href":"https:\/\/livinghome.vn\/thiet-bi\/wp-json\/wp\/v2\/media\/4805"}],"wp:attachment":[{"href":"https:\/\/livinghome.vn\/thiet-bi\/wp-json\/wp\/v2\/media?parent=4565"}],"wp:term":[{"taxonomy":"product_brand","embeddable":true,"href":"https:\/\/livinghome.vn\/thiet-bi\/wp-json\/wp\/v2\/product_brand?post=4565"},{"taxonomy":"product_cat","embeddable":true,"href":"https:\/\/livinghome.vn\/thiet-bi\/wp-json\/wp\/v2\/product_cat?post=4565"},{"taxonomy":"product_tag","embeddable":true,"href":"https:\/\/livinghome.vn\/thiet-bi\/wp-json\/wp\/v2\/product_tag?post=4565"}],"curies":[{"name":"wp","href":"https:\/\/api.w.org\/{rel}","templated":true}]}}