{"id":456,"date":"2023-01-12T10:19:41","date_gmt":"2023-01-12T10:19:41","guid":{"rendered":"https:\/\/livinghome.vn\/thiet-bi\/?post_type=product&#038;p=456"},"modified":"2024-11-29T14:21:04","modified_gmt":"2024-11-29T07:21:04","slug":"bep-tu-eurosun-eu-t899g-2-vung-nau-xuat-xu-tu-duc","status":"publish","type":"product","link":"https:\/\/livinghome.vn\/thiet-bi\/bep-tu-eurosun-eu-t899g-2-vung-nau-xuat-xu-tu-duc\/","title":{"rendered":"B\u1ebfp t\u1eeb Eurosun EU-T899G 2 v\u00f9ng n\u1ea5u xu\u1ea5t x\u1ee9 t\u1eeb \u0110\u1ee9c"},"content":{"rendered":"<h2>B\u1ebfp t\u1eeb Eurosun EU-T899G 2 v\u00f9ng n\u1ea5u xu\u1ea5t x\u1ee9 t\u1eeb \u0110\u1ee9c v\u1eeba m\u1edbi ra m\u1eaft v\u1edbi nh\u1eefng t\u00ednh n\u0103ng v\u01b0\u1ee3t tr\u1ed9i<\/h2>\n<figure id=\"attachment_43873\" aria-describedby=\"caption-attachment-43873\" style=\"width: 800px\" class=\"wp-caption alignnone\"><img loading=\"lazy\" decoding=\"async\" class=\"wp-image-43873 size-large\" src=\"https:\/\/livinghome.vn\/thiet-bi\/wp-content\/uploads\/nha-bep\/eurosun\/bep-tu\/bep-tu-eurosun-eu-t899g\/bep-tu-eurosun-eu-t899g-1-800x800.jpg\" alt=\"B\u1ebfp t\u1eeb Eurosun EU-T899G 2 v\u00f9ng n\u1ea5u xu\u1ea5t x\u1ee9 t\u1eeb \u0110\u1ee9c\" width=\"800\" height=\"800\" title=\"\"><figcaption id=\"caption-attachment-43873\" class=\"wp-caption-text\">B\u1ebfp t\u1eeb Eurosun EU-T899G 2 v\u00f9ng n\u1ea5u xu\u1ea5t x\u1ee9 t\u1eeb \u0110\u1ee9c<\/figcaption><\/figure>\n<h3><strong><span class=\"fontstyle0\">\u0110\u1eb7c t\u00ednh s\u1ea3n ph\u1ea9m<\/span> <\/strong><\/h3>\n<ul>\n<li><span class=\"fontstyle0\">2 v\u00f9ng n\u1ea5u <a href=\"https:\/\/livinghome.vn\/product-category\/nha-bep\/bep-nau\/\">c\u1ea3m \u1ee9ng t\u1eeb<\/a><\/span><\/li>\n<li>\u00a0<span class=\"fontstyle0\">M\u1eb7t k\u00ednh <\/span><span class=\"fontstyle2\">SCHOTT CERAN <\/span><span class=\"fontstyle0\">Made in Germany, v\u00e1t 4 c\u1ea1nh, bo vi\u1ec1n h\u1ee3p kim nh\u00f4m cao c\u1ea5p<br \/>\n<\/span><\/li>\n<\/ul>\n<figure id=\"attachment_66312\" aria-describedby=\"caption-attachment-66312\" style=\"width: 800px\" class=\"wp-caption alignnone\"><img loading=\"lazy\" decoding=\"async\" class=\"size-large wp-image-66312\" src=\"https:\/\/livinghome.vn\/thiet-bi\/wp-content\/uploads\/nha-bep\/eurosun\/bep-tu\/bep-tu-eurosun-eu-t899g\/bep-tu-eurosun-eu-t899g-6-800x800.jpg\" alt=\"B\u1ebfp t\u1eeb Eurosun EU-T899G 2 v\u00f9ng n\u1ea5u xu\u1ea5t x\u1ee9 t\u1eeb \u0110\u1ee9c\" width=\"800\" height=\"800\" title=\"\"><figcaption id=\"caption-attachment-66312\" class=\"wp-caption-text\">M\u1eb7t k\u00ednh Schott Ceran si\u00eau b\u1ec1n<\/figcaption><\/figure>\n<ul>\n<li><span class=\"fontstyle0\">Ch\u1ee9c n\u0103ng &#8220;<\/span><span class=\"fontstyle2\">Booster<\/span><span class=\"fontstyle0\">&#8221; si\u00eau nhanh <\/span><span class=\"fontstyle2\">Max 3700W<br \/>\n<\/span><\/li>\n<li><span class=\"fontstyle0\">T\u1eaft m\u1edf tr\u1ef1c ti\u1ebfp cho t\u1eebng l\u00f2 n\u1ea5u<br \/>\n<\/span><\/li>\n<li><span class=\"fontstyle0\">\u0110i\u1ec1u khi\u1ec3n <\/span><span class=\"fontstyle2\">tr\u01b0\u1ee3t c\u1ea3m \u1ee9ng 9 m\u1ee9c c\u00f4ng su\u1ea5t <\/span><span class=\"fontstyle0\">\u0111\u1ed9c l\u1eadp cho 2 v\u00f9ng n\u1ea5u<\/span><\/li>\n<li><span class=\"fontstyle0\">C\u00f4ng ngh\u1ec7 bi\u1ebfn t\u1ea7n <\/span><span class=\"fontstyle2\">Bridge INVERTER <\/span><span class=\"fontstyle0\">th\u00f4ng minh v\u01b0\u1ee3t tr\u1ed9i \u0111un n\u1ea5u v\u00e0 gi\u1eef nhi\u1ec7t li\u00ean t\u1ee5c \u1edf m\u1ee9c th\u1ea5p nh\u1ea5t kh\u00f4ng t\u1eaft m\u1edf. Ti\u1ebft ki\u1ec7m <\/span><span class=\"fontstyle0\">l\u00ean t\u1edbi 35% \u0111i\u1ec7n n\u0103ng<br \/>\n<\/span><\/li>\n<\/ul>\n<figure id=\"attachment_66313\" aria-describedby=\"caption-attachment-66313\" style=\"width: 800px\" class=\"wp-caption alignnone\"><img loading=\"lazy\" decoding=\"async\" class=\"size-large wp-image-66313\" src=\"https:\/\/livinghome.vn\/thiet-bi\/wp-content\/uploads\/nha-bep\/eurosun\/bep-tu\/bep-tu-eurosun-eu-t899g\/bep-tu-eurosun-eu-t899g-7-800x800.jpg\" alt=\"B\u1ebfp t\u1eeb Eurosun EU-T899G 2 v\u00f9ng n\u1ea5u xu\u1ea5t x\u1ee9 t\u1eeb \u0110\u1ee9c\" width=\"800\" height=\"800\" title=\"\"><figcaption id=\"caption-attachment-66313\" class=\"wp-caption-text\">C\u00f4ng ngh\u1ec7 Bride Inverter gi\u00fap b\u1ebfp t\u1eeb Eurosun EU-T899G si\u00eau ti\u1ebft ki\u1ec7m \u0111i\u1ec7n<\/figcaption><\/figure>\n<ul>\n<li><span class=\"fontstyle0\">T\u00ednh n\u0103ng h\u1eb9n gi\u1edd \u0111\u1ed9c l\u1eadp 9h59m<br \/>\n<\/span><\/li>\n<li><span class=\"fontstyle0\">T\u00ednh n\u0103ng n\u1ea5u th\u00f4ng minh<br \/>\n<\/span><\/li>\n<li><span class=\"fontstyle0\">T\u1ef1 \u0111\u1ed9ng ph\u00e1t hi\u1ec7n v\u00f9ng n\u1ea5u<br \/>\n<\/span><\/li>\n<li><span class=\"fontstyle0\">Ch\u1ee9c n\u0103ng <\/span><span class=\"fontstyle2\">h\u00e2m n\u00f3ng Warm <\/span><span class=\"fontstyle0\">\u1edf nhi\u1ec7t \u0111\u1ed9 m\u1ee9c <\/span><span class=\"fontstyle2\">65\u00baC, 75\u00baC, 85\u00baC<\/span><\/li>\n<\/ul>\n<div class=\"mceTemp\"><\/div>\n<h3><strong style=\"font-size: 20.16px;\"><span class=\"fontstyle0\">Ch\u1ee9c n\u0103ng an to\u00e0n<\/span><\/strong><\/h3>\n<ul>\n<li><span class=\"fontstyle0\">Ch\u1ee9c n\u0103ng <\/span><span class=\"fontstyle2\">t\u1ea1m d\u1eebng Pause \u201cStop go\u201d<br \/>\n<\/span><\/li>\n<li><span class=\"fontstyle0\">Kh\u00f3a tr\u1ebb em <\/span><span class=\"fontstyle3\">Child lock<br \/>\n<\/span><\/li>\n<li><span class=\"fontstyle0\">Ch\u1ee9c n\u0103ng t\u1eaft t\u1ef1 \u0111\u1ed9ng l\u1ef1a ch\u1ecdn v\u00e0 k\u00edch ho\u1ea1t v\u00f9ng n\u1ea5u<br \/>\n<\/span><\/li>\n<li><span class=\"fontstyle0\">Ch\u1ee9c n\u0103ng t\u1ef1 \u0111\u1ed9ng t\u1eaft b\u1ebfp khi kh\u00f4ng c\u00f3 n\u1ed3i<br \/>\n<\/span><\/li>\n<li><span class=\"fontstyle0\">Ch\u1ee9c n\u0103ng <\/span><span class=\"fontstyle2\">ch\u1ed1ng tr\u00e0o n\u01b0\u1edbc Water overflow<br \/>\n<\/span><\/li>\n<li><span class=\"fontstyle0\">H\u1eb9n gi\u1edd gi\u1edbi h\u1ea1n th\u1eddi gian ho\u1ea1t \u0111\u1ed9ng 1h59 ph\u00fat<br \/>\n<\/span><\/li>\n<li><span class=\"fontstyle0\">H\u1ec7 th\u1ed1ng b\u1ea3o v\u1ec7 an to\u00e0n khi qu\u00e1 nhi\u1ec7t, qu\u00e1 \u00e1p<br \/>\n<\/span><\/li>\n<li><span class=\"fontstyle0\">C\u1ea3nh b\u00e1o nhi\u1ec7t d\u01b0 cho t\u1eebng v\u00f9ng n\u1ea5u<br \/>\n<\/span><\/li>\n<li><span class=\"fontstyle0\">T\u00ednh n\u0103ng chia s\u1ebb c\u00f4ng su\u1ea5t c\u1ee7a 2 v\u00f9ng n\u1ea5u t\u1ed1i \u0111a 3700W<\/span><\/li>\n<\/ul>\n<figure id=\"attachment_66315\" aria-describedby=\"caption-attachment-66315\" style=\"width: 800px\" class=\"wp-caption alignnone\"><img loading=\"lazy\" decoding=\"async\" class=\"size-large wp-image-66315\" src=\"https:\/\/livinghome.vn\/thiet-bi\/wp-content\/uploads\/nha-bep\/eurosun\/bep-tu\/bep-tu-eurosun-eu-t899g\/bep-tu-eurosun-eu-t899g-8-800x800.jpg\" alt=\"B\u1ebfp t\u1eeb Eurosun EU-T899G 2 v\u00f9ng n\u1ea5u xu\u1ea5t x\u1ee9 t\u1eeb \u0110\u1ee9c\" width=\"800\" height=\"800\" title=\"\"><figcaption id=\"caption-attachment-66315\" class=\"wp-caption-text\">B\u1ebfp t\u1eeb Eurosun EU-T899G 2 v\u00f9ng n\u1ea5u c\u00f4ng su\u1ea5t \u0111\u1ed9c l\u1eadp gi\u00fap vi\u1ec7c n\u1ea5u \u0103n tr\u1edf n\u00ean thu\u1eadn ti\u1ec7n h\u01a1n<\/figcaption><\/figure>\n<div class=\"mceTemp\"><\/div>\n<h3>\u00a0<strong><span class=\"fontstyle0\">Th\u00f4ng tin k\u1ef9 thu\u1eadt<\/span><\/strong><\/h3>\n<ul>\n<li><span class=\"fontstyle0\">\u0110i\u1ec7n \u00e1p: 220V \/ 50Hz<br \/>\n<\/span><\/li>\n<li><span class=\"fontstyle0\">C\u00f4ng su\u1ea5t l\u00f2 tr\u00e1i: 2300W &#8211; Booster 3700W<br \/>\n<\/span><\/li>\n<li><span class=\"fontstyle0\">C\u00f4ng su\u1ea5t l\u00f2 ph\u1ea3i: 2300W &#8211; Booster 3700W<br \/>\n<\/span><\/li>\n<li><span class=\"fontstyle0\">K\u00edch th\u01b0\u1edbc s\u1ea3n ph\u1ea9m: 760R x 450S x 60C mm<br \/>\n<\/span><\/li>\n<li><span class=\"fontstyle0\">K\u00edch th\u01b0\u1edbc kho\u00e9t \u0111\u00e1: 675R x 370S mm<\/span><\/li>\n<\/ul>\n<figure id=\"attachment_66314\" aria-describedby=\"caption-attachment-66314\" style=\"width: 1020px\" class=\"wp-caption alignnone\"><img loading=\"lazy\" decoding=\"async\" class=\"size-large wp-image-66314\" src=\"https:\/\/livinghome.vn\/thiet-bi\/wp-content\/uploads\/nha-bep\/eurosun\/bep-tu\/bep-tu-eurosun-eu-t899g\/bep-tu-eurosun-eu-t899g-9-1067x800.jpg\" alt=\"B\u1ebfp t\u1eeb Eurosun EU-T899G 2 v\u00f9ng n\u1ea5u xu\u1ea5t x\u1ee9 t\u1eeb \u0110\u1ee9c\" width=\"1020\" height=\"765\" title=\"\"><figcaption id=\"caption-attachment-66314\" class=\"wp-caption-text\">B\u1ebfp t\u1eeb Eurosun EU-T899G 2 v\u00f9ng n\u1ea5u xu\u1ea5t x\u1ee9 t\u1eeb \u0110\u1ee9c<\/figcaption><\/figure>\n","protected":false},"excerpt":{"rendered":"<p>B\u1ebfp t\u1eeb Eurosun EU-T899G 2 v\u00f9ng n\u1ea5u xu\u1ea5t x\u1ee9 t\u1eeb \u0110\u1ee9c v\u1eeba m\u1edbi ra m\u1eaft v\u1edbi nh\u1eefng t\u00ednh n\u0103ng v\u01b0\u1ee3t tr\u1ed9i \u0110\u1eb7c t\u00ednh s\u1ea3n ph\u1ea9m 2 v\u00f9ng n\u1ea5u c\u1ea3m \u1ee9ng t\u1eeb \u00a0M\u1eb7t k\u00ednh SCHOTT CERAN Made in Germany, v\u00e1t 4 c\u1ea1nh, bo vi\u1ec1n h\u1ee3p kim nh\u00f4m cao c\u1ea5p Ch\u1ee9c n\u0103ng &#8220;Booster&#8221; si\u00eau nhanh Max 3700W [&#8230;]\n","protected":false},"featured_media":547,"comment_status":"open","ping_status":"closed","template":"","meta":[],"product_brand":[],"product_cat":[745,794,796,809,799,802,75,795,714,106],"product_tag":[76,168,739,111,109,108],"class_list":{"0":"post-456","1":"product","2":"type-product","3":"status-publish","4":"has-post-thumbnail","6":"product_cat-bep-dien-tu","7":"product_cat-bep-2-tu","8":"product_cat-bep-dien-tu-doi","9":"product_cat-bep-dien-tu-duc-germany","10":"product_cat-bep-dien-tu-hinh-chu-nhat","11":"product_cat-bep-dien-tu-mat-kinh-schott-ceran","12":"product_cat-bep-tu","13":"product_cat-bep-tu-doi","14":"product_cat-bep-tu-eurosun","15":"product_cat-thuong-hieu-eurosun","16":"product_tag-bep-tu","17":"product_tag-bep-tu-am","18":"product_tag-bep-tu-am-eurosun","19":"product_tag-bep-tu-doi","20":"product_tag-bep-tu-eurosun","21":"product_tag-eurosun","23":"first","24":"instock","25":"sale","26":"shipping-taxable","27":"purchasable","28":"product-type-simple"},"_links":{"self":[{"href":"https:\/\/livinghome.vn\/thiet-bi\/wp-json\/wp\/v2\/product\/456","targetHints":{"allow":["GET"]}}],"collection":[{"href":"https:\/\/livinghome.vn\/thiet-bi\/wp-json\/wp\/v2\/product"}],"about":[{"href":"https:\/\/livinghome.vn\/thiet-bi\/wp-json\/wp\/v2\/types\/product"}],"replies":[{"embeddable":true,"href":"https:\/\/livinghome.vn\/thiet-bi\/wp-json\/wp\/v2\/comments?post=456"}],"wp:featuredmedia":[{"embeddable":true,"href":"https:\/\/livinghome.vn\/thiet-bi\/wp-json\/wp\/v2\/media\/547"}],"wp:attachment":[{"href":"https:\/\/livinghome.vn\/thiet-bi\/wp-json\/wp\/v2\/media?parent=456"}],"wp:term":[{"taxonomy":"product_brand","embeddable":true,"href":"https:\/\/livinghome.vn\/thiet-bi\/wp-json\/wp\/v2\/product_brand?post=456"},{"taxonomy":"product_cat","embeddable":true,"href":"https:\/\/livinghome.vn\/thiet-bi\/wp-json\/wp\/v2\/product_cat?post=456"},{"taxonomy":"product_tag","embeddable":true,"href":"https:\/\/livinghome.vn\/thiet-bi\/wp-json\/wp\/v2\/product_tag?post=456"}],"curies":[{"name":"wp","href":"https:\/\/api.w.org\/{rel}","templated":true}]}}