{"id":4549,"date":"2023-01-12T19:09:03","date_gmt":"2023-01-12T19:09:03","guid":{"rendered":"https:\/\/livinghome.vn\/thiet-bi\/?post_type=product&#038;p=4549"},"modified":"2024-11-29T14:19:52","modified_gmt":"2024-11-29T07:19:52","slug":"bep-dien-bosch-pky475fb1e","status":"publish","type":"product","link":"https:\/\/livinghome.vn\/thiet-bi\/bep-dien-bosch-pky475fb1e\/","title":{"rendered":"B\u1ebfp \u0111i\u1ec7n Bosch PKY475FB1E"},"content":{"rendered":"<h1>Living Home xin tr\u00e2n tr\u1ecdng gi\u1edbi thi\u1ec7u \u0111\u1ebfn b\u1ea1n B\u1ebfp \u0111i\u1ec7n Bosch PKY475FB1E v\u1edbi nh\u1eefng t\u00ednh n\u0103ng v\u00f4 c\u00f9ng h\u1ea5p d\u1eabn nh\u01b0 sau<\/h1>\n<h3>\u0110\u1eb7c tinh s\u1ea3n ph\u1ea9m<\/h3>\n<ul>\n<li>2 v\u00f9ng n\u1ea5u: N\u1ea5u ho\u1eb7c gia nhi\u1ec7t b\u1eb1ng to\u00e0n b\u1ed9 b\u1ec1 m\u1eb7t ho\u1eb7c m\u1ed9t n\u1eefa<\/li>\n<li>B\u1ec1 m\u1eb7t th\u00e9p kh\u00f4ng gh\u1ec9<\/li>\n<li>\u0110i\u1ec1u khi\u1ec3n c\u1ea3m \u1ee9ng, 9 m\u1ee9c gia nhi\u1ec7t<\/li>\n<li>Ch\u01b0\u01a1ng tr\u00ecnh v\u1ec7 sinh: L\u00e0m n\u00f3ng thi\u1ebft b\u1ecb l\u00ean \u0111\u1ebfn 40oC gi\u00fap l\u1ea1i b\u1ecf d\u1ea7u m\u1ee1 d\u1ec5 d\u00e0ng<\/li>\n<li>Ch\u1ee9c n\u0103ng gi\u1eef \u1ea5m: gi\u1eef \u1ea5m th\u1ef1c ph\u1ea9m t\u1ea1i nhi\u1ec7t \u0111\u1ed9 t\u1ed1i \u01b0u 70oC<\/li>\n<li>C\u00f3 th\u1ec3 k\u1ebft h\u1ee3p v\u1edbi c\u00e1c b\u1ebfp Domino kh\u00e1c<\/li>\n<li>Xu\u1ea5t x\u1ee9 Ph\u00e1p<\/li>\n<\/ul>\n<h3>Ch\u1ee9c n\u0103ng an to\u00e0n<\/h3>\n<ul>\n<li>\u0110\u00e8n b\u00e1o m\u1edf ngu\u1ed3n<\/li>\n<li>Hi\u1ec3n th\u1ecb nhi\u1ec7t d\u01b0<\/li>\n<\/ul>\n<h3>Th\u00f4ng s\u1ed1 k\u1ef9 thu\u1eadt<\/h3>\n<ul>\n<li>T\u1ed5ng c\u00f4ng su\u1ea5t: 1.9 kW<\/li>\n<li>Hi\u1ec7u \u0111i\u1ec7n th\u1ebf: 220 &#8211; 240V<\/li>\n<li>T\u1ea7n s\u1ed1: 50\/60 Hz<\/li>\n<li>Chi\u1ec1u d\u00e0i d\u00e2y c\u00e1p: 1.0 m, kh\u00f4ng k\u00e8m \u0111\u1ea7u c\u1eafm<\/li>\n<li>K\u00edch th\u01b0\u1edbc s\u1ea3n ph\u1ea9m: 396R x 527S x 90C mm<\/li>\n<li>K\u00edch th\u01b0\u1edbc h\u1ed9c b\u1ebfp: 360R x 490-500S x 90C m<\/li>\n<\/ul>\n","protected":false},"excerpt":{"rendered":"<p>2 v\u00f9ng n\u1ea5u: N\u1ea5u ho\u1eb7c gia nhi\u1ec7t b\u1eb1ng to\u00e0n b\u1ed9 b\u1ec1 m\u1eb7t ho\u1eb7c m\u1ed9t n\u1eefa<\/p>\n<p>B\u1ec1 m\u1eb7t th\u00e9p kh\u00f4ng gh\u1ec9<\/p>\n<p>\u0110i\u1ec1u khi\u1ec3n c\u1ea3m \u1ee9ng, 9 m\u1ee9c gia nhi\u1ec7t<\/p>\n<p>Ch\u01b0\u01a1ng tr\u00ecnh v\u1ec7 sinh: L\u00e0m n\u00f3ng thi\u1ebft b\u1ecb l\u00ean \u0111\u1ebfn 40oC gi\u00fap l\u1ea1i b\u1ecf d\u1ea7u m\u1ee1 d\u1ec5 d\u00e0ng<\/p>\n<p>Ch\u1ee9c n\u0103ng gi\u1eef \u1ea5m: gi\u1eef \u1ea5m th\u1ef1c ph\u1ea9m t\u1ea1i nhi\u1ec7t \u0111\u1ed9 t\u1ed1i \u01b0u 70oC<\/p>\n<p>C\u00f3 th\u1ec3 k\u1ebft h\u1ee3p v\u1edbi c\u00e1c b\u1ebfp Domino kh\u00e1c<\/p>\n<p>Xu\u1ea5t x\u1ee9 Ph\u00e1p<\/p>\n","protected":false},"featured_media":4799,"comment_status":"open","ping_status":"closed","template":"","meta":[],"product_brand":[],"product_cat":[734,501,745,711,808,814,816,472],"product_tag":[118,119,736,454,737,502,473],"class_list":{"0":"post-4549","1":"product","2":"type-product","3":"status-publish","4":"has-post-thumbnail","6":"product_cat-bep-dien-don","7":"product_cat-bep-dien-hong-ngoai-bosch","8":"product_cat-bep-dien-tu","9":"product_cat-bep-dien-tu-bosch","10":"product_cat-bep-dien-tu-don","11":"product_cat-bep-dien-tu-nha-tro","12":"product_cat-bep-dien-tu-thoi-trang","13":"product_cat-thuong-hieu-bosch","14":"product_tag-bep-dien","15":"product_tag-bep-dien-2-vung-nau","16":"product_tag-bep-dien-bosch","17":"product_tag-bep-dien-don","18":"product_tag-bep-dien-don-bosch","19":"product_tag-bep-nuong-dien","20":"product_tag-bosch","22":"first","23":"instock","24":"sale","25":"shipping-taxable","26":"purchasable","27":"product-type-simple"},"_links":{"self":[{"href":"https:\/\/livinghome.vn\/thiet-bi\/wp-json\/wp\/v2\/product\/4549","targetHints":{"allow":["GET"]}}],"collection":[{"href":"https:\/\/livinghome.vn\/thiet-bi\/wp-json\/wp\/v2\/product"}],"about":[{"href":"https:\/\/livinghome.vn\/thiet-bi\/wp-json\/wp\/v2\/types\/product"}],"replies":[{"embeddable":true,"href":"https:\/\/livinghome.vn\/thiet-bi\/wp-json\/wp\/v2\/comments?post=4549"}],"wp:featuredmedia":[{"embeddable":true,"href":"https:\/\/livinghome.vn\/thiet-bi\/wp-json\/wp\/v2\/media\/4799"}],"wp:attachment":[{"href":"https:\/\/livinghome.vn\/thiet-bi\/wp-json\/wp\/v2\/media?parent=4549"}],"wp:term":[{"taxonomy":"product_brand","embeddable":true,"href":"https:\/\/livinghome.vn\/thiet-bi\/wp-json\/wp\/v2\/product_brand?post=4549"},{"taxonomy":"product_cat","embeddable":true,"href":"https:\/\/livinghome.vn\/thiet-bi\/wp-json\/wp\/v2\/product_cat?post=4549"},{"taxonomy":"product_tag","embeddable":true,"href":"https:\/\/livinghome.vn\/thiet-bi\/wp-json\/wp\/v2\/product_tag?post=4549"}],"curies":[{"name":"wp","href":"https:\/\/api.w.org\/{rel}","templated":true}]}}