{"id":448,"date":"2023-01-12T10:19:41","date_gmt":"2023-01-12T10:19:41","guid":{"rendered":"https:\/\/livinghome.vn\/thiet-bi\/?post_type=product&#038;p=448"},"modified":"2024-11-29T14:21:03","modified_gmt":"2024-11-29T07:21:03","slug":"bep-tu-eurosun-eu-t755max-2-vung-nau-da-dung","status":"publish","type":"product","link":"https:\/\/livinghome.vn\/thiet-bi\/bep-tu-eurosun-eu-t755max-2-vung-nau-da-dung\/","title":{"rendered":"B\u1ebfp t\u1eeb Eurosun EU-T755Max 2 v\u00f9ng n\u1ea5u \u0111a d\u1ee5ng"},"content":{"rendered":"<h2>Xin gi\u1edbi thi\u1ec7u B\u1ebfp t\u1eeb Eurosun EU-T755Max 2 v\u00f9ng n\u1ea5u \u0111a d\u1ee5ng m\u1edbi nh\u1ea5t hi\u1ec7n nay<\/h2>\n<figure id=\"attachment_43734\" aria-describedby=\"caption-attachment-43734\" style=\"width: 800px\" class=\"wp-caption alignnone\"><img loading=\"lazy\" decoding=\"async\" class=\"wp-image-43734 size-large\" src=\"https:\/\/livinghome.vn\/thiet-bi\/wp-content\/uploads\/nha-bep\/eurosun\/bep-tu\/bep-tu-eurosun-eu-t755max\/bep-tu-eurosun-eu-t755max-1-1-800x800.jpg\" alt=\"B\u1ebfp t\u1eeb Eurosun EU-T755Max 2 v\u00f9ng n\u1ea5u \u0111a d\u1ee5ng\" width=\"800\" height=\"800\" title=\"\"><figcaption id=\"caption-attachment-43734\" class=\"wp-caption-text\">B\u1ebfp t\u1eeb Eurosun EU-T755Max 2 v\u00f9ng n\u1ea5u \u0111a d\u1ee5ng<\/figcaption><\/figure>\n<h3><strong><span class=\"fontstyle0\">\u0110\u1eb7c t\u00ednh s\u1ea3n ph\u1ea9m<\/span> <\/strong><\/h3>\n<ul>\n<li>\u00a0<span class=\"fontstyle0\">M\u1eb7t k\u00ednh <\/span><span class=\"fontstyle2\">EURO Platinum <\/span><span class=\"fontstyle0\">v\u00e1t 4 c\u1ea1nh bo vi\u1ec1n h\u1ee3p kim nh\u00f4m cao c\u1ea5p<\/span><\/li>\n<li><span class=\"fontstyle0\">C\u00f4ng ngh\u1ec7 bi\u1ebfn t\u1ea7n <\/span><span class=\"fontstyle2\">Bridge INVERTER <\/span><span class=\"fontstyle0\">th\u00f4ng minh v\u01b0\u1ee3t tr\u1ed9i \u0111un n\u1ea5u v\u00e0 gi\u1eef nhi\u1ec7t li\u00ean t\u1ee5c \u1edf m\u1ee9c th\u1ea5p nh\u1ea5t kh\u00f4ng t\u1eaft m\u1edf. Ti\u1ebft ki\u1ec7m l\u00ean t\u1edbi 30% \u0111i\u1ec7n n\u0103ng<br \/>\n<\/span><\/li>\n<li><span class=\"fontstyle0\">Ch\u1ee9c n\u0103ng &#8220;<\/span><span class=\"fontstyle2\">Booster<\/span><span class=\"fontstyle0\">&#8221; si\u00eau nhanh <\/span><span class=\"fontstyle2\">Max 2500W<br \/>\n<\/span><\/li>\n<li><span class=\"fontstyle0\">\u0110i\u1ec1u khi\u1ec3n c\u1ea3m \u1ee9ng <\/span><span class=\"fontstyle2\">tr\u01b0\u1ee3t 9 m\u1ee9c c\u00f4ng su\u1ea5t <\/span><span class=\"fontstyle0\">\u0111\u1ed9c l\u1eadp cho 2 v\u00f9ng n\u1ea5u<br \/>\n<\/span><\/li>\n<li><span class=\"fontstyle0\">T\u1ed1c \u0111\u1ed9 t\u0103ng nhi\u1ec7t nhanh g\u1ea5p 2 l\u1ea7n so v\u1edbi b\u1ebfp truy\u1ec1n th\u1ed1ng.<br \/>\n<\/span><\/li>\n<li><span class=\"fontstyle0\">N\u1ea5u th\u1ee9c \u0103n v\u1edbi \u0111\u1ed9 ch\u00ednh x\u00e1c cao ph\u1ea3n \u1ee9ng t\u1ee9c th\u00ec v\u1edbi m\u1ee9c nhi\u1ec7t mong mu\u1ed1n<br \/>\n<\/span><\/li>\n<li><span class=\"fontstyle0\">T\u1ef1 \u0111\u1ed9ng ph\u00e1t hi\u1ec7n v\u00f9ng n\u1ea5u v\u00e0 v\u00f9ng n\u1ea5u ch\u1ec9 n\u00f3ng l\u00ean khi c\u00f3 n\u1ed3i.<br \/>\n<\/span><\/li>\n<li><span class=\"fontstyle0\">Ch\u1ee9c n\u0103ng <\/span><span class=\"fontstyle2\">h\u00e2m n\u00f3ng-Warm <\/span><span class=\"fontstyle0\">\u1edf nhi\u1ec7t \u0111\u1ed9 nhi\u1ec1u m\u1ee9c <\/span><span class=\"fontstyle2\">65\u00baC, 75\u00baC, 85\u00baC<br \/>\n<\/span><\/li>\n<li><span class=\"fontstyle0\">Ch\u1ee9c n\u0103ng <\/span><span class=\"fontstyle2\">chi\u00ean r\u00e1n-Fry <\/span><span class=\"fontstyle0\">v\u1edbi nhi\u1ec1u m\u1ee9c nhi\u1ec7t \u0111\u1ed9<\/span><\/li>\n<\/ul>\n<p>&nbsp;<\/p>\n<h3><strong><span class=\"fontstyle0\">Ch\u1ee9c n\u0103ng an to\u00e0n<\/span><\/strong><\/h3>\n<ul>\n<li><span class=\"fontstyle0\">Ch\u1ee9c n\u0103ng <\/span><span class=\"fontstyle2\">t\u1ea1m d\u1eebng Pause \u201cStop go\u201d<br \/>\n<\/span><\/li>\n<li><span class=\"fontstyle0\">Kh\u00f3a tr\u1ebb em<br \/>\n<\/span><\/li>\n<li><span class=\"fontstyle0\">Ch\u1ee9c n\u0103ng t\u1eaft t\u1ef1 \u0111\u1ed9ng t\u1eaft b\u1ebfp khi kh\u00f4ng c\u00f3 n\u1ed3i<br \/>\n<\/span><\/li>\n<li><span class=\"fontstyle0\">Ch\u1ee9c n\u0103ng <\/span><span class=\"fontstyle2\">ch\u1ed1ng tr\u00e0o n\u01b0\u1edbc Water overflows<br \/>\n<\/span><\/li>\n<li><span class=\"fontstyle0\">H\u1eb9n gi\u1edd gi\u1edbi h\u1ea1n th\u1eddi gian ho\u1ea1t \u0111\u1ed9ng.<br \/>\n<\/span><\/li>\n<li><span class=\"fontstyle0\">B\u1ea3o v\u1ec7 qu\u00e1 nhi\u1ec7t (c\u1ea3m bi\u1ebfn nhi\u1ec7t \u0111\u1ed9 t\u00edch h\u1ee3p trong t\u1eebng v\u00f9ng n\u1ea5u).<br \/>\n<\/span><\/li>\n<li><span class=\"fontstyle0\">Ch\u1ec9 b\u00e1o nhi\u1ec7t d\u01b0: Ch\u1eef &#8220;<\/span><span class=\"fontstyle2\">H<\/span><span class=\"fontstyle0\">&#8221; \u0111\u01b0\u1ee3c hi\u1ec3n th\u1ecb cho m\u1ed7i v\u00f9ng n\u1ea5u c\u00f2n n\u00f3ng.<br \/>\n<\/span><\/li>\n<li><span class=\"fontstyle0\">T\u00ednh n\u0103ng chia s\u1ebd c\u00f4ng su\u1ea5t c\u1ee7a 2 v\u00f9ng n\u1ea5u t\u1ed1i \u0111a 3600W<\/span><\/li>\n<\/ul>\n<h3>\u00a0<strong><span class=\"fontstyle0\">Th\u00f4ng tin k\u1ef9 thu\u1eadt<\/span><\/strong><\/h3>\n<ul>\n<li><span class=\"fontstyle0\">\u0110i\u1ec7n \u00e1p: 220V \/ 50Hz<br \/>\n<\/span><\/li>\n<li><span class=\"fontstyle0\">C\u00f4ng su\u1ea5t l\u00f2 tr\u00e1i : 2000W &#8211; Booster 2500W<br \/>\n<\/span><\/li>\n<li><span class=\"fontstyle0\">C\u00f4ng su\u1ea5t l\u00f2 ph\u1ea3i: 2000W<br \/>\n<\/span><\/li>\n<li><span class=\"fontstyle0\">K\u00edch th\u01b0\u1edbc s\u1ea3n ph\u1ea9m: 735R x 430S x 60C mm<br \/>\n<\/span><\/li>\n<li><span class=\"fontstyle0\">K\u00edch th\u01b0\u1edbc kho\u00e9t \u0111\u00e1: 690R x 405S mm<\/span><\/li>\n<\/ul>\n","protected":false},"excerpt":{"rendered":"<p>Xin gi\u1edbi thi\u1ec7u B\u1ebfp t\u1eeb Eurosun EU-T755Max 2 v\u00f9ng n\u1ea5u \u0111a d\u1ee5ng m\u1edbi nh\u1ea5t hi\u1ec7n nay \u0110\u1eb7c t\u00ednh s\u1ea3n ph\u1ea9m \u00a0M\u1eb7t k\u00ednh EURO Platinum v\u00e1t 4 c\u1ea1nh bo vi\u1ec1n h\u1ee3p kim nh\u00f4m cao c\u1ea5p C\u00f4ng ngh\u1ec7 bi\u1ebfn t\u1ea7n Bridge INVERTER th\u00f4ng minh v\u01b0\u1ee3t tr\u1ed9i \u0111un n\u1ea5u v\u00e0 gi\u1eef nhi\u1ec7t li\u00ean t\u1ee5c \u1edf m\u1ee9c th\u1ea5p nh\u1ea5t [&#8230;]\n","protected":false},"featured_media":519,"comment_status":"open","ping_status":"closed","template":"","meta":[],"product_brand":[],"product_cat":[745,794,813,796,799,810,75,795,714,106],"product_tag":[76,168,739,111,109,108],"class_list":{"0":"post-448","1":"product","2":"type-product","3":"status-publish","4":"has-post-thumbnail","6":"product_cat-bep-dien-tu","7":"product_cat-bep-2-tu","8":"product_cat-bep-dien-tu-chung-cu","9":"product_cat-bep-dien-tu-doi","10":"product_cat-bep-dien-tu-hinh-chu-nhat","11":"product_cat-bep-dien-tu-malaysia","12":"product_cat-bep-tu","13":"product_cat-bep-tu-doi","14":"product_cat-bep-tu-eurosun","15":"product_cat-thuong-hieu-eurosun","16":"product_tag-bep-tu","17":"product_tag-bep-tu-am","18":"product_tag-bep-tu-am-eurosun","19":"product_tag-bep-tu-doi","20":"product_tag-bep-tu-eurosun","21":"product_tag-eurosun","23":"first","24":"instock","25":"sale","26":"shipping-taxable","27":"purchasable","28":"product-type-simple"},"_links":{"self":[{"href":"https:\/\/livinghome.vn\/thiet-bi\/wp-json\/wp\/v2\/product\/448","targetHints":{"allow":["GET"]}}],"collection":[{"href":"https:\/\/livinghome.vn\/thiet-bi\/wp-json\/wp\/v2\/product"}],"about":[{"href":"https:\/\/livinghome.vn\/thiet-bi\/wp-json\/wp\/v2\/types\/product"}],"replies":[{"embeddable":true,"href":"https:\/\/livinghome.vn\/thiet-bi\/wp-json\/wp\/v2\/comments?post=448"}],"wp:featuredmedia":[{"embeddable":true,"href":"https:\/\/livinghome.vn\/thiet-bi\/wp-json\/wp\/v2\/media\/519"}],"wp:attachment":[{"href":"https:\/\/livinghome.vn\/thiet-bi\/wp-json\/wp\/v2\/media?parent=448"}],"wp:term":[{"taxonomy":"product_brand","embeddable":true,"href":"https:\/\/livinghome.vn\/thiet-bi\/wp-json\/wp\/v2\/product_brand?post=448"},{"taxonomy":"product_cat","embeddable":true,"href":"https:\/\/livinghome.vn\/thiet-bi\/wp-json\/wp\/v2\/product_cat?post=448"},{"taxonomy":"product_tag","embeddable":true,"href":"https:\/\/livinghome.vn\/thiet-bi\/wp-json\/wp\/v2\/product_tag?post=448"}],"curies":[{"name":"wp","href":"https:\/\/api.w.org\/{rel}","templated":true}]}}