{"id":4471,"date":"2023-01-12T19:07:16","date_gmt":"2023-01-12T19:07:16","guid":{"rendered":"https:\/\/livinghome.vn\/thiet-bi\/?post_type=product&#038;p=4471"},"modified":"2024-11-29T14:17:43","modified_gmt":"2024-11-29T07:17:43","slug":"bep-tu-bosch-puc631bb1e","status":"publish","type":"product","link":"https:\/\/livinghome.vn\/thiet-bi\/bep-tu-bosch-puc631bb1e\/","title":{"rendered":"B\u1ebfp t\u1eeb Bosch PUC631BB1E"},"content":{"rendered":"<h1>Living Home xin tr\u00e2n tr\u1ecdng gi\u1edbi thi\u1ec7u \u0111\u1ebfn b\u1ea1n B\u1ebfp t\u1eeb Bosch PUC631BB1E v\u1edbi nh\u1eefng t\u00ednh n\u0103ng v\u00f4 c\u00f9ng h\u1ea5p d\u1eabn nh\u01b0 sau<\/h1>\n<h3>\u0110\u1eb7c t\u00ednh s\u1ea3n ph\u1ea9m<\/h3>\n<p><strong><span style=\"font-size: 14.4px;\">3 v\u00f9ng n\u1ea5u c\u1ea3m \u1ee9ng t\u1eeb<\/span><\/strong><\/p>\n<div id=\"tab-1\" class=\"tab-panel active\">\n<ul>\n<li>V\u00f9ng n\u1ea5u l\u1edbn b\u00ean tr\u00e1i: 1 x \u00d8 240 mm, 2.2 KW (c\u00f3 th\u1ec3 t\u0103ng \u0111\u1ebfn 3.7KW)<\/li>\n<li>V\u00f9ng n\u1ea5u sau b\u00ean ph\u1ea3i: 1 x \u00d8 145 mm, 1.4 KW (c\u00f3 th\u1ec3 t\u0103ng \u0111\u1ebfn 2.2 KW)<\/li>\n<li>V\u00f9ng n\u1ea5u tr\u01b0\u1edbc b\u00ean ph\u1ea3i: 1 x \u00d8 180 mm, 1.8 KW (c\u00f3 th\u1ec3 t\u0103ng \u0111\u1ebfn 3.1 KW)<\/li>\n<\/ul>\n<ul>\n<li>M\u1eb7t g\u1ed1m th\u1ee7y tinh Schott, v\u00e1c c\u1ea1nh tr\u01b0\u1edbc<\/li>\n<li>C\u00f4ng ngh\u1ec7 \u0111i\u1ec1u khi\u1ec3n &#8220;Touch Select&#8221; v\u1edbi 17 m\u01b0\u0301c gia nhi\u1ec7t<\/li>\n<li>Ch\u1ee9c n\u0103ng gia nhi\u1ec7t nhanh<\/li>\n<li>T\u1ef1 nh\u1eadn di\u1ec7n n\u1ed3i ch\u1ea3o<\/li>\n<li>H\u1eb9n gi\u1edd \u0111\u1ebfn 99 ph\u00fat<\/li>\n<li>Xu\u1ea5t x\u1ee9: T\u00e2y Ban Nha<\/li>\n<\/ul>\n<figure id=\"attachment_58730\" aria-describedby=\"caption-attachment-58730\" style=\"width: 800px\" class=\"wp-caption alignnone\"><img loading=\"lazy\" decoding=\"async\" class=\"wp-image-58730 size-large\" src=\"https:\/\/livinghome.vn\/thiet-bi\/wp-content\/uploads\/nha-bep\/bosch-hmh\/bep-tu\/bep-tu-bosch-puc631bb1e\/bep-tu-bosch-pid775dc1e-3-800x800.jpg\" alt=\"B\u1ebfp t\u1eeb Bosch PUC631BB1E - M\u1eb7t k\u00ednh Schott 3 v\u00f9ng n\u1ea5u 60cm\" width=\"800\" height=\"800\" title=\"\"><figcaption id=\"caption-attachment-58730\" class=\"wp-caption-text\">B\u1ebfp t\u1eeb Bosch PUC631BB1E &#8211; M\u1eb7t k\u00ednh Schott v\u00e1c c\u1ea1nh tr\u01b0\u1edbc tinh t\u1ebf v\u00e0 sang tr\u1ecdng<\/figcaption><\/figure>\n<h3>Ch\u1ee9c n\u0103ng an to\u00e0n<\/h3>\n<ul>\n<li>Kh\u00f3a tr\u1ebb em<\/li>\n<li>T\u1ef1 t\u1eaft khi kh\u00f4ng s\u1eed d\u1ee5ng v\u00e0 khi qu\u00e1 nhi\u1ec7t<\/li>\n<li>Hi\u1ec3n th\u1ecb nhi\u1ec7t d\u01b0 H\/h<\/li>\n<li>C\u1ea3nh b\u00e1o an to\u00e0n khi tr\u00e0n<\/li>\n<\/ul>\n<h3>Th\u00f4ng tin k\u1ef9 thu\u1eadt<\/h3>\n<ul>\n<li>T\u1ed5ng c\u00f4ng su\u1ea5t: 4.6 kW<\/li>\n<li>Hi\u1ec7u \u0111i\u1ec7n th\u1ebf: 220 &#8211; 240V<\/li>\n<li>T\u1ea7n s\u1ed1: 50\/60 Hz, 32 A<\/li>\n<li>Chi\u1ec1u d\u00e0i d\u00e2y c\u00e1p: 1.1 m, kh\u00f4ng k\u00e8m \u0111\u1ea7u c\u1eafm<\/li>\n<li>K\u00edch th\u01b0\u1edbc s\u1ea3n ph\u1ea9m: 592R x 522S x 51C mm<\/li>\n<li>K\u00edch th\u01b0\u1edbc h\u1ed9c b\u1ebfp: 560-562R x 490-502S x 59C mm<\/li>\n<\/ul>\n<figure id=\"attachment_58729\" aria-describedby=\"caption-attachment-58729\" style=\"width: 800px\" class=\"wp-caption alignnone\"><img loading=\"lazy\" decoding=\"async\" class=\"wp-image-58729 size-large\" src=\"https:\/\/livinghome.vn\/thiet-bi\/wp-content\/uploads\/nha-bep\/bosch-hmh\/bep-tu\/bep-tu-bosch-puc631bb1e\/bep-tu-bosch-pid775dc1e-4-800x800.jpg\" alt=\"B\u1ebfp t\u1eeb Bosch PUC631BB1E - M\u1eb7t k\u00ednh Schott 3 v\u00f9ng n\u1ea5u 60cm\" width=\"800\" height=\"800\" title=\"\"><figcaption id=\"caption-attachment-58729\" class=\"wp-caption-text\">B\u1ebfp t\u1eeb Bosch PUC631BB1E &#8211; Chi ti\u1ebft l\u1eafp \u0111\u1eb7t<\/figcaption><\/figure>\n<\/div>\n<p>&nbsp;<\/p>\n","protected":false},"excerpt":{"rendered":"<p><strong>3 v\u00f9ng n\u1ea5u c\u1ea3m \u1ee9ng t\u1eeb<\/strong><\/p>\n<div id=\"tab-1\" class=\"tab-panel active\">\n<p>V\u00f9ng n\u1ea5u l\u1edbn b\u00ean tr\u00e1i: 1 x \u00d8 240 mm, 2.2 KW (c\u00f3 th\u1ec3 t\u0103ng \u0111\u1ebfn 3.7KW)<\/p>\n<p>V\u00f9ng n\u1ea5u sau b\u00ean ph\u1ea3i: 1 x \u00d8 145 mm, 1.4 KW (c\u00f3 th\u1ec3 t\u0103ng \u0111\u1ebfn 2.2 KW)<\/p>\n<p>V\u00f9ng n\u1ea5u tr\u01b0\u1edbc b\u00ean ph\u1ea3i: 1 x \u00d8 180 mm, 1.8 KW (c\u00f3 th\u1ec3 t\u0103ng \u0111\u1ebfn 3.1 KW)<\/p>\n<p>M\u1eb7t g\u1ed1m th\u1ee7y tinh Schott, v\u00e1c c\u1ea1nh tr\u01b0\u1edbc<\/p>\n<p>C\u00f4ng ngh\u1ec7 \u0111i\u1ec1u khi\u1ec3n \u201cTouch Select\u201d v\u1edbi 17 m\u01b0\u0301c gia nhi\u1ec7t<\/p>\n<p>Ch\u1ee9c n\u0103ng gia nhi\u1ec7t nhanh<\/p>\n<p>T\u1ef1 nh\u1eadn di\u1ec7n n\u1ed3i ch\u1ea3o<\/p>\n<p>C\u1ea3nh b\u00e1o an to\u00e0n khi tr\u00e0n<\/p>\n<p>Kh\u00f3a tr\u1ebb em<\/p>\n<p>T\u1ef1 t\u1eaft khi kh\u00f4ng s\u1eed d\u1ee5ng v\u00e0 khi qu\u00e1 nhi\u1ec7t<\/p>\n<p>H\u1eb9n gi\u1edd \u0111\u1ebfn 99 ph\u00fat<\/p>\n<p>Xu\u1ea5t x\u1ee9: T\u00e2y Ban Nha<\/p>\n<\/div>\n","protected":false},"featured_media":4663,"comment_status":"open","ping_status":"closed","template":"","meta":[],"product_brand":[],"product_cat":[745,794,803,711,800,802,832,75,805,482,472],"product_tag":[76,112,483,484,473],"class_list":{"0":"post-4471","1":"product","2":"type-product","3":"status-publish","4":"has-post-thumbnail","6":"product_cat-bep-dien-tu","7":"product_cat-bep-2-tu","8":"product_cat-bep-dien-tu-3-vung-nau","9":"product_cat-bep-dien-tu-bosch","10":"product_cat-bep-dien-tu-hinh-vuong","11":"product_cat-bep-dien-tu-mat-kinh-schott-ceran","12":"product_cat-bep-dien-tu-tay-ban-nha","13":"product_cat-bep-tu","14":"product_cat-bep-tu-3-vung-nau","15":"product_cat-bep-tu-bosch","16":"product_cat-thuong-hieu-bosch","17":"product_tag-bep-tu","18":"product_tag-bep-tu-3-vung-nau","19":"product_tag-bep-tu-bosch","20":"product_tag-bep-tu-mat-kinh-schott","21":"product_tag-bosch","23":"first","24":"instock","25":"sale","26":"shipping-taxable","27":"purchasable","28":"product-type-simple"},"_links":{"self":[{"href":"https:\/\/livinghome.vn\/thiet-bi\/wp-json\/wp\/v2\/product\/4471","targetHints":{"allow":["GET"]}}],"collection":[{"href":"https:\/\/livinghome.vn\/thiet-bi\/wp-json\/wp\/v2\/product"}],"about":[{"href":"https:\/\/livinghome.vn\/thiet-bi\/wp-json\/wp\/v2\/types\/product"}],"replies":[{"embeddable":true,"href":"https:\/\/livinghome.vn\/thiet-bi\/wp-json\/wp\/v2\/comments?post=4471"}],"wp:featuredmedia":[{"embeddable":true,"href":"https:\/\/livinghome.vn\/thiet-bi\/wp-json\/wp\/v2\/media\/4663"}],"wp:attachment":[{"href":"https:\/\/livinghome.vn\/thiet-bi\/wp-json\/wp\/v2\/media?parent=4471"}],"wp:term":[{"taxonomy":"product_brand","embeddable":true,"href":"https:\/\/livinghome.vn\/thiet-bi\/wp-json\/wp\/v2\/product_brand?post=4471"},{"taxonomy":"product_cat","embeddable":true,"href":"https:\/\/livinghome.vn\/thiet-bi\/wp-json\/wp\/v2\/product_cat?post=4471"},{"taxonomy":"product_tag","embeddable":true,"href":"https:\/\/livinghome.vn\/thiet-bi\/wp-json\/wp\/v2\/product_tag?post=4471"}],"curies":[{"name":"wp","href":"https:\/\/api.w.org\/{rel}","templated":true}]}}