{"id":4466,"date":"2023-01-12T19:07:15","date_gmt":"2023-01-12T19:07:15","guid":{"rendered":"https:\/\/livinghome.vn\/thiet-bi\/?post_type=product&#038;p=4466"},"modified":"2024-11-29T14:19:55","modified_gmt":"2024-11-29T07:19:55","slug":"may-rua-chen-bosch-smv4hcx48e-am-toan-phan-60cm-14-bo","status":"publish","type":"product","link":"https:\/\/livinghome.vn\/thiet-bi\/may-rua-chen-bosch-smv4hcx48e-am-toan-phan-60cm-14-bo\/","title":{"rendered":"M\u00e1y r\u1eeda ch\u00e9n Bosch SMV4HCX48E &#8211; \u00c2m to\u00e0n ph\u1ea7n 60cm 14 b\u1ed9"},"content":{"rendered":"<h2>Living Home xin tr\u00e2n tr\u1ecdng gi\u1edbi thi\u1ec7u \u0111\u1ebfn b\u1ea1n M\u00e1y r\u1eeda ch\u00e9n Bosch SMV4HCX48E v\u1edbi nh\u1eefng t\u00ednh n\u0103ng v\u00f4 c\u00f9ng h\u1ea5p d\u1eabn nh\u01b0 sau<\/h2>\n<h3><b>\u0110\u1eb7c t\u00ednh s\u1ea3n ph\u1ea9m\u00a0<\/b><\/h3>\n<p><strong>B\u00e1o th\u00f4ng tin ho\u1ea1t \u0111\u1ed9ng th\u00f4ng qua \u0111\u00e8n Led t\u00edn hi\u1ec7u chi\u1ebfu xu\u1ed1ng n\u1ec1n nh\u00e0\u00a0<\/strong><\/p>\n<p><strong>K\u1ebft n\u1ed1i Home Connect cho ph\u00e9p \u0111i\u1ec1u khi\u1ec3n th\u00f4ng qua c\u00e1c thi\u1ebft b\u1ecb di \u0111\u1ed9ng\u00a0<\/strong><\/p>\n<p><strong>Thi\u1ebft k\u1ebf \u00e2m to\u00e0n ph\u1ea7n v\u1edbi ph\u1ea7n g\u1ed7 ph\u00eda tr\u01b0\u1edbc, b\u1ea3ng \u0111i\u1ec1u khi\u1ec3n \u1edf c\u1ea1nh c\u1eeda<\/strong><\/p>\n<figure id=\"attachment_59278\" aria-describedby=\"caption-attachment-59278\" style=\"width: 800px\" class=\"wp-caption alignnone\"><img loading=\"lazy\" decoding=\"async\" class=\"wp-image-59278 size-large\" src=\"https:\/\/livinghome.vn\/thiet-bi\/wp-content\/uploads\/nha-bep\/bosch-hmh\/may-rua-bat-am-toan-phan\/may-rua-bat-am-toan-phan-bosch-smv4hcx48e\/may-rua-bat-am-toan-phan-bosch-smv4hcx48e-1-800x800.jpg\" alt=\"M\u00e1y r\u1eeda ch\u00e9n Bosch SMV4HCX48E - \u00c2m to\u00e0n ph\u1ea7n 60cm 14 b\u1ed9\" width=\"800\" height=\"800\" title=\"\"><figcaption id=\"caption-attachment-59278\" class=\"wp-caption-text\">M\u00e1y r\u1eeda ch\u00e9n Bosch SMV4HCX48E &#8211; \u0110\u00e8n Led b\u00e1o th\u00f4ng tin ho\u1ea1t \u0111\u1ed9ng chi\u1ebfu xu\u1ed1ng n\u1ec1n nh\u00e0<\/figcaption><\/figure>\n<ul>\n<li style=\"font-weight: 400;\" aria-level=\"1\"><span style=\"font-weight: 400;\">SpeedPerfect+:Gi\u1ea3m t\u1ed1i \u0111a 75% th\u1eddi gian r\u1eeda nh\u01b0ng v\u1eabn \u0111\u1ea3m b\u1ea3o hi\u1ec7u qu\u1ea3 l\u00e0m s\u1ea1ch v\u00e0 l\u00e0m kh\u00f4 t\u1ed1i \u01b0u<\/span><\/li>\n<li style=\"font-weight: 400;\" aria-level=\"1\"><span style=\"font-weight: 400;\">EcoSilence Drive: \u0110\u1ed9ng c\u01a1 kh\u00f4ng ch\u1ed5i than cao c\u1ea5p c\u1ee7a Bosch, m\u00e1y ho\u1ea1t \u0111\u1ed9ng m\u1ea1nh m\u1ebd h\u01a1n, y\u00ean t\u0129nh v\u00e0 hi\u1ec7u qu\u1ea3 t\u1ea9y r\u1eeda cao h\u01a1n<\/span><\/li>\n<li style=\"font-weight: 400;\" aria-level=\"1\"><span style=\"font-weight: 400;\">Thay \u0111\u1ed5i chi\u1ec1u cao khay ch\u1ee9a: Khay ch\u1ee9a b\u00ean tr\u00ean c\u00f3 th\u1ec3 thay \u0111\u1ed5i chi\u1ec1u cao gi\u00fap d\u1ec5 d\u00e0ng ch\u1ee9a c\u00e1c v\u1eadt d\u1ee5ng n\u1ea5u n\u01b0\u1edbng v\u1edbi nhi\u1ec1u k\u00edch c\u1ee1 kh\u00e1c nhau<\/span><\/li>\n<li style=\"font-weight: 400;\" aria-level=\"1\"><span style=\"font-weight: 400;\">6 ch\u01b0\u01a1ng tr\u00ecnh r\u1eeda: R\u1eeda chuy\u00ean s\u00e2u (n\u1ed3i ch\u1ea3o) 70<\/span><span style=\"font-weight: 400;\">o<\/span><span style=\"font-weight: 400;\">C, R\u1eeda t\u1ef1 \u0111\u1ed9ng 45-65<\/span><span style=\"font-weight: 400;\">o<\/span><span style=\"font-weight: 400;\">C, Eco 50<\/span><span style=\"font-weight: 400;\">o<\/span><span style=\"font-weight: 400;\">C, R\u1eeda ly 40<\/span><span style=\"font-weight: 400;\">o<\/span><span style=\"font-weight: 400;\">C, R\u1eeda nhanh 45<\/span><span style=\"font-weight: 400;\">o<\/span><span style=\"font-weight: 400;\">C, Tr\u00e1ng<\/span><\/li>\n<li style=\"font-weight: 400;\" aria-level=\"1\"><span style=\"font-weight: 400;\">4 ch\u01b0\u01a1ng tr\u00ecnh b\u1ed5 sung: Remove Start, T\u0103ng t\u1ed1c \u0111\u1ed9 r\u1eeda, r\u1eeda n\u1eeda t\u1ea3i, s\u1ea5y t\u0103ng c\u01b0\u1eddng<\/span><\/li>\n<li style=\"font-weight: 400;\" aria-level=\"1\"><span style=\"font-weight: 400;\">N\u00fat Favorite \u2013 Ghi nh\u1edb ch\u01b0\u01a1ng tr\u00ecnh r\u1eeda<\/span><\/li>\n<li style=\"font-weight: 400;\" aria-level=\"1\"><span style=\"font-weight: 400;\">H\u1ec7 th\u1ed1ng l\u1ecdc 3 l\u1edbp t\u1ed1i \u01b0u l\u01b0\u1ee3ng n\u01b0\u1edbc s\u1eed d\u1ee5ng<\/span><\/li>\n<li style=\"font-weight: 400;\" aria-level=\"1\"><span style=\"font-weight: 400;\">\u0110\u00e8n Led b\u00e1o mu\u1ed1i, n\u01b0\u1edbc b\u00f3ng v\u00e0 n\u01b0\u1edbc c\u1ea5p<\/span><\/li>\n<li style=\"font-weight: 400;\" aria-level=\"1\"><span style=\"font-weight: 400;\">H\u1eb9n gi\u1edd (1-24h)<\/span><\/li>\n<li style=\"font-weight: 400;\" aria-level=\"1\"><span style=\"font-weight: 400;\">Ti\u1ebft ki\u1ec7m n\u0103ng l\u01b0\u1ee3ng m\u1ee9c: D (G-A)<\/span><\/li>\n<li style=\"font-weight: 400;\" aria-level=\"1\"><span style=\"font-weight: 400;\">Xu\u1ea5t x\u1ee9 \u0110\u1ee9c<\/span><\/li>\n<li style=\"font-weight: 400;\" aria-level=\"1\"><span style=\"font-weight: 400;\">Machine Care \u2013 Ch\u01b0\u01a1ng tr\u00ecnh v\u1ec7 sinh m\u00e1y<\/span><\/li>\n<\/ul>\n<figure id=\"attachment_59273\" aria-describedby=\"caption-attachment-59273\" style=\"width: 800px\" class=\"wp-caption alignnone\"><img loading=\"lazy\" decoding=\"async\" class=\"wp-image-59273 size-large\" src=\"https:\/\/livinghome.vn\/thiet-bi\/wp-content\/uploads\/nha-bep\/bosch-hmh\/may-rua-bat-am-toan-phan\/may-rua-bat-am-toan-phan-bosch-smv4hcx48e\/may-rua-bat-am-toan-phan-bosch-smv4hcx48e-3-800x800.jpg\" alt=\"M\u00e1y r\u1eeda ch\u00e9n Bosch SMV4HCX48E - \u00c2m to\u00e0n ph\u1ea7n 60cm 14 b\u1ed9\" width=\"800\" height=\"800\" title=\"\"><figcaption id=\"caption-attachment-59273\" class=\"wp-caption-text\">M\u00e1y r\u1eeda ch\u00e9n Bosch SMV4HCX48E &#8211; Thi\u1ebft k\u1ebf \u00e2m to\u00e0n ph\u1ea7n v\u1edbi khoang ch\u1ee9a r\u1ed9ng r\u00e3i c\u00f4ng su\u1ea5t l\u00ean \u0111\u1ebfn 14 b\u1ed9 \u0111\u1ed3 \u0103n Ch\u00e2u \u00c2u<\/figcaption><\/figure>\n<h3><b>Ch\u1ee9c n\u0103ng an to\u00e0n<\/b><\/h3>\n<ul>\n<li style=\"font-weight: 400;\" aria-level=\"1\"><span style=\"font-weight: 400;\">AquaSecure: 100% \u0111\u1ea3m b\u1ea3o c\u00e1c v\u1ea5n \u0111\u1ec1 r\u00f2 r\u1ec9 n\u01b0\u1edbc c\u1ee7a m\u00e1y r\u1eeda b\u00e1t<\/span><\/li>\n<li style=\"font-weight: 400;\" aria-level=\"1\"><span style=\"font-weight: 400;\">Kh\u00f3a an to\u00e0n tr\u1ebb em<\/span><\/li>\n<li style=\"font-weight: 400;\" aria-level=\"1\"><span style=\"font-weight: 400;\">C\u00f4ng ngh\u1ec7 r\u1eeda \u0111\u1ed9c \u0111\u00e1o gi\u00fap b\u1ea3o v\u1ec7 v\u00e0 ng\u0103n ng\u1eeba qu\u00e1 tr\u00ecnh \u0103n m\u00f2n ly, c\u00e1c v\u1eadt d\u1ee5ng b\u1eb1ng th\u1ee7y tinh trong khi r\u1eeda<\/span><\/li>\n<\/ul>\n<h3><b>Th\u00f4ng s\u1ed1 k\u0129 thu\u1eadt<\/b><\/h3>\n<p><span style=\"font-weight: 400;\">C\u00f4ng su\u1ea5t: 14 b\u1ed9 \u0111\u1ed3 \u0103n ch\u00e2u \u00c2u<\/span><\/p>\n<p><span style=\"font-weight: 400;\">L\u01b0\u1ee3ng n\u01b0\u1edbc ti\u00eau th\u1ee5 trong ch\u01b0\u01a1ng tr\u00ecnh ti\u1ebft ki\u1ec7m: 9.5 l\u00edt<\/span><\/p>\n<p><span style=\"font-weight: 400;\">\u0110\u1ed9 \u1ed3n:44 dB<\/span><\/p>\n<p><span style=\"font-weight: 400;\">K\u00edch th\u01b0\u1edbc: 815Cx598Rx550S mm<\/span><\/p>\n<p><span style=\"font-weight: 400;\">C\u00f4ng su\u1ea5t \u0111i\u1ec7n k\u1ebft n\u1ed1i: 2400W<\/span><\/p>\n<p><span style=\"font-weight: 400;\">Chi\u1ec1u d\u00e0i d\u00e2y \u0111i\u1ec7n: 175cm<\/span><\/p>\n<p><span style=\"font-weight: 400;\">D\u00f2ng \u0111i\u1ec7n: 220-240V\/50-60 Hz\/10A<\/span><\/p>\n<figure id=\"attachment_59269\" aria-describedby=\"caption-attachment-59269\" style=\"width: 800px\" class=\"wp-caption alignnone\"><img loading=\"lazy\" decoding=\"async\" class=\"wp-image-59269 size-large\" src=\"https:\/\/livinghome.vn\/thiet-bi\/wp-content\/uploads\/nha-bep\/bosch-hmh\/may-rua-bat-am-toan-phan\/may-rua-bat-am-toan-phan-bosch-smv4hcx48e\/may-rua-bat-am-toan-phan-bosch-smv4hcx48e-7-800x800.jpg\" alt=\"M\u00e1y r\u1eeda ch\u00e9n Bosch SMV4HCX48E - \u00c2m to\u00e0n ph\u1ea7n 60cm 14 b\u1ed9\" width=\"800\" height=\"800\" title=\"\"><figcaption id=\"caption-attachment-59269\" class=\"wp-caption-text\">M\u00e1y r\u1eeda ch\u00e9n Bosch SMV4HCX48E &#8211; Chi ti\u1ebft l\u1eafp \u0111\u1eb7t<\/figcaption><\/figure>\n","protected":false},"excerpt":{"rendered":"<p>B\u00e1o th\u00f4ng tin ho\u1ea1t \u0111\u1ed9ng th\u00f4ng qua \u0111\u00e8n Led t\u00edn hi\u1ec7u chi\u1ebfu xu\u1ed1ng n\u1ec1n nh\u00e0<\/p>\n<p>K\u1ebft n\u1ed1i Home Connect cho ph\u00e9p \u0111i\u1ec1u khi\u1ec3n th\u00f4ng qua c\u00e1c thi\u1ebft b\u1ecb di \u0111\u1ed9ng<\/p>\n<p>Thi\u1ebft k\u1ebf \u00e2m to\u00e0n ph\u1ea7n v\u1edbi ph\u1ea7n g\u1ed7 ph\u00eda tr\u01b0\u1edbc, b\u1ea3ng \u0111i\u1ec1u khi\u1ec3n \u1edf c\u1ea1nh c\u1eeda<\/p>\n<p>C\u00f4ng su\u1ea5t: 14 b\u1ed9 \u0111\u1ed3 \u0103n ch\u00e2u \u00c2u<\/p>\n<p>L\u01b0\u1ee3ng n\u01b0\u1edbc ti\u00eau th\u1ee5 trong ch\u01b0\u01a1ng tr\u00ecnh ti\u1ebft ki\u1ec7m: 9.5 l\u00edt<\/p>\n<p>6 ch\u01b0\u01a1ng tr\u00ecnh r\u1eeda<\/p>\n<p>4 ch\u01b0\u01a1ng tr\u00ecnh b\u1ed5 sung<\/p>\n<p>\u0110\u00e8n Led b\u00e1o mu\u1ed1i, n\u01b0\u1edbc b\u00f3ng v\u00e0 n\u01b0\u1edbc c\u1ea5p<\/p>\n<p>H\u1eb9n gi\u1edd (1-24h)<\/p>\n<p>Ti\u1ebft ki\u1ec7m n\u0103ng l\u01b0\u1ee3ng m\u1ee9c: D (G-A)<\/p>\n<p>Xu\u1ea5t x\u1ee9 \u0110\u1ee9c<\/p>\n<p>&nbsp;<\/p>\n","protected":false},"featured_media":4615,"comment_status":"open","ping_status":"closed","template":"","meta":[],"product_brand":[],"product_cat":[823,829,828,475,472],"product_tag":[473,93,478,358,477],"class_list":{"0":"post-4466","1":"product","2":"type-product","3":"status-publish","4":"has-post-thumbnail","6":"product_cat-may-rua-chen-bat-14-bo","7":"product_cat-may-rua-chen-bat-am-toan-phan","8":"product_cat-may-rua-chen-bat-am-tu","9":"product_cat-may-rua-chen-bat-bosch","10":"product_cat-thuong-hieu-bosch","11":"product_tag-bosch","12":"product_tag-may-rua-chen","13":"product_tag-may-rua-chen-14-bo","14":"product_tag-may-rua-chen-am-toan-phan","15":"product_tag-may-rua-chen-bosch","17":"first","18":"instock","19":"sale","20":"shipping-taxable","21":"purchasable","22":"product-type-simple"},"_links":{"self":[{"href":"https:\/\/livinghome.vn\/thiet-bi\/wp-json\/wp\/v2\/product\/4466","targetHints":{"allow":["GET"]}}],"collection":[{"href":"https:\/\/livinghome.vn\/thiet-bi\/wp-json\/wp\/v2\/product"}],"about":[{"href":"https:\/\/livinghome.vn\/thiet-bi\/wp-json\/wp\/v2\/types\/product"}],"replies":[{"embeddable":true,"href":"https:\/\/livinghome.vn\/thiet-bi\/wp-json\/wp\/v2\/comments?post=4466"}],"wp:featuredmedia":[{"embeddable":true,"href":"https:\/\/livinghome.vn\/thiet-bi\/wp-json\/wp\/v2\/media\/4615"}],"wp:attachment":[{"href":"https:\/\/livinghome.vn\/thiet-bi\/wp-json\/wp\/v2\/media?parent=4466"}],"wp:term":[{"taxonomy":"product_brand","embeddable":true,"href":"https:\/\/livinghome.vn\/thiet-bi\/wp-json\/wp\/v2\/product_brand?post=4466"},{"taxonomy":"product_cat","embeddable":true,"href":"https:\/\/livinghome.vn\/thiet-bi\/wp-json\/wp\/v2\/product_cat?post=4466"},{"taxonomy":"product_tag","embeddable":true,"href":"https:\/\/livinghome.vn\/thiet-bi\/wp-json\/wp\/v2\/product_tag?post=4466"}],"curies":[{"name":"wp","href":"https:\/\/api.w.org\/{rel}","templated":true}]}}