{"id":4464,"date":"2023-01-12T19:07:15","date_gmt":"2023-01-12T19:07:15","guid":{"rendered":"https:\/\/livinghome.vn\/thiet-bi\/?post_type=product&#038;p=4464"},"modified":"2024-11-29T14:19:55","modified_gmt":"2024-11-29T07:19:55","slug":"may-rua-chen-bosch-smi4hcs48e-ban-am-60cm-14-bo","status":"publish","type":"product","link":"https:\/\/livinghome.vn\/thiet-bi\/may-rua-chen-bosch-smi4hcs48e-ban-am-60cm-14-bo\/","title":{"rendered":"M\u00e1y r\u1eeda ch\u00e9n Bosch SMI4HCS48E &#8211; B\u00e1n \u00e2m 60cm 14 b\u1ed9"},"content":{"rendered":"<h2><span id=\"living-home-xin-tran-trong-gioi-thieu-den-ban-may-rua-chen-bosch-sms8yci01e-voi-thiet-ke-sang-trong-cung-nhung-tinh-nang-noi-bat-nhu-sau\"><span id=\"living-home-xin-tran-trong-gioi-thieu-den-ban-may-rua-chen-bosch-sms6eci93e-voi-thiet-ke-sang-trong-cung-nhung-tinh-nang-noi-bat-nhu-sau\"><span id=\"living-home-xin-tran-trong-gioi-thieu-den-ban-may-rua-chen-bosch-sms4haw48e-voi-thiet-ke-sang-trong-cung-nhung-tinh-nang-noi-bat-nhu-sau\"><span id=\"living-home-xin-tran-trong-gioi-thieu-den-ban-may-rua-chen-bosch-sms4hci48e-voi-thiet-ke-sang-trong-cung-nhung-tinh-nang-noi-bat-nhu-sau\"><span id=\"living-home-xin-tran-trong-gioi-thieu-den-ban-may-rua-chen-bosch-sms2hai12e-voi-thiet-ke-sang-trong-cung-nhung-tinh-nang-noi-bat-nhu-sau\"><span id=\"living-home-xin-tran-trong-gioi-thieu-den-ban-may-rua-chen-bosch-sms2ivw01p-voi-thiet-ke-sang-trong-cung-nhung-tinh-nang-noi-bat-nhu-sau\"><span id=\"living-home-xin-tran-trong-gioi-thieu-den-ban-may-rua-chen-bosch-sms88ti03e-voi-thiet-ke-sang-trong-cung-nhung-tinh-nang-noi-bat-nhu-sau\"><span id=\"living-home-xin-tran-trong-gioi-thieu-den-ban-may-rua-chen-bosch-sms68pw01e-voi-thiet-ke-sang-trong-cung-nhung-tinh-nang-noi-bat-nhu-sau\"><span id=\"living-home-xin-tran-trong-gioi-thieu-den-ban-may-rua-chen-bosch-sms46mi01g-voi-thiet-ke-sang-trong-cung-nhung-tinh-nang-noi-bat-nhu-sau\"><span id=\"living-home-xin-tran-trong-gioi-thieu-den-ban-may-rua-chen-bosch-sms63l02ea-voi-thiet-ke-sang-trong-cung-nhung-tinh-nang-noi-bat-nhu-sau\">Living Home xin tr\u00e2n tr\u1ecdng gi\u1edbi thi\u1ec7u \u0111\u1ebfn b\u1ea1n M\u00e1y r\u1eeda ch\u00e9n SMI4HCS48E v\u1edbi thi\u1ebft k\u1ebf v\u00f4 c\u00f9ng sang tr\u1ecdng c\u00f9ng nh\u1eefng t\u00ednh n\u0103ng n\u1ed5i b\u1eadt nh\u01b0 sau<\/span><\/span><\/span><\/span><\/span><\/span><\/span><\/span><\/span><\/span><\/h2>\n<h3><span id=\"dac-tinh-san-pham\">\u0110\u1eb7c t\u00ednh s\u1ea3n ph\u1ea9m<\/span><\/h3>\n<figure id=\"attachment_59138\" aria-describedby=\"caption-attachment-59138\" style=\"width: 1067px\" class=\"wp-caption alignnone\"><img loading=\"lazy\" decoding=\"async\" class=\"wp-image-59138 size-large\" src=\"https:\/\/livinghome.vn\/thiet-bi\/wp-content\/uploads\/nha-bep\/bosch-hmh\/may-rua-bat\/may-rua-bat-bosch-smi4hcs48e\/may-rua-bat-bosch-smi4hcs48e-12-1067x800.jpg\" alt=\"M\u00e1y r\u1eeda ch\u00e9n Bosch SMI4HCS48E - B\u00e1n \u00e2m 60cm 14 b\u1ed9\" width=\"1067\" height=\"800\" title=\"\"><figcaption id=\"caption-attachment-59138\" class=\"wp-caption-text\">M\u00e1y r\u1eeda ch\u00e9n Bosch SMI4HCS48E &#8211;\u00a0B\u1ea3ng \u0111i\u1ec1u khi\u1ec3n inox sang tr\u1ecdng \u0111\u1eb3ng c\u1ea5p<\/figcaption><\/figure>\n<ul>\n<li><strong>K\u1ebft n\u1ed1i Home Connect cho ph\u00e9p \u0111i\u1ec1u khi\u1ec3n th\u00f4ng qua c\u00e1c thi\u1ebft b\u1ecb di \u0111\u1ed9ng\u00a0<\/strong><\/li>\n<li>Thi\u1ebft k\u1ebf b\u00e1n \u00e2m v\u1edbi m\u1eb7t g\u1ed7 ph\u00eda tr\u01b0\u1edbc k\u1ebft h\u1ee3p v\u1edbi b\u1ea3ng \u0111i\u1ec1u khi\u1ec3n inox<\/li>\n<li><strong>SpeedPerfect<\/strong>\u00a0<strong>:<\/strong>Gi\u1ea3m t\u1ed1i \u0111a 75% th\u1eddi gian r\u1eeda nh\u01b0ng v\u1eabn \u0111\u1ea3m b\u1ea3o hi\u1ec7u qu\u1ea3 l\u00e0m s\u1ea1ch v\u00e0 l\u00e0m kh\u00f4 t\u1ed1i \u01b0u<\/li>\n<li id=\"input_line_1\"><span id=\"input_part_0\" class=\"\" data-mention=\"EcoSilence Drive: \u0110\u1ed9ng c\u01a1 kh\u00f4ng ch\u1ed5i than cao c\u1ea5p c\u1ee7a Bosch, m\u00e1y ho\u1ea1t \u0111\u1ed9ng m\u1ea1nh m\u1ebd h\u01a1n, y\u00ean t\u0129nh v\u00e0 hi\u1ec7u qu\u1ea3 t\u1ea9y r\u1eeda cao h\u01a1n\"><strong>EcoSilence Drive:<\/strong>\u00a0\u0110\u1ed9ng c\u01a1 kh\u00f4ng ch\u1ed5i than cao c\u1ea5p c\u1ee7a Bosch, m\u00e1y ho\u1ea1t \u0111\u1ed9ng m\u1ea1nh m\u1ebd h\u01a1n, y\u00ean t\u0129nh v\u00e0 hi\u1ec7u qu\u1ea3 t\u1ea9y r\u1eeda cao h\u01a1n<\/span><\/li>\n<li id=\"input_line_2\"><span id=\"input_part_0\" class=\"\" data-mention=\"Thay \u0111\u1ed5i chi\u1ec1u cao khay ch\u1ee9a: Khay ch\u1ee9a b\u00ean tr\u00ean c\u00f3 th\u1ec3 thay \u0111\u1ed5i chi\u1ec1u cao gi\u00fap d\u1ec5 d\u00e0ng ch\u1ee9a c\u00e1c v\u1eadt d\u1ee5ng n\u1ea5u n\u01b0\u1edbng v\u1edbi nhi\u1ec1u k\u00edch c\u1ee1 kh\u00e1c nhau\">Thay \u0111\u1ed5i chi\u1ec1u cao khay ch\u1ee9a: Khay ch\u1ee9a b\u00ean tr\u00ean c\u00f3 th\u1ec3 thay \u0111\u1ed5i chi\u1ec1u cao gi\u00fap d\u1ec5 d\u00e0ng ch\u1ee9a c\u00e1c v\u1eadt d\u1ee5ng n\u1ea5u n\u01b0\u1edbng v\u1edbi nhi\u1ec1u k\u00edch c\u1ee1 kh\u00e1c nhau<\/span><\/li>\n<li>6 ch\u01b0\u01a1ng tr\u00ecnh r\u1eeda: R\u1eeda chuy\u00ean s\u00e2u (n\u1ed3i ch\u1ea3o) 70<sup>o<\/sup>C, R\u1eeda t\u1ef1 \u0111\u1ed9ng 45-65<sup>o<\/sup>C, Eco 50<sup>o<\/sup>C, R\u1eeda ly 40<sup>o<\/sup>C, R\u1eeda nhanh 45<sup>o<\/sup>C, Tr\u00e1ng<\/li>\n<li>4 ch\u01b0\u01a1ng tr\u00ecnh b\u1ed5 sung: Remove Start, T\u0103ng t\u1ed1c \u0111\u1ed9 r\u1eeda, r\u1eeda n\u1eeda t\u1ea3i, r\u1eeda di\u1ec7t khu\u1ea9n<\/li>\n<li><strong>N\u00fat Favorite<\/strong>\u00a0\u2013 Ghi nh\u1edb ch\u01b0\u01a1ng tr\u00ecnh r\u1eeda<\/li>\n<li>H\u1ec7 th\u1ed1ng l\u1ecdc 3 l\u1edbp t\u1ed1i \u01b0u l\u01b0\u1ee3ng n\u01b0\u1edbc s\u1eed d\u1ee5ng<\/li>\n<li>\u0110\u00e8n Led b\u00e1o mu\u1ed1i, n\u01b0\u1edbc b\u00f3ng v\u00e0 n\u01b0\u1edbc c\u1ea5p<\/li>\n<li>H\u1eb9n gi\u1edd (1-24h)<\/li>\n<li>Ti\u1ebft ki\u1ec7m n\u0103ng l\u01b0\u1ee3ng m\u1ee9c: D (G-A)<\/li>\n<li>Xu\u1ea5t x\u1ee9 \u0110\u1ee9c<\/li>\n<li>Machine Care \u2013 Ch\u01b0\u01a1ng tr\u00ecnh v\u1ec7 sinh m\u00e1y<\/li>\n<\/ul>\n<figure id=\"attachment_59137\" aria-describedby=\"caption-attachment-59137\" style=\"width: 1067px\" class=\"wp-caption alignnone\"><img loading=\"lazy\" decoding=\"async\" class=\"wp-image-59137 size-large\" src=\"https:\/\/livinghome.vn\/thiet-bi\/wp-content\/uploads\/nha-bep\/bosch-hmh\/may-rua-bat\/may-rua-bat-bosch-smi4hcs48e\/may-rua-bat-bosch-smi4hcs48e-13-1067x800.jpg\" alt=\"M\u00e1y r\u1eeda ch\u00e9n Bosch SMI4HCS48E - B\u00e1n \u00e2m 60cm 14 b\u1ed9\" width=\"1067\" height=\"800\" title=\"\"><figcaption id=\"caption-attachment-59137\" class=\"wp-caption-text\">M\u00e1y r\u1eeda ch\u00e9n Bosch SMI4HCS48E &#8211; Th\u00f4ng qua \u1ee9ng d\u1ee5ng Home Connect b\u1ea1n c\u00f3 th\u1ec3 \u0111i\u1ec1u khi\u1ec3n v\u00e0 theo gi\u00f5i thi\u1ebft b\u1ecb t\u1eeb xa ho\u1eb7c h\u01a1n th\u1ebf n\u1eefa c\u00f3 th\u1ec3 k\u1ebft n\u1ed1i \u0111i\u1ec1u khi\u1ec3n thi\u1ebft b\u1ecb b\u1eb1ng gi\u1ecdng n\u00f3i th\u00f4ng qua c\u00e1c tr\u1ee3 l\u00fd \u1ea3o nh\u01b0 Alexa ho\u1eb7c Google assistant.<\/figcaption><\/figure>\n<figure id=\"attachment_59131\" aria-describedby=\"caption-attachment-59131\" style=\"width: 800px\" class=\"wp-caption alignnone\"><img loading=\"lazy\" decoding=\"async\" class=\"wp-image-59131 size-large\" src=\"https:\/\/livinghome.vn\/thiet-bi\/wp-content\/uploads\/nha-bep\/bosch-hmh\/may-rua-bat\/may-rua-bat-bosch-smi4hcs48e\/may-rua-bat-bosch-smi4hcs48e-7-800x800.jpg\" alt=\"M\u00e1y r\u1eeda ch\u00e9n Bosch SMI4HCS48E - B\u00e1n \u00e2m 60cm 14 b\u1ed9\" width=\"800\" height=\"800\" title=\"\"><figcaption id=\"caption-attachment-59131\" class=\"wp-caption-text\">M\u00e1y r\u1eeda ch\u00e9n Bosch SMI4HCS48E &#8211; 3 gi\u00e0n r\u1eeda c\u00f9ng kh\u00f4ng gian ch\u1ee9a r\u1ed9ng l\u1edbn cung c\u1ea5p s\u1ee9c r\u1eeda l\u00ean \u0111\u1ebfn 14 b\u1ed9 \u0111\u1ed3 \u0103n Ch\u00e2u \u00c2u<\/figcaption><\/figure>\n<figure id=\"attachment_59129\" aria-describedby=\"caption-attachment-59129\" style=\"width: 800px\" class=\"wp-caption alignnone\"><img loading=\"lazy\" decoding=\"async\" class=\"wp-image-59129 size-large\" src=\"https:\/\/livinghome.vn\/thiet-bi\/wp-content\/uploads\/nha-bep\/bosch-hmh\/may-rua-bat\/may-rua-bat-bosch-smi4hcs48e\/may-rua-bat-bosch-smi4hcs48e-9-800x800.jpg\" alt=\"M\u00e1y r\u1eeda ch\u00e9n Bosch SMI4HCS48E - B\u00e1n \u00e2m 60cm 14 b\u1ed9\" width=\"800\" height=\"800\" title=\"\"><figcaption id=\"caption-attachment-59129\" class=\"wp-caption-text\">M\u00e1y r\u1eeda ch\u00e9n Bosch SMI4HCS48E &#8211; Thi\u00eat k\u1ebf sang tr\u1ecdng n\u00e2ng t\u1ea7m kh\u00f4ng gian b\u1ebfp nh\u00e0 b\u1ea1n<\/figcaption><\/figure>\n<h3><span id=\"chuc-nang-an-toan\">Ch\u1ee9c n\u0103ng an to\u00e0n<\/span><\/h3>\n<ul>\n<li id=\"input_line_13\"><span id=\"input_part_0\" class=\"\" data-mention=\" AquaStop: 100% \u0111\u1ea3m b\u1ea3o c\u00e1c v\u1ea5n \u0111\u1ec1 r\u00f2 r\u1ec9 n\u01b0\u1edbc c\u1ee7a m\u00e1y r\u1eeda b\u00e1t \">AquaSecure: 100% \u0111\u1ea3m b\u1ea3o c\u00e1c v\u1ea5n \u0111\u1ec1 r\u00f2 r\u1ec9 n\u01b0\u1edbc c\u1ee7a m\u00e1y r\u1eeda b\u00e1t<\/span><\/li>\n<li id=\"input_line_14\"><span id=\"input_part_0\" class=\"\" data-mention=\" Kh\u00f3a an to\u00e0n tr\u1ebb em\">Kh\u00f3a an to\u00e0n tr\u1ebb em<\/span><\/li>\n<li id=\"input_line_15\"><span id=\"input_part_0\" class=\"\" data-mention=\"C\u00f4ng ngh\u1ec7 r\u1eeda \u0111\u1ed9c \u0111\u00e1o gi\u00fap b\u1ea3o v\u1ec7 v\u00e0 ng\u0103n ng\u1eeba qu\u00e1 tr\u00ecnh \u0103n m\u00f2n ly, c\u00e1c v\u1eadt d\u1ee5ng b\u1eb1ng th\u1ee7y tinh trong khi r\u1eeda\">C\u00f4ng ngh\u1ec7 r\u1eeda \u0111\u1ed9c \u0111\u00e1o gi\u00fap b\u1ea3o v\u1ec7 v\u00e0 ng\u0103n ng\u1eeba qu\u00e1 tr\u00ecnh \u0103n m\u00f2n ly, c\u00e1c v\u1eadt d\u1ee5ng b\u1eb1ng th\u1ee7y tinh trong khi r\u1eeda<\/span><\/li>\n<\/ul>\n<h3>Th\u00f4ng s\u1ed1 k\u0129 thu\u1eadt<\/h3>\n<ul>\n<li>C\u00f4ng su\u1ea5t: 14 b\u1ed9 \u0111\u1ed3 \u0103n ch\u00e2u \u00c2u<\/li>\n<li>L\u01b0\u1ee3ng n\u01b0\u1edbc ti\u00eau th\u1ee5 trong ch\u01b0\u01a1ng tr\u00ecnh ti\u1ebft ki\u1ec7m: 9.5 l\u00edt<\/li>\n<li>\u0110\u1ed9 \u1ed3n:44 dB<\/li>\n<li>K\u00edch th\u01b0\u1edbc: 815Cx598Rx573S mm<\/li>\n<li>C\u00f4ng su\u1ea5t \u0111i\u1ec7n k\u1ebft n\u1ed1i: 2400W<\/li>\n<li>Chi\u1ec1u d\u00e0i d\u00e2y \u0111i\u1ec7n: 175cm<\/li>\n<li>D\u00f2ng \u0111i\u1ec7n: 220-240V\/50-60 Hz\/10A<\/li>\n<\/ul>\n<figure id=\"attachment_59135\" aria-describedby=\"caption-attachment-59135\" style=\"width: 1067px\" class=\"wp-caption alignnone\"><img loading=\"lazy\" decoding=\"async\" class=\"wp-image-59135 size-large\" src=\"https:\/\/livinghome.vn\/thiet-bi\/wp-content\/uploads\/nha-bep\/bosch-hmh\/may-rua-bat\/may-rua-bat-bosch-smi4hcs48e\/may-rua-bat-bosch-smi4hcs48e-3-1067x800.jpg\" alt=\"M\u00e1y r\u1eeda ch\u00e9n Bosch SMI4HCS48E - B\u00e1n \u00e2m 60cm 14 b\u1ed9\" width=\"1067\" height=\"800\" title=\"\"><figcaption id=\"caption-attachment-59135\" class=\"wp-caption-text\">M\u00e1y r\u1eeda ch\u00e9n Bosch SMI4HCS48E &#8211; Chi ti\u1ebft l\u1eafp \u0111\u1eb7t<\/figcaption><\/figure>\n","protected":false},"excerpt":{"rendered":"<p>C\u00f4ng su\u1ea5t: 14 b\u1ed9 \u0111\u1ed3 \u0103n ch\u00e2u \u00c2u<\/p>\n<p>L\u01b0\u1ee3ng n\u01b0\u1edbc ti\u00eau th\u1ee5 trong ch\u01b0\u01a1ng tr\u00ecnh ti\u1ebft ki\u1ec7m: 9.5 l\u00edt<\/p>\n<p>\u0110\u1ed9 \u1ed3n:44 dB<\/p>\n<p>K\u00edch th\u01b0\u1edbc: 815Cx598Rx573S mm<\/p>\n<p>Ti\u1ebft ki\u1ec7m n\u0103ng l\u01b0\u1ee3ng m\u1ee9c: D (G-A)<\/p>\n<p>Xu\u1ea5t x\u1ee9 \u0110\u1ee9c<\/p>\n<p>K\u1ebft n\u1ed1i Home Connect cho ph\u00e9p \u0111i\u1ec1u khi\u1ec3n th\u00f4ng qua c\u00e1c thi\u1ebft b\u1ecb di \u0111\u1ed9ng<\/p>\n<p>Thi\u1ebft k\u1ebf b\u00e1n \u00e2m v\u1edbi m\u1eb7t g\u1ed7 ph\u00eda tr\u01b0\u1edbc k\u1ebft h\u1ee3p v\u1edbi b\u1ea3ng \u0111i\u1ec1u khi\u1ec3n inox<\/p>\n<p>6 ch\u01b0\u01a1ng tr\u00ecnh r\u1eeda<\/p>\n<p>4 ch\u01b0\u01a1ng tr\u00ecnh b\u1ed5 sung<\/p>\n","protected":false},"featured_media":4586,"comment_status":"open","ping_status":"closed","template":"","meta":[],"product_brand":[],"product_cat":[823,827,475,472],"product_tag":[473,93,478,481,477],"class_list":{"0":"post-4464","1":"product","2":"type-product","3":"status-publish","4":"has-post-thumbnail","6":"product_cat-may-rua-chen-bat-14-bo","7":"product_cat-may-rua-chen-bat-ban-am","8":"product_cat-may-rua-chen-bat-bosch","9":"product_cat-thuong-hieu-bosch","10":"product_tag-bosch","11":"product_tag-may-rua-chen","12":"product_tag-may-rua-chen-14-bo","13":"product_tag-may-rua-chen-ban-am","14":"product_tag-may-rua-chen-bosch","16":"first","17":"instock","18":"sale","19":"shipping-taxable","20":"purchasable","21":"product-type-simple"},"_links":{"self":[{"href":"https:\/\/livinghome.vn\/thiet-bi\/wp-json\/wp\/v2\/product\/4464","targetHints":{"allow":["GET"]}}],"collection":[{"href":"https:\/\/livinghome.vn\/thiet-bi\/wp-json\/wp\/v2\/product"}],"about":[{"href":"https:\/\/livinghome.vn\/thiet-bi\/wp-json\/wp\/v2\/types\/product"}],"replies":[{"embeddable":true,"href":"https:\/\/livinghome.vn\/thiet-bi\/wp-json\/wp\/v2\/comments?post=4464"}],"wp:featuredmedia":[{"embeddable":true,"href":"https:\/\/livinghome.vn\/thiet-bi\/wp-json\/wp\/v2\/media\/4586"}],"wp:attachment":[{"href":"https:\/\/livinghome.vn\/thiet-bi\/wp-json\/wp\/v2\/media?parent=4464"}],"wp:term":[{"taxonomy":"product_brand","embeddable":true,"href":"https:\/\/livinghome.vn\/thiet-bi\/wp-json\/wp\/v2\/product_brand?post=4464"},{"taxonomy":"product_cat","embeddable":true,"href":"https:\/\/livinghome.vn\/thiet-bi\/wp-json\/wp\/v2\/product_cat?post=4464"},{"taxonomy":"product_tag","embeddable":true,"href":"https:\/\/livinghome.vn\/thiet-bi\/wp-json\/wp\/v2\/product_tag?post=4464"}],"curies":[{"name":"wp","href":"https:\/\/api.w.org\/{rel}","templated":true}]}}