{"id":4456,"date":"2023-01-12T19:07:14","date_gmt":"2023-01-12T19:07:14","guid":{"rendered":"https:\/\/livinghome.vn\/thiet-bi\/?post_type=product&#038;p=4456"},"modified":"2024-11-29T14:19:57","modified_gmt":"2024-11-29T07:19:57","slug":"may-rua-chen-bosch-sms88ti03e-doc-lap-60-cm-13-bo","status":"publish","type":"product","link":"https:\/\/livinghome.vn\/thiet-bi\/may-rua-chen-bosch-sms88ti03e-doc-lap-60-cm-13-bo\/","title":{"rendered":"M\u00e1y r\u1eeda ch\u00e9n Bosch SMS88TI03E &#8211; \u0110\u1ed9c l\u1eadp 60 cm 13 b\u1ed9"},"content":{"rendered":"<h2><span id=\"living-home-xin-tran-trong-gioi-thieu-den-ban-may-rua-chen-bosch-sms68pw01e-voi-thiet-ke-sang-trong-cung-nhung-tinh-nang-noi-bat-nhu-sau\"><span id=\"living-home-xin-tran-trong-gioi-thieu-den-ban-may-rua-chen-bosch-sms46mi01g-voi-thiet-ke-sang-trong-cung-nhung-tinh-nang-noi-bat-nhu-sau\"><span id=\"living-home-xin-tran-trong-gioi-thieu-den-ban-may-rua-chen-bosch-sms63l02ea-voi-thiet-ke-sang-trong-cung-nhung-tinh-nang-noi-bat-nhu-sau\">Living Home xin tr\u00e2n tr\u1ecdng gi\u1edbi thi\u1ec7u \u0111\u1ebfn b\u1ea1n M\u00e1y r\u1eeda ch\u00e9n Bosch SMS88TI03E v\u1edbi thi\u1ebft k\u1ebf sang tr\u1ecdng c\u00f9ng nh\u1eefng t\u00ednh n\u0103ng n\u1ed5i b\u1eadt nh\u01b0 sau<\/span><\/span><\/span><\/h2>\n<h3>\u0110\u0103c t\u00ednh s\u1ea3n ph\u1ea9m<\/h3>\n<ul>\n<li><span class=\"fontstyle0\">Thi\u1ebft k\u1ebf Series 8 v\u1edbi m\u00e0n h\u00ecnh hi\u1ec3n th\u1ecb TFT<\/span><\/li>\n<li><span class=\"fontstyle0\">VarioSpeed Plus:\u00a0<\/span><span class=\"fontstyle2\">Gi\u1ea3m t\u1ed1i \u0111a 65% th\u1eddi gian r\u1eeda nh\u01b0ng v\u1eabn \u0111\u1ea3m b\u1ea3o hi\u1ec7u qu\u1ea3 t\u1ea9y r\u1eeda v\u00e0 l\u00e0m kh\u00f4 t\u1ed1i \u01b0u<\/span><\/li>\n<li><span class=\"fontstyle0\">EcoSilence Drive:\u00a0<\/span><span class=\"fontstyle2\">\u0110\u1ed9ng c\u01a1 kh\u00f4ng ch\u1ed5i than cao\u00a0<\/span><span class=\"fontstyle2\">c\u1ea5p c\u1ee7a Bosch, m\u00e1y ho\u1ea1t \u0111\u1ed9ng m\u1ea1nh m\u1ebd h\u01a1n, y\u00ean t\u0129nh v\u00e0 hi\u1ec7u qu\u1ea3 t\u1ea9y r\u1eeda cao h\u01a1n<\/span><\/li>\n<li><span class=\"fontstyle0\">S\u1ea5y kh\u00f4 b\u1eb1ng kho\u00e1ng ch\u1ea5t Zeolite<\/span><\/li>\n<li><span class=\"fontstyle0\">Thay \u0111\u1ed5i chi\u1ec1u cao khay ch\u1ee9a<\/span><span class=\"fontstyle2\">: Khay ch\u1ee9a b\u00ean tr\u00ean c\u00f3 th\u1ec3 thay \u0111\u1ed5i chi\u1ec1u cao gi\u00fap d\u1ec5 d\u00e0ng ch\u1ee9a c\u00e1c v\u1eadt d\u1ee5ng n\u1ea5u n\u01b0\u1edbng v\u1edbi nhi\u1ec1u k\u00edch c\u1ee1 kh\u00e1c nhau<\/span><\/li>\n<li><span class=\"fontstyle0\">3 gi\u00e0n r\u1eeda ch\u00e9n b\u00e1t v\u00e0 d\u1ee5ng c\u1ee5 n\u1ea5u \u0103n<\/span><\/li>\n<li><span class=\"fontstyle0\">8 ch\u01b0\u01a1ng tr\u00ecnh r\u1eeda:\u00a0<\/span><span class=\"fontstyle2\">R\u1eeda t\u1ef1 \u0111\u1ed9ng 35-45<\/span><span class=\"fontstyle2\">o<\/span><span class=\"fontstyle2\">C, R\u1eeda t\u1ef1 \u0111\u1ed9ng 45-65<\/span><span class=\"fontstyle2\">o<\/span><span class=\"fontstyle2\">C, R\u1eeda t\u1ef1 \u0111\u1ed9ng 65-75<\/span><span class=\"fontstyle2\">o<\/span><span class=\"fontstyle2\">C, R\u1eeda th\u01b0\u1eddng 60<\/span><span class=\"fontstyle2\">o<\/span><span class=\"fontstyle2\">C, Eco 50<\/span><span class=\"fontstyle2\">o<\/span><span class=\"fontstyle2\">C, R\u1eeda nhanh 45<\/span><span class=\"fontstyle2\">o<\/span><span class=\"fontstyle2\">C, R\u1eeda ban \u0111\u00eam 50<\/span><span class=\"fontstyle2\">o<\/span><span class=\"fontstyle2\">C, Tr\u00e1ng<\/span><\/li>\n<li>5 ch\u01b0\u01a1ng tr\u00ecnh b\u1ed5 sung: T\u0103ng t\u1ed1c \u0111\u1ed9 r\u1eeda, r\u1eeda di\u1ec7t khu\u1ea9n, s\u1ea5y t\u0103ng c\u01b0\u1eddng, t\u0103ng \u00e1p l\u1ef1c n\u01b0\u1edbc v\u00f2i r\u1eeda, r\u1eeda n\u1eeda t\u1ea3i<\/li>\n<li>\u0110i\u1ec1u khi\u1ec3n c\u1ea3m \u1ee9ng<\/li>\n<li id=\"input_line_8\"><span id=\"input_part_0\" class=\"\" data-mention=\"\u0110\u00e8n LED b\u00e1o mu\u1ed1i, n\u01b0\u1edbc b\u00f3ng v\u00e0 n\u01b0\u1edbc c\u1ea5p\">\u0110\u00e8n LED b\u00e1o mu\u1ed1i, n\u01b0\u1edbc b\u00f3ng v\u00e0 n\u01b0\u1edbc c\u1ea5p<\/span><\/li>\n<li id=\"input_line_9\"><span id=\"input_part_0\" class=\"\" data-mention=\"H\u1eb9n gi\u1edd (ho\u1ea1t \u0111\u1ed9ng trong v\u00f2ng 1-24h)\">H\u1eb9n gi\u1edd (ho\u1ea1t \u0111\u1ed9ng trong v\u00f2ng 1-24h)<\/span><\/li>\n<li id=\"input_line_10\"><span id=\"input_part_0\" class=\"\" data-mention=\"Ti\u1ebft ki\u1ec7m n\u0103ng l\u01b0\u1ee3ng m\u1ee9c A++\">Ti\u1ebft ki\u1ec7m n\u0103ng l\u01b0\u1ee3ng m\u1ee9c A++<\/span><\/li>\n<li id=\"input_line_11\"><span id=\"input_part_0\" class=\"\" data-mention=\"Xu\u1ea5t x\u1ee9 \u0110\u1ee9c\">Xu\u1ea5t x\u1ee9 \u0110\u1ee9c<\/span><\/li>\n<\/ul>\n<figure id=\"attachment_59211\" aria-describedby=\"caption-attachment-59211\" style=\"width: 800px\" class=\"wp-caption alignnone\"><img loading=\"lazy\" decoding=\"async\" class=\"wp-image-59211 size-large\" src=\"https:\/\/livinghome.vn\/thiet-bi\/wp-content\/uploads\/nha-bep\/bosch-hmh\/may-rua-bat\/may-rua-bat-bosch-sms88ti03e\/may-rua-bat-bosch-sms88ti03e-9-800x800.jpg\" alt=\"M\u00e1y r\u1eeda ch\u00e9n Bosch SMS88TI03E - \u0110\u1ed9c l\u1eadp 60 cm 13 b\u1ed9\" width=\"800\" height=\"800\" title=\"\"><figcaption id=\"caption-attachment-59211\" class=\"wp-caption-text\">M\u00e1y r\u1eeda ch\u00e9n Bosch SMS88TI03E &#8211; Khoang ch\u1ee9a r\u1ed5ng r\u00e3i v\u1edbi c\u00f4ng su\u1ea5t 13 b\u1ed9 \u0111\u1ed3 \u0103n Ch\u00e2u \u00c2u<\/figcaption><\/figure>\n<h3><span id=\"chuc-nang-an-toan\">Ch\u1ee9c n\u0103ng an to\u00e0n<\/span><\/h3>\n<ul>\n<li>AquaStop: 100% \u0111\u1ea3m b\u1ea3o c\u00e1c v\u1ea5n \u0111\u1ec1 r\u00f2 r\u1ec9 n\u01b0\u1edbc c\u1ee7a m\u00e1y r\u1eeda ch\u00e9n<\/li>\n<li>Kh\u00f3a an to\u00e0n tr\u1ebb em<\/li>\n<li>C\u00f4ng ngh\u1ec7 r\u1eeda \u0111\u1ed9c \u0111\u00e1o gi\u00fap b\u1ea3o v\u1ec7 v\u00e0 ng\u0103n ng\u1eeba qu\u00e1 tr\u00ecnh \u0103n m\u00f2n ly, c\u00e1c v\u1eadt d\u1ee5ng b\u1eb1ng th\u1ee7y tinh trong khi r\u1eeda<\/li>\n<\/ul>\n<figure id=\"attachment_59215\" aria-describedby=\"caption-attachment-59215\" style=\"width: 800px\" class=\"wp-caption alignnone\"><img loading=\"lazy\" decoding=\"async\" class=\"wp-image-59215 size-large\" src=\"https:\/\/livinghome.vn\/thiet-bi\/wp-content\/uploads\/nha-bep\/bosch-hmh\/may-rua-bat\/may-rua-bat-bosch-sms88ti03e\/may-rua-bat-bosch-sms88ti03e-5-800x800.jpg\" alt=\"M\u00e1y r\u1eeda ch\u00e9n Bosch SMS88TI03E - \u0110\u1ed9c l\u1eadp 60 cm 13 b\u1ed9\" width=\"800\" height=\"800\" title=\"\"><figcaption id=\"caption-attachment-59215\" class=\"wp-caption-text\">M\u00e1y r\u1eeda ch\u00e9n Bosch SMS88TI03E &#8211; R\u1ed5 MAX FLEX PRO ch\u1ea5t l\u01b0\u1ee3ng v\u00e0 linh ho\u1ea1t trong t\u1eebng chi ti\u1ebft<\/figcaption><\/figure>\n<h3 id=\"input_line_0\"><span id=\"input_part_0\" class=\"\" data-mention=\"Th\u00f4ng s\u1ed1 k\u0129 thu\u1eadt \">Th\u00f4ng s\u1ed1 k\u0129 thu\u1eadt <\/span><\/h3>\n<ul>\n<li id=\"input_line_1\"><span id=\"input_part_0\" class=\"\" data-mention=\"- C\u00f4ng su\u1ea5t: 12 + 1 b\u1ed9 \u0111\u1ed3 \u0103n ch\u00e2u \u00c2u\">C\u00f4ng su\u1ea5t: 12 + 1 b\u1ed9 \u0111\u1ed3 \u0103n ch\u00e2u \u00c2u<\/span><\/li>\n<li id=\"input_line_2\"><span id=\"input_part_0\" class=\"\" data-mention=\"L\u01b0\u1ee3ng n\u01b0\u1edbc ti\u00eau th\u1ee5 cho ch\u01b0\u01a1ng tr\u00ecnh ti\u1ebft ki\u1ec7m:7.5 l\u00edt\">L\u01b0\u1ee3ng n\u01b0\u1edbc ti\u00eau th\u1ee5 cho ch\u01b0\u01a1ng tr\u00ecnh ti\u1ebft ki\u1ec7m:7.5 l\u00edt<\/span><\/li>\n<li id=\"input_line_3\"><span id=\"input_part_0\" class=\"\" data-mention=\"- Ti\u1ebft ki\u1ec7m n\u0103ng l\u01b0\u1ee3ng m\u1ee9c A+++; \u0110\u1ed9 \u1ed3n: 44 dB\">Ti\u1ebft ki\u1ec7m n\u0103ng l\u01b0\u1ee3ng m\u1ee9c A+++; \u0110\u1ed9 \u1ed3n: 44 dB<\/span><\/li>\n<li id=\"input_line_4\"><span id=\"input_part_0\" class=\"\" data-mention=\"- K\u00edch th\u01b0\u1edbc: \">K\u00edch th\u01b0\u1edbc: <\/span><\/li>\n<li id=\"input_line_5\"><span id=\"input_part_0\" class=\"\" data-mention=\"Cao 845 x R\u1ed9ng 600 x S\u00e2u 600 mm\">Cao 845 x R\u1ed9ng 600 x S\u00e2u 600 mm<\/span><\/li>\n<li id=\"input_line_6\"><span id=\"input_part_0\" class=\"\" data-mention=\"- C\u00f4ng su\u1ea5t \u0111i\u1ec7n k\u1ebft n\u1ed1i: 2400W\">C\u00f4ng su\u1ea5t \u0111i\u1ec7n k\u1ebft n\u1ed1i: 2400W<\/span><\/li>\n<li id=\"input_line_7\"><span id=\"input_part_0\" class=\"\" data-mention=\"- Chi\u1ec1u d\u00e0i d\u00e2y \u0111i\u1ec7n: 175 cm\">Chi\u1ec1u d\u00e0i d\u00e2y \u0111i\u1ec7n: 175 cm<\/span><\/li>\n<li id=\"input_line_8\"><span id=\"input_part_0\" class=\"\" data-mention=\"D\u00f2ng \u0111i\u1ec7n 10A; Hi\u1ec7u \u0111i\u1ec7n th\u1ebf 220 -240V; \">D\u00f2ng \u0111i\u1ec7n 10A; Hi\u1ec7u \u0111i\u1ec7n th\u1ebf 220 -240V; <\/span><\/li>\n<li id=\"input_line_9\"><span id=\"input_part_0\" class=\"\" data-mention=\"T\u1ea7n s\u1ed1 50 \u2013 60Hz\">T\u1ea7n s\u1ed1 50 \u2013 60Hz<\/span><\/li>\n<\/ul>\n<figure id=\"attachment_59219\" aria-describedby=\"caption-attachment-59219\" style=\"width: 1067px\" class=\"wp-caption alignnone\"><img loading=\"lazy\" decoding=\"async\" class=\"wp-image-59219 size-large\" src=\"https:\/\/livinghome.vn\/thiet-bi\/wp-content\/uploads\/nha-bep\/bosch-hmh\/may-rua-bat\/may-rua-bat-bosch-sms88ti03e\/may-rua-bat-bosch-sms88ti03e-1-1067x800.jpg\" alt=\"M\u00e1y r\u1eeda ch\u00e9n Bosch SMS88TI03E - \u0110\u1ed9c l\u1eadp 60 cm 13 b\u1ed9\" width=\"1067\" height=\"800\" title=\"\"><figcaption id=\"caption-attachment-59219\" class=\"wp-caption-text\">M\u00e1y r\u1eeda ch\u00e9n Bosch SMS88TI03E &#8211; Chi ti\u1ebft l\u1eafp \u0111\u1eb7t<\/figcaption><\/figure>\n","protected":false},"excerpt":{"rendered":"<ul>\n<li id=\"input_line_1\"><span id=\"input_part_0\" class=\"\" data-mention=\"- C\u00f4ng su\u1ea5t: 12 + 1 b\u1ed9 \u0111\u1ed3 \u0103n ch\u00e2u \u00c2u\">C\u00f4ng su\u1ea5t: 13 b\u1ed9 \u0111\u1ed3 \u0103n ch\u00e2u \u00c2u<\/span><\/li>\n<li id=\"input_line_2\"><span id=\"input_part_0\" class=\"\" data-mention=\"L\u01b0\u1ee3ng n\u01b0\u1edbc ti\u00eau th\u1ee5 cho ch\u01b0\u01a1ng tr\u00ecnh ti\u1ebft ki\u1ec7m:7.5 l\u00edt\">L\u01b0\u1ee3ng n\u01b0\u1edbc ti\u00eau th\u1ee5 cho ch\u01b0\u01a1ng tr\u00ecnh ti\u1ebft ki\u1ec7m:7.5 l\u00edt<\/span><\/li>\n<li id=\"input_line_3\"><span id=\"input_part_0\" class=\"\" data-mention=\"- Ti\u1ebft ki\u1ec7m n\u0103ng l\u01b0\u1ee3ng m\u1ee9c A+++; \u0110\u1ed9 \u1ed3n: 44 dB\">Ti\u1ebft ki\u1ec7m n\u0103ng l\u01b0\u1ee3ng m\u1ee9c A+++; <\/span><\/li>\n<li><span id=\"input_part_0\" class=\"\" data-mention=\"- Ti\u1ebft ki\u1ec7m n\u0103ng l\u01b0\u1ee3ng m\u1ee9c A+++; \u0110\u1ed9 \u1ed3n: 44 dB\">\u0110\u1ed9 \u1ed3n: 44 dB<\/span><\/li>\n<li id=\"input_line_4\"><span id=\"input_part_0\" class=\"\" data-mention=\"- K\u00edch th\u01b0\u1edbc: \">K\u00edch th\u01b0\u1edbc: <\/span><span id=\"input_part_0\" class=\"\" data-mention=\"Cao 845 x R\u1ed9ng 600 x S\u00e2u 600 mm\">Cao 845 x R\u1ed9ng 600 x S\u00e2u 600 mm<\/span><\/li>\n<\/ul>\n","protected":false},"featured_media":4519,"comment_status":"open","ping_status":"closed","template":"","meta":[],"product_brand":[],"product_cat":[822,828,827,475,826,472],"product_tag":[473,479,477,205],"class_list":{"0":"post-4456","1":"product","2":"type-product","3":"status-publish","4":"has-post-thumbnail","6":"product_cat-may-rua-chen-bat-13-bo","7":"product_cat-may-rua-chen-bat-am-tu","8":"product_cat-may-rua-chen-bat-ban-am","9":"product_cat-may-rua-chen-bat-bosch","10":"product_cat-may-rua-chen-bat-doc-lap","11":"product_cat-thuong-hieu-bosch","12":"product_tag-bosch","13":"product_tag-may-rua-chen-13-bo","14":"product_tag-may-rua-chen-bosch","15":"product_tag-may-rua-chen-doc-lap","17":"first","18":"instock","19":"sale","20":"shipping-taxable","21":"purchasable","22":"product-type-simple"},"_links":{"self":[{"href":"https:\/\/livinghome.vn\/thiet-bi\/wp-json\/wp\/v2\/product\/4456","targetHints":{"allow":["GET"]}}],"collection":[{"href":"https:\/\/livinghome.vn\/thiet-bi\/wp-json\/wp\/v2\/product"}],"about":[{"href":"https:\/\/livinghome.vn\/thiet-bi\/wp-json\/wp\/v2\/types\/product"}],"replies":[{"embeddable":true,"href":"https:\/\/livinghome.vn\/thiet-bi\/wp-json\/wp\/v2\/comments?post=4456"}],"wp:featuredmedia":[{"embeddable":true,"href":"https:\/\/livinghome.vn\/thiet-bi\/wp-json\/wp\/v2\/media\/4519"}],"wp:attachment":[{"href":"https:\/\/livinghome.vn\/thiet-bi\/wp-json\/wp\/v2\/media?parent=4456"}],"wp:term":[{"taxonomy":"product_brand","embeddable":true,"href":"https:\/\/livinghome.vn\/thiet-bi\/wp-json\/wp\/v2\/product_brand?post=4456"},{"taxonomy":"product_cat","embeddable":true,"href":"https:\/\/livinghome.vn\/thiet-bi\/wp-json\/wp\/v2\/product_cat?post=4456"},{"taxonomy":"product_tag","embeddable":true,"href":"https:\/\/livinghome.vn\/thiet-bi\/wp-json\/wp\/v2\/product_tag?post=4456"}],"curies":[{"name":"wp","href":"https:\/\/api.w.org\/{rel}","templated":true}]}}