{"id":4455,"date":"2023-01-12T19:07:14","date_gmt":"2023-01-12T19:07:14","guid":{"rendered":"https:\/\/livinghome.vn\/thiet-bi\/?post_type=product&#038;p=4455"},"modified":"2024-11-29T14:19:57","modified_gmt":"2024-11-29T07:19:57","slug":"may-rua-chen-bosch-sms68pw01e-doc-lap-60-cm-13-bo","status":"publish","type":"product","link":"https:\/\/livinghome.vn\/thiet-bi\/may-rua-chen-bosch-sms68pw01e-doc-lap-60-cm-13-bo\/","title":{"rendered":"M\u00e1y r\u1eeda ch\u00e9n Bosch SMS68PW01E &#8211; \u0110\u1ed9c l\u1eadp 60 cm 13 b\u1ed9"},"content":{"rendered":"<h2><span id=\"living-home-xin-tran-trong-gioi-thieu-den-ban-may-rua-chen-bosch-sms46mi01g-voi-thiet-ke-sang-trong-cung-nhung-tinh-nang-noi-bat-nhu-sau\"><span id=\"living-home-xin-tran-trong-gioi-thieu-den-ban-may-rua-chen-bosch-sms63l02ea-voi-thiet-ke-sang-trong-cung-nhung-tinh-nang-noi-bat-nhu-sau\">Living Home xin tr\u00e2n tr\u1ecdng gi\u1edbi thi\u1ec7u \u0111\u1ebfn b\u1ea1n M\u00e1y r\u1eeda ch\u00e9n Bosch SMS68PW01E v\u1edbi thi\u1ebft k\u1ebf sang tr\u1ecdng c\u00f9ng nh\u1eefng t\u00ednh n\u0103ng n\u1ed5i b\u1eadt nh\u01b0 sau<\/span><\/span><\/h2>\n<figure id=\"attachment_59199\" aria-describedby=\"caption-attachment-59199\" style=\"width: 800px\" class=\"wp-caption alignnone\"><img loading=\"lazy\" decoding=\"async\" class=\"wp-image-59199 size-large\" src=\"https:\/\/livinghome.vn\/thiet-bi\/wp-content\/uploads\/nha-bep\/bosch-hmh\/may-rua-bat\/may-rua-bat-bosch-sms68pw01e\/may-rua-bat-bosch-sms68pw01e-1-800x800.jpg\" alt=\"M\u00e1y r\u1eeda ch\u00e9n Bosch SMS68PW01E- \u0110\u1ed9c l\u1eadp 60 cm 13 b\u1ed9\" width=\"800\" height=\"800\" title=\"\"><figcaption id=\"caption-attachment-59199\" class=\"wp-caption-text\">M\u00e1y r\u1eeda ch\u00e9n Bosch SMS68PW01E- \u0110\u1ed9c l\u1eadp 60 cm 13 b\u1ed9<\/figcaption><\/figure>\n<h3>\u0110\u1eb7c t\u00ednh s\u1ea3n ph\u1ea9m<\/h3>\n<ul>\n<li id=\"input_line_0\"><span id=\"input_part_0\" class=\"\" data-mention=\"VarioSpeed Plus: Gi\u1ea3m t\u1ed1i \u0111a 65% th\u1eddi gian r\u1eeda nh\u01b0ng v\u1eabn \u0111\u1ea3m b\u1ea3o hi\u1ec7u qu\u1ea3 t\u1ea9y r\u1eeda v\u00e0 l\u00e0m kh\u00f4 t\u1ed1i \u01b0u\">VarioSpeed Plus: Gi\u1ea3m t\u1ed1i \u0111a 65% th\u1eddi gian r\u1eeda nh\u01b0ng v\u1eabn \u0111\u1ea3m b\u1ea3o hi\u1ec7u qu\u1ea3 t\u1ea9y r\u1eeda v\u00e0 l\u00e0m kh\u00f4 t\u1ed1i \u01b0u<\/span><\/li>\n<li id=\"input_line_1\"><span id=\"input_part_0\" class=\"\" data-mention=\"EcoSilence Drive: \u0110\u1ed9ng c\u01a1 kh\u00f4ng ch\u1ed5i than cao c\u1ea5p c\u1ee7a Bosch, m\u00e1y ho\u1ea1t \u0111\u1ed9ng m\u1ea1nh m\u1ebd h\u01a1n, y\u00ean t\u0129nh v\u00e0 hi\u1ec7u qu\u1ea3 t\u1ea9y r\u1eeda cao h\u01a1n\">EcoSilence Drive: \u0110\u1ed9ng c\u01a1 kh\u00f4ng ch\u1ed5i than cao c\u1ea5p c\u1ee7a Bosch, m\u00e1y ho\u1ea1t \u0111\u1ed9ng m\u1ea1nh m\u1ebd h\u01a1n, y\u00ean t\u0129nh v\u00e0 hi\u1ec7u qu\u1ea3 t\u1ea9y r\u1eeda cao h\u01a1n<\/span><\/li>\n<li id=\"input_line_2\"><span id=\"input_part_0\" class=\"\" data-mention=\"Thay \u0111\u1ed5i chi\u1ec1u cao khay ch\u1ee9a: Khay ch\u1ee9a b\u00ean tr\u00ean c\u00f3 th\u1ec3 thay \u0111\u1ed5i chi\u1ec1u cao gi\u00fap d\u1ec5 d\u00e0ng ch\u1ee9a c\u00e1c v\u1eadt d\u1ee5ng n\u1ea5u n\u01b0\u1edbng v\u1edbi nhi\u1ec1u k\u00edch c\u1ee1 kh\u00e1c nhau\">Thay \u0111\u1ed5i chi\u1ec1u cao khay ch\u1ee9a: Khay ch\u1ee9a b\u00ean tr\u00ean c\u00f3 th\u1ec3 thay \u0111\u1ed5i chi\u1ec1u cao gi\u00fap d\u1ec5 d\u00e0ng ch\u1ee9a c\u00e1c v\u1eadt d\u1ee5ng n\u1ea5u n\u01b0\u1edbng v\u1edbi nhi\u1ec1u k\u00edch c\u1ee1 kh\u00e1c nhau<\/span><\/li>\n<li id=\"input_line_3\"><span id=\"input_part_0\" class=\"\" data-mention=\"2 gi\u00e0n r\u1eeda, kh\u00f4ng gian gi\u00e0n r\u1eeda ph\u00eda tr\u00ean r\u1ed9ng h\u01a1n, c\u00f3 kho\u1ea3ng tr\u1ed1ng \u0111\u1eb7t c\u00e1c v\u1eadt d\u1ee5ng k\u00edch th\u01b0\u1edbc l\u1edbn\">2 gi\u00e0n r\u1eeda, kh\u00f4ng gian gi\u00e0n r\u1eeda ph\u00eda tr\u00ean r\u1ed9ng h\u01a1n, c\u00f3 kho\u1ea3ng tr\u1ed1ng \u0111\u1eb7t c\u00e1c v\u1eadt d\u1ee5ng k\u00edch th\u01b0\u1edbc l\u1edbn<\/span><\/li>\n<li id=\"input_line_4\"><span id=\"input_part_0\" class=\"\" data-mention=\"8 ch\u01b0\u01a1ng tr\u00ecnh r\u1eeda: R\u1eeda chuy\u00ean s\u00e2u 70oC, R\u1eeda t\u1ef1 \u0111\u1ed9ng 45-65oC, Eco 50oC, R\u1eeda si\u00eau t\u0129nh50oC, R\u1eeda ly 40oC, R\u1eeda nhanh 1h 65oC, R\u1eeda nhanh 45oC,Tr\u00e1ng\">8 ch\u01b0\u01a1ng tr\u00ecnh r\u1eeda: R\u1eeda chuy\u00ean s\u00e2u 70oC, R\u1eeda t\u1ef1 \u0111\u1ed9ng 45-65oC, Eco 50oC, R\u1eeda si\u00eau t\u0129nh50oC, R\u1eeda ly 40oC, R\u1eeda nhanh 1h 65oC, R\u1eeda nhanh 45oC,Tr\u00e1ng<\/span><\/li>\n<li id=\"input_line_5\"><span id=\"input_part_0\" class=\"\" data-mention=\"4 ch\u01b0\u01a1ng tr\u00ecnh b\u1ed5 sung: T\u0103ng t\u1ed1c \u0111\u1ed9 r\u1eeda,T\u0103ng \u00e1p l\u1ef1c v\u00f2i d\u01b0\u1edbi, R\u1eeda di\u1ec7t khu\u1ea9n, S\u1ea5y t\u0103ng c\u01b0\u1eddng\">4 ch\u01b0\u01a1ng tr\u00ecnh b\u1ed5 sung: T\u0103ng t\u1ed1c \u0111\u1ed9 r\u1eeda,T\u0103ng \u00e1p l\u1ef1c v\u00f2i d\u01b0\u1edbi, R\u1eeda di\u1ec7t khu\u1ea9n, S\u1ea5y t\u0103ng c\u01b0\u1eddng<\/span><\/li>\n<li id=\"input_line_6\"><span id=\"input_part_0\" class=\"\" data-mention=\"1 ch\u01b0\u01a1ng tr\u00ecnh v\u1ec7 sinh m\u00e1y\">1 ch\u01b0\u01a1ng tr\u00ecnh v\u1ec7 sinh m\u00e1y<\/span><\/li>\n<li id=\"input_line_7\"><span id=\"input_part_0\" class=\"\" data-mention=\"\u0110i\u1ec1u khi\u1ec3n c\u1ea3m \u1ee9ng\">\u0110i\u1ec1u khi\u1ec3n c\u1ea3m \u1ee9ng<\/span><\/li>\n<li id=\"input_line_8\"><span id=\"input_part_0\" class=\"\" data-mention=\"\u0110\u00e8n LED b\u00e1o mu\u1ed1i, n\u01b0\u1edbc b\u00f3ng v\u00e0 n\u01b0\u1edbc c\u1ea5p\">\u0110\u00e8n LED b\u00e1o mu\u1ed1i, n\u01b0\u1edbc b\u00f3ng v\u00e0 n\u01b0\u1edbc c\u1ea5p<\/span><\/li>\n<li id=\"input_line_9\"><span id=\"input_part_0\" class=\"\" data-mention=\"H\u1eb9n gi\u1edd (ho\u1ea1t \u0111\u1ed9ng trong v\u00f2ng 1-24h)\">H\u1eb9n gi\u1edd (ho\u1ea1t \u0111\u1ed9ng trong v\u00f2ng 1-24h)<\/span><\/li>\n<li id=\"input_line_10\"><span id=\"input_part_0\" class=\"\" data-mention=\"Ti\u1ebft ki\u1ec7m n\u0103ng l\u01b0\u1ee3ng m\u1ee9c A++\">Ti\u1ebft ki\u1ec7m n\u0103ng l\u01b0\u1ee3ng m\u1ee9c A++<\/span><\/li>\n<li id=\"input_line_11\"><span id=\"input_part_0\" class=\"\" data-mention=\"Xu\u1ea5t x\u1ee9 \u0110\u1ee9c\">Xu\u1ea5t x\u1ee9 \u0110\u1ee9c<\/span><\/li>\n<\/ul>\n<h3>Ch\u1ee9c n\u0103ng an to\u00e0n:<\/h3>\n<ul>\n<li>AquaStop: 100% \u0111\u1ea3m b\u1ea3o c\u00e1c v\u1ea5n \u0111\u1ec1 r\u00f2 r\u1ec9 n\u01b0\u1edbc c\u1ee7a m\u00e1y r\u1eeda ch\u00e9n<\/li>\n<li>Kh\u00f3a an to\u00e0n tr\u1ebb em<\/li>\n<li>C\u00f4ng ngh\u1ec7 r\u1eeda \u0111\u1ed9c \u0111\u00e1o gi\u00fap b\u1ea3o v\u1ec7 v\u00e0 ng\u0103n ng\u1eeba qu\u00e1 tr\u00ecnh \u0103n m\u00f2n ly, c\u00e1c v\u1eadt d\u1ee5ng b\u1eb1ng th\u1ee7y tinh trong khi r\u1eeda<\/li>\n<\/ul>\n<figure id=\"attachment_59198\" aria-describedby=\"caption-attachment-59198\" style=\"width: 800px\" class=\"wp-caption alignnone\"><img loading=\"lazy\" decoding=\"async\" class=\"wp-image-59198 size-large\" src=\"https:\/\/livinghome.vn\/thiet-bi\/wp-content\/uploads\/nha-bep\/bosch-hmh\/may-rua-bat\/may-rua-bat-bosch-sms68pw01e\/may-rua-bat-bosch-sms68pw01e-2-800x800.jpg\" alt=\"M\u00e1y r\u1eeda ch\u00e9n Bosch SMS68PW01E- \u0110\u1ed9c l\u1eadp 60 cm 13 b\u1ed9\" width=\"800\" height=\"800\" title=\"\"><figcaption id=\"caption-attachment-59198\" class=\"wp-caption-text\">M\u00e1y r\u1eeda ch\u00e9n Bosch SMS68PW01E- Khoang ch\u1ee9a r\u1ed9ng r\u00e3i v\u1edbi c\u00f4ng su\u1ea5t 13 b\u1ed9 \u0111\u1ed3 \u0103n Ch\u00e2u \u00c2u<\/figcaption><\/figure>\n<h3>Th\u00f4ng s\u1ed1 k\u1ef9 thu\u00e2t<\/h3>\n<ul>\n<li>C\u00f4ng su\u1ea5t: 12+1 b\u1ed9 \u0111\u1ed3 \u0103n ch\u00e2u \u00c2u<\/li>\n<li>L\u01b0\u1ee3ng n\u01b0\u1edbc ti\u00eau th\u1ee5 trong ch\u01b0\u01a1ng tr\u00ecnh ti\u1ebft ki\u1ec7m: 9.5 l\u00edt<\/li>\n<li>\u0110\u1ed9 \u1ed3n:44 dB<\/li>\n<li>K\u00edch th\u01b0\u1edbc: 845Cx600Rx600S mm<\/li>\n<li>C\u00f4ng su\u1ea5t \u0111i\u1ec7n k\u1ebft n\u1ed1i: 2400W<\/li>\n<li>Chi\u1ec1u d\u00e0i d\u00e2y \u0111i\u1ec7n: 175cm<\/li>\n<li>D\u00f2ng \u0111i\u1ec7n: 220-240V\/50-60 Hz\/10A<\/li>\n<\/ul>\n<figure id=\"attachment_59196\" aria-describedby=\"caption-attachment-59196\" style=\"width: 800px\" class=\"wp-caption alignnone\"><img loading=\"lazy\" decoding=\"async\" class=\"wp-image-59196 size-large\" src=\"https:\/\/livinghome.vn\/thiet-bi\/wp-content\/uploads\/nha-bep\/bosch-hmh\/may-rua-bat\/may-rua-bat-bosch-sms68pw01e\/may-rua-bat-bosch-sms68pw01e-4-800x800.jpg\" alt=\"M\u00e1y r\u1eeda ch\u00e9n Bosch SMS68PW01E- \u0110\u1ed9c l\u1eadp 60 cm 13 b\u1ed9\" width=\"800\" height=\"800\" title=\"\"><figcaption id=\"caption-attachment-59196\" class=\"wp-caption-text\">Chi ti\u1ebft l\u1eafp \u0111\u1eb7t &#8211; M\u00e1y r\u1eeda ch\u00e9n Bosch SMS68PW01E<\/figcaption><\/figure>\n","protected":false},"excerpt":{"rendered":"<p>C\u00f4ng su\u1ea5t: 12+1 b\u1ed9 \u0111\u1ed3 \u0103n ch\u00e2u \u00c2u<\/p>\n<p>L\u01b0\u1ee3ng n\u01b0\u1edbc ti\u00eau th\u1ee5 trong ch\u01b0\u01a1ng tr\u00ecnh ti\u1ebft ki\u1ec7m: 9.5 l\u00edt<\/p>\n<p>K\u00edch th\u01b0\u1edbc: 845Cx600Rx600S mm<\/p>\n<p>Kh\u00f3a an to\u00e0n tr\u1ebb em<\/p>\n<p>C\u00f4ng ngh\u1ec7 r\u1eeda \u0111\u1ed9c \u0111\u00e1o gi\u00fap b\u1ea3o v\u1ec7 v\u00e0 ng\u0103n ng\u1eeba qu\u00e1 tr\u00ecnh \u0103n m\u00f2n ly, c\u00e1c v\u1eadt d\u1ee5ng b\u1eb1ng th\u1ee7y tinh trong khi r\u1eeda<\/p>\n","protected":false},"featured_media":4515,"comment_status":"open","ping_status":"closed","template":"","meta":[],"product_brand":[],"product_cat":[822,828,827,475,826,472],"product_tag":[473,93,479,477,205],"class_list":{"0":"post-4455","1":"product","2":"type-product","3":"status-publish","4":"has-post-thumbnail","6":"product_cat-may-rua-chen-bat-13-bo","7":"product_cat-may-rua-chen-bat-am-tu","8":"product_cat-may-rua-chen-bat-ban-am","9":"product_cat-may-rua-chen-bat-bosch","10":"product_cat-may-rua-chen-bat-doc-lap","11":"product_cat-thuong-hieu-bosch","12":"product_tag-bosch","13":"product_tag-may-rua-chen","14":"product_tag-may-rua-chen-13-bo","15":"product_tag-may-rua-chen-bosch","16":"product_tag-may-rua-chen-doc-lap","18":"first","19":"instock","20":"sale","21":"shipping-taxable","22":"purchasable","23":"product-type-simple"},"_links":{"self":[{"href":"https:\/\/livinghome.vn\/thiet-bi\/wp-json\/wp\/v2\/product\/4455","targetHints":{"allow":["GET"]}}],"collection":[{"href":"https:\/\/livinghome.vn\/thiet-bi\/wp-json\/wp\/v2\/product"}],"about":[{"href":"https:\/\/livinghome.vn\/thiet-bi\/wp-json\/wp\/v2\/types\/product"}],"replies":[{"embeddable":true,"href":"https:\/\/livinghome.vn\/thiet-bi\/wp-json\/wp\/v2\/comments?post=4455"}],"wp:featuredmedia":[{"embeddable":true,"href":"https:\/\/livinghome.vn\/thiet-bi\/wp-json\/wp\/v2\/media\/4515"}],"wp:attachment":[{"href":"https:\/\/livinghome.vn\/thiet-bi\/wp-json\/wp\/v2\/media?parent=4455"}],"wp:term":[{"taxonomy":"product_brand","embeddable":true,"href":"https:\/\/livinghome.vn\/thiet-bi\/wp-json\/wp\/v2\/product_brand?post=4455"},{"taxonomy":"product_cat","embeddable":true,"href":"https:\/\/livinghome.vn\/thiet-bi\/wp-json\/wp\/v2\/product_cat?post=4455"},{"taxonomy":"product_tag","embeddable":true,"href":"https:\/\/livinghome.vn\/thiet-bi\/wp-json\/wp\/v2\/product_tag?post=4455"}],"curies":[{"name":"wp","href":"https:\/\/api.w.org\/{rel}","templated":true}]}}