{"id":4451,"date":"2023-01-12T19:07:14","date_gmt":"2023-01-12T19:07:14","guid":{"rendered":"https:\/\/livinghome.vn\/thiet-bi\/?post_type=product&#038;p=4451"},"modified":"2024-11-29T14:19:55","modified_gmt":"2024-11-29T07:19:55","slug":"may-rua-chen-bosch-sks62e32eu-mini-de-ban-6-bo","status":"publish","type":"product","link":"https:\/\/livinghome.vn\/thiet-bi\/may-rua-chen-bosch-sks62e32eu-mini-de-ban-6-bo\/","title":{"rendered":"M\u00e1y r\u1eeda ch\u00e9n Bosch SKS62E32EU &#8211; Mini \u0111\u1ec3 b\u00e0n 6 b\u1ed9"},"content":{"rendered":"<p>Ng\u00e0y nay ng\u01b0\u1eddi n\u1ed9i tr\u1ee3 y\u00eau th\u00edch nh\u1eefng m\u00f3n \u0111\u1ed3 gia d\u1ee5ng kh\u00f4ng nh\u1eefng h\u1eefu \u00edch m\u00e0 c\u00f2n ti\u1ebft ki\u1ec7m cho kh\u00f4ng gian. Cho n\u00ean th\u01b0\u01a1ng hi\u1ec7u Bosch \u0111\u00e3 mang \u0111\u1ebfn cho ng\u01b0\u1eddi ti\u00eau d\u00f9ng m\u1ed9t d\u00f2ng s\u1ea3n ph\u1ea9m h\u1ea5p d\u1eabn<\/p>\n<h2>Xin gi\u1edbi thi\u1ec7u M\u00e1y r\u1eeda ch\u00e9n Bosch SKS62E32EU v\u1edbi k\u00edch th\u01b0\u1edbc ch\u1ec9 55 cm<\/h2>\n<figure id=\"attachment_59127\" aria-describedby=\"caption-attachment-59127\" style=\"width: 800px\" class=\"wp-caption alignnone\"><img loading=\"lazy\" decoding=\"async\" class=\"wp-image-59127 size-large\" src=\"https:\/\/livinghome.vn\/thiet-bi\/wp-content\/uploads\/nha-bep\/bosch-hmh\/may-rua-bat\/may-rua-bat-bosch-sks62e32eu\/may-rua-bat-bosch-sks62e32eu-2-800x800.jpg\" alt=\"M\u00e1y r\u1eeda ch\u00e9n Bosch SKS62E32EU - Mini \u0111\u1ec3 b\u00e0n 6 b\u1ed9\" width=\"800\" height=\"800\" title=\"\"><figcaption id=\"caption-attachment-59127\" class=\"wp-caption-text\">M\u00e1y r\u1eeda ch\u00e9n Bosch SKS62E32EU \u0111\u01b0\u1ee3c thi\u1ebft k\u1ebf c\u1ef1c xinh v\u1edbi t\u00f4ng tr\u1eafng n\u00fat nh\u1ea5n \u0111i\u1ec7n t\u1eed d\u1ec5 s\u1eed d\u1ee5ng cho b\u00e0 n\u1ed9i tr\u1ee3<\/figcaption><\/figure>\n<h3><strong>\u0110\u1eb7c t\u00ednh s\u1ea3n ph\u1ea9m<\/strong><\/h3>\n<ul>\n<li><strong>VarioSpeed:<\/strong> Gi\u1ea3m t\u1ed1i \u0111a 50% th\u1eddi gian r\u1eeda nh\u01b0ng v\u1eabn \u0111\u1ea3m b\u1ea3o hi\u1ec7u qu\u1ea3 t\u1ea9y r\u1eeda v\u00e0 l\u00e0m kh\u00f4 t\u1ed1i \u01b0u<\/li>\n<li><strong>EcoSilence Drive:<\/strong> \u0110\u1ed9ng c\u01a1 kh\u00f4ng ch\u1ed5i than cao c\u1ea5p c\u1ee7a Bosch, m\u00e1y ho\u1ea1t \u0111\u1ed9ng m\u1ea1nh m\u1ebd h\u01a1n, y\u00ean t\u0129nh v\u00e0 hi\u00eau qu\u1ea3 t\u1ea9y r\u1eeda cao h\u01a1n<\/li>\n<li>1 gi\u00e0n r\u1eeda<\/li>\n<li>6 ch\u01b0\u01a1ng tr\u00ecnh r\u1eeda: R\u1eeda chuy\u00ean s\u00e2u 70<b>\u00b0<\/b>C, r\u1eeda ly 40<b>\u00b0<\/b>C, R\u1eeda t\u1ef1 \u0111\u1ed9ng 45-65<b>\u00b0<\/b>C, Eco 50<b>\u00b0<\/b>C, r\u1eeda nhanh 45<b>\u00b0<\/b>C, tr\u00e1ng<\/li>\n<li>2 ch\u01b0\u01a1ng tr\u00ecnh b\u1ed5 sung: T\u0103ng t\u1ed1c \u0111\u1ed9 r\u1eeda, s\u1ea5y t\u0103ng c\u01b0\u1eddng<\/li>\n<li>H\u1ec7 th\u1ed1ng l\u1ecdc 3 l\u1edbp t\u1ed1i \u01b0u l\u01b0\u1ee3ng n\u01b0\u1edbc s\u1eed d\u1ee5ng<\/li>\n<li>\u0110\u00e8n LED b\u00e1o mu\u1ed1i, n\u01b0\u1edbc b\u00f3ng v\u00e0 n\u01b0\u1edbc c\u1ea5p<\/li>\n<li>H\u1eb9n gi\u1edd (Ho\u1ea1t \u0111\u1ed9ng trong v\u00f2ng 1-24h)<\/li>\n<li>Xu\u1ea5t x\u1ee9 T\u00e2y Ban Nha<\/li>\n<\/ul>\n<h3><strong>Ch\u1ee9c n\u0103ng an to\u00e0n<\/strong><\/h3>\n<ul>\n<li>AquaStop: 100% \u0111\u1ea3m b\u1ea3o c\u00e1c v\u1ea5n \u0111\u1ec1 r\u00f2 r\u1ec9 n\u01b0\u1edbc c\u1ee7a m\u00e1y r\u1eeda b\u00e1t, Bosch cung c\u1ea5p b\u1ea3o h\u00e0nh tr\u1ecdn \u0111\u1eddi cho nh\u1eefng h\u01b0 h\u1ea1i do r\u00f2 r\u1ec9 n\u01b0\u1edbc<\/li>\n<li>Kh\u00f3a an to\u00e0n tr\u1ebb em<\/li>\n<li>C\u00f4ng ngh\u1ec7 r\u1eeda \u0111\u1ed9c \u0111\u00e1o gi\u00fap b\u1ea3o v\u1ec7 v\u00e0 ng\u0103n ng\u1eeba qu\u00e1 tr\u00ecnh \u0103n m\u00f2n ly, c\u00e1c v\u1eadt d\u1ee5ng b\u1eb1ng th\u1ee7y tinh trong khi r\u1eeda<\/li>\n<\/ul>\n<figure id=\"attachment_59126\" aria-describedby=\"caption-attachment-59126\" style=\"width: 800px\" class=\"wp-caption alignnone\"><img loading=\"lazy\" decoding=\"async\" class=\"wp-image-59126 size-large\" src=\"https:\/\/livinghome.vn\/thiet-bi\/wp-content\/uploads\/nha-bep\/bosch-hmh\/may-rua-bat\/may-rua-bat-bosch-sks62e32eu\/may-rua-bat-bosch-sks62e32eu-3-800x800.jpg\" alt=\"M\u00e1y r\u1eeda ch\u00e9n Bosch SKS62E32EU - Mini \u0111\u1ec3 b\u00e0n 6 b\u1ed9\" width=\"800\" height=\"800\" title=\"\"><figcaption id=\"caption-attachment-59126\" class=\"wp-caption-text\">M\u00e1y r\u1eeda ch\u00e9n Bosch SKS62E32EU c\u00f3 khoang ch\u1ee9a \u0111\u1ed3 v\u1eeba \u0111\u1ee7 6 b\u1ed9 ch\u00e9n d\u0129a chu\u1ea9n Ch\u00e2u \u00c2u<\/figcaption><\/figure>\n<h3><strong>Th\u00f4ng s\u1ed1 k\u1ef9 thu\u1eadt<\/strong><\/h3>\n<ul>\n<li>C\u00f4ng su\u1ea5t: 6 b\u1ed9 \u0111\u1ed3 \u0103n Ch\u00e2u \u00c2u<\/li>\n<li>L\u01b0\u1ee3ng n\u01b0\u1edbc ti\u00eau th\u1ee5 trong ch\u01b0\u01a1ng tr\u00ecnh ti\u1ebft ki\u1ec7m: 8 l\u00edt<\/li>\n<li>\u0110\u1ed9 \u1ed3n: 49dB<\/li>\n<li>K\u00edch th\u01b0\u1edbc: 450C x 551R x 500Smm<\/li>\n<li>C\u00f4ng su\u1ea5t \u0111i\u1ec7n k\u1ebft n\u1ed1i: 2,4KW<\/li>\n<li>Chi\u1ec1u d\u00e0i d\u00e2y \u0111i\u1ec7n: 175cm<\/li>\n<li>D\u00f2ng \u0111i\u1ec7n: 220-240V\/50-60Hz\/10A<\/li>\n<\/ul>\n","protected":false},"excerpt":{"rendered":"<p>C\u00f4ng su\u1ea5t: 6 b\u1ed9 \u0111\u1ed3 \u0103n Ch\u00e2u \u00c2u<\/p>\n<p>L\u01b0\u1ee3ng n\u01b0\u1edbc ti\u00eau th\u1ee5 trong ch\u01b0\u01a1ng tr\u00ecnh ti\u1ebft ki\u1ec7m: 8 l\u00edt<\/p>\n<p>K\u00edch th\u01b0\u1edbc: 450C x 551R x 500S mm<\/p>\n","protected":false},"featured_media":4489,"comment_status":"open","ping_status":"closed","template":"","meta":[],"product_brand":[],"product_cat":[819,475,818,826,817,472],"product_tag":[473,93,476,477,237],"class_list":{"0":"post-4451","1":"product","2":"type-product","3":"status-publish","4":"has-post-thumbnail","6":"product_cat-may-rua-chen-bat-6-bo","7":"product_cat-may-rua-chen-bat-bosch","8":"product_cat-may-rua-chen-bat-de-ban","9":"product_cat-may-rua-chen-bat-doc-lap","10":"product_cat-may-rua-chen-bat-mini","11":"product_cat-thuong-hieu-bosch","12":"product_tag-bosch","13":"product_tag-may-rua-chen","14":"product_tag-may-rua-chen-6-bo","15":"product_tag-may-rua-chen-bosch","16":"product_tag-may-rua-chen-mini","18":"first","19":"instock","20":"sale","21":"shipping-taxable","22":"purchasable","23":"product-type-simple"},"_links":{"self":[{"href":"https:\/\/livinghome.vn\/thiet-bi\/wp-json\/wp\/v2\/product\/4451","targetHints":{"allow":["GET"]}}],"collection":[{"href":"https:\/\/livinghome.vn\/thiet-bi\/wp-json\/wp\/v2\/product"}],"about":[{"href":"https:\/\/livinghome.vn\/thiet-bi\/wp-json\/wp\/v2\/types\/product"}],"replies":[{"embeddable":true,"href":"https:\/\/livinghome.vn\/thiet-bi\/wp-json\/wp\/v2\/comments?post=4451"}],"wp:featuredmedia":[{"embeddable":true,"href":"https:\/\/livinghome.vn\/thiet-bi\/wp-json\/wp\/v2\/media\/4489"}],"wp:attachment":[{"href":"https:\/\/livinghome.vn\/thiet-bi\/wp-json\/wp\/v2\/media?parent=4451"}],"wp:term":[{"taxonomy":"product_brand","embeddable":true,"href":"https:\/\/livinghome.vn\/thiet-bi\/wp-json\/wp\/v2\/product_brand?post=4451"},{"taxonomy":"product_cat","embeddable":true,"href":"https:\/\/livinghome.vn\/thiet-bi\/wp-json\/wp\/v2\/product_cat?post=4451"},{"taxonomy":"product_tag","embeddable":true,"href":"https:\/\/livinghome.vn\/thiet-bi\/wp-json\/wp\/v2\/product_tag?post=4451"}],"curies":[{"name":"wp","href":"https:\/\/api.w.org\/{rel}","templated":true}]}}