{"id":438,"date":"2023-01-12T10:19:40","date_gmt":"2023-01-12T10:19:40","guid":{"rendered":"https:\/\/livinghome.vn\/thiet-bi\/?post_type=product&#038;p=438"},"modified":"2024-11-29T14:21:04","modified_gmt":"2024-11-29T07:21:04","slug":"bep-tu-2-vung-nau-eurosun-eu-t210max-2000w-mau-den","status":"publish","type":"product","link":"https:\/\/livinghome.vn\/thiet-bi\/bep-tu-2-vung-nau-eurosun-eu-t210max-2000w-mau-den\/","title":{"rendered":"B\u1ebfp t\u1eeb 2 v\u00f9ng n\u1ea5u Eurosun Eu-T210Max 2000W m\u00e0u \u0111en"},"content":{"rendered":"<h2>Xin gi\u1edbi thi\u1ec7u B\u1ebfp t\u1eeb 2 v\u00f9ng n\u1ea5u Eurosun Eu-T210Max<\/h2>\n<h3><strong><span class=\"fontstyle0\">\u0110\u1eb7c t\u00ednh s\u1ea3n ph\u1ea9m<\/span><\/strong><\/h3>\n<ul>\n<li><span class=\"fontstyle0\">2 v\u00f9ng n\u1ea5u c\u1ea3m \u1ee9ng t\u1eeb<\/span><\/li>\n<li><span class=\"fontstyle0\">M\u1eb7t k\u00ednh <\/span><span class=\"fontstyle2\">EURO Platinum <\/span><span class=\"fontstyle0\">v\u00e1t 4 c\u1ea1nh<\/span><\/li>\n<li><span class=\"fontstyle0\">C\u00f4ng ngh\u1ec7 bi\u1ebfn t\u1ea7n <\/span><span class=\"fontstyle2\">Bridge INVERTER <\/span><span class=\"fontstyle0\">th\u00f4ng minh v\u01b0\u1ee3t tr\u1ed9i \u0111un n\u1ea5u v\u00e0 gi\u1eef nhi\u1ec7t li\u00ean t\u1ee5c \u1edf m\u1ee9c th\u1ea5p nh\u1ea5t kh\u00f4ng t\u1eaft m\u1edf. Ti\u1ebft ki\u1ec7m l\u00ean t\u1edbi 30% \u0111i\u1ec7n n\u0103ng.<\/span><\/li>\n<li><span class=\"fontstyle0\">Ch\u1ee9c n\u0103ng &#8221; <\/span><span class=\"fontstyle2\">Booster<\/span><span class=\"fontstyle0\">&#8221; si\u00eau nhanh Max 2500W<\/span><\/li>\n<li><span class=\"fontstyle0\">\u0110i\u1ec1u khi\u1ec3n <\/span><span class=\"fontstyle2\">tr\u01b0\u1ee3t c\u1ea3m \u1ee9ng 9 m\u1ee9c c\u00f4ng su\u1ea5t<\/span><\/li>\n<li><span class=\"fontstyle0\">T\u1ed1c \u0111\u1ed9 t\u0103ng nhi\u1ec7t nhanh g\u1ea5p 2 l\u1ea7n so v\u1edbi b\u1ebfp truy\u1ec1n th\u1ed1ng.<\/span><\/li>\n<li><span class=\"fontstyle0\">N\u1ea5u th\u1ee9c \u0103n v\u1edbi \u0111\u1ed9 ch\u00ednh x\u00e1c cao ph\u1ea3n \u1ee9ng t\u1ee9c th\u00ec v\u1edbi m\u1ee9c nhi\u1ec7t mong mu\u1ed1n<\/span><\/li>\n<li><span class=\"fontstyle0\">T\u1ef1 \u0111\u1ed9ng ph\u00e1t hi\u1ec7n v\u00f9ng n\u1ea5u v\u00e0 v\u00f9ng n\u1ea5u ch\u1ec9 n\u00f3ng l\u00ean khi c\u00f3 n\u1ed3i.<\/span><\/li>\n<li><span class=\"fontstyle0\">Ch\u1ee9c n\u0103ng <\/span><span class=\"fontstyle2\">h\u00e2m n\u00f3ng Warm <\/span><span class=\"fontstyle0\">\u1edf nhi\u1ec7t \u0111\u1ed9 m\u1ee9c <\/span><span class=\"fontstyle2\">65\u00baC, 75\u00baC, 85\u00baC<\/span><\/li>\n<li><span class=\"fontstyle0\">Ch\u1ee9c n\u0103ng <\/span><span class=\"fontstyle2\">chi\u00ean r\u00e1n Frying <\/span><span class=\"fontstyle0\">v\u1edbi nhi\u1ec1u m\u1ee9c nhi\u1ec7t \u0111\u1ed9<\/span><\/li>\n<\/ul>\n<h3><strong> <span class=\"fontstyle0\">Ch\u1ee9c n\u0103ng an to\u00e0n<\/span><\/strong><\/h3>\n<ul>\n<li>Ch\u1ee9c n\u0103ng <span class=\"fontstyle2\" style=\"color: #555555; font-size: 14.4px;\">t\u1ea1m d\u1eebng \u201cStop go\u201d<\/span><\/li>\n<li>Ch\u1ee9c n\u0103ng <span class=\"fontstyle2\" style=\"color: #555555;\">ch\u1ed1ng tr\u00e0o n\u01b0\u1edbc Water overflow<\/span><\/li>\n<li>Ch\u1ee9c n\u0103ng t\u1eaft t\u1ef1 \u0111\u1ed9ng t\u1eaft b\u1ebfp khi kh\u00f4ng c\u00f3 n\u1ed3i<\/li>\n<li>Kh\u00f3a tr\u1ebb em <span class=\"fontstyle3\" style=\"color: #555555;\">Child lock<\/span><\/li>\n<li>H\u1eb9n gi\u1edd gi\u1edbi h\u1ea1n th\u1eddi gian ho\u1ea1t \u0111\u1ed9ng.<\/li>\n<li>B\u1ea3o v\u1ec7 qu\u00e1 nhi\u1ec7t (c\u1ea3m bi\u1ebfn nhi\u1ec7t \u0111\u1ed9 t\u00edch h\u1ee3p trong t\u1eebng v\u00f9ng n\u1ea5u)<\/li>\n<li>Ch\u1ec9 b\u00e1o nhi\u1ec7t d\u01b0: <span class=\"fontstyle2\" style=\"color: #555555;\">&#8220;H&#8221; <\/span><span class=\"fontstyle0\" style=\"color: #555555;\">\u0111\u01b0\u1ee3c hi\u1ec3n th\u1ecb cho m\u1ed7i v\u00f9ng n\u1ea5u c\u00f2n n\u00f3ng<\/span><\/li>\n<li>T\u00ednh n\u0103ng chia s\u1ebb c\u00f4ng su\u1ea5t c\u1ee7a 2 v\u00f9ng n\u1ea5u t\u1ed1i \u0111a 3600W<\/li>\n<\/ul>\n<h3><strong> <span class=\"fontstyle0\">Th\u00f4ng tin k\u1ef9 thu\u1eadt<\/span><\/strong><\/h3>\n<ul>\n<li>\u0110i\u1ec7n \u00e1p: 220V \/ 50Hz<\/li>\n<li>C\u00f4ng su\u1ea5t l\u00f2 tr\u00e1i: 2000W &#8211; Booster 2500W<\/li>\n<li>C\u00f4ng su\u1ea5t l\u00f2 ph\u1ea3i: 2000W<\/li>\n<li>K\u00edch th\u01b0\u1edbc s\u1ea3n ph\u1ea9m: 735R x 430S x 60C mm<\/li>\n<li>K\u00edch th\u01b0\u1edbc kho\u00e9t \u0111\u00e1: 690R x 405S mm<\/li>\n<\/ul>\n","protected":false},"excerpt":{"rendered":"<p>Xin gi\u1edbi thi\u1ec7u B\u1ebfp t\u1eeb 2 v\u00f9ng n\u1ea5u Eurosun Eu-T210Max \u0110\u1eb7c t\u00ednh s\u1ea3n ph\u1ea9m 2 v\u00f9ng n\u1ea5u c\u1ea3m \u1ee9ng t\u1eeb M\u1eb7t k\u00ednh EURO Platinum v\u00e1t 4 c\u1ea1nh C\u00f4ng ngh\u1ec7 bi\u1ebfn t\u1ea7n Bridge INVERTER th\u00f4ng minh v\u01b0\u1ee3t tr\u1ed9i \u0111un n\u1ea5u v\u00e0 gi\u1eef nhi\u1ec7t li\u00ean t\u1ee5c \u1edf m\u1ee9c th\u1ea5p nh\u1ea5t kh\u00f4ng t\u1eaft m\u1edf. Ti\u1ebft ki\u1ec7m l\u00ean t\u1edbi [&#8230;]\n","protected":false},"featured_media":478,"comment_status":"open","ping_status":"closed","template":"","meta":[],"product_brand":[],"product_cat":[745,794,813,799,807,75,795,714,106],"product_tag":[76,168,739,83,109,108],"class_list":{"0":"post-438","1":"product","2":"type-product","3":"status-publish","4":"has-post-thumbnail","6":"product_cat-bep-dien-tu","7":"product_cat-bep-2-tu","8":"product_cat-bep-dien-tu-chung-cu","9":"product_cat-bep-dien-tu-hinh-chu-nhat","10":"product_cat-bep-dien-tu-tiet-kiem-dien","11":"product_cat-bep-tu","12":"product_cat-bep-tu-doi","13":"product_cat-bep-tu-eurosun","14":"product_cat-thuong-hieu-eurosun","15":"product_tag-bep-tu","16":"product_tag-bep-tu-am","17":"product_tag-bep-tu-am-eurosun","18":"product_tag-bep-tu-don","19":"product_tag-bep-tu-eurosun","20":"product_tag-eurosun","22":"first","23":"instock","24":"sale","25":"shipping-taxable","26":"purchasable","27":"product-type-simple"},"_links":{"self":[{"href":"https:\/\/livinghome.vn\/thiet-bi\/wp-json\/wp\/v2\/product\/438","targetHints":{"allow":["GET"]}}],"collection":[{"href":"https:\/\/livinghome.vn\/thiet-bi\/wp-json\/wp\/v2\/product"}],"about":[{"href":"https:\/\/livinghome.vn\/thiet-bi\/wp-json\/wp\/v2\/types\/product"}],"replies":[{"embeddable":true,"href":"https:\/\/livinghome.vn\/thiet-bi\/wp-json\/wp\/v2\/comments?post=438"}],"wp:featuredmedia":[{"embeddable":true,"href":"https:\/\/livinghome.vn\/thiet-bi\/wp-json\/wp\/v2\/media\/478"}],"wp:attachment":[{"href":"https:\/\/livinghome.vn\/thiet-bi\/wp-json\/wp\/v2\/media?parent=438"}],"wp:term":[{"taxonomy":"product_brand","embeddable":true,"href":"https:\/\/livinghome.vn\/thiet-bi\/wp-json\/wp\/v2\/product_brand?post=438"},{"taxonomy":"product_cat","embeddable":true,"href":"https:\/\/livinghome.vn\/thiet-bi\/wp-json\/wp\/v2\/product_cat?post=438"},{"taxonomy":"product_tag","embeddable":true,"href":"https:\/\/livinghome.vn\/thiet-bi\/wp-json\/wp\/v2\/product_tag?post=438"}],"curies":[{"name":"wp","href":"https:\/\/api.w.org\/{rel}","templated":true}]}}