{"id":4373,"date":"2023-01-12T18:56:53","date_gmt":"2023-01-12T18:56:53","guid":{"rendered":"https:\/\/livinghome.vn\/thiet-bi\/?post_type=product&#038;p=4373"},"modified":"2024-11-29T14:19:57","modified_gmt":"2024-11-29T07:19:57","slug":"bo-noi-inox-arber-tiger","status":"publish","type":"product","link":"https:\/\/livinghome.vn\/thiet-bi\/bo-noi-inox-arber-tiger\/","title":{"rendered":"B\u1ed9 n\u1ed3i inox Arber TIGER 5 m\u00f3n"},"content":{"rendered":"<h2>B\u1ed9 n\u1ed3i inox Arber TIGER c\u00f3 nh\u1eefng \u0111\u1eb7c \u0111i\u1ec3m n\u1ed5i b\u1eadt<\/h2>\n<p>Ph\u00e2n lo\u1ea1i : <a href=\"https:\/\/livinghome.vn\/thiet-bi\/dung-cu-nha-bep\/bo-noi\/\">B\u1ed9 n\u1ed3i<\/a> inox Arber TIGER<\/p>\n<p>B\u1ed9 n\u1ed3i t\u1eeb ch\u1ea3o 5 chi\u1ebfc cao c\u1ea5p ki\u1ec3u d\u00e1ng sang tr\u1ecdng \u00a0ARBER \u00a0l\u00e0m b\u1eb1ng ch\u1ea5t li\u1ec7u th\u00e9p kh\u00f4ng g\u1ec9, \u0111\u00e1y b\u1ed9 n\u1ed3i 3 \u0111\u00e1y si\u00eau b\u1ec1n khi s\u1eed d\u1ee5ng, b\u1ed9 n\u1ed3i ti\u1ebfp x\u00fac nhi\u1ec7t nhanh, \u00eam, t\u1ea3n nhi\u1ec7t \u0111\u1ec1u khi n\u1ea5u. B\u1ed9 n\u1ed3i t\u1eeb 5 chi\u1ebfc cao c\u1ea5p ARBER \u00a0\u0111\u1ea1t c\u00e1c ti\u1ec3u chu\u1ea9n v\u00e0 ch\u1ea5t l\u01b0\u1ee3ng \u0111\u01b0\u1ee3c c\u1ea5p ch\u1ee9ng ch\u1ec9 s\u1ea3n ph\u1ea9m.<\/p>\n<h3>Dung t\u00edch:<\/h3>\n<ul>\n<li>01 n\u1ed3i c\u00f3 \u0111\u01b0\u1eddng k\u00ednh 18cm &#8211; dung t\u00edch 2L<\/li>\n<li>01 n\u1ed3i c\u00f3 \u0111\u01b0\u1eddng k\u00ednh 20cm &#8211; dung t\u00edch 2,6L<\/li>\n<li>01 n\u1ed3i c\u00f3 \u0111\u01b0\u1eddng k\u00ednh 24cm &#8211; dung t\u00edch 6L<\/li>\n<li>01 qu\u00e1nh c\u00f3 \u0111\u01b0\u1eddng k\u00ednh 16cm &#8211; dung t\u00edch 1,4L<\/li>\n<li>01 Ch\u1ea3o c\u00f3 \u0111\u01b0\u1eddng k\u00ednh 24cm<\/li>\n<\/ul>\n<h3>T\u00ednh n\u0103ng n\u1ed5i b\u1eadt:<\/h3>\n<ul>\n<li>S\u1ea3n ph\u1ea9m s\u1eed d\u1ee5ng \u0111\u01b0\u1ee3c v\u1edbi c\u00e1c lo\u1ea1i b\u1ebfp c\u1ea3 b\u1ebfp \u0111i\u1ec7n t\u1eeb, b\u1ebfp t\u1eeb<\/li>\n<li>S\u1ea3n ph\u1ea9m c\u00f3 th\u1ec3 s\u1eed d\u1ee5ng ti\u1ec7n l\u1ee3i tr\u00ean nhi\u1ec1u lo\u1ea1i b\u1ebfp nh\u01b0 b\u1ebfp t\u1eeb, b\u1ebfp gas, b\u1ebfp \u0111i\u1ec7n,l\u00f2 n\u01b0\u1edbng, m\u00e1y r\u1eeda b\u00e1t\u2026<\/li>\n<li>Ch\u1ea5t li\u1ec7u \u0111\u01b0\u1ee3c l\u00e0m t\u1eeb Inox 304, ch\u1ed1ng b\u1ecfng, an to\u00e0n cho ng\u01b0\u1eddi s\u1eed d\u1ee5ng<\/li>\n<li>Ch\u1ea3o tr\u00e1ng l\u1edbp ch\u1ed1ng d\u00ednh Xylan Plus c\u1ee7a C\u00f4ng ty \u00a0whitford an to\u00e0n v\u00e0 si\u00eau b\u1ec1n<\/li>\n<li>To\u00e0n b\u1ed9 th\u00e2n n\u1ed3i, n\u1eafp n\u1ed3i v\u00e0 tay c\u1ea7m \u0111\u1ec1u l\u00e0m b\u1eb1ng l\u1edbp inox kh\u00f4ng g\u1ec9 304. Lo\u1ea1i inox n\u00e0y c\u00f3 kh\u1ea3 n\u0103ng nhi\u1ec5m t\u1eeb, nhi\u1ec5m nhi\u1ec7t th\u1ea5p n\u00ean ch\u1ec9 c\u00f3 m\u1ed9t l\u01b0\u1ee3ng nhi\u1ec7t nh\u1ecf \u0111\u01b0\u1ee3c inox kh\u00f4ng g\u1ec9 304 h\u1ea5p th\u1ee5 khi\u1ebfn cho ph\u1ea7n th\u00e2n n\u1ed3i, n\u1eafp v\u00e0 tay c\u1ea7m ch\u1ec9 gi\u1eef \u1edf m\u1ee9c \u1ea5m tr\u00e1nh g\u00e2y b\u1ecfng cho ng\u01b0\u1eddi d\u00f9ng.<\/li>\n<li>D\u1ec5 d\u00e0ng v\u1ec7 sinh, gi\u1eef nhi\u1ec7t t\u1ed1t<\/li>\n<li>Th\u00e0nh n\u1ed3i tr\u01a1n b\u00f3ng, ch\u1ed1ng b\u00e1m d\u00ednh, gi\u00fap r\u1eeda tr\u00f4i nhanh ch\u00f3ng d\u1ea7u m\u1ee1 v\u00e0 c\u00e1c lo\u1ea1i v\u1ebft b\u1ea9n c\u1ee9ng \u0111\u1ea7u.<\/li>\n<\/ul>\n","protected":false},"excerpt":{"rendered":"<div class=\"d-inline-block w-100\">\n<div class=\"d-inline-block bg_star_rate mb-3\">\n<div class=\"star_rate position-relative d-inline-block\">\n<div id=\"rate_224\" class=\"star_rate_1 float-left\" data-rate=\"0\">\n<p>01 n\u1ed3i c\u00f3 \u0111\u01b0\u1eddng k\u00ednh 18cm &#8211; dung t\u00edch 2L<\/p>\n<p>01 n\u1ed3i c\u00f3 \u0111\u01b0\u1eddng k\u00ednh 20cm &#8211; dung t\u00edch 2,6L<\/p>\n<p>01 n\u1ed3i c\u00f3 \u0111\u01b0\u1eddng k\u00ednh 24cm &#8211; dung t\u00edch 6L<\/p>\n<p>01 qu\u00e1nh c\u00f3 \u0111\u01b0\u1eddng k\u00ednh 16cm &#8211; dung t\u00edch 1,4L<\/p>\n<p>01 Ch\u1ea3o c\u00f3 \u0111\u01b0\u1eddng k\u00ednh 24cm<\/p>\n<\/div>\n<\/div>\n<\/div>\n<\/div>\n","protected":false},"featured_media":4438,"comment_status":"open","ping_status":"closed","template":"","meta":[],"product_brand":[],"product_cat":[98,78,447],"product_tag":[448,471],"class_list":{"0":"post-4373","1":"product","2":"type-product","3":"status-publish","4":"has-post-thumbnail","6":"product_cat-bo-noi-bep-tu","7":"product_cat-dung-cu-nha-bep","8":"product_cat-thuong-hieu-arber","9":"product_tag-arber","10":"product_tag-bo-noi-arber","12":"first","13":"instock","14":"sale","15":"shipping-taxable","16":"purchasable","17":"product-type-simple"},"_links":{"self":[{"href":"https:\/\/livinghome.vn\/thiet-bi\/wp-json\/wp\/v2\/product\/4373","targetHints":{"allow":["GET"]}}],"collection":[{"href":"https:\/\/livinghome.vn\/thiet-bi\/wp-json\/wp\/v2\/product"}],"about":[{"href":"https:\/\/livinghome.vn\/thiet-bi\/wp-json\/wp\/v2\/types\/product"}],"replies":[{"embeddable":true,"href":"https:\/\/livinghome.vn\/thiet-bi\/wp-json\/wp\/v2\/comments?post=4373"}],"wp:featuredmedia":[{"embeddable":true,"href":"https:\/\/livinghome.vn\/thiet-bi\/wp-json\/wp\/v2\/media\/4438"}],"wp:attachment":[{"href":"https:\/\/livinghome.vn\/thiet-bi\/wp-json\/wp\/v2\/media?parent=4373"}],"wp:term":[{"taxonomy":"product_brand","embeddable":true,"href":"https:\/\/livinghome.vn\/thiet-bi\/wp-json\/wp\/v2\/product_brand?post=4373"},{"taxonomy":"product_cat","embeddable":true,"href":"https:\/\/livinghome.vn\/thiet-bi\/wp-json\/wp\/v2\/product_cat?post=4373"},{"taxonomy":"product_tag","embeddable":true,"href":"https:\/\/livinghome.vn\/thiet-bi\/wp-json\/wp\/v2\/product_tag?post=4373"}],"curies":[{"name":"wp","href":"https:\/\/api.w.org\/{rel}","templated":true}]}}