{"id":437,"date":"2023-01-12T10:19:40","date_gmt":"2023-01-12T10:19:40","guid":{"rendered":"https:\/\/livinghome.vn\/thiet-bi\/?post_type=product&#038;p=437"},"modified":"2024-11-29T14:21:04","modified_gmt":"2024-11-29T07:21:04","slug":"bep-tu-don-lap-am-eurosun-eu-t199-ben-bi-cuc-dep","status":"publish","type":"product","link":"https:\/\/livinghome.vn\/thiet-bi\/bep-tu-don-lap-am-eurosun-eu-t199-ben-bi-cuc-dep\/","title":{"rendered":"B\u1ebfp t\u1eeb \u0111\u01a1n l\u1eafp \u00e2m Eurosun EU-T199 b\u1ec1n b\u1ec9 c\u1ef1c \u0111\u1eb9p"},"content":{"rendered":"<h2>Xin gi\u1edbi thi\u1ec7u B\u1ebfp t\u1eeb \u0111\u01a1n l\u1eafp \u00e2m Eurosun EU-T199<\/h2>\n<h3><strong> <span class=\"fontstyle0\">\u0110\u1eb7c t\u00ednh s\u1ea3n ph\u1ea9m<\/span><\/strong><\/h3>\n<ul>\n<li><span class=\"fontstyle0\">M\u1eb7t k\u00ednh <\/span><span class=\"fontstyle2\">EURO Ceramic <\/span><span class=\"fontstyle0\">ch\u1ecbu nhi\u1ec7t cao<\/span><\/li>\n<li><span class=\"fontstyle0\">Ch\u1ee9c n\u0103ng \u201cBooster\u201d si\u00eau nhanh<\/span><\/li>\n<li><span class=\"fontstyle0\">\u0110i\u1ec1u khi\u1ec3n <\/span><span class=\"fontstyle2\">tr\u01b0\u1ee3t c\u1ea3m \u1ee9ng 9 m\u1ee9c c\u00f4ng su\u1ea5t + Booster<\/span><\/li>\n<li><span class=\"fontstyle0\">T\u00ednh n\u0103ng h\u1eb9n gi\u1edd \u0111\u1ed9c l\u1eadp 99 ph\u00fat<\/span><\/li>\n<li><span class=\"fontstyle0\">T\u1ef1 \u0111\u1ed9ng ph\u00e1t hi\u1ec7n v\u00f9ng n\u1ea5u<\/span><\/li>\n<\/ul>\n<h3><strong> <span class=\"fontstyle0\">Ch\u1ee9c n\u0103ng <\/span><\/strong><\/h3>\n<ul>\n<li><span class=\"fontstyle0\"> Ch\u1ee9c n\u0103ng ch\u1ed1ng tr\u00e0o<\/span><\/li>\n<li><span class=\"fontstyle0\">H\u1ec7 th\u1ed1ng b\u1ea3o v\u1ec7 an to\u00e0n khi qu\u00e1 nhi\u1ec7t, qu\u00e1 \u00e1p<\/span><\/li>\n<li><span class=\"fontstyle0\">Ch\u1ee9c n\u0103ng t\u1eaft t\u1ef1 \u0111\u1ed9ng t\u1eaft b\u1ebfp khi kh\u00f4ng c\u00f3 n\u1ed3i<\/span><\/li>\n<li><span class=\"fontstyle0\">Kh\u00f3a tr\u1ebb em<\/span><\/li>\n<li><span class=\"fontstyle0\">C\u1ea3nh b\u00e1o nhi\u1ec7t d\u01b0 cho t\u1eebng v\u00f9ng n\u1ea5u an to\u00e0n<\/span><\/li>\n<\/ul>\n<h3><strong> <span class=\"fontstyle0\">Th\u00f4ng tin k\u1ef9 thu\u1eadt<\/span><\/strong><\/h3>\n<ul>\n<li><span class=\"fontstyle0\">\u0110i\u1ec7n \u00e1p: 220V \/ 50Hz<\/span><\/li>\n<li><span class=\"fontstyle0\">C\u00f4ng su\u1ea5t: 2000W + Booster<\/span><\/li>\n<li><span class=\"fontstyle0\">K\u00edch th\u01b0\u1edbc s\u1ea3n ph\u1ea9m: 302R x 372S x 50C mm<\/span><\/li>\n<li><span class=\"fontstyle0\">K\u00edch th\u01b0\u1edbc kho\u00e9t \u0111\u00e1: 267R x 348S mm<\/span><\/li>\n<\/ul>\n","protected":false},"excerpt":{"rendered":"<p>Xin gi\u1edbi thi\u1ec7u B\u1ebfp t\u1eeb \u0111\u01a1n l\u1eafp \u00e2m Eurosun EU-T199 \u0110\u1eb7c t\u00ednh s\u1ea3n ph\u1ea9m M\u1eb7t k\u00ednh EURO Ceramic ch\u1ecbu nhi\u1ec7t cao Ch\u1ee9c n\u0103ng \u201cBooster\u201d si\u00eau nhanh \u0110i\u1ec1u khi\u1ec3n tr\u01b0\u1ee3t c\u1ea3m \u1ee9ng 9 m\u1ee9c c\u00f4ng su\u1ea5t + Booster T\u00ednh n\u0103ng h\u1eb9n gi\u1edd \u0111\u1ed9c l\u1eadp 99 ph\u00fat T\u1ef1 \u0111\u1ed9ng ph\u00e1t hi\u1ec7n v\u00f9ng n\u1ea5u Ch\u1ee9c n\u0103ng Ch\u1ee9c n\u0103ng [&#8230;]\n","protected":false},"featured_media":477,"comment_status":"open","ping_status":"closed","template":"","meta":[],"product_brand":[],"product_cat":[745,808,814,75,733,714,106],"product_tag":[76,168,739,83,109,108],"class_list":{"0":"post-437","1":"product","2":"type-product","3":"status-publish","4":"has-post-thumbnail","6":"product_cat-bep-dien-tu","7":"product_cat-bep-dien-tu-don","8":"product_cat-bep-dien-tu-nha-tro","9":"product_cat-bep-tu","10":"product_cat-bep-tu-don","11":"product_cat-bep-tu-eurosun","12":"product_cat-thuong-hieu-eurosun","13":"product_tag-bep-tu","14":"product_tag-bep-tu-am","15":"product_tag-bep-tu-am-eurosun","16":"product_tag-bep-tu-don","17":"product_tag-bep-tu-eurosun","18":"product_tag-eurosun","20":"first","21":"instock","22":"sale","23":"shipping-taxable","24":"purchasable","25":"product-type-simple"},"_links":{"self":[{"href":"https:\/\/livinghome.vn\/thiet-bi\/wp-json\/wp\/v2\/product\/437","targetHints":{"allow":["GET"]}}],"collection":[{"href":"https:\/\/livinghome.vn\/thiet-bi\/wp-json\/wp\/v2\/product"}],"about":[{"href":"https:\/\/livinghome.vn\/thiet-bi\/wp-json\/wp\/v2\/types\/product"}],"replies":[{"embeddable":true,"href":"https:\/\/livinghome.vn\/thiet-bi\/wp-json\/wp\/v2\/comments?post=437"}],"wp:featuredmedia":[{"embeddable":true,"href":"https:\/\/livinghome.vn\/thiet-bi\/wp-json\/wp\/v2\/media\/477"}],"wp:attachment":[{"href":"https:\/\/livinghome.vn\/thiet-bi\/wp-json\/wp\/v2\/media?parent=437"}],"wp:term":[{"taxonomy":"product_brand","embeddable":true,"href":"https:\/\/livinghome.vn\/thiet-bi\/wp-json\/wp\/v2\/product_brand?post=437"},{"taxonomy":"product_cat","embeddable":true,"href":"https:\/\/livinghome.vn\/thiet-bi\/wp-json\/wp\/v2\/product_cat?post=437"},{"taxonomy":"product_tag","embeddable":true,"href":"https:\/\/livinghome.vn\/thiet-bi\/wp-json\/wp\/v2\/product_tag?post=437"}],"curies":[{"name":"wp","href":"https:\/\/api.w.org\/{rel}","templated":true}]}}