{"id":436,"date":"2023-01-12T10:19:40","date_gmt":"2023-01-12T10:19:40","guid":{"rendered":"https:\/\/livinghome.vn\/thiet-bi\/?post_type=product&#038;p=436"},"modified":"2024-11-29T14:21:04","modified_gmt":"2024-11-29T07:21:04","slug":"bep-tu-don-eurosun-eu-t197-mau-den-vien-trang-2000w","status":"publish","type":"product","link":"https:\/\/livinghome.vn\/thiet-bi\/bep-tu-don-eurosun-eu-t197-mau-den-vien-trang-2000w\/","title":{"rendered":"B\u1ebfp t\u1eeb \u0111\u01a1n Eurosun EU-T197 m\u00e0u \u0111en vi\u1ec1n tr\u1eafng 2000W"},"content":{"rendered":"<h2>B\u1ebfp t\u1eeb \u0111\u01a1n Eurosun EU-T197 c\u00f3 g\u00ec h\u1ea5p d\u1eabn ng\u01b0\u1eddi ti\u00eau d\u00f9ng<\/h2>\n<h3><strong><span class=\"fontstyle0\">\u0110\u1eb7c t\u00ednh s\u1ea3n ph\u1ea9m<\/span><\/strong><\/h3>\n<ul>\n<li><span class=\"fontstyle0\">M\u1eb7t k\u00ednh VITRO CERAMIC ch\u1ecbu nhi\u1ec7t cao<\/span><\/li>\n<li><span class=\"fontstyle0\">M\u00e0n h\u00ecnh LED hi\u1ec7n th\u1ecb c\u00f4ng su\u1ea5t<\/span><\/li>\n<li><span class=\"fontstyle0\">\u0110i\u1ec1u khi\u1ec3n d\u1ea1ng m\u00fan c\u1ea3m bi\u1ebfn k\u1ef9 thu\u1eadt s\u1ed1 10 t\u1ed1c \u0111\u1ed9<\/span><\/li>\n<\/ul>\n<h3><strong> <span class=\"fontstyle0\">Ch\u1ee9c n\u0103ng an to\u00e0n<\/span> <\/strong><\/h3>\n<ul>\n<li><span class=\"fontstyle0\">T\u1ef1 \u0111\u1ed9ng t\u1eaft b\u1ebfp khi kh\u00f4ng c\u00f3 n\u1ed3i<\/span><\/li>\n<li><span class=\"fontstyle0\">Ch\u1ee9c n\u0103ng b\u1ea3o v\u1ec7 qu\u00e1 nhi\u1ec7t v\u00e0 qu\u00e1 \u00e1p<\/span><\/li>\n<\/ul>\n<h3><strong> <span class=\"fontstyle0\">Th\u00f4ng tin k\u1ef9 thu\u1eadt<\/span><\/strong><\/h3>\n<ul>\n<li><span class=\"fontstyle0\">C\u00f4ng su\u1ea5t t\u1ed1i \u0111a: 2000W<\/span><\/li>\n<li><span class=\"fontstyle0\">K\u00edch th\u01b0\u1edbc s\u1ea3n ph\u1ea9m: 280R x 320S x 63C mm<\/span><\/li>\n<\/ul>\n","protected":false},"excerpt":{"rendered":"<p>B\u1ebfp t\u1eeb \u0111\u01a1n Eurosun EU-T197 c\u00f3 g\u00ec h\u1ea5p d\u1eabn ng\u01b0\u1eddi ti\u00eau d\u00f9ng \u0110\u1eb7c t\u00ednh s\u1ea3n ph\u1ea9m M\u1eb7t k\u00ednh VITRO CERAMIC ch\u1ecbu nhi\u1ec7t cao M\u00e0n h\u00ecnh LED hi\u1ec7n th\u1ecb c\u00f4ng su\u1ea5t \u0110i\u1ec1u khi\u1ec3n d\u1ea1ng m\u00fan c\u1ea3m bi\u1ebfn k\u1ef9 thu\u1eadt s\u1ed1 10 t\u1ed1c \u0111\u1ed9 Ch\u1ee9c n\u0103ng an to\u00e0n T\u1ef1 \u0111\u1ed9ng t\u1eaft b\u1ebfp khi kh\u00f4ng c\u00f3 n\u1ed3i Ch\u1ee9c [&#8230;]\n","protected":false},"featured_media":476,"comment_status":"open","ping_status":"closed","template":"","meta":[],"product_brand":[],"product_cat":[745,808,814,75,733,714,106],"product_tag":[76,168,739,83,109,108],"class_list":{"0":"post-436","1":"product","2":"type-product","3":"status-publish","4":"has-post-thumbnail","6":"product_cat-bep-dien-tu","7":"product_cat-bep-dien-tu-don","8":"product_cat-bep-dien-tu-nha-tro","9":"product_cat-bep-tu","10":"product_cat-bep-tu-don","11":"product_cat-bep-tu-eurosun","12":"product_cat-thuong-hieu-eurosun","13":"product_tag-bep-tu","14":"product_tag-bep-tu-am","15":"product_tag-bep-tu-am-eurosun","16":"product_tag-bep-tu-don","17":"product_tag-bep-tu-eurosun","18":"product_tag-eurosun","20":"first","21":"instock","22":"sale","23":"shipping-taxable","24":"purchasable","25":"product-type-simple"},"_links":{"self":[{"href":"https:\/\/livinghome.vn\/thiet-bi\/wp-json\/wp\/v2\/product\/436","targetHints":{"allow":["GET"]}}],"collection":[{"href":"https:\/\/livinghome.vn\/thiet-bi\/wp-json\/wp\/v2\/product"}],"about":[{"href":"https:\/\/livinghome.vn\/thiet-bi\/wp-json\/wp\/v2\/types\/product"}],"replies":[{"embeddable":true,"href":"https:\/\/livinghome.vn\/thiet-bi\/wp-json\/wp\/v2\/comments?post=436"}],"wp:featuredmedia":[{"embeddable":true,"href":"https:\/\/livinghome.vn\/thiet-bi\/wp-json\/wp\/v2\/media\/476"}],"wp:attachment":[{"href":"https:\/\/livinghome.vn\/thiet-bi\/wp-json\/wp\/v2\/media?parent=436"}],"wp:term":[{"taxonomy":"product_brand","embeddable":true,"href":"https:\/\/livinghome.vn\/thiet-bi\/wp-json\/wp\/v2\/product_brand?post=436"},{"taxonomy":"product_cat","embeddable":true,"href":"https:\/\/livinghome.vn\/thiet-bi\/wp-json\/wp\/v2\/product_cat?post=436"},{"taxonomy":"product_tag","embeddable":true,"href":"https:\/\/livinghome.vn\/thiet-bi\/wp-json\/wp\/v2\/product_tag?post=436"}],"curies":[{"name":"wp","href":"https:\/\/api.w.org\/{rel}","templated":true}]}}