{"id":4355,"date":"2023-01-12T18:56:30","date_gmt":"2023-01-12T18:56:30","guid":{"rendered":"https:\/\/livinghome.vn\/thiet-bi\/?post_type=product&#038;p=4355"},"modified":"2024-11-29T14:19:57","modified_gmt":"2024-11-29T07:19:57","slug":"noi-luoc-ga-arber-an28l","status":"publish","type":"product","link":"https:\/\/livinghome.vn\/thiet-bi\/noi-luoc-ga-arber-an28l\/","title":{"rendered":"N\u1ed3i lu\u1ed9c g\u00e0 Arber AN28L 11L kh\u00f4ng g\u1ec9"},"content":{"rendered":"<h2>N\u1ed3i lu\u1ed9c g\u00e0 Arber AN28L c\u00f3 \u01b0u \u0111i\u1ec3m v\u01b0\u1ee3t tr\u1ed9i<\/h2>\n<ul>\n<li>\u00a0C\u00f3 th\u1ec3 s\u1eed d\u1ee5ng \u0111\u01b0\u1ee3c v\u1edbi m\u1ecdi lo\u1ea1i b\u1ebfp: b\u1ebfp \u0111i\u1ec7n t\u1eeb, b\u1ebfp h\u1ed3ng ngo\u1ea1i, b\u1ebfp \u0111i\u1ec7n, b\u1ebfp than\u2026 r\u1ea5t ti\u1ec7n l\u1ee3i.<\/li>\n<li>\u0110\u01b0\u1eddng k\u00ednh : 28cm<\/li>\n<li>Dung t\u00edch : 11 l\u00edt<\/li>\n<li>\u0110\u1eb7c t\u00ednh: Truy\u1ec1n nhi\u1ec7t nhanh, gi\u1eef nhi\u1ec7t l\u00e2u.<\/li>\n<li>Ki\u1ec3u d\u00e1ng hi\u1ec7n \u0111\u1ea1i v\u00e0 s\u1eed d\u1ee5ng thu\u1eadn ti\u1ec7n<\/li>\n<li>Ch\u1ea5t li\u1ec7u inox 304 cao c\u1ea5p: Ch\u1ed1ng \u0103n m\u00f2n, kh\u00f4ng g\u1ec9 s\u1eaft, kh\u00f4ng \u0111\u1ed9c h\u1ea1i, d\u1ec5 ch\u00f9i r\u1eeda.<\/li>\n<li>Thi\u1ebft k\u1ebf 3 l\u1edbp \u0111\u00e1y gi\u00fap gi\u1eef nhi\u1ec7t t\u1ed1t.<\/li>\n<li>N\u1ed3i k\u00edn h\u01a1i, cho th\u1ef1c ph\u1ea9m n\u1ea5u ngon, v\u00e0 gi\u1eef \u0111\u01b0\u1ee3c m\u00e0u s\u1eafc \u0111\u1eb9p m\u1eaft<\/li>\n<li>Quai c\u1ea7m thi\u1ebft k\u1ebf c\u00e1ch nhi\u1ec7t ch\u1ed1ng b\u1ecfng<\/li>\n<li>N\u1eafp k\u00ednh ch\u1ecbu l\u1ef1c ch\u1ecbu nhi\u1ec7t, \u0111\u1ea3m b\u1ea3o an to\u00e0n tuy\u1ec7t \u0111\u1ed1i cho b\u1ea1n khi s\u1eed d\u1ee5ng.<\/li>\n<li>S\u1eed d\u1ee5ng \u0111\u01b0\u1ee3c tr\u00ean m\u1ecdi lo\u1ea1i b\u1ebfp<\/li>\n<\/ul>\n<p>Xu\u1ea5t x\u1ee9 : Made in china<\/p>\n","protected":false},"excerpt":{"rendered":"<p>\u0110\u01b0\u1eddng k\u00ednh : 28cm<\/p>\n<p>Dung t\u00edch : 11 l\u00edt<\/p>\n<p>\u0110\u1eb7c t\u00ednh: Truy\u1ec1n nhi\u1ec7t nhanh, gi\u1eef nhi\u1ec7t l\u00e2u.<\/p>\n<p>Ki\u1ec3u d\u00e1ng hi\u1ec7n \u0111\u1ea1i v\u00e0 s\u1eed d\u1ee5ng thu\u1eadn ti\u1ec7n<\/p>\n<p>Ch\u1ea5t li\u1ec7u inox 304 cao c\u1ea5p: Ch\u1ed1ng \u0103n m\u00f2n, kh\u00f4ng g\u1ec9 s\u1eaft, kh\u00f4ng \u0111\u1ed9c h\u1ea1i, d\u1ec5 ch\u00f9i r\u1eeda.<\/p>\n","protected":false},"featured_media":4432,"comment_status":"open","ping_status":"closed","template":"","meta":[],"product_brand":[],"product_cat":[101,447],"product_tag":[448,470],"class_list":{"0":"post-4355","1":"product","2":"type-product","3":"status-publish","4":"has-post-thumbnail","6":"product_cat-gia-dung-khac","7":"product_cat-thuong-hieu-arber","8":"product_tag-arber","9":"product_tag-noi-arber","11":"first","12":"instock","13":"sale","14":"shipping-taxable","15":"purchasable","16":"product-type-simple"},"_links":{"self":[{"href":"https:\/\/livinghome.vn\/thiet-bi\/wp-json\/wp\/v2\/product\/4355","targetHints":{"allow":["GET"]}}],"collection":[{"href":"https:\/\/livinghome.vn\/thiet-bi\/wp-json\/wp\/v2\/product"}],"about":[{"href":"https:\/\/livinghome.vn\/thiet-bi\/wp-json\/wp\/v2\/types\/product"}],"replies":[{"embeddable":true,"href":"https:\/\/livinghome.vn\/thiet-bi\/wp-json\/wp\/v2\/comments?post=4355"}],"wp:featuredmedia":[{"embeddable":true,"href":"https:\/\/livinghome.vn\/thiet-bi\/wp-json\/wp\/v2\/media\/4432"}],"wp:attachment":[{"href":"https:\/\/livinghome.vn\/thiet-bi\/wp-json\/wp\/v2\/media?parent=4355"}],"wp:term":[{"taxonomy":"product_brand","embeddable":true,"href":"https:\/\/livinghome.vn\/thiet-bi\/wp-json\/wp\/v2\/product_brand?post=4355"},{"taxonomy":"product_cat","embeddable":true,"href":"https:\/\/livinghome.vn\/thiet-bi\/wp-json\/wp\/v2\/product_cat?post=4355"},{"taxonomy":"product_tag","embeddable":true,"href":"https:\/\/livinghome.vn\/thiet-bi\/wp-json\/wp\/v2\/product_tag?post=4355"}],"curies":[{"name":"wp","href":"https:\/\/api.w.org\/{rel}","templated":true}]}}