{"id":4341,"date":"2023-01-12T18:56:07","date_gmt":"2023-01-12T18:56:07","guid":{"rendered":"https:\/\/livinghome.vn\/thiet-bi\/?post_type=product&#038;p=4341"},"modified":"2024-11-29T14:20:00","modified_gmt":"2024-11-29T07:20:00","slug":"bo-dao-arber-abscr14-5-thep-khong-gi-5-mon","status":"publish","type":"product","link":"https:\/\/livinghome.vn\/thiet-bi\/bo-dao-arber-abscr14-5-thep-khong-gi-5-mon\/","title":{"rendered":"B\u1ed9 dao Arber ABSCR14-5 th\u00e9p kh\u00f4ng g\u1ec9 5 m\u00f3n"},"content":{"rendered":"<h3>Th\u00f4ng tin s\u1ea3n ph\u1ea9m<\/h3>\n<ul>\n<li>Ph\u00e2n lo\u1ea1i s\u1ea3n ph\u1ea9m : <a href=\"https:\/\/livinghome.vn\/thiet-bi\/gia-dung-khac\/\">B\u1ed9 dao<\/a> Arber ABSCR14-5<\/li>\n<li>Xu\u1ea5t x\u1ee9 :\u00a0Trung Qu\u1ed1c<\/li>\n<li>Ch\u1ea5t li\u1ec7u :\u00a0th\u00e9p kh\u00f4ng g\u1ec9 ti\u00eau chu\u1ea9n (SCR14)<\/li>\n<\/ul>\n<h3>T\u00ednh n\u0103ng<\/h3>\n<ul>\n<li>B\u1ed9 dao 5 m\u00f3n ch\u1ebf bi\u1ebfn \u0111\u01b0\u1ee3c nhi\u1ec1u m\u00f3n \u0103n kh\u00e1c nhau nh\u1edd nhi\u1ec1u kh\u00edch th\u01b0\u1edbc dao.<\/li>\n<li>L\u01b0\u1ee1i l\u00e0m b\u1eb1ng th\u00e9p gi\u00fap\u00a0ch\u1ebf bi\u1ebfn m\u00f3n \u0103n nhanh ch\u00f3ng.<\/li>\n<li>L\u01b0\u1ee1i dao b\u1eb1ng th\u00e9p kh\u00f4ng g\u1ec9 s\u00e9t c\u00f3 \u0111\u1ed9 b\u1ec1n cao, \u0111\u1ea3m b\u1ea3o s\u1ee9c kh\u1ecfe ng\u01b0\u1eddi d\u00f9ng.<\/li>\n<li>Thi\u1ebft k\u1ebf sang trong, t\u00f4 \u0111i\u1ec3m th\u00eam n\u00e9t \u0111\u1eb9p kh\u00f4ng gian nh\u00e0 b\u1ebfp<\/li>\n<li>Khay \u0111\u1ec3 ti\u1ec7n l\u1ee3i, ch\u1eafc ch\u1eafn, d\u00f9ng \u0111\u1ec3 dao khi s\u1eed d\u1ee5ng.<\/li>\n<li>C\u1ea5u t\u1ea1o h\u1ed9p \u0111\u1ef1ng g\u1ed7 cao su v\u00e0 g\u1ed7 th\u00f4ng.<\/li>\n<\/ul>\n<h3>B\u1ed9 dao g\u1ed3m<\/h3>\n<ul>\n<li>01 dao g\u1ecdt tr\u1ecdng l\u01b0\u1ee3ng 97g, chi\u1ec1u d\u00e0i to\u00e0n dao 190mm, chi\u1ec1u d\u00e0i l\u01b0\u1ee1i dao 90mm<\/li>\n<li>01 dao th\u00e1i v\u1eb1n c\u1eaft rau c\u1ee7 trong l\u01b0\u1ee3ng 221,5g , chi\u1ec1u d\u00e0i to\u00e0n dao 295mm, chi\u1ec1u d\u00e0i l\u01b0\u1ee1i dao 168mm<\/li>\n<li>01 dao ch\u1eb7t tr\u1ecdng l\u01b0\u1ee3ng 365,5g, chi\u1ec1u d\u00e0i to\u00e0n dao 295mm, chi\u1ec1u d\u00e0i l\u01b0\u1ee1i dao 181mm<\/li>\n<li>01 dao b\u1ea7u tr\u1ecdng l\u01b0\u1ee3ng 286,5g, chi\u1ec1u d\u00e0i to\u00e0n dao 305mm, chi\u1ec1u d\u00e0i l\u01b0\u1ee1i dao 175mm<\/li>\n<li>01 K\u00e9o tr\u1ecdng l\u01b0\u1ee3ng 76,5g, chi\u1ec1u d\u00e0i k\u00e9o 205mm, chi\u1ec1u d\u00e0i l\u01b0\u1ee1i 50mm<\/li>\n<\/ul>\n","protected":false},"excerpt":{"rendered":"<p>01 dao g\u1ecdt tr\u1ecdng l\u01b0\u1ee3ng 97g, chi\u1ec1u d\u00e0i to\u00e0n dao 190mm, chi\u1ec1u d\u00e0i l\u01b0\u1ee1i dao 90mm<\/p>\n<p>01 dao th\u00e1i v\u1eb1n c\u1eaft rau c\u1ee7 trong l\u01b0\u1ee3ng 221,5g , chi\u1ec1u d\u00e0i to\u00e0n dao 295mm, chi\u1ec1u d\u00e0i l\u01b0\u1ee1i dao 168mm<\/p>\n<p>01 dao ch\u1eb7t tr\u1ecdng l\u01b0\u1ee3ng 365,5g, chi\u1ec1u d\u00e0i to\u00e0n dao 295mm, chi\u1ec1u d\u00e0i l\u01b0\u1ee1i dao 181mm<\/p>\n<p>01 dao b\u1ea7u tr\u1ecdng l\u01b0\u1ee3ng 286,5g, chi\u1ec1u d\u00e0i to\u00e0n dao 305mm, chi\u1ec1u d\u00e0i l\u01b0\u1ee1i dao 175mm<\/p>\n<p>01 K\u00e9o tr\u1ecdng l\u01b0\u1ee3ng 76,5g, chi\u1ec1u d\u00e0i k\u00e9o 205mm, chi\u1ec1u d\u00e0i l\u01b0\u1ee1i 50mm<\/p>\n","protected":false},"featured_media":4431,"comment_status":"open","ping_status":"closed","template":"","meta":[],"product_brand":[],"product_cat":[101,447],"product_tag":[448,469],"class_list":{"0":"post-4341","1":"product","2":"type-product","3":"status-publish","4":"has-post-thumbnail","6":"product_cat-gia-dung-khac","7":"product_cat-thuong-hieu-arber","8":"product_tag-arber","9":"product_tag-bo-dao-arber","11":"first","12":"instock","13":"sale","14":"shipping-taxable","15":"purchasable","16":"product-type-simple"},"_links":{"self":[{"href":"https:\/\/livinghome.vn\/thiet-bi\/wp-json\/wp\/v2\/product\/4341","targetHints":{"allow":["GET"]}}],"collection":[{"href":"https:\/\/livinghome.vn\/thiet-bi\/wp-json\/wp\/v2\/product"}],"about":[{"href":"https:\/\/livinghome.vn\/thiet-bi\/wp-json\/wp\/v2\/types\/product"}],"replies":[{"embeddable":true,"href":"https:\/\/livinghome.vn\/thiet-bi\/wp-json\/wp\/v2\/comments?post=4341"}],"wp:featuredmedia":[{"embeddable":true,"href":"https:\/\/livinghome.vn\/thiet-bi\/wp-json\/wp\/v2\/media\/4431"}],"wp:attachment":[{"href":"https:\/\/livinghome.vn\/thiet-bi\/wp-json\/wp\/v2\/media?parent=4341"}],"wp:term":[{"taxonomy":"product_brand","embeddable":true,"href":"https:\/\/livinghome.vn\/thiet-bi\/wp-json\/wp\/v2\/product_brand?post=4341"},{"taxonomy":"product_cat","embeddable":true,"href":"https:\/\/livinghome.vn\/thiet-bi\/wp-json\/wp\/v2\/product_cat?post=4341"},{"taxonomy":"product_tag","embeddable":true,"href":"https:\/\/livinghome.vn\/thiet-bi\/wp-json\/wp\/v2\/product_tag?post=4341"}],"curies":[{"name":"wp","href":"https:\/\/api.w.org\/{rel}","templated":true}]}}