{"id":4339,"date":"2023-01-12T18:56:07","date_gmt":"2023-01-12T18:56:07","guid":{"rendered":"https:\/\/livinghome.vn\/thiet-bi\/?post_type=product&#038;p=4339"},"modified":"2024-11-29T14:20:00","modified_gmt":"2024-11-29T07:20:00","slug":"noi-ap-suat-tu-arber-nas4l","status":"publish","type":"product","link":"https:\/\/livinghome.vn\/thiet-bi\/noi-ap-suat-tu-arber-nas4l\/","title":{"rendered":"N\u1ed3i \u00e1p su\u1ea5t t\u1eeb Arber NAS4L dung t\u00edch 4L"},"content":{"rendered":"<p>Hi\u1ec7n nay nhu c\u1ea7u s\u1eed d\u1ee5ng \u1ea5m \u0111un t\u1eeb ng\u00e0y c\u00e0ng t\u0103ng cao b\u1edfi c\u00e1c gia \u0111\u00ecnh \u0111ang c\u00f3 xu h\u01b0\u1edbng thay th\u1ebf b\u1ebfp Gas b\u1eb1ng b\u1ebfp t\u1eeb b\u1ebfp \u0111i\u1ec7n t\u1eeb, ki\u1ec3u d\u00e1ng sang tr\u1ecdng h\u01a1n, an to\u00e0n h\u01a1n, v\u00e0 thu\u1eadn ti\u1ec7n khi s\u1eed d\u1ee5ng. V\u00ec th\u1ebf ngo\u00e0i vi\u1ec7c cho ra d\u1ee5ng c\u1ee5 n\u1ea5u n\u01b0\u1edbng nh\u01b0 n\u1ed3i, ch\u1ea3o \u0111\u00e1y t\u1eeb th\u00ec Arber \u0111\u00e3 nghi\u00ean c\u1ee9u v\u00e0 s\u1ea3n xu\u1ea5t \u1ea4m \u0111un t\u1eeb Arber NAS4L . \u0110\u00e2y l\u00e0 s\u1ea3n ph\u1ea9m m\u1edbi c\u1ee7a Arber kh\u00f4ng ch\u1ec9 c\u00f3 ki\u1ec3u d\u00e1ng \u0111\u1eb9p, sang tr\u1ecdng m\u00e0 c\u00f2n r\u1ea5t ti\u1ec7n l\u1ee3i v\u00ec \u0111un \u0111\u01b0\u1ee3c tr\u00ean t\u1ea5t c\u1ea3 lo\u1ea1i b\u1ebfp nh\u01b0 b\u1ebfp t\u1eeb, b\u1ebfp h\u1ed3ng ngo\u1ea1i, \u0111i\u1ec7n t\u1eeb, b\u1ebfp gas, \u2026<\/p>\n<h2>N\u1ed3i \u00e1p su\u1ea5t t\u1eeb Arber NAS4L c\u00f3 g\u00ec n\u1ed5i b\u1eadt<\/h2>\n<p>Ph\u00e2n lo\u1ea1i : <a href=\"https:\/\/livinghome.vn\/thiet-bi\/gia-dung-khac\/\">N\u1ed3i \u00e1p su\u1ea5t t\u1eeb<\/a> Arber NAS4L<\/p>\n<h3>Dung t\u00edch<\/h3>\n<ul>\n<li>\u0110\u01b0\u1eddng k\u00ednh \u00a022cm &#8211; dung t\u00edch 4L<\/li>\n<\/ul>\n<h3>Ch\u1ea5t li\u1ec7u<\/h3>\n<ul>\n<li>Inox 304 (18\/8) th\u00e9p kh\u00f4ng g\u1ec9<\/li>\n<li>B\u00ean trong : \u0110\u00e1nh g\u00e2n m\u1edd \u0111\u1ed3ng tr\u1ee5c<\/li>\n<li>B\u00ean ngo\u00e0i : \u0110\u00e1nh b\u00f3ng \u00e1nh g\u01b0\u01a1ng.<\/li>\n<li>N\u1eafp \u0111\u1eady an to\u00e0n d\u00e0y 1.2mm \u0111\u00e1nh b\u00f3ng anh g\u01b0\u01a1ng.<\/li>\n<li>Van \u0111i\u1ec1u \u00e1p \u0111\u1ea3m b\u1ea3o an to\u00e0n khi s\u1eed d\u1ee5ng.<\/li>\n<\/ul>\n<h3>T\u00ednh n\u0103ng n\u1ed5i b\u1eadt<\/h3>\n<ul>\n<li>S\u1ea3n ph\u1ea9m c\u00f3 th\u1ec3 s\u1eed d\u1ee5ng ti\u1ec7n l\u1ee3i tr\u00ean nhi\u1ec1u lo\u1ea1i b\u1ebfp nh\u01b0 b\u1ebfp t\u1eeb, b\u1ebfp gas, b\u1ebfp \u0111i\u1ec7n&#8230;<\/li>\n<li>Ch\u1ea5t li\u1ec7u \u0111\u01b0\u1ee3c l\u00e0m t\u1eeb Inox 304, ch\u1ed1ng b\u1ecfng, an to\u00e0n cho ng\u01b0\u1eddi s\u1eed d\u1ee5ng<\/li>\n<li>To\u00e0n b\u1ed9 th\u00e2n n\u1ed3i, n\u1eafp n\u1ed3i v\u00e0 tay c\u1ea7m \u0111\u1ec1u l\u00e0m b\u1eb1ng l\u1edbp inox kh\u00f4ng g\u1ec9 304. Lo\u1ea1i inox n\u00e0y c\u00f3 kh\u1ea3 n\u0103ng nhi\u1ec5m t\u1eeb, nhi\u1ec5m nhi\u1ec7t th\u1ea5p n\u00ean ch\u1ec9 c\u00f3 m\u1ed9t l\u01b0\u1ee3ng nhi\u1ec7t nh\u1ecf \u0111\u01b0\u1ee3c inox kh\u00f4ng g\u1ec9 304 h\u1ea5p th\u1ee5 khi\u1ebfn cho ph\u1ea7n th\u00e2n n\u1ed3i, n\u1eafp v\u00e0 tay c\u1ea7m ch\u1ec9 gi\u1eef \u1edf m\u1ee9c \u1ea5m tr\u00e1nh g\u00e2y b\u1ecfng cho ng\u01b0\u1eddi d\u00f9ng.<\/li>\n<li>D\u1ec5 d\u00e0ng v\u1ec7 sinh, gi\u1eef nhi\u1ec7t t\u1ed1t<\/li>\n<li>\u0110\u1eb7c bi\u1ec7t s\u1ea3n ph\u1ea9m ti\u1ebft ki\u1ec7m th\u1eddi gian v\u00e0 n\u0103ng l\u01b0\u1ee3ng \u0111\u1ebfn 70%.<\/li>\n<\/ul>\n<p>Xu\u1ea5t x\u1ee9 : Made in china<\/p>\n","protected":false},"excerpt":{"rendered":"<p>\u0110\u01b0\u1eddng k\u00ednh \u00a022cm &#8211; dung t\u00edch 4L<\/p>\n<p>Ch\u1ea5t li\u1ec7u<strong>\u00a0:<\/strong>\u00a0Inox 304 (18\/8) th\u00e9p kh\u00f4ng g\u1ec9<\/p>\n<p>B\u00ean trong : \u0110\u00e1nh g\u00e2n m\u1edd \u0111\u1ed3ng tr\u1ee5c<\/p>\n<p>B\u00ean ngo\u00e0i : \u0110\u00e1nh b\u00f3ng \u00e1nh g\u01b0\u01a1ng.<\/p>\n<p>N\u1eafp \u0111\u1eady an to\u00e0n d\u00e0y 1.2mm \u0111\u00e1nh b\u00f3ng anh g\u01b0\u01a1ng.<\/p>\n<p>Van \u0111i\u1ec1u \u00e1p \u0111\u1ea3m b\u1ea3o an to\u00e0n khi s\u1eed d\u1ee5ng.<\/p>\n","protected":false},"featured_media":4429,"comment_status":"open","ping_status":"closed","template":"","meta":[],"product_brand":[],"product_cat":[101,447],"product_tag":[448,468],"class_list":{"0":"post-4339","1":"product","2":"type-product","3":"status-publish","4":"has-post-thumbnail","6":"product_cat-gia-dung-khac","7":"product_cat-thuong-hieu-arber","8":"product_tag-arber","9":"product_tag-noi-ap-suat-arber","11":"first","12":"instock","13":"sale","14":"shipping-taxable","15":"purchasable","16":"product-type-simple"},"_links":{"self":[{"href":"https:\/\/livinghome.vn\/thiet-bi\/wp-json\/wp\/v2\/product\/4339","targetHints":{"allow":["GET"]}}],"collection":[{"href":"https:\/\/livinghome.vn\/thiet-bi\/wp-json\/wp\/v2\/product"}],"about":[{"href":"https:\/\/livinghome.vn\/thiet-bi\/wp-json\/wp\/v2\/types\/product"}],"replies":[{"embeddable":true,"href":"https:\/\/livinghome.vn\/thiet-bi\/wp-json\/wp\/v2\/comments?post=4339"}],"wp:featuredmedia":[{"embeddable":true,"href":"https:\/\/livinghome.vn\/thiet-bi\/wp-json\/wp\/v2\/media\/4429"}],"wp:attachment":[{"href":"https:\/\/livinghome.vn\/thiet-bi\/wp-json\/wp\/v2\/media?parent=4339"}],"wp:term":[{"taxonomy":"product_brand","embeddable":true,"href":"https:\/\/livinghome.vn\/thiet-bi\/wp-json\/wp\/v2\/product_brand?post=4339"},{"taxonomy":"product_cat","embeddable":true,"href":"https:\/\/livinghome.vn\/thiet-bi\/wp-json\/wp\/v2\/product_cat?post=4339"},{"taxonomy":"product_tag","embeddable":true,"href":"https:\/\/livinghome.vn\/thiet-bi\/wp-json\/wp\/v2\/product_tag?post=4339"}],"curies":[{"name":"wp","href":"https:\/\/api.w.org\/{rel}","templated":true}]}}