{"id":4314,"date":"2023-01-12T18:55:41","date_gmt":"2023-01-12T18:55:41","guid":{"rendered":"https:\/\/livinghome.vn\/thiet-bi\/?post_type=product&#038;p=4314"},"modified":"2024-11-29T14:20:00","modified_gmt":"2024-11-29T07:20:00","slug":"am-dun-nuoc-arber-ab03md","status":"publish","type":"product","link":"https:\/\/livinghome.vn\/thiet-bi\/am-dun-nuoc-arber-ab03md\/","title":{"rendered":"\u1ea4m \u0111un n\u01b0\u1edbc Arber AB03MD Inox 304 3L"},"content":{"rendered":"<p>Hi\u1ec7n nay nhu c\u1ea7u s\u1eed d\u1ee5ng \u1ea5m \u0111un t\u1eeb ng\u00e0y c\u00e0ng t\u0103ng cao b\u1edfi c\u00e1c gia \u0111\u00ecnh \u0111ang c\u00f3 xu h\u01b0\u1edbng thay th\u1ebf b\u1ebfp Gas b\u1eb1ng b\u1ebfp t\u1eeb b\u1ebfp \u0111i\u1ec7n t\u1eeb, ki\u1ec3u d\u00e1ng sang tr\u1ecdng h\u01a1n, an to\u00e0n h\u01a1n, v\u00e0 thu\u1eadn ti\u1ec7n khi s\u1eed d\u1ee5ng. V\u00ec th\u1ebf ngo\u00e0i vi\u1ec7c cho ra d\u1ee5ng c\u1ee5 n\u1ea5u n\u01b0\u1edbng nh\u01b0 n\u1ed3i, ch\u1ea3o \u0111\u00e1y t\u1eeb th\u00ec Arber \u0111\u00e3 nghi\u00ean c\u1ee9u v\u00e0 s\u1ea3n xu\u1ea5t \u1ea4m \u0111un t\u1eeb Arber AB03M\u0110.<\/p>\n<h2>\u1ea4m \u0111un n\u01b0\u1edbc Arber AB03M\u0110 c\u00f3 g\u00ec n\u1ed5i b\u1eadt<\/h2>\n<figure id=\"attachment_4416\" aria-describedby=\"caption-attachment-4416\" style=\"width: 900px\" class=\"wp-caption alignnone\"><img loading=\"lazy\" decoding=\"async\" class=\"size-full wp-image-4416\" src=\"https:\/\/livinghome.vn\/thiet-bi\/wp-content\/uploads\/2023\/01\/hang-gia-dung-arber-ab03md-1.jpg\" alt=\"\u1ea4m \u0111un n\u01b0\u1edbc Arber AB03MD\" width=\"900\" height=\"900\" title=\"\" srcset=\"https:\/\/livinghome.vn\/thiet-bi\/wp-content\/uploads\/2023\/01\/hang-gia-dung-arber-ab03md-1.jpg 900w, https:\/\/livinghome.vn\/thiet-bi\/wp-content\/uploads\/2023\/01\/hang-gia-dung-arber-ab03md-1-300x300.jpg 300w, https:\/\/livinghome.vn\/thiet-bi\/wp-content\/uploads\/2023\/01\/hang-gia-dung-arber-ab03md-1-100x100.jpg 100w, https:\/\/livinghome.vn\/thiet-bi\/wp-content\/uploads\/2023\/01\/hang-gia-dung-arber-ab03md-1-600x600.jpg 600w, https:\/\/livinghome.vn\/thiet-bi\/wp-content\/uploads\/2023\/01\/hang-gia-dung-arber-ab03md-1-400x400.jpg 400w, https:\/\/livinghome.vn\/thiet-bi\/wp-content\/uploads\/2023\/01\/hang-gia-dung-arber-ab03md-1-800x800.jpg 800w, https:\/\/livinghome.vn\/thiet-bi\/wp-content\/uploads\/2023\/01\/hang-gia-dung-arber-ab03md-1-280x280.jpg 280w, https:\/\/livinghome.vn\/thiet-bi\/wp-content\/uploads\/2023\/01\/hang-gia-dung-arber-ab03md-1-768x768.jpg 768w\" sizes=\"auto, (max-width: 900px) 100vw, 900px\" \/><figcaption id=\"caption-attachment-4416\" class=\"wp-caption-text\">\u1ea4m \u0111un n\u01b0\u1edbc Arber AB03MD<\/figcaption><\/figure>\n<p>\u0110\u00e2y l\u00e0 s\u1ea3n ph\u1ea9m m\u1edbi c\u1ee7a Arber kh\u00f4ng ch\u1ec9 c\u00f3 ki\u1ec3u d\u00e1ng \u0111\u1eb9p, sang tr\u1ecdng m\u00e0 c\u00f2n r\u1ea5t ti\u1ec7n l\u1ee3i v\u00ec \u0111un \u0111\u01b0\u1ee3c tr\u00ean t\u1ea5t c\u1ea3 lo\u1ea1i b\u1ebfp nh\u01b0 b\u1ebfp t\u1eeb, b\u1ebfp h\u1ed3ng ngo\u1ea1i, \u0111i\u1ec7n t\u1eeb, b\u1ebfp gas, \u2026<br \/>\n<a href=\"https:\/\/livinghome.vn\/thiet-bi\/gia-dung-khac\/\">\u1ea4m \u0111un n\u01b0\u1edbc Arber AB03M\u0110 <\/a>c\u00f3 \u0111i\u1ec3m g\u00ec \u0111\u1eb7c bi\u1ec7t so v\u1edbi c\u00e1c lo\u1ea1i \u1ea5m \u0111un n\u01b0\u1edbc kh\u00e1c tr\u00ean th\u1ecb tr\u01b0\u1eddng? H\u00e3y c\u00f9ng \u0111i\u1ec3m qua nh\u1eefng \u01b0u \u0111i\u1ec3m v\u01b0\u1ee3t tr\u1ed9i, t\u00ednh \u01b0u vi\u1ec7t d\u01b0\u1edbi \u0111\u00e2y \u0111\u1ec3 ch\u1eafc ch\u1eafn r\u1eb1ng l\u1ef1a ch\u1ecdn Arber l\u00e0 m\u1ed9t quy\u1ebft \u0111\u1ecbnh \u0111\u00f9ng \u0111\u1eafn:<\/p>\n<p><strong>Thi\u1ebft k\u1ebf hi\u1ec7n \u0111\u1ea1i v\u00e0 sang tr\u1ecdng :<\/strong> \u1ea4m \u0111un t\u1eeb Arber AB03M\u0110 v\u1edbi ki\u1ec3u d\u00e1ng v\u00f4 c\u00f9ng \u0111\u1eb9p v\u00e0 hi\u1ec7n \u0111\u1ea1i, v\u00f2i v\u00e0 n\u1eafp \u1ea5m l\u00e0 inox s\u00e1ng b\u00f3ng, cho c\u0103n b\u1ebfp gia \u0111\u00ecnh th\u00eam long lanh v\u00e0 c\u00f3 \u0111i\u1ec3m nh\u1ea5n h\u01a1n.<\/p>\n<p><strong>Ch\u1ea5t li\u1ec7u inox cao c\u1ea5p:<\/strong>\u00a0\u1ea4m \u0111\u01b0\u1ee3c l\u00e0m t\u1eeb inox 304 cao c\u1ea5p, chuy\u00ean d\u00f9ng trong y t\u1ebf n\u00ean tuy\u1ec7t \u0111\u1ed1i an to\u00e0n khi s\u1eed d\u1ee5ng. Inox 304 kh\u00f4ng lo b\u00e1m c\u1eb7n, kh\u00f4ng b\u1ecb \u0103n m\u00f2n, ch\u1ecbu nhi\u1ec7t t\u1ed1t, n\u00ean c\u00f3 \u0111\u1ed9 b\u1ec1n cao.<\/p>\n<p><strong>Tr\u1ecdng l\u01b0\u1ee3ng nh\u1eb9:<\/strong>\u00a0Th\u01b0\u1eddng c\u00e1c s\u1ea3n ph\u1ea9m nh\u01b0 c\u00e1c lo\u1ea1i n\u1ed3i t\u1eeb th\u01b0\u1eddng n\u1eb7ng, g\u00e2y b\u1ea5t ti\u1ec7n khi s\u1eed d\u1ee5ng th\u00ec v\u1edbi \u1ea5m \u0111un t\u1eeb Arber, thi\u1ebft k\u1ebf th\u00f4ng minh v\u00e0 c\u00f3 tr\u1ecdng l\u01b0\u1ee3ng v\u1eeba ph\u1ea3i nh\u01b0ng v\u1eabn \u0111\u1ea3m b\u1ea3o ch\u1eafc ch\u1eafn v\u00e0 thu\u1eadn ti\u1ec7n khi s\u1eed d\u1ee5ng.<\/p>\n<p><strong>Thi\u1ebft k\u1ebf quai c\u1ea7m c\u00e1ch nhi\u1ec7t:<\/strong>\u00a0\u1ea4m c\u00f3 quai c\u1ea7m c\u00e1ch nhi\u1ec7t hi\u1ec7u qu\u1ea3 v\u00e0 \u0111\u1ed9c \u0111\u00e1o, l\u00e0m t\u00f4n th\u00eam v\u1ebb \u0111\u1eb9p cho \u00a0chi\u1ebfc \u1ea5m, kh\u00f4ng lo b\u1ecb n\u00f3ng khi s\u1eed d\u1ee5ng\u2026<\/p>\n<p><strong>Dung t\u00edch 3L :<\/strong>\u00a0Gi\u00fap b\u1ea1n tho\u1ea3i m\u00e1i s\u1eed d\u1ee5ng \u0111un n\u01b0\u1edbc s\u00f4i khi c\u00f3 nhu c\u1ea7u. V\u1edbi thi\u1ebft k\u1ebf \u0111\u1eb9p m\u1eaft sang tr\u1ecdng th\u00ec d\u00f9 pha nh\u1eefng c\u1ed1c tr\u00e0, c\u1ed1c c\u00e0 ph\u00ea cho th\u00e0nh vi\u00ean trong gia \u0111\u00ecnh hay khi c\u00f3 kh\u00e1ch, b\u1ea1n s\u1ebd r\u1ea5t h\u00e0i l\u00f2ng v\u00ec kh\u00f4ng ch\u1ec9 \u0111\u01b0\u1ee3c khen c\u1ed1c tr\u00e0 ngon hay t\u00e1ch c\u00e0 ph\u00ea \u0111\u1eadm \u0111\u00e0 m\u00e0 ch\u1eafc h\u1eb3n r\u00e0ng h\u1ecd s\u1ebd t\u1ea5m t\u1eafc khen b\u1ea1n tinh t\u1ebf v\u00e0 kh\u00e9o ch\u1ecdn \u0111\u1ed3 d\u00f9ng trong c\u0103n b\u1ebfp.<\/p>\n<p><strong>C\u00f3 c\u00f2i b\u00e1o hi\u1ec7u s\u00f4i, thu\u1eadn ti\u1ec7n khi s\u1eed d\u1ee5ng :<\/strong>\u00a0khi s\u00f4i, \u1ea5m s\u1ebd ph\u00e1t ra ti\u1ebfng c\u00f2i b\u00e1o hi\u1ec7u cho b\u1ea1n n\u00ean r\u1ea5t thu\u1eadn ti\u1ec7n v\u00e0 an to\u00e0n.<\/p>\n<p>\u0110un n\u01b0\u1edbc nhanh ch\u00f3ng v\u00e0 \u0111un \u0111\u01b0\u1ee3c tr\u00ean m\u1ecdi lo\u1ea1i b\u1ebfp<\/p>\n<p><strong>\u1ea4m \u0111un t\u1eeb Arber AB03M\u0110<\/strong>\u00a0thi\u1ebft k\u1ebf \u0111\u1eb7c bi\u1ec7t gi\u00fap t\u1ed1i \u01b0u, gi\u00fap ph\u00e2n ph\u1ed1i \u0111\u1ec1u nhi\u1ec7t l\u01b0\u1ee3ng trong qu\u00e1 tr\u00ecnh \u0111un n\u1ea5u, n\u00ean \u0111un n\u01b0\u1edbc s\u00f4i c\u1ef1c nhanh, ch\u1ea5t li\u1ec7u \u0111\u01b0\u1ee3c l\u00e0m t\u1eeb Inox \u00a0304 s\u1ebd \u0111\u1ea3m b\u1ea3o an to\u00e0n cho s\u1ee9c kh\u1ecfe.<\/p>\n<p>\u1ea4m s\u1eed d\u1ee5ng \u0111\u01b0\u1ee3c v\u1edbi nhi\u1ec1u lo\u1ea1i b\u1ebfp nh\u01b0 b\u1ebfp \u0111i\u1ec7n, b\u1ebfp t\u1eeb, b\u1ebfp gas,\u2026<\/p>\n","protected":false},"excerpt":{"rendered":"<p>\u1ea4m \u0111un t\u1eeb Arber AB03M\u0110 thi\u1ebft k\u1ebf \u0111\u1eb7c bi\u1ec7t gi\u00fap t\u1ed1i \u01b0u, gi\u00fap ph\u00e2n ph\u1ed1i \u0111\u1ec1u nhi\u1ec7t l\u01b0\u1ee3ng trong qu\u00e1 tr\u00ecnh \u0111un n\u1ea5u, n\u00ean \u0111un n\u01b0\u1edbc s\u00f4i c\u1ef1c nhanh, ch\u1ea5t li\u1ec7u \u0111\u01b0\u1ee3c l\u00e0m t\u1eeb Inox \u00a0304 s\u1ebd \u0111\u1ea3m b\u1ea3o an to\u00e0n cho s\u1ee9c kh\u1ecfe.<\/p>\n<p>\u1ea4m s\u1eed d\u1ee5ng \u0111\u01b0\u1ee3c v\u1edbi nhi\u1ec1u lo\u1ea1i b\u1ebfp nh\u01b0 b\u1ebfp \u0111i\u1ec7n, b\u1ebfp t\u1eeb, b\u1ebfp gas,\u2026<\/p>\n","protected":false},"featured_media":4415,"comment_status":"open","ping_status":"closed","template":"","meta":[],"product_brand":[],"product_cat":[101,447],"product_tag":[466,448],"class_list":{"0":"post-4314","1":"product","2":"type-product","3":"status-publish","4":"has-post-thumbnail","6":"product_cat-gia-dung-khac","7":"product_cat-thuong-hieu-arber","8":"product_tag-am-dun-nuoc-arber","9":"product_tag-arber","11":"first","12":"instock","13":"sale","14":"shipping-taxable","15":"purchasable","16":"product-type-simple"},"_links":{"self":[{"href":"https:\/\/livinghome.vn\/thiet-bi\/wp-json\/wp\/v2\/product\/4314","targetHints":{"allow":["GET"]}}],"collection":[{"href":"https:\/\/livinghome.vn\/thiet-bi\/wp-json\/wp\/v2\/product"}],"about":[{"href":"https:\/\/livinghome.vn\/thiet-bi\/wp-json\/wp\/v2\/types\/product"}],"replies":[{"embeddable":true,"href":"https:\/\/livinghome.vn\/thiet-bi\/wp-json\/wp\/v2\/comments?post=4314"}],"wp:featuredmedia":[{"embeddable":true,"href":"https:\/\/livinghome.vn\/thiet-bi\/wp-json\/wp\/v2\/media\/4415"}],"wp:attachment":[{"href":"https:\/\/livinghome.vn\/thiet-bi\/wp-json\/wp\/v2\/media?parent=4314"}],"wp:term":[{"taxonomy":"product_brand","embeddable":true,"href":"https:\/\/livinghome.vn\/thiet-bi\/wp-json\/wp\/v2\/product_brand?post=4314"},{"taxonomy":"product_cat","embeddable":true,"href":"https:\/\/livinghome.vn\/thiet-bi\/wp-json\/wp\/v2\/product_cat?post=4314"},{"taxonomy":"product_tag","embeddable":true,"href":"https:\/\/livinghome.vn\/thiet-bi\/wp-json\/wp\/v2\/product_tag?post=4314"}],"curies":[{"name":"wp","href":"https:\/\/api.w.org\/{rel}","templated":true}]}}