{"id":4291,"date":"2023-01-12T18:55:14","date_gmt":"2023-01-12T18:55:14","guid":{"rendered":"https:\/\/livinghome.vn\/thiet-bi\/?post_type=product&#038;p=4291"},"modified":"2024-11-29T14:20:00","modified_gmt":"2024-11-29T07:20:00","slug":"may-loc-khong-khi-arber-abmlkk35m","status":"publish","type":"product","link":"https:\/\/livinghome.vn\/thiet-bi\/may-loc-khong-khi-arber-abmlkk35m\/","title":{"rendered":"M\u00e1y l\u1ecdc kh\u00f4ng kh\u00ed Arber ABMLKK35M di\u1ec7t khu\u1ea9n l\u1ecdc b\u1ee5i th\u00f4"},"content":{"rendered":"<h3>M\u00e1y l\u1ecdc kh\u00f4ng kh\u00ed Arber ABMLKK35M G\u1ed3m nh\u1eefng chi ti\u1ebft :<\/h3>\n<ul>\n<li>Lo\u1ea1i s\u1ea3n ph\u1ea9m : <a href=\"https:\/\/livinghome.vn\/thiet-bi\/gia-dung-khac\/may-loc-khong-khi\/\">M\u00e1y l\u1ecdc kh\u00f4ng kh\u00ed<\/a> Arber ABMLKK35M<\/li>\n<li>Ch\u1ea5t li\u1ec7u :\u00a0Nh\u1ef1a ABS\/acrylic<\/li>\n<li>M\u00e0u s\u1eafc :\u00a0M\u00e0u tr\u1eafng<\/li>\n<li>Ngu\u1ed3n \u0111i\u1ec7n :\u00a0220-240V ; 50\/60Hz<\/li>\n<li>N\u0103ng l\u01b0\u1ee3ng :\u00a0A +<\/li>\n<li>C\u00f4ng su\u1ea5t ho\u1ea1t \u0111\u1ed9ng :\u00a032W<\/li>\n<li>Di\u1ec7n t\u00edch ph\u00f2ng s\u1eed d\u1ee5ng d\u01b0\u1edbi :\u00a035m2<\/li>\n<li>L\u01b0u l\u01b0\u1ee3ng kh\u00f4ng kh\u00ed :\u00a0290m3\/h<\/li>\n<li>\u0110\u1ed9 \u1ed3n :\u00a0\u2265 28Db<\/li>\n<li>\u0110i\u1ec1u khi\u1ec3n :\u00a0C\u1ea3m \u1ee9ng<\/li>\n<li>Kh\u00f3a tr\u1ebb em :\u00a0C\u00f3<\/li>\n<li>\u0110\u00e8n hi\u1ec7n th\u1ecb :\u00a0\u0110\u00e8n b\u00e1o ho\u1ea1t \u0111\u1ed9ng, b\u00e1o PM2.5<\/li>\n<li>Th\u1eddi gian h\u1eb9n gi\u1edd :\u00a08 ti\u1ebfng<\/li>\n<li>B\u1ed9 l\u1ecdc :\u00a0L\u1ecdc b\u1ee5i th\u00f4, l\u1ecdc kh\u1eed m\u00f9i than ho\u1ea1t t\u00ednh , HEPA<\/li>\n<li>Ti\u1ec7n \u00edch:\u00a0L\u1ecdc \u0111\u01b0\u1ee3c b\u1ee5i m\u1ecbn PM 2.5, Ch\u1ee9c n\u0103ng l\u1ecdc ion \u00e2m m\u1eadt \u0111\u1ed9 cao ti\u00eau di\u1ec7t n\u1ea5m m\u1ed1c trong kh\u00f4ng kh\u00ed, kh\u1eed m\u00f9i thu\u1ed1c l\u00e1, ph\u1ea5n<\/li>\n<li>hoa, h\u00fat \u1ea9m nhanh ch\u00f3ng.<\/li>\n<li>K\u00edch th\u01b0\u1edbc :\u00a0R\u1ed9ng: 247mm, D\u00e0i: 387mm, Cao: 575mm<\/li>\n<li>Tr\u1ecdng l\u01b0\u1ee3ng :\u00a07,6kg\n<figure id=\"attachment_66459\" aria-describedby=\"caption-attachment-66459\" style=\"width: 800px\" class=\"wp-caption aligncenter\"><img loading=\"lazy\" decoding=\"async\" class=\"size-large wp-image-66459\" src=\"https:\/\/livinghome.vn\/thiet-bi\/wp-content\/uploads\/nha-bep\/arber\/hang-gia-dung\/may-loc-khong-khi-arber-abmlkk35m\/may-loc-khong-khi-arber-abmlkk35m-1-800x800.jpg\" alt=\"M\u00e1y l\u1ecdc kh\u00f4ng kh\u00ed Arber ABMLKK35M di\u1ec7t khu\u1ea9n l\u1ecdc b\u1ee5i th\u00f4\" width=\"800\" height=\"800\" title=\"\"><figcaption id=\"caption-attachment-66459\" class=\"wp-caption-text\">M\u00e1y l\u1ecdc kh\u00f4ng kh\u00ed Arber ABMLKK35M di\u1ec7t khu\u1ea9n l\u1ecdc b\u1ee5i th\u00f4<\/figcaption><\/figure><\/li>\n<\/ul>\n","protected":false},"excerpt":{"rendered":"<p>C\u00f4ng su\u1ea5t ho\u1ea1t \u0111\u1ed9ng :\u00a032W<\/p>\n<p>Di\u1ec7n t\u00edch ph\u00f2ng s\u1eed d\u1ee5ng d\u01b0\u1edbi :\u00a035m2<\/p>\n<p>L\u01b0u l\u01b0\u1ee3ng kh\u00f4ng kh\u00ed :\u00a0290m3\/h<\/p>\n<p>\u0110\u1ed9 \u1ed3n :\u00a0\u2265 28Db<\/p>\n<p>B\u1ed9 l\u1ecdc :\u00a0L\u1ecdc b\u1ee5i th\u00f4, l\u1ecdc kh\u1eed m\u00f9i than ho\u1ea1t t\u00ednh , HEPA<\/p>\n<p>K\u00edch th\u01b0\u1edbc :\u00a0R\u1ed9ng: 247mm, D\u00e0i: 387mm, Cao: 575mm<\/p>\n<p>Tr\u1ecdng l\u01b0\u1ee3ng :\u00a07,6kg<\/p>\n","protected":false},"featured_media":4396,"comment_status":"open","ping_status":"closed","template":"","meta":[],"product_brand":[],"product_cat":[463,447],"product_tag":[448,245,464],"class_list":{"0":"post-4291","1":"product","2":"type-product","3":"status-publish","4":"has-post-thumbnail","6":"product_cat-may-loc-khong-khi","7":"product_cat-thuong-hieu-arber","8":"product_tag-arber","9":"product_tag-may-loc-khong-khi","10":"product_tag-may-loc-khong-khi-arber","12":"first","13":"instock","14":"sale","15":"shipping-taxable","16":"purchasable","17":"product-type-simple"},"_links":{"self":[{"href":"https:\/\/livinghome.vn\/thiet-bi\/wp-json\/wp\/v2\/product\/4291","targetHints":{"allow":["GET"]}}],"collection":[{"href":"https:\/\/livinghome.vn\/thiet-bi\/wp-json\/wp\/v2\/product"}],"about":[{"href":"https:\/\/livinghome.vn\/thiet-bi\/wp-json\/wp\/v2\/types\/product"}],"replies":[{"embeddable":true,"href":"https:\/\/livinghome.vn\/thiet-bi\/wp-json\/wp\/v2\/comments?post=4291"}],"wp:featuredmedia":[{"embeddable":true,"href":"https:\/\/livinghome.vn\/thiet-bi\/wp-json\/wp\/v2\/media\/4396"}],"wp:attachment":[{"href":"https:\/\/livinghome.vn\/thiet-bi\/wp-json\/wp\/v2\/media?parent=4291"}],"wp:term":[{"taxonomy":"product_brand","embeddable":true,"href":"https:\/\/livinghome.vn\/thiet-bi\/wp-json\/wp\/v2\/product_brand?post=4291"},{"taxonomy":"product_cat","embeddable":true,"href":"https:\/\/livinghome.vn\/thiet-bi\/wp-json\/wp\/v2\/product_cat?post=4291"},{"taxonomy":"product_tag","embeddable":true,"href":"https:\/\/livinghome.vn\/thiet-bi\/wp-json\/wp\/v2\/product_tag?post=4291"}],"curies":[{"name":"wp","href":"https:\/\/api.w.org\/{rel}","templated":true}]}}