{"id":4289,"date":"2023-01-12T18:55:14","date_gmt":"2023-01-12T18:55:14","guid":{"rendered":"https:\/\/livinghome.vn\/thiet-bi\/?post_type=product&#038;p=4289"},"modified":"2024-11-29T14:20:00","modified_gmt":"2024-11-29T07:20:00","slug":"tu-ruou-arber-abtrv88l","status":"publish","type":"product","link":"https:\/\/livinghome.vn\/thiet-bi\/tu-ruou-arber-abtrv88l\/","title":{"rendered":"T\u1ee7 r\u01b0\u1ee3u Arber ABTRV88L dung t\u00edch 88L 5 t\u1ea7ng"},"content":{"rendered":"<h2>T\u1ee7 r\u01b0\u1ee3u Arber ABTRV88L c\u00f3 nh\u1eefng chi ti\u1ebft n\u1ed5i b\u1eadt<\/h2>\n<h3>Ti\u00eau chu\u1ea9n :<\/h3>\n<ul>\n<li>Ph\u00e2n lo\u1ea1i : <a href=\"https:\/\/livinghome.vn\/product-category\/phong-khach\/tu-ke-vach-ngan\/tu-ke-ruou\/\">T\u1ee7 r\u01b0\u1ee3u<\/a> Arber ABTRV88L<\/li>\n<li>Dung t\u00edch : 88 L\u00edt<\/li>\n<li>Ngu\u1ed3n \u0111i\u1ec7n : 220V-50hz<\/li>\n<li>Tr\u1eef l\u01b0\u1ee3ng : 31 chai<\/li>\n<li>Nhi\u1ec7t \u0111\u1ed9 : 5-20\/41-68<\/li>\n<li>N\u0103ng l\u01b0\u1ee3ng : A\/CEC\/E \u2013 Star<\/li>\n<li>S\u1ed1 l\u01b0\u1ee3ng k\u1ec7 : 5<\/li>\n<li>\u0110i\u1ec1u khi\u1ec3n : C\u1ea3m \u1ee9ng chia l\u00e0m hai ( Up 5-22\/41-72, Down 5-22\/41-72)<\/li>\n<li>M\u00e0n h\u00ecnh hi\u1ec7n thi : Led<\/li>\n<li>H\u1ec7 th\u1ed1ng l\u00e0m m\u00e1t qu\u1ea1t \u0111i\u1ec1u h\u00f2a : R600a<\/li>\n<li>Th\u00f4ng gi\u00f3 l\u00e0m b\u1eb1ng th\u00e9p kh\u00f4ng g\u1ec9.<\/li>\n<\/ul>\n<h3>T\u00ednh n\u0103ng :<\/h3>\n<ul>\n<li>\u0110\u1ed9 \u1ed3n : 42dB<\/li>\n<li>Khung \u0111\u01b0\u1ee3c l\u00e0m b\u1eb1ng th\u00e9p kh\u00f4ng g\u1ec9.<\/li>\n<li>Ch\u1ea5t li\u1ec7u c\u00e1nh : k\u00ednh ch\u1ecbu l\u1ef1c, nhi\u1ec7t.<\/li>\n<li>S\u1ed1 l\u01b0\u1ee3ng c\u00e1nh : 01 ( d\u1ec5 d\u00e0ng th\u00e1o l\u1eafp)<\/li>\n<li>K\u1ec7 \u0111\u1ee1 \u00a0: l\u00e0m b\u1eb1ng g\u1ed7 s\u1ed3i<\/li>\n<li>\u0110i\u1ec1u ch\u1ec9nh ch\u00e2n : C\u00f3<\/li>\n<li>Kh\u1eed m\u00f9i : T\u1ef1 \u0111\u1ed9ng<\/li>\n<li>R\u1ea3 \u0111\u00f4ng : C\u00f3<\/li>\n<li>\u0110\u00e8n s\u00e1ng : Led<\/li>\n<li>K\u00edch Th\u01b0\u1edbc : ( W*D*H) : 380 x 625 x 890mm<\/li>\n<\/ul>\n<figure id=\"attachment_66339\" aria-describedby=\"caption-attachment-66339\" style=\"width: 800px\" class=\"wp-caption aligncenter\"><img loading=\"lazy\" decoding=\"async\" class=\"wp-image-66339 size-large\" src=\"https:\/\/livinghome.vn\/thiet-bi\/wp-content\/uploads\/nha-bep\/arber\/tu-ruou\/tu-ruou-arber-abtrv88l-1-800x800.jpg\" alt=\"T\u1ee7 r\u01b0\u1ee3u Arber ABTRV88L dung t\u00edch 88L 5 t\u1ea7ng\" width=\"800\" height=\"800\" title=\"\"><figcaption id=\"caption-attachment-66339\" class=\"wp-caption-text\">T\u1ee7 r\u01b0\u1ee3u Arber ABTRV88L dung t\u00edch 88L 5 t\u1ea7ng<\/figcaption><\/figure>\n","protected":false},"excerpt":{"rendered":"<p>Dung t\u00edch : 88 L\u00edt<\/p>\n<p>Ngu\u1ed3n \u0111i\u1ec7n : 220V-50hz<\/p>\n<p>Tr\u1eef l\u01b0\u1ee3ng : 31 chai<\/p>\n<p>S\u1ed1 l\u01b0\u1ee3ng k\u1ec7 : 5<\/p>\n<p>M\u00e0n h\u00ecnh hi\u1ec7n thi : Led<\/p>\n<p>H\u1ec7 th\u1ed1ng l\u00e0m m\u00e1t qu\u1ea1t \u0111i\u1ec1u h\u00f2a : R600a<\/p>\n<p>Th\u00f4ng gi\u00f3 l\u00e0m b\u1eb1ng th\u00e9p kh\u00f4ng g\u1ec9.<\/p>\n","protected":false},"featured_media":4387,"comment_status":"open","ping_status":"closed","template":"","meta":[],"product_brand":[],"product_cat":[447,193],"product_tag":[194,462],"class_list":{"0":"post-4289","1":"product","2":"type-product","3":"status-publish","4":"has-post-thumbnail","6":"product_cat-thuong-hieu-arber","7":"product_cat-tu-uop-ruou","8":"product_tag-tu-ruou","9":"product_tag-tu-ruou-arber","11":"first","12":"instock","13":"sale","14":"shipping-taxable","15":"purchasable","16":"product-type-simple"},"_links":{"self":[{"href":"https:\/\/livinghome.vn\/thiet-bi\/wp-json\/wp\/v2\/product\/4289","targetHints":{"allow":["GET"]}}],"collection":[{"href":"https:\/\/livinghome.vn\/thiet-bi\/wp-json\/wp\/v2\/product"}],"about":[{"href":"https:\/\/livinghome.vn\/thiet-bi\/wp-json\/wp\/v2\/types\/product"}],"replies":[{"embeddable":true,"href":"https:\/\/livinghome.vn\/thiet-bi\/wp-json\/wp\/v2\/comments?post=4289"}],"wp:featuredmedia":[{"embeddable":true,"href":"https:\/\/livinghome.vn\/thiet-bi\/wp-json\/wp\/v2\/media\/4387"}],"wp:attachment":[{"href":"https:\/\/livinghome.vn\/thiet-bi\/wp-json\/wp\/v2\/media?parent=4289"}],"wp:term":[{"taxonomy":"product_brand","embeddable":true,"href":"https:\/\/livinghome.vn\/thiet-bi\/wp-json\/wp\/v2\/product_brand?post=4289"},{"taxonomy":"product_cat","embeddable":true,"href":"https:\/\/livinghome.vn\/thiet-bi\/wp-json\/wp\/v2\/product_cat?post=4289"},{"taxonomy":"product_tag","embeddable":true,"href":"https:\/\/livinghome.vn\/thiet-bi\/wp-json\/wp\/v2\/product_tag?post=4289"}],"curies":[{"name":"wp","href":"https:\/\/api.w.org\/{rel}","templated":true}]}}