{"id":4276,"date":"2023-01-12T18:54:51","date_gmt":"2023-01-12T18:54:51","guid":{"rendered":"https:\/\/livinghome.vn\/thiet-bi\/?post_type=product&#038;p=4276"},"modified":"2024-11-29T14:20:02","modified_gmt":"2024-11-29T07:20:02","slug":"may-rua-chen-arber-mrb15-ind","status":"publish","type":"product","link":"https:\/\/livinghome.vn\/thiet-bi\/may-rua-chen-arber-mrb15-ind\/","title":{"rendered":"M\u00e1y r\u1eeda ch\u00e9n Arber MRB15-IND m\u00e0u \u0111en sang tr\u1ecdng 14 b\u1ed9 b\u00e1t d\u0129a chu\u1ea9n Ch\u00e2u \u00c2u"},"content":{"rendered":"<p>M\u00e1y r\u1eeda ch\u00e9n Arber MRB15-IND\u00a0l\u00e0 m\u1ed9t s\u1ea3n ph\u1ea9m \u0111\u01b0\u1ee3c s\u1ea3n xu\u1ea5t\u00a0tr\u00ean d\u00e2y truy\u1ec1n c\u00f4ng ngh\u1ec7 hi\u1ec7n \u0111\u1ea1i v\u00e0 \u0111\u01b0\u1ee3c s\u1ef1 ki\u1ec3m \u0111\u1ecbnh nghi\u00eam ng\u1eb7t v\u1ec1 ch\u1ea5t l\u01b0\u1ee3ng c\u1ee7a t\u1eadp \u0111o\u00e0n thi\u1ebft b\u1ecb nh\u00e0 b\u1ebfp\u00a0Arber. \u0110\u01a1n v\u1ecb ti\u00ean phong trong l\u0129nh ph\u00e1t tri\u1ec3n c\u00e1c s\u1ea3n ph\u1ea9m m\u00e1y r\u1eeda b\u00e1t d\u0129a t\u1ef1 \u0111\u1ed9ng, do \u0111\u00f3 b\u1ea1n c\u00f3 th\u1ec3 d\u1ec5 d\u00e0ng nh\u1eadn th\u1ea5y s\u1ef1 \u0111a d\u1ea1ng v\u1ec1 m\u1eabu m\u00e3 ch\u1ee7ng lo\u1ea1i, c\u0169ng nh\u01b0 nhi\u1ec1u ch\u1ee9c n\u0103ng \u01b0u vi\u1ec7t n\u1ed5i b\u1eadt kh\u00e1c so v\u1edbi c\u00e1c d\u00f2ng m\u00e1y r\u1eefa ch\u00e9n t\u01b0\u01a1ng \u0111\u1ed3ng c\u00f3 tr\u00ean th\u1ecb tr\u01b0\u1eddng.<\/p>\n<h2>M\u00e1y r\u1eeda ch\u00e9n Arber MRB15-IND g\u1ed3m nh\u1eefng chi ti\u1ebft :<\/h2>\n<h3>Th\u00f4ng s\u1ed1 k\u1ef9 thu\u1eadt :<\/h3>\n<ul>\n<li>Ph\u00e2n lo\u1ea1i :<a href=\"https:\/\/livinghome.vn\/thiet-bi\/may-rua-chen-bat\/\"> M\u00e1y r\u1eeda ch\u00e9n<\/a> Arber MRB15-IND<\/li>\n<li>Ngu\u1ed3n \u0111i\u1ec7n : 220-240V\/50hz<\/li>\n<li>M\u1ee9c ti\u00eau th\u1ee5 n\u0103ng l\u01b0\u1ee3ng : A++237kwh<\/li>\n<li>\u0110\u1ed9 \u1ed3n : 49dB<\/li>\n<li>L\u1eafp \u0111\u1eb7t : \u0110\u1ee9ng t\u1ef1 do<\/li>\n<li>S\u1ed1 gi\u00e1 \u0111\u1ee1 : 3<\/li>\n<li>Tay phun : \u0110\u1ec9nh \/ Tr\u00ean \/ D\u01b0\u1edbi<\/li>\n<li>M\u01b0c ti\u00eau th\u1ee5 \u0111i\u1ec7n n\u0103ng : 0,83kwh\/ chu tr\u00ecnh r\u1eeda<\/li>\n<li>M\u1ee9c ti\u00eau th\u1ee5 n\u01b0\u1edbc : 11L\/ chu tr\u00ecnh r\u1eeda<\/li>\n<li>T\u00ednh n\u0103ng s\u1ea5y kh\u00f4 : C\u00f3<\/li>\n<li>H\u1ec7 th\u1ed1ng Aquastop : T\u1ef1 ng\u1eaft ngu\u1ed3n n\u01b0\u1edbc khi c\u00f3 r\u00f2 r\u1ec9<\/li>\n<li>Dung t\u00edch : 14 b\u1ed9 b\u00e1t \u0111\u0129a ti\u00eau chu\u1ea9n Ch\u00e2u \u00c2u<\/li>\n<li>M\u00e0u s\u1eafc \u00a0: M\u00e0u m\u00e1y : Inox, \u00a0B\u1ed9 ph\u1eadn m\u00e1y : Black , C\u1eeda ngo\u00e0i: Black Inox<\/li>\n<li>Ch\u1ea5t li\u1ec7u : Th\u00e9p kh\u00f4ng g\u1ec9, inox<\/li>\n<li>\u0110i\u1ec1u khi\u1ec3n : C\u1ea3m \u1ee9ng, hi\u1ec3n th\u1ecb : m\u00e0n h\u00ecnh Led<\/li>\n<li>Ch\u1ee9c n\u0103ng : M\u1edf \/ T\u1eaft \/ T\u1ea1m ho\u00e3n \/ C\u00e0i \u0111\u1eb7t ng\u00f4n ng\u1eef \/ R\u1eefa v\u00f9ng k\u00e9p \/ \u0110\u1eb7t ch\u01b0\u01a1ng tr\u00ecnh \/ Kh\u1edfi \u0111\u1ed9ng \/ T\u1ea1m d\u1eebng<\/li>\n<li>Kh\u00f3a an to\u00e0n tr\u1ebb em : C\u00f3<\/li>\n<li>Ch\u1ee9c n\u0103ng d\u00f9ng vi\u00ean r\u1eeda : 3 in 1<\/li>\n<\/ul>\n<p>\u0110i\u1ec1u khi\u1ec3n ph\u00edm b\u1ea5m \u0111i\u1ec7n t\u1eed k\u1ebft h\u1ee3p m\u00e0n h\u00ecnh LED th\u00f4ng minh<\/p>\n<p>M\u00e1y r\u1eeda ch\u00e9n Arber MRB15-IND \u0111\u01b0\u1ee3c thi\u1ebft k\u1ebf \u0111\u1ed9c l\u1eadp v\u1edbi k\u00edch th\u01b0\u1edbc C845 x R598 x S600mm c\u00f3 th\u1ec3 l\u1eafp \u0111\u1eb7t \u0111\u01b0\u1ee3c v\u1edbi nhi\u1ec1u kh\u00f4ng gian b\u1ebfp kh\u00e1c nhau.<\/p>\n<p>Ngo\u00e0i \u0111\u1eb7t \u0111\u1ed9c l\u1eadp, thi\u1ebft b\u1ecb c\u00f2n c\u00f3 th\u1ec3 \u0111\u1eb7t \u00e2m t\u1ee7 gi\u00fap ti\u1ebft ki\u1ec7m t\u1ed1i \u0111a di\u1ec7n t\u00edch ph\u00f2ng b\u1ebfp. M\u1eb7t tr\u01b0\u1edbc \u0111\u01b0\u1ee3c thi\u1ebft k\u1ebf sang tr\u1ecdng, ch\u1ecbu l\u1ef1c, ch\u1ecbu nhi\u1ec7t, ch\u1ed1ng b\u00e1m b\u1ea9n v\u00e0 d\u1ec5 d\u00e0ng v\u1ec7 sinh. M\u00e1y \u0111\u1ea1t ti\u00eau chu\u1ea9n ti\u1ebft ki\u1ec7m n\u0103ng l\u01b0\u1ee3ng\u00a0A++\u00a0c\u1ee7a ch\u00e2u \u00c2u.<\/p>\n<figure id=\"attachment_66298\" aria-describedby=\"caption-attachment-66298\" style=\"width: 500px\" class=\"wp-caption aligncenter\"><img loading=\"lazy\" decoding=\"async\" class=\"size-full wp-image-66298\" src=\"https:\/\/livinghome.vn\/thiet-bi\/wp-content\/uploads\/nha-bep\/arber\/may-rua-chen\/may-rua-chen-arber-abmrb15-ind\/may-rua-chen-arber-abmrbabmrb15-3.jpg\" alt=\"M\u00e1y r\u1eeda ch\u00e9n Arber MRB15-IND m\u00e0u \u0111en sang tr\u1ecdng 14 b\u1ed9 b\u00e1t d\u0129a chu\u1ea9n Ch\u00e2u \u00c2u\" width=\"500\" height=\"375\" title=\"\"><figcaption id=\"caption-attachment-66298\" class=\"wp-caption-text\">M\u00e1y r\u1eeda ch\u00e9n Arber MRB15-IND m\u00e0u \u0111en sang tr\u1ecdng 14 b\u1ed9 b\u00e1t d\u0129a chu\u1ea9n Ch\u00e2u \u00c2u<\/figcaption><\/figure>\n<p>\u0110\u1eb7c bi\u1ec7t h\u01a1n, m\u00e1y r\u1eeda b\u00e1t c\u00f2n \u0111\u01b0\u1ee3c t\u00edch h\u1ee3p t\u00ednh n\u0103ng h\u1eb9n gi\u1edd th\u00f4ng minh, gi\u00fap b\u1ea1n c\u00f3 th\u1ec3 c\u00e0i \u0111\u1eb7t th\u1eddi gian r\u1eeda v\u00e0 ch\u1ee7 \u0111\u1ed9ng \u0111\u1ed9ng trong vi\u1ec7c s\u1eed d\u1ee5ng m\u00e1y. T\u1ea5t c\u1ea3 c\u00e1c t\u00ednh n\u0103ng hi\u1ec7n \u0111\u1ea1i c\u1ee7a m\u00e1y \u0111\u01b0\u1ee3c \u0111i\u1ec1u khi\u1ec3n d\u1ec5 d\u00e0ng th\u00f4ng qua b\u1ea3ng \u0111i\u1ec1u khi\u1ec3n \u0111i\u1ec7n t\u1eed v\u1edbi m\u00e0n h\u00ecnh Led hi\u1ec7n \u0111\u1ea1i, r\u00f5 r\u00e0ng d\u1ec5 thao t\u00e1c.<\/p>\n<h3>Ch\u01b0\u01a1ng tr\u00ecnh r\u1eeda c\u00f3 : 7<\/h3>\n<ul>\n<li>Ch\u01b0\u01a1ng tr\u00ecnh r\u1eeda t\u1ef1 \u0111\u00f4ng : 5 chu tr\u00ecnh, nhi\u1ec7t \u0111\u1ed9 62\u00baC<\/li>\n<li>Ch\u01b0\u01a1ng tr\u00ecnh r\u1eeda chuy\u00ean s\u00e2u : 5 chu tr\u00ecnh, nhi\u1ec7t \u0111\u1ed9 62\u00baC<\/li>\n<li>Ch\u01b0\u01a1ng tr\u00ecnh r\u1eeda sinh th\u00e1i ECO: 4 chu tr\u00ecnh, nhi\u1ec7t \u0111\u1ed9 50\u00baC<\/li>\n<li>Ch\u01b0\u01a1ng tr\u00ecnh r\u1eeda th\u1ee7y tinh : 5 chu tr\u00ecnh, nhi\u1ec7t \u0111\u1ed9 48\u00baC<\/li>\n<li>Ch\u01b0\u01a1ng tr\u00ecnh r\u1eeda nhanh 90 ph\u00fat: 4 chu tr\u00ecnh, nhi\u1ec7t \u0111\u1ed9 50\u00baC<\/li>\n<li>Ch\u01b0\u01a1ng tr\u00ecnh r\u1eeda nhanh : 3 chu tr\u00ecnh, nhi\u1ec7t \u0111\u1ed9 55\u00baC<\/li>\n<li>Ch\u01b0\u01a1ng tr\u00ecnh ng\u00e2m<\/li>\n<\/ul>\n<p>S\u1ee9c ch\u1ee9a 14 b\u1ed9 \u0111\u1ed3 \u0103n ch\u00e2u \u00e2u<\/p>\n<p>M\u00e1y r\u1eeda ch\u00e9n Arber MRB15-IND \u0111\u01b0\u1ee3c s\u1ea3n xu\u1ea5t theo ti\u00eau chu\u1ea9n Ch\u00e2u \u00c2u, dung t\u00edch l\u1edbn co\u0301 th\u00ea\u0309 r\u1eeda \u0111\u1ebfn 14 b\u1ed9 \u0111\u1ed3 \u0103n ch\u00e2u \u00c2u. M\u00e1y \u0111\u01b0\u1ee3c trang b\u1ecb gi\u00e1 3 t\u1ea7ng gi\u00fap thu\u00e2\u0323n ti\u00ea\u0323n s\u1eafp x\u1ebfp b\u00e1t \u0111\u0129a , ph\u1ee5 ki\u1ec7n nh\u00e0 b\u1ebfp \u0111a d\u1ea1ng v\u1edbi nhi\u1ec1u k\u00edch th\u01b0\u1edbc, ch\u1ee7ng lo\u1ea1i v\u00e0o trong m\u00e1y \u0111\u1ec3 v\u1ec7 sinh m\u1ed9t c\u00e1ch d\u1ec5 d\u00e0ng.<\/p>\n<figure id=\"attachment_66301\" aria-describedby=\"caption-attachment-66301\" style=\"width: 500px\" class=\"wp-caption aligncenter\"><img loading=\"lazy\" decoding=\"async\" class=\"size-full wp-image-66301\" src=\"https:\/\/livinghome.vn\/thiet-bi\/wp-content\/uploads\/nha-bep\/arber\/may-rua-chen\/may-rua-chen-arber-abmrb15-ind\/may-rua-chen-arber-abmrb15-ind-4.jpg\" alt=\"M\u00e1y r\u1eeda ch\u00e9n Arber MRB15-IND m\u00e0u \u0111en sang tr\u1ecdng 14 b\u1ed9 b\u00e1t d\u0129a chu\u1ea9n Ch\u00e2u \u00c2u\" width=\"500\" height=\"375\" title=\"\"><figcaption id=\"caption-attachment-66301\" class=\"wp-caption-text\">M\u00e1y r\u1eeda ch\u00e9n Arber MRB15-IND m\u00e0u \u0111en sang tr\u1ecdng 14 b\u1ed9 b\u00e1t d\u0129a chu\u1ea9n Ch\u00e2u \u00c2u<\/figcaption><\/figure>\n<p>Ngo\u00e0i ra, m\u00e1y c\u00f2n c\u00f3 7 ch\u01b0\u01a1ng tr\u00ecnh t\u00edch h\u1ee3p: Ch\u01b0\u01a1ng tr\u00ecnh r\u1eeda t\u1ef1 \u0111\u00f4ng, Ch\u01b0\u01a1ng tr\u00ecnh r\u1eeda chuy\u00ean s\u00e2u, Ch\u01b0\u01a1ng tr\u00ecnh r\u1eeda sinh th\u00e1i ECO, Ch\u01b0\u01a1ng tr\u00ecnh r\u1eeda th\u1ee7y tinh, Ch\u01b0\u01a1ng tr\u00ecnh r\u1eeda nhanh 90 ph\u00fat, Ch\u01b0\u01a1ng tr\u00ecnh r\u1eeda nhanh, Ch\u01b0\u01a1ng tr\u00ecnh ng\u00e2m.<\/p>\n<h3>Ch\u1ee9c n\u0103ng<\/h3>\n<ul>\n<li>Ch\u1ee9c n\u0103ng r\u1eeda k\u00e9p: C\u00f3<\/li>\n<li>Ch\u00fac n\u0103ng t\u1ef1 m\u1edf c\u1eeda sau khi r\u1eeda xong<\/li>\n<li>Ti\u1ebft ki\u1ec7m n\u0103ng l\u01b0\u1ee3ng : C\u00f3<\/li>\n<li>Trong l\u01b0\u1ee3ng : 43.5kg<\/li>\n<\/ul>\n<figure id=\"attachment_66300\" aria-describedby=\"caption-attachment-66300\" style=\"width: 800px\" class=\"wp-caption aligncenter\"><img loading=\"lazy\" decoding=\"async\" class=\"wp-image-66300 size-large\" src=\"https:\/\/livinghome.vn\/thiet-bi\/wp-content\/uploads\/nha-bep\/arber\/may-rua-chen\/may-rua-chen-arber-abmrb15-ind\/may-rua-chen-arber-abmrb15-ind-1-800x800.jpg\" alt=\"M\u00e1y r\u1eeda ch\u00e9n Arber MRB15-IND m\u00e0u \u0111en sang tr\u1ecdng 14 b\u1ed9 b\u00e1t d\u0129a chu\u1ea9n Ch\u00e2u \u00c2u\" width=\"800\" height=\"800\" title=\"\"><figcaption id=\"caption-attachment-66300\" class=\"wp-caption-text\">M\u00e1y r\u1eeda ch\u00e9n Arber MRB15-IND m\u00e0u \u0111en sang tr\u1ecdng 14 b\u1ed9 b\u00e1t d\u0129a chu\u1ea9n Ch\u00e2u \u00c2u<\/figcaption><\/figure>\n","protected":false},"excerpt":{"rendered":"<p>Ngu\u1ed3n \u0111i\u1ec7n : 220-240V\/50hz<\/p>\n<p>M\u1ee9c ti\u00eau th\u1ee5 n\u0103ng l\u01b0\u1ee3ng : A++237kwh<\/p>\n<p>L\u1eafp \u0111\u1eb7t : \u0110\u1ee9ng t\u1ef1 do<\/p>\n<p>H\u1ec7 th\u1ed1ng Aquastop : T\u1ef1 ng\u1eaft ngu\u1ed3n n\u01b0\u1edbc khi c\u00f3 r\u00f2 r\u1ec9<\/p>\n<p>Dung t\u00edch : 14 b\u1ed9 b\u00e1t \u0111\u0129a ti\u00eau chu\u1ea9n Ch\u00e2u \u00c2u<\/p>\n<p>M\u00e0u s\u1eafc \u00a0: M\u00e0u m\u00e1y : Inox, \u00a0B\u1ed9 ph\u1eadn m\u00e1y : Black , C\u1eeda ngo\u00e0i: Black Inox<\/p>\n<p>Ch\u1ea5t li\u1ec7u : Th\u00e9p kh\u00f4ng g\u1ec9, inox<\/p>\n","protected":false},"featured_media":4378,"comment_status":"open","ping_status":"closed","template":"","meta":[],"product_brand":[],"product_cat":[604,92,823,827,826,447],"product_tag":[448,461],"class_list":{"0":"post-4276","1":"product","2":"type-product","3":"status-publish","4":"has-post-thumbnail","6":"product_cat-may-rua-chen-bat-arber","7":"product_cat-may-rua-chen-bat","8":"product_cat-may-rua-chen-bat-14-bo","9":"product_cat-may-rua-chen-bat-ban-am","10":"product_cat-may-rua-chen-bat-doc-lap","11":"product_cat-thuong-hieu-arber","12":"product_tag-arber","13":"product_tag-may-rua-chen-arber","15":"first","16":"instock","17":"sale","18":"shipping-taxable","19":"purchasable","20":"product-type-simple"},"_links":{"self":[{"href":"https:\/\/livinghome.vn\/thiet-bi\/wp-json\/wp\/v2\/product\/4276","targetHints":{"allow":["GET"]}}],"collection":[{"href":"https:\/\/livinghome.vn\/thiet-bi\/wp-json\/wp\/v2\/product"}],"about":[{"href":"https:\/\/livinghome.vn\/thiet-bi\/wp-json\/wp\/v2\/types\/product"}],"replies":[{"embeddable":true,"href":"https:\/\/livinghome.vn\/thiet-bi\/wp-json\/wp\/v2\/comments?post=4276"}],"wp:featuredmedia":[{"embeddable":true,"href":"https:\/\/livinghome.vn\/thiet-bi\/wp-json\/wp\/v2\/media\/4378"}],"wp:attachment":[{"href":"https:\/\/livinghome.vn\/thiet-bi\/wp-json\/wp\/v2\/media?parent=4276"}],"wp:term":[{"taxonomy":"product_brand","embeddable":true,"href":"https:\/\/livinghome.vn\/thiet-bi\/wp-json\/wp\/v2\/product_brand?post=4276"},{"taxonomy":"product_cat","embeddable":true,"href":"https:\/\/livinghome.vn\/thiet-bi\/wp-json\/wp\/v2\/product_cat?post=4276"},{"taxonomy":"product_tag","embeddable":true,"href":"https:\/\/livinghome.vn\/thiet-bi\/wp-json\/wp\/v2\/product_tag?post=4276"}],"curies":[{"name":"wp","href":"https:\/\/api.w.org\/{rel}","templated":true}]}}