{"id":4274,"date":"2023-01-12T18:54:51","date_gmt":"2023-01-12T18:54:51","guid":{"rendered":"https:\/\/livinghome.vn\/thiet-bi\/?post_type=product&#038;p=4274"},"modified":"2024-11-29T14:20:02","modified_gmt":"2024-11-29T07:20:02","slug":"may-rua-chen-arber-abmrb14a","status":"publish","type":"product","link":"https:\/\/livinghome.vn\/thiet-bi\/may-rua-chen-arber-abmrb14a\/","title":{"rendered":"M\u00e1y r\u1eeda ch\u00e9n Arber ABMRB14A dung t\u00edch 14 b\u1ed9 b\u00e1t d\u0129a Ch\u00e2u \u00c2u"},"content":{"rendered":"<h2>M\u00e1y r\u1eeda ch\u00e9n Arber ABMRB14A g\u1ed3m nh\u1eefng chi ti\u1ebft :<\/h2>\n<h3>Th\u00f4ng s\u1ed1 k\u1ef9 thu\u1eadt :<\/h3>\n<ul>\n<li>Ph\u00e2n lo\u1ea1i :<a href=\"https:\/\/livinghome.vn\/thiet-bi\/may-rua-chen-bat\/\"> M\u00e1y r\u1eeda ch\u00e9n<\/a> Arber ABMRB14A<\/li>\n<li>Ngu\u1ed3n \u0111i\u1ec7n : 220-240V\/50hz<\/li>\n<li>M\u1ee9c ti\u00eau th\u1ee5 n\u0103ng l\u01b0\u1ee3ng : A++266kwh)<\/li>\n<li>\u0110\u1ed9 \u1ed3n : 49dB<\/li>\n<li>L\u1eafp \u0111\u1eb7t : \u0110\u1ee9ng t\u1ef1 do<\/li>\n<li>S\u1ed1 gi\u00e1 \u0111\u1ee1 : 3<\/li>\n<li>Tay phun : \u0110\u1ec9nh \/ Tr\u00ean \/ D\u01b0\u1edbi<\/li>\n<li>M\u01b0c ti\u00eau th\u1ee5 \u0111i\u1ec7n n\u0103ng : 0,92kwh\/ chu tr\u00ecnh r\u1eeda<\/li>\n<li>M\u1ee9c ti\u00eau th\u1ee5 n\u01b0\u1edbc : 11L\/ chu tr\u00ecnh r\u1eeda<\/li>\n<li>H\u1ec7 th\u1ed1ng Aquastop : T\u1ef1 ng\u1eaft ngu\u1ed3n n\u01b0\u1edbc khi c\u00f3 r\u00f2 r\u1ec9<\/li>\n<li>Dung t\u00edch : 14 b\u1ed9 b\u00e1t \u0111\u0129a ti\u00eau chu\u1ea9n Ch\u00e2u \u00c2u<\/li>\n<li>M\u00e0u s\u1eafc \u00a0: M\u00e0u m\u00e1y : Inox, \u00a0B\u1ed9 ph\u1eadn m\u00e1y : Black , C\u1eeda ngo\u00e0i: Inox<\/li>\n<li>Ch\u1ea5t li\u1ec7u : Th\u00e9p kh\u00f4ng g\u1ec9, inox<\/li>\n<li>\u0110i\u1ec1u khi\u1ec3n : \u0110i\u1ec7n t\u1eed, hi\u1ec3n th\u1ecb : m\u00e0n h\u00ecnh Led<\/li>\n<li>Ch\u1ee9c n\u0103ng : M\u1edf \/ \u0110\u1eb7t ch\u01b0\u01a1ng tr\u00ecnh \/ Ch\u1ee9c n\u0103ng \/ ALT \/ T\u1ea1m ho\u00e3n \/ \u00a0kh\u00f3a tr\u1ebb em \/ T\u1ea1m d\u1eebng \/ Kh\u1edfi \u0111\u1ed9ng.<\/li>\n<li>Kh\u00f3a an to\u00e0n tr\u1ebb em : C\u00f3<\/li>\n<li>Ch\u1ee9c n\u0103ng d\u00f9ng vi\u00ean r\u1eeda : 3 in 1<\/li>\n<\/ul>\n<h3>Ch\u01b0\u01a1ng tr\u00ecnh r\u1eeda c\u00f3 : 8<\/h3>\n<ul>\n<li>Ch\u01b0\u01a1ng tr\u00ecnh r\u1eeda t\u1ef1 \u0111\u00f4ng : 5 chu tr\u00ecnh, nhi\u1ec7t \u0111\u1ed9 65\u00baC<\/li>\n<li>Ch\u01b0\u01a1ng tr\u00ecnh r\u1eeda chuy\u00ean s\u00e2u : 5 chu tr\u00ecnh, nhi\u1ec7t \u0111\u1ed9 70\u00baC<\/li>\n<li>Ch\u01b0\u01a1ng tr\u00ecnh r\u1eeda sinh th\u00e1i ECO: 4 chu tr\u00ecnh, nhi\u1ec7t \u0111\u1ed9 65\u00baC<\/li>\n<li>Ch\u01b0\u01a1ng tr\u00ecnh r\u1eeda t\u0103ng c\u01b0\u1eddng : 5 chu tr\u00ecnh, nhi\u1ec7t \u0111\u1ed9 65\u00baC<\/li>\n<li>Ch\u01b0\u01a1ng tr\u00ecnh r\u1eeda th\u1ee7y tinh : 5 chu tr\u00ecnh, nhi\u1ec7t \u0111\u1ed9 60\u00baC<\/li>\n<li>Ch\u01b0\u01a1ng tr\u00ecnh r\u1eeda nhanh 90 ph\u00fat: 4 chu tr\u00ecnh, nhi\u1ec7t \u0111\u1ed9 65\u00baC<\/li>\n<li>Ch\u01b0\u01a1ng tr\u00ecnh r\u1eeda nhanh : 3 chu tr\u00ecnh, nhi\u1ec7t \u0111\u1ed9 55\u00baC<\/li>\n<li>Ch\u01b0\u01a1ng tr\u00ecnh ng\u00e2m<\/li>\n<\/ul>\n<h3>Ch\u1ee9c n\u0103ng<\/h3>\n<ul>\n<li>Ch\u1ee9c n\u0103ng r\u1eeda m\u1ea1nh : C\u00f3<\/li>\n<li>Ch\u1ee9c n\u0103ng s\u00e2y th\u00eam\/ S\u1ea5y n\u00f3ng : C\u00f3<\/li>\n<li>Trong l\u01b0\u1ee3ng : 43.5kg<\/li>\n<\/ul>\n<figure id=\"attachment_66296\" aria-describedby=\"caption-attachment-66296\" style=\"width: 800px\" class=\"wp-caption aligncenter\"><img loading=\"lazy\" decoding=\"async\" class=\"wp-image-66296 size-large\" src=\"https:\/\/livinghome.vn\/thiet-bi\/wp-content\/uploads\/nha-bep\/arber\/may-rua-chen\/may-rua-chen-arber-abmrb14a\/may-rua-chen-arber-abmrb14a1-800x800.jpg\" alt=\"M\u00e1y r\u1eeda ch\u00e9n Arber ABMRB14A dung t\u00edch 14 b\u1ed9 b\u00e1t d\u0129a Ch\u00e2u \u00c2u\" width=\"800\" height=\"800\" title=\"\"><figcaption id=\"caption-attachment-66296\" class=\"wp-caption-text\">M\u00e1y r\u1eeda ch\u00e9n Arber ABMRB14A dung t\u00edch 14 b\u1ed9 b\u00e1t d\u0129a Ch\u00e2u \u00c2u<\/figcaption><\/figure>\n","protected":false},"excerpt":{"rendered":"<p>Ngu\u1ed3n \u0111i\u1ec7n : 220-240V\/50hz<\/p>\n<p>M\u1ee9c ti\u00eau th\u1ee5 n\u0103ng l\u01b0\u1ee3ng : A++266kwh<\/p>\n<p>L\u1eafp \u0111\u1eb7t : \u0110\u1ee9ng t\u1ef1 do<\/p>\n<p>Dung t\u00edch : 14 b\u1ed9 b\u00e1t \u0111\u0129a ti\u00eau chu\u1ea9n Ch\u00e2u \u00c2u<\/p>\n<p>M\u00e0u s\u1eafc \u00a0: M\u00e0u m\u00e1y : Inox, \u00a0B\u1ed9 ph\u1eadn m\u00e1y : Black , C\u1eeda ngo\u00e0i: Inox<\/p>\n<p>Ch\u1ea5t li\u1ec7u : Th\u00e9p kh\u00f4ng g\u1ec9, inox<\/p>\n<p>\u0110i\u1ec1u khi\u1ec3n : \u0110i\u1ec7n t\u1eed, hi\u1ec3n th\u1ecb : m\u00e0n h\u00ecnh Led<\/p>\n","protected":false},"featured_media":4369,"comment_status":"open","ping_status":"closed","template":"","meta":[],"product_brand":[],"product_cat":[604,92,823,827,826,447],"product_tag":[448,461],"class_list":{"0":"post-4274","1":"product","2":"type-product","3":"status-publish","4":"has-post-thumbnail","6":"product_cat-may-rua-chen-bat-arber","7":"product_cat-may-rua-chen-bat","8":"product_cat-may-rua-chen-bat-14-bo","9":"product_cat-may-rua-chen-bat-ban-am","10":"product_cat-may-rua-chen-bat-doc-lap","11":"product_cat-thuong-hieu-arber","12":"product_tag-arber","13":"product_tag-may-rua-chen-arber","15":"first","16":"instock","17":"sale","18":"shipping-taxable","19":"purchasable","20":"product-type-simple"},"_links":{"self":[{"href":"https:\/\/livinghome.vn\/thiet-bi\/wp-json\/wp\/v2\/product\/4274","targetHints":{"allow":["GET"]}}],"collection":[{"href":"https:\/\/livinghome.vn\/thiet-bi\/wp-json\/wp\/v2\/product"}],"about":[{"href":"https:\/\/livinghome.vn\/thiet-bi\/wp-json\/wp\/v2\/types\/product"}],"replies":[{"embeddable":true,"href":"https:\/\/livinghome.vn\/thiet-bi\/wp-json\/wp\/v2\/comments?post=4274"}],"wp:featuredmedia":[{"embeddable":true,"href":"https:\/\/livinghome.vn\/thiet-bi\/wp-json\/wp\/v2\/media\/4369"}],"wp:attachment":[{"href":"https:\/\/livinghome.vn\/thiet-bi\/wp-json\/wp\/v2\/media?parent=4274"}],"wp:term":[{"taxonomy":"product_brand","embeddable":true,"href":"https:\/\/livinghome.vn\/thiet-bi\/wp-json\/wp\/v2\/product_brand?post=4274"},{"taxonomy":"product_cat","embeddable":true,"href":"https:\/\/livinghome.vn\/thiet-bi\/wp-json\/wp\/v2\/product_cat?post=4274"},{"taxonomy":"product_tag","embeddable":true,"href":"https:\/\/livinghome.vn\/thiet-bi\/wp-json\/wp\/v2\/product_tag?post=4274"}],"curies":[{"name":"wp","href":"https:\/\/api.w.org\/{rel}","templated":true}]}}