{"id":4271,"date":"2023-01-12T18:54:51","date_gmt":"2023-01-12T18:54:51","guid":{"rendered":"https:\/\/livinghome.vn\/thiet-bi\/?post_type=product&#038;p=4271"},"modified":"2024-11-29T14:20:01","modified_gmt":"2024-11-29T07:20:01","slug":"may-rua-chen-arber-abmrb06","status":"publish","type":"product","link":"https:\/\/livinghome.vn\/thiet-bi\/may-rua-chen-arber-abmrb06\/","title":{"rendered":"M\u00e1y r\u1eeda ch\u00e9n Arber ABMRB06 dung t\u00edch 6 b\u1ed9 b\u00e1t \u0111\u0129a ti\u00eau chu\u1ea9n Ch\u00e2u \u00c2u"},"content":{"rendered":"<h2>M\u00e1y r\u1eeda ch\u00e9n Arber ABMRB06\u00a0g\u1ed3m nh\u1eefng chi ti\u1ebft :<\/h2>\n<h3>Th\u00f4ng s\u1ed1 k\u1ef9 thu\u1eadt :<\/h3>\n<ul>\n<li>Ph\u00e2n lo\u1ea1i :<a href=\"https:\/\/livinghome.vn\/thiet-bi\/may-rua-chen-bat\/\"> M\u00e1y r\u1eeda ch\u00e9n<\/a> Arber ABMR06<\/li>\n<li>Ngu\u1ed3n \u0111i\u1ec7n : 220-240V\/50hz<\/li>\n<li>M\u1ee9c ti\u00eau th\u1ee5 n\u0103ng l\u01b0\u1ee3ng : A+(205kwh)<\/li>\n<li>\u0110\u1ed9 \u1ed3n : 49dB<\/li>\n<li>L\u1eafp \u0111\u1eb7t : \u0111\u1ec3 b\u00e0n<\/li>\n<li>S\u1ed1 gi\u00e1 \u0111\u1ee1 : 2<\/li>\n<li>Tay phun : Tr\u00ean \/ d\u01b0\u1edbi<\/li>\n<li>M\u01b0c ti\u00eau th\u1ee5 \u0111i\u1ec7n n\u0103ng : 0.72kwh\/ chu tr\u00ecnh r\u1eeda<\/li>\n<li>M\u1ee9c ti\u00eau th\u1ee5 n\u01b0\u1edbc : 11L\/ chu tr\u00ecnh r\u1eeda<\/li>\n<li>H\u1ec7 th\u1ed1ng Aquastop : T\u1ef1 ng\u1eaft ngu\u1ed3n n\u01b0\u1edbc khi c\u00f3 r\u00f2 r\u1ec9<\/li>\n<li>Dung t\u00edch : 6 b\u1ed9 b\u00e1t \u0111\u0129a ti\u00eau chu\u1ea9n Ch\u00e2u \u00c2u<\/li>\n<li>M\u00e0u s\u1eafc \u00a0: M\u00e0u m\u00e1y: Silver. B\u1ed9 ph\u1eadn m\u00e1y : Black . C\u1ee7a ngo\u00e0i : SPCC S\u01a1n<\/li>\n<li>Ch\u1ea5t li\u1ec7u : Th\u00e9p kh\u00f4ng g\u1ec9, SPCC s\u01a1n , inox<\/li>\n<li>\u0110i\u1ec1u khi\u1ec3n : \u0110i\u1ec7n t\u1eed nh\u1ea5n , hi\u1ec7n th\u1ecb: m\u00e0n h\u00ecnh Led<\/li>\n<li>Ch\u1ee9c n\u0103ng : M\u1edf \/ \u0110\u1eb7t ch\u01b0\u01a1ng tr\u00ecnh \/ Kh\u1edfi \u0111\u1ed9ng \/ Kh\u1ecfi \u0111\u1ed9ng l\u1ea1i \/ T\u1ea1m ho\u00e3n<\/li>\n<li>Ch\u1ee9c n\u0103ng r\u1eeda d\u00f9ng vi\u00ean r\u1eeda : 3 in 1<\/li>\n<li>Ch\u01b0\u01a1ng tr\u00ecnh ho\u00e3n th\u1eddi gian kh\u1edfi \u0111\u1ed9ng : (1-24 gi\u1edd)<\/li>\n<\/ul>\n<h3>Ch\u01b0\u01a1ng tr\u00ecnh r\u1eeda c\u00f3 : 7<\/h3>\n<ul>\n<li>Ch\u01b0\u01a1ng tr\u00ecnh r\u1eeda chuy\u00ean s\u00e2u : 5 chu tr\u00ecnh, nhi\u1ec7t \u0111\u1ed9 70\u00b0C<\/li>\n<li>Ch\u01b0\u01a1ng tr\u00ecnh r\u1eeda sinh th\u00e1i ECO: 4 chu tr\u00ecnh, nhi\u1ec7t \u0111\u1ed9 65\u00b0C<\/li>\n<li>Ch\u01b0\u01a1ng tr\u00ecnh r\u1eeda t\u0103ng c\u01b0\u1eddng : 5 chu tr\u00ecnh nhi\u1ec7t \u0111\u1ed9 68\u00b0C<\/li>\n<li>Ch\u01b0\u01a1ng tr\u00ecnh r\u1eeda th\u1ee7y tinh : 4 chu tr\u00ecnh, nhi\u1ec7t \u0111\u1ed9 60\u00b0C<\/li>\n<li>Ch\u01b0\u01a1ng tr\u00ecnh r\u1eeda nhanh 90 ph\u00fat : 3 chu tr\u00ecnh, nhi\u1ec7t \u0111\u1ed9 65\u00b0C<\/li>\n<li>Ch\u01b0\u01a1ng tr\u00ecnh r\u1eeda nhanh : 3 chu tr\u00ecnh, nhi\u1ec7t \u0111\u1ed9 65\u00b0C<\/li>\n<li>Ch\u01b0\u01a1ng tr\u00ecnh t\u1ef1 l\u00e0m s\u1ea1ch : 4 chu tr\u00ecnh, nhi\u1ec7t \u0111\u1ed9 70\u00b0C<\/li>\n<li>Trong l\u01b0\u1ee3ng : 24kg<\/li>\n<\/ul>\n<figure id=\"attachment_66279\" aria-describedby=\"caption-attachment-66279\" style=\"width: 800px\" class=\"wp-caption aligncenter\"><img loading=\"lazy\" decoding=\"async\" class=\"size-large wp-image-66279\" src=\"https:\/\/livinghome.vn\/thiet-bi\/wp-content\/uploads\/nha-bep\/arber\/may-rua-chen\/may-rua-chen-arber-abmrb06\/may-rua-chen-arber-abmrb06-3-800x800.jpg\" alt=\"M\u00e1y r\u1eeda ch\u00e9n Arber ABMRB06 dung t\u00edch 6 b\u1ed9 b\u00e1t \u0111\u0129a ti\u00eau chu\u1ea9n Ch\u00e2u \u00c2u\" width=\"800\" height=\"800\" title=\"\"><figcaption id=\"caption-attachment-66279\" class=\"wp-caption-text\">M\u00e1y r\u1eeda ch\u00e9n Arber ABMRB06 dung t\u00edch 6 b\u1ed9 b\u00e1t \u0111\u0129a ti\u00eau chu\u1ea9n Ch\u00e2u \u00c2u<\/figcaption><\/figure>\n","protected":false},"excerpt":{"rendered":"<p>Ngu\u1ed3n \u0111i\u1ec7n : 220-240V\/50hz<\/p>\n<p>M\u1ee9c ti\u00eau th\u1ee5 n\u0103ng l\u01b0\u1ee3ng : A+(205kwh)<\/p>\n<p>\u0110\u1ed9 \u1ed3n : 49dB<\/p>\n<p>L\u1eafp \u0111\u1eb7t : \u0111\u1ec3 b\u00e0n<\/p>\n<p>S\u1ed1 gi\u00e1 \u0111\u1ee1 : 2<\/p>\n<p>Tay phun : Tr\u00ean \/ d\u01b0\u1edbi<\/p>\n<p>M\u01b0c ti\u00eau th\u1ee5 \u0111i\u1ec7n n\u0103ng : 0.72kwh\/ chu tr\u00ecnh r\u1eeda<\/p>\n<p>M\u1ee9c ti\u00eau th\u1ee5 n\u01b0\u1edbc : 11L\/ chu tr\u00ecnh r\u1eeda<\/p>\n<p>H\u1ec7 th\u1ed1ng Aquastop : T\u1ef1 ng\u1eaft ngu\u1ed3n n\u01b0\u1edbc khi c\u00f3 r\u00f2 r\u1ec9<\/p>\n<p>Dung t\u00edch : 6 b\u1ed9 b\u00e1t \u0111\u0129a ti\u00eau chu\u1ea9n Ch\u00e2u \u00c2u<\/p>\n<p>M\u00e0u s\u1eafc \u00a0: M\u00e0u m\u00e1y: Silver. B\u1ed9 ph\u1eadn m\u00e1y : Black . C\u1ee7a ngo\u00e0i : SPCC S\u01a1n<\/p>\n<p>Ch\u1ea5t li\u1ec7u : Th\u00e9p kh\u00f4ng g\u1ec9, SPCC s\u01a1n , inox<\/p>\n<p>Th\u1eddi gian b\u1ea3o h\u00e0nh : 2 n\u0103m<\/p>\n","protected":false},"featured_media":4351,"comment_status":"open","ping_status":"closed","template":"","meta":[],"product_brand":[],"product_cat":[604,92,447],"product_tag":[448,461],"class_list":{"0":"post-4271","1":"product","2":"type-product","3":"status-publish","4":"has-post-thumbnail","6":"product_cat-may-rua-chen-bat-arber","7":"product_cat-may-rua-chen-bat","8":"product_cat-thuong-hieu-arber","9":"product_tag-arber","10":"product_tag-may-rua-chen-arber","12":"first","13":"instock","14":"sale","15":"shipping-taxable","16":"purchasable","17":"product-type-simple"},"_links":{"self":[{"href":"https:\/\/livinghome.vn\/thiet-bi\/wp-json\/wp\/v2\/product\/4271","targetHints":{"allow":["GET"]}}],"collection":[{"href":"https:\/\/livinghome.vn\/thiet-bi\/wp-json\/wp\/v2\/product"}],"about":[{"href":"https:\/\/livinghome.vn\/thiet-bi\/wp-json\/wp\/v2\/types\/product"}],"replies":[{"embeddable":true,"href":"https:\/\/livinghome.vn\/thiet-bi\/wp-json\/wp\/v2\/comments?post=4271"}],"wp:featuredmedia":[{"embeddable":true,"href":"https:\/\/livinghome.vn\/thiet-bi\/wp-json\/wp\/v2\/media\/4351"}],"wp:attachment":[{"href":"https:\/\/livinghome.vn\/thiet-bi\/wp-json\/wp\/v2\/media?parent=4271"}],"wp:term":[{"taxonomy":"product_brand","embeddable":true,"href":"https:\/\/livinghome.vn\/thiet-bi\/wp-json\/wp\/v2\/product_brand?post=4271"},{"taxonomy":"product_cat","embeddable":true,"href":"https:\/\/livinghome.vn\/thiet-bi\/wp-json\/wp\/v2\/product_cat?post=4271"},{"taxonomy":"product_tag","embeddable":true,"href":"https:\/\/livinghome.vn\/thiet-bi\/wp-json\/wp\/v2\/product_tag?post=4271"}],"curies":[{"name":"wp","href":"https:\/\/api.w.org\/{rel}","templated":true}]}}