{"id":4249,"date":"2023-01-12T18:54:27","date_gmt":"2023-01-12T18:54:27","guid":{"rendered":"https:\/\/livinghome.vn\/thiet-bi\/?post_type=product&#038;p=4249"},"modified":"2024-11-29T14:20:02","modified_gmt":"2024-11-29T07:20:02","slug":"may-hut-mui-arber-ab700a","status":"publish","type":"product","link":"https:\/\/livinghome.vn\/thiet-bi\/may-hut-mui-arber-ab700a\/","title":{"rendered":"M\u00e1y h\u00fat m\u00f9i Arber AB700A thi\u1ebft k\u1ebf \u0111\u01a1n gi\u1ea3n nh\u1ecf g\u1ecdn 70cm"},"content":{"rendered":"<div>\n<p><span style=\"font-size: 25.92px; color: #333333;\">M\u00e1y h\u00fat m\u00f9i Arber AB700A g\u1ed3m nh\u1eefng chi ti\u1ebft :<\/span><\/p>\n<\/div>\n<h3>Th\u00f4ng tin s\u1ea3n ph\u1ea9m<\/h3>\n<ul>\n<li>Ph\u00e2n lo\u1ea1i : <a href=\"https:\/\/livinghome.vn\/thiet-bi\/may-hut-mui\/may-hut-mui-am-tu-keo\/\">M\u00e1y h\u00fat m\u00f9i \u00e2m t\u1ee7<\/a> Arber AB700A<\/li>\n<li>B\u1ed9 l\u1ecdc : M\u00e0ng nh\u00f4m 3 l\u1edbp, 2 ng\u0103n<\/li>\n<li>Ch\u1ea5t li\u1ec7u : Inox 430\/304<\/li>\n<\/ul>\n<h3>T\u00ednh n\u0103ng<\/h3>\n<ul>\n<li>Ngu\u1ed3n : 220-240V\/50hz<\/li>\n<li>C\u00f4ng su\u1ea5t motor : 2 x 100W<\/li>\n<li>C\u00f4ng su\u1ea5t h\u00fat c\u1ef1c \u0111\u1ea1i : 400m3\/h<\/li>\n<li>C\u00f4ng su\u1ea5t b\u00f3ng \u0111\u00e8n : 2 x 40W<\/li>\n<li>N\u0103ng l\u01b0\u1ee3ng ti\u00eau th\u1ee5 : 50KWH\/annum<\/li>\n<li>\u0110\u1ed9 \u1ed3n : \u2265 48Db<\/li>\n<li>\u0110i\u1ec1u khi\u1ec3n : C\u01a1 d\u1ea1ng nh\u1ea5n , 3 t\u1ed1c \u0111\u1ed9<\/li>\n<li>Kh\u1eed m\u00f9i b\u1eb1ng than ho\u1ea1t t\u00ednh<\/li>\n<li>Tho\u00e1t kh\u00ed : \u00a0\u00d8 120mm<\/li>\n<li>K\u00edch th\u01b0\u1edbc : 700mm<\/li>\n<\/ul>\n<div class=\"mceTemp\"><\/div>\n<figure id=\"attachment_66192\" aria-describedby=\"caption-attachment-66192\" style=\"width: 800px\" class=\"wp-caption aligncenter\"><img loading=\"lazy\" decoding=\"async\" class=\"wp-image-66192 size-large\" src=\"https:\/\/livinghome.vn\/thiet-bi\/wp-content\/uploads\/nha-bep\/arber\/may-hut-mui-am-tu\/may-hut-mui-am-tu-arber-ab700a\/may-hut-mui-am-tu-arber-ab600ka-800x800.jpg\" alt=\"M\u00e1y h\u00fat m\u00f9i Arber AB700A thi\u1ebft k\u1ebf \u0111\u01a1n gian nh\u1ecf g\u1ecdn 70cm\" width=\"800\" height=\"800\" title=\"\"><figcaption id=\"caption-attachment-66192\" class=\"wp-caption-text\">M\u00e1y h\u00fat m\u00f9i Arber AB700A thi\u1ebft k\u1ebf \u0111\u01a1n gian nh\u1ecf g\u1ecdn 70cm<\/figcaption><\/figure>\n<p>&nbsp;<\/p>\n","protected":false},"excerpt":{"rendered":"<div class=\"clearfix summary mb-3\">\n<p>Ngu\u1ed3n : 220-240V\/50hz<\/p>\n<p>C\u00f4ng su\u1ea5t motor : 2 x 100W<\/p>\n<p>C\u00f4ng su\u1ea5t h\u00fat c\u1ef1c \u0111\u1ea1i : 400m3\/h<\/p>\n<p>C\u00f4ng su\u1ea5t b\u00f3ng \u0111\u00e8n : 2 x 40W<\/p>\n<p>N\u0103ng l\u01b0\u1ee3ng ti\u00eau th\u1ee5 : 50KWH\/annum<\/p>\n<p>\u0110\u1ed9 \u1ed3n : \u2265 48Db<\/p>\n<p>\u0110i\u1ec1u khi\u1ec3n : C\u01a1 d\u1ea1ng nh\u1ea5n , 3 t\u1ed1c \u0111\u1ed9<\/p>\n<p>Kh\u1eed m\u00f9i b\u1eb1ng than ho\u1ea1t t\u00ednh<\/p>\n<\/div>\n","protected":false},"featured_media":4329,"comment_status":"open","ping_status":"closed","template":"","meta":[],"product_brand":[],"product_cat":[596,132,447],"product_tag":[448,87,459],"class_list":{"0":"post-4249","1":"product","2":"type-product","3":"status-publish","4":"has-post-thumbnail","6":"product_cat-may-hut-mui-arber","7":"product_cat-may-hut-mui-co-dien-classic","8":"product_cat-thuong-hieu-arber","9":"product_tag-arber","10":"product_tag-may-hut-mui-am-tu","11":"product_tag-may-hut-mui-arber","13":"first","14":"instock","15":"sale","16":"shipping-taxable","17":"purchasable","18":"product-type-simple"},"_links":{"self":[{"href":"https:\/\/livinghome.vn\/thiet-bi\/wp-json\/wp\/v2\/product\/4249","targetHints":{"allow":["GET"]}}],"collection":[{"href":"https:\/\/livinghome.vn\/thiet-bi\/wp-json\/wp\/v2\/product"}],"about":[{"href":"https:\/\/livinghome.vn\/thiet-bi\/wp-json\/wp\/v2\/types\/product"}],"replies":[{"embeddable":true,"href":"https:\/\/livinghome.vn\/thiet-bi\/wp-json\/wp\/v2\/comments?post=4249"}],"wp:featuredmedia":[{"embeddable":true,"href":"https:\/\/livinghome.vn\/thiet-bi\/wp-json\/wp\/v2\/media\/4329"}],"wp:attachment":[{"href":"https:\/\/livinghome.vn\/thiet-bi\/wp-json\/wp\/v2\/media?parent=4249"}],"wp:term":[{"taxonomy":"product_brand","embeddable":true,"href":"https:\/\/livinghome.vn\/thiet-bi\/wp-json\/wp\/v2\/product_brand?post=4249"},{"taxonomy":"product_cat","embeddable":true,"href":"https:\/\/livinghome.vn\/thiet-bi\/wp-json\/wp\/v2\/product_cat?post=4249"},{"taxonomy":"product_tag","embeddable":true,"href":"https:\/\/livinghome.vn\/thiet-bi\/wp-json\/wp\/v2\/product_tag?post=4249"}],"curies":[{"name":"wp","href":"https:\/\/api.w.org\/{rel}","templated":true}]}}