{"id":4215,"date":"2023-01-12T18:53:40","date_gmt":"2023-01-12T18:53:40","guid":{"rendered":"https:\/\/livinghome.vn\/thiet-bi\/?post_type=product&#038;p=4215"},"modified":"2024-11-29T14:20:04","modified_gmt":"2024-11-29T07:20:04","slug":"may-hut-mui-arber-ab700t","status":"publish","type":"product","link":"https:\/\/livinghome.vn\/thiet-bi\/may-hut-mui-arber-ab700t\/","title":{"rendered":"M\u00e1y h\u00fat m\u00f9i Arber AB700T thi\u1ebft k\u1ebf nh\u1ecf g\u1ecdn 70cm"},"content":{"rendered":"<div>\n<p><span style=\"font-size: 25.92px; color: #333333;\">M\u00e1y h\u00fat m\u00f9i Arber AB700T g\u1ed3m nh\u1eefng chi ti\u1ebft :<\/span><\/p>\n<\/div>\n<h3>Th\u00f4ng tin s\u1ea3n ph\u1ea9m<\/h3>\n<ul>\n<li>Ph\u00e2n lo\u1ea1i : <a href=\"https:\/\/livinghome.vn\/thiet-bi\/may-hut-mui\/may-hut-mui-oc-dao\/\">M\u00e1y h\u00fat m\u00f9i \u0111\u1ea3o\u00a0<\/a>Arber AB700T<\/li>\n<li>B\u1ed9 l\u1ecdc : M\u00e0ng nh\u00f4m 5 l\u1edbp, 1 ng\u0103n<\/li>\n<li>Ch\u1ea5t li\u1ec7u : Inox 430\/304, k\u00ednh\u00a0 chi\u1ee5 l\u1ef1c, ch\u1ecbu nhi\u1ec7t<\/li>\n<\/ul>\n<h3>T\u00ednh n\u0103ng<\/h3>\n<ul>\n<li>N<\/li>\n<li>Ngu\u1ed3n : 220-240V\/50hz<\/li>\n<li>N\u0103ng L\u01b0\u1ee3ng : A+<\/li>\n<li>C\u00f4ng su\u1ea5t motor : 195W<\/li>\n<li>C\u00f4ng su\u1ea5t h\u00fat c\u1ef1c \u0111\u1ea1i : 1000m3\/h<\/li>\n<li>N\u0103ng l\u01b0\u1ee3ng ti\u00eau th\u1ee5 : 30KWH\/annum<\/li>\n<li>C\u00f4ng su\u1ea5t b\u00f3ng \u0111\u00e8n : 4 x 2W led<\/li>\n<li>\u0110\u1ed9 \u1ed3n : \u2265 35Db<\/li>\n<li>\u0110i\u1ec1u khi\u1ec3n : C\u01a1 \u0111i\u1ec7n t\u1eed d\u1ea1ng nh\u1ea5n, 3 t\u1ed1c \u0111\u1ed9<\/li>\n<li>Kh\u1eed m\u00f9i b\u1eb1ng than ho\u1ea1t t\u00ednh<\/li>\n<li>Tho\u00e1t kh\u00ed :\u00a0\u00a0\u00d8 150mm<\/li>\n<li>K\u00edch th\u01b0\u1edbc : 700mm<\/li>\n<\/ul>\n<div class=\"mceTemp\"><\/div>\n<figure id=\"attachment_65259\" aria-describedby=\"caption-attachment-65259\" style=\"width: 800px\" class=\"wp-caption aligncenter\"><img loading=\"lazy\" decoding=\"async\" class=\"wp-image-65259 size-large\" src=\"https:\/\/livinghome.vn\/thiet-bi\/wp-content\/uploads\/nha-bep\/arber\/may-hut-mui-dao\/may-hut-mui-dao-arber-ab700t\/may-hut-mui-dao-arber-ab700t-1-800x800.jpg\" alt=\"M\u00e1y h\u00fat m\u00f9i Arber AB700T thi\u1ebft k\u1ebf nh\u1ecf g\u1ecdn 70cm\" width=\"800\" height=\"800\" title=\"\"><figcaption id=\"caption-attachment-65259\" class=\"wp-caption-text\">M\u00e1y h\u00fat m\u00f9i Arber AB700T thi\u1ebft k\u1ebf nh\u1ecf g\u1ecdn 70cm<\/figcaption><\/figure>\n<p>&nbsp;<\/p>\n","protected":false},"excerpt":{"rendered":"<div class=\"clearfix summary mb-3\">\n<p>Ngu\u1ed3n : 220-240V\/50hz<\/p>\n<p>N\u0103ng L\u01b0\u1ee3ng : A+<\/p>\n<p>C\u00f4ng su\u1ea5t motor : 195W<\/p>\n<p>C\u00f4ng su\u1ea5t h\u00fat c\u1ef1c \u0111\u1ea1i : 1000m3\/h<\/p>\n<p>N\u0103ng l\u01b0\u1ee3ng ti\u00eau th\u1ee5 : 30KWH\/annum<\/p>\n<p>C\u00f4ng su\u1ea5t b\u00f3ng \u0111\u00e8n : 4 x 2W led<\/p>\n<p>\u0110\u1ed9 \u1ed3n : \u2265 35Db<\/p>\n<p>\u0110i\u1ec1u khi\u1ec3n : C\u01a1 \u0111i\u1ec7n t\u1eed d\u1ea1ng nh\u1ea5n, 3 t\u1ed1c \u0111\u1ed9<\/p>\n<p>Kh\u1eed m\u00f9i b\u1eb1ng than ho\u1ea1t t\u00ednh<\/p>\n<\/div>\n","protected":false},"featured_media":4298,"comment_status":"open","ping_status":"closed","template":"","meta":[],"product_brand":[],"product_cat":[596,134,447],"product_tag":[448,459,90],"class_list":{"0":"post-4215","1":"product","2":"type-product","3":"status-publish","4":"has-post-thumbnail","6":"product_cat-may-hut-mui-arber","7":"product_cat-may-hut-mui-oc-dao","8":"product_cat-thuong-hieu-arber","9":"product_tag-arber","10":"product_tag-may-hut-mui-arber","11":"product_tag-may-hut-mui-gan-tuong","13":"first","14":"instock","15":"sale","16":"shipping-taxable","17":"purchasable","18":"product-type-simple"},"_links":{"self":[{"href":"https:\/\/livinghome.vn\/thiet-bi\/wp-json\/wp\/v2\/product\/4215","targetHints":{"allow":["GET"]}}],"collection":[{"href":"https:\/\/livinghome.vn\/thiet-bi\/wp-json\/wp\/v2\/product"}],"about":[{"href":"https:\/\/livinghome.vn\/thiet-bi\/wp-json\/wp\/v2\/types\/product"}],"replies":[{"embeddable":true,"href":"https:\/\/livinghome.vn\/thiet-bi\/wp-json\/wp\/v2\/comments?post=4215"}],"wp:featuredmedia":[{"embeddable":true,"href":"https:\/\/livinghome.vn\/thiet-bi\/wp-json\/wp\/v2\/media\/4298"}],"wp:attachment":[{"href":"https:\/\/livinghome.vn\/thiet-bi\/wp-json\/wp\/v2\/media?parent=4215"}],"wp:term":[{"taxonomy":"product_brand","embeddable":true,"href":"https:\/\/livinghome.vn\/thiet-bi\/wp-json\/wp\/v2\/product_brand?post=4215"},{"taxonomy":"product_cat","embeddable":true,"href":"https:\/\/livinghome.vn\/thiet-bi\/wp-json\/wp\/v2\/product_cat?post=4215"},{"taxonomy":"product_tag","embeddable":true,"href":"https:\/\/livinghome.vn\/thiet-bi\/wp-json\/wp\/v2\/product_tag?post=4215"}],"curies":[{"name":"wp","href":"https:\/\/api.w.org\/{rel}","templated":true}]}}