{"id":4191,"date":"2023-01-12T18:53:15","date_gmt":"2023-01-12T18:53:15","guid":{"rendered":"https:\/\/livinghome.vn\/thiet-bi\/?post_type=product&#038;p=4191"},"modified":"2024-11-29T14:20:04","modified_gmt":"2024-11-29T07:20:04","slug":"may-hut-mui-arber-ab750at","status":"publish","type":"product","link":"https:\/\/livinghome.vn\/thiet-bi\/may-hut-mui-arber-ab750at\/","title":{"rendered":"M\u00e1y h\u00fat m\u00f9i Arber AB750AT \u00e2m t\u1ee7 75cm C\u1ea3m \u1ee8ng"},"content":{"rendered":"<div>\n<p><span style=\"font-size: 25.92px; color: #333333;\">M\u00e1y h\u00fat m\u00f9i Arber AB750AT g\u1ed3m nh\u1eefng chi ti\u1ebft<br \/>\n<\/span><\/p>\n<\/div>\n<h3>Th\u00f4ng tin s\u1ea3n ph\u1ea9m<\/h3>\n<ul>\n<li>Ph\u00e2n lo\u1ea1i : <a href=\"https:\/\/livinghome.vn\/thiet-bi\/may-hut-mui\/may-hut-mui-am-tu-keo\/\">M\u00e1y h\u00fat m\u00f9i \u00e2m t\u1ee7<\/a> \u00a0Arber AB750AT<\/li>\n<li>B\u1ed9 l\u1ecdc : M\u00e0ng nh\u00f4m 5 l\u1edbp, 1 ng\u0103n<\/li>\n<li>Ch\u1ea5t li\u1ec7u : Inox 430\/304, k\u00ednh\u00a0 chi\u1ee5 l\u1ef1c, ch\u1ecbu nhi\u1ec7t<\/li>\n<\/ul>\n<p>M\u00e1y h\u00fat m\u00f9i Arber AB750AT \u0111\u01b0\u1ee3c thi\u1ebft k\u1ebf v\u1edbi v\u1ecf inox to\u00e0n ph\u1ea7n ch\u1ed1ng g\u1ec9 t\u1ea1o \u0111\u1ed9 b\u1ec1n cao cho m\u00e1y, ki\u1ec3u d\u00e1ng sang tr\u1ecdng v\u1edbi k\u00edch th\u01b0\u1edbc 75cm ph\u00f9 h\u1ee3p v\u1edbi nhi\u1ec1u kh\u00f4ng gian b\u1ebfp Vi\u1ec7t. \u0110\u00e2y l\u00e0 lo\u1ea1i m\u00e1y h\u00fat m\u00f9i c\u00f3 c\u00f4ng su\u1ea5t cao trong c\u00e1c lo\u1ea1i m\u00e1y h\u00fat m\u00f9i \u00e2m t\u1ee7 tr\u00ean, c\u00f4ng su\u1ea5t t\u1ed1i \u0111a c\u1ee7a m\u00e1y l\u00ean \u0111\u1ebfn 1000m3\/h v\u1edbi 3 t\u1ed1c \u0111\u1ed9 h\u00fat kh\u00e1c nhau d\u1ec5 d\u00e0ng \u0111i\u1ec1u ch\u1ec9nh b\u1eb1ng ph\u00edm b\u1ea5m c\u1ea3m \u1ee9ng.<\/p>\n<figure id=\"attachment_65218\" aria-describedby=\"caption-attachment-65218\" style=\"width: 1020px\" class=\"wp-caption aligncenter\"><img loading=\"lazy\" decoding=\"async\" class=\"size-large wp-image-65218\" src=\"https:\/\/livinghome.vn\/thiet-bi\/wp-content\/uploads\/nha-bep\/arber\/may-hut-mui-tum-kinh\/may-hut-mui-tum-kinh-arber-ab750at\/may-hut-mui-tum-kinh-arber-ab750at-2-1067x800.jpg\" alt=\"M\u00e1y h\u00fat m\u00f9i Arber AB750AT \u00e2m t\u1ee7 75cm\" width=\"1020\" height=\"765\" title=\"\"><figcaption id=\"caption-attachment-65218\" class=\"wp-caption-text\">M\u00e1y h\u00fat m\u00f9i Arber AB750AT \u00e2m t\u1ee7 75cm<\/figcaption><\/figure>\n<p>M\u00e1y h\u00fat m\u00f9i Arber AB750AT \u0111\u01b0\u1ee3c trang b\u1ecb \u0111\u1ea7y \u0111\u1ee7 \u0111\u00e8n chi\u1ebfu s\u00e1ng \u0111\u1ea3m b\u1ea3o \u0111\u1ee7 \u00e1nh s\u00e1ng cho vi\u1ec7c \u0111un n\u1ea5u. M\u00e1y s\u1eed d\u1ee5ng motor \u0111\u00f4i c\u00f4ng su\u1ea5t 195W \u0111\u1ed9 \u1ed3n th\u1ea5p, \u0111\u1ed9 \u1ed3n t\u1ed1i \u0111a c\u1ee7a m\u00e1y khi ho\u1ea1t \u0111\u1ed9ng v\u1edbi c\u00f4ng su\u1ea5t cao nh\u1ea5t l\u00e0 \u1edf m\u1ee9c 48Db. M\u00e1y c\u00f3 2 ch\u1ebf \u0111\u1ed9 h\u00fat kh\u1eed m\u00f9i \u0111\u00f3 l\u00e0 ch\u1ebf \u0111\u1ed9 kh\u1eed b\u1eb1ng than ho\u1ea1t t\u00ednh t\u1ea1i ch\u1ed7 v\u00e0 ch\u1ebf \u0111\u1ed9 h\u00fat \u0111\u1ea9y ra ngo\u00e0i qua \u1ed1ng d\u1eabn v\u1edbi k\u00edch th\u01b0\u1edbc \u1ed1ng d\u1eabn d\u00e0i 120 mm.<\/p>\n<p>L\u01b0\u1edbi l\u1ecdc m\u1ee1 Alimunum 3 l\u1edbp, d\u1ec5 th\u00e1o l\u1eafp v\u1ec7 sinh.<\/p>\n<h3>T\u00ednh n\u0103ng :<\/h3>\n<ul>\n<li>Ngu\u1ed3n : 220-240V\/50hz<\/li>\n<li>N\u0103ng L\u01b0\u1ee3ng : A+<\/li>\n<li>C\u00f4ng su\u1ea5t motor : 195W<\/li>\n<li>C\u00f4ng su\u1ea5t h\u00fat c\u1ef1c \u0111\u1ea1i : 1000m3\/h<\/li>\n<li>C\u00f4ng su\u1ea5t b\u00f3ng \u0111\u00e8n : 2 x 1W led<\/li>\n<li>N\u0103ng l\u01b0\u1ee3ng ti\u00eau th\u1ee5 : 30KWH\/annum<\/li>\n<li>\u0110\u1ed9 \u1ed3n : \u2265 35Db<\/li>\n<li>\u0110i\u1ec1u khi\u1ec3n : C\u1ea3m \u1ee9ng, 3 t\u1ed1c \u0111\u1ed9<\/li>\n<li>M\u00e0n h\u00ecnh hi\u1ec3n th\u1ecb LCD<\/li>\n<li>H\u1eb9n gi\u1edd t\u1eaft<\/li>\n<li>Kh\u1eed m\u00f9i b\u1eb1ng than ho\u1ea1t t\u00ednh<\/li>\n<li>Tho\u00e1t kh\u00ed :\u00a0\u00a0\u00d8 150mm<\/li>\n<li>K\u00edch th\u01b0\u1edbc : 750mm<\/li>\n<\/ul>\n<div class=\"mceTemp\"><\/div>\n<figure id=\"attachment_65219\" aria-describedby=\"caption-attachment-65219\" style=\"width: 800px\" class=\"wp-caption aligncenter\"><img loading=\"lazy\" decoding=\"async\" class=\"wp-image-65219 size-large\" src=\"https:\/\/livinghome.vn\/thiet-bi\/wp-content\/uploads\/nha-bep\/arber\/may-hut-mui-tum-kinh\/may-hut-mui-tum-kinh-arber-ab750at\/may-hut-mui-tum-kinh-arber-ab750at-1-800x800.jpg\" alt=\"M\u00e1y h\u00fat m\u00f9i Arber AB750AT \u00e2m t\u1ee7 75cm\" width=\"800\" height=\"800\" title=\"\"><figcaption id=\"caption-attachment-65219\" class=\"wp-caption-text\">M\u00e1y h\u00fat m\u00f9i Arber AB750AT \u00e2m t\u1ee7 75cm<\/figcaption><\/figure>\n<p>&nbsp;<\/p>\n","protected":false},"excerpt":{"rendered":"<p>Ngu\u1ed3n : 220-240V\/50hz<\/p>\n<p>N\u0103ng L\u01b0\u1ee3ng : A+<\/p>\n<p>C\u00f4ng su\u1ea5t motor : 195W<\/p>\n<p>C\u00f4ng su\u1ea5t h\u00fat c\u1ef1c \u0111\u1ea1i : 1000m3\/h<\/p>\n<p>C\u00f4ng su\u1ea5t b\u00f3ng \u0111\u00e8n : 2 x 1W led<\/p>\n<p>N\u0103ng l\u01b0\u1ee3ng ti\u00eau th\u1ee5 : 30KWH\/annum<\/p>\n<p>\u0110\u1ed9 \u1ed3n : \u2265 35Db<\/p>\n<p>\u0110i\u1ec1u khi\u1ec3n : C\u1ea3m \u1ee9ng, 3 t\u1ed1c \u0111\u1ed9<\/p>\n<p>M\u00e0n h\u00ecnh hi\u1ec3n th\u1ecb LCD<\/p>\n<p>H\u1eb9n gi\u1edd t\u1eaft<\/p>\n<p>Kh\u1eed m\u00f9i b\u1eb1ng than ho\u1ea1t t\u00ednh<\/p>\n","protected":false},"featured_media":4267,"comment_status":"open","ping_status":"closed","template":"","meta":[],"product_brand":[],"product_cat":[596,595,447],"product_tag":[448,87,459],"class_list":{"0":"post-4191","1":"product","2":"type-product","3":"status-publish","4":"has-post-thumbnail","6":"product_cat-may-hut-mui-arber","7":"product_cat-may-hut-mui-am-tu","8":"product_cat-thuong-hieu-arber","9":"product_tag-arber","10":"product_tag-may-hut-mui-am-tu","11":"product_tag-may-hut-mui-arber","13":"first","14":"instock","15":"sale","16":"shipping-taxable","17":"purchasable","18":"product-type-simple"},"_links":{"self":[{"href":"https:\/\/livinghome.vn\/thiet-bi\/wp-json\/wp\/v2\/product\/4191","targetHints":{"allow":["GET"]}}],"collection":[{"href":"https:\/\/livinghome.vn\/thiet-bi\/wp-json\/wp\/v2\/product"}],"about":[{"href":"https:\/\/livinghome.vn\/thiet-bi\/wp-json\/wp\/v2\/types\/product"}],"replies":[{"embeddable":true,"href":"https:\/\/livinghome.vn\/thiet-bi\/wp-json\/wp\/v2\/comments?post=4191"}],"wp:featuredmedia":[{"embeddable":true,"href":"https:\/\/livinghome.vn\/thiet-bi\/wp-json\/wp\/v2\/media\/4267"}],"wp:attachment":[{"href":"https:\/\/livinghome.vn\/thiet-bi\/wp-json\/wp\/v2\/media?parent=4191"}],"wp:term":[{"taxonomy":"product_brand","embeddable":true,"href":"https:\/\/livinghome.vn\/thiet-bi\/wp-json\/wp\/v2\/product_brand?post=4191"},{"taxonomy":"product_cat","embeddable":true,"href":"https:\/\/livinghome.vn\/thiet-bi\/wp-json\/wp\/v2\/product_cat?post=4191"},{"taxonomy":"product_tag","embeddable":true,"href":"https:\/\/livinghome.vn\/thiet-bi\/wp-json\/wp\/v2\/product_tag?post=4191"}],"curies":[{"name":"wp","href":"https:\/\/api.w.org\/{rel}","templated":true}]}}