{"id":4189,"date":"2023-01-12T18:53:15","date_gmt":"2023-01-12T18:53:15","guid":{"rendered":"https:\/\/livinghome.vn\/thiet-bi\/?post_type=product&#038;p=4189"},"modified":"2024-11-29T14:20:04","modified_gmt":"2024-11-29T07:20:04","slug":"may-hut-mui-arber-ab700n","status":"publish","type":"product","link":"https:\/\/livinghome.vn\/thiet-bi\/may-hut-mui-arber-ab700n\/","title":{"rendered":"M\u00e1y h\u00fat m\u00f9i Arber AB700N inox kh\u00f4ng g\u1ec9 70cm"},"content":{"rendered":"<div>\n<p><span style=\"font-size: 25.92px; color: #333333;\">M\u00e1y h\u00fat m\u00f9i Arber AB700N g\u1ed3m nh\u1eefng chi ti\u1ebft :<\/span><\/p>\n<\/div>\n<h3>Th\u00f4ng tin s\u1ea3n ph\u1ea9m<\/h3>\n<ul>\n<li>Ph\u00e2n lo\u1ea1i : <a href=\"https:\/\/livinghome.vn\/thiet-bi\/may-hut-mui\/may-hut-mui-gan-tuong\/\">M\u00e1y h\u00fat m\u00f9i<\/a> Arber AB700N<\/li>\n<li>B\u1ed9 l\u1ecdc :\u00a0M\u00e0ng nh\u00f4m 5 l\u1edbp, 2 ng\u0103n<\/li>\n<li>Ch\u1ea5t li\u1ec7u : Inox 430\/304, k\u00ednh\u00a0 chi\u1ee5 l\u1ef1c, ch\u1ecbu nhi\u1ec7t<\/li>\n<\/ul>\n<p>M\u00e1y h\u00fat m\u00f9i Arber AB700N l\u00e0 d\u00f2ng m\u00e1y h\u00fat m\u00f9i toa k\u00ednh g\u1eafn t\u01b0\u1eddng v\u1edbi ch\u00ecu d\u00e0i tum k\u00ednh 900 mm, v\u1ecf v\u00e0 khung s\u01b0\u1eddn c\u1ee7a m\u00e1y l\u00e0m t\u1eeb inox 403 k\u1ebft h\u1ee3p 304 kh\u00f4ng g\u1ec9 s\u00e9t, m\u00e0u s\u1eafc s\u00e1ng b\u00f3ng sang tr\u1ecdng.<\/p>\n<p>M\u00e1y h\u00fat m\u00f9i Arber AB700N t\u00edch h\u01a1p ch\u1ee9c n\u0103ng h\u00fat v\u00e0 kh\u1eed m\u00f9i b\u1eb1ng than ho\u1ea1t t\u00ednh, ch\u1ee9c n\u0103ng h\u1eb9n gi\u1edd, c\u00f9ng m\u00e0n h\u00ecnh LCD hi\u1ec3n th\u1ecb r\u00f5 r\u00e0ng.<\/p>\n<h3>T\u00ednh n\u0103ng :<\/h3>\n<ul>\n<li>Ngu\u1ed3n : 220-240V\/50Hz<\/li>\n<li>C\u00f4ng su\u1ea5t motor : 103W &#8211; N\u0103ng l\u01b0\u1ee3ng : A+<\/li>\n<li>C\u00f4ng su\u1ea5t h\u00fat c\u1ef1c \u0111\u1ea1i : 1000m3\/h<\/li>\n<li>C\u00f4ng su\u1ea5t b\u00f3ng \u0111\u00e8n : 2 x 1.5W led<\/li>\n<li>N\u0103ng l\u01b0\u1ee3ng ti\u00eau th\u1ee5 : 30KWH\/annum<\/li>\n<li>\u0110\u1ed9 \u1ed3n : \u2265 35Db<\/li>\n<li>\u0110i\u1ec1u khi\u1ec3n : C\u1ea3m \u1ee9ng, 3 t\u1ed1c \u0111\u1ed9<\/li>\n<li>M\u00e0n h\u00ecnh hi\u1ec3n th\u1ecb LCD<\/li>\n<li>H\u1eb9n gi\u1edd t\u1eaft<\/li>\n<li>Kh\u1eed m\u00f9i b\u1eb1ng than ho\u1ea1t t\u00ednh<\/li>\n<li>Tho\u00e1t kh\u00ed :\u00a0\u00a0\u00d8 150mm<\/li>\n<li>K\u00edch th\u01b0\u1edbc : 700mm<\/li>\n<\/ul>\n<div class=\"mceTemp\"><\/div>\n<figure id=\"attachment_65205\" aria-describedby=\"caption-attachment-65205\" style=\"width: 800px\" class=\"wp-caption aligncenter\"><img loading=\"lazy\" decoding=\"async\" class=\"wp-image-65205 size-large\" src=\"https:\/\/livinghome.vn\/thiet-bi\/wp-content\/uploads\/nha-bep\/arber\/may-hut-mui-tum-kinh\/may-hut-mui-tum-kinh-arber-ab700n\/may-hut-mui-tum-kinh-arber-ab700n-1-800x800.jpg\" alt=\"M\u00e1y h\u00fat m\u00f9i Arber AB700N inox kh\u00f4ng g\u1ec9 70cm\" width=\"800\" height=\"800\" title=\"\"><figcaption id=\"caption-attachment-65205\" class=\"wp-caption-text\">M\u00e1y h\u00fat m\u00f9i Arber AB700N inox kh\u00f4ng g\u1ec9 70cm<\/figcaption><\/figure>\n<p>&nbsp;<\/p>\n","protected":false},"excerpt":{"rendered":"<div class=\"clearfix summary mb-3\">\n<p>Ngu\u1ed3n : 220-240V\/50Hz<\/p>\n<p>C\u00f4ng su\u1ea5t motor : 103W &#8211; N\u0103ng l\u01b0\u1ee3ng : A+<\/p>\n<p>C\u00f4ng su\u1ea5t h\u00fat c\u1ef1c \u0111\u1ea1i : 1000m3\/h<\/p>\n<p>C\u00f4ng su\u1ea5t b\u00f3ng \u0111\u00e8n : 2 x 1.5W led<\/p>\n<p>N\u0103ng l\u01b0\u1ee3ng ti\u00eau th\u1ee5 : 30KWH\/annum<\/p>\n<p>\u0110\u1ed9 \u1ed3n : \u2265 35Db<\/p>\n<p>\u0110i\u1ec1u khi\u1ec3n : C\u1ea3m \u1ee9ng, 3 t\u1ed1c \u0111\u1ed9<\/p>\n<p>M\u00e0n h\u00ecnh hi\u1ec3n th\u1ecb LCD<\/p>\n<p>H\u1eb9n gi\u1edd t\u1eaft<\/p>\n<p>Kh\u1eed m\u00f9i b\u1eb1ng than ho\u1ea1t t\u00ednh<\/p>\n<\/div>\n","protected":false},"featured_media":4263,"comment_status":"open","ping_status":"closed","template":"","meta":[],"product_brand":[],"product_cat":[596,89,447],"product_tag":[448,459,90],"class_list":{"0":"post-4189","1":"product","2":"type-product","3":"status-publish","4":"has-post-thumbnail","6":"product_cat-may-hut-mui-arber","7":"product_cat-may-hut-mui-gan-tuong","8":"product_cat-thuong-hieu-arber","9":"product_tag-arber","10":"product_tag-may-hut-mui-arber","11":"product_tag-may-hut-mui-gan-tuong","13":"first","14":"instock","15":"sale","16":"shipping-taxable","17":"purchasable","18":"product-type-simple"},"_links":{"self":[{"href":"https:\/\/livinghome.vn\/thiet-bi\/wp-json\/wp\/v2\/product\/4189","targetHints":{"allow":["GET"]}}],"collection":[{"href":"https:\/\/livinghome.vn\/thiet-bi\/wp-json\/wp\/v2\/product"}],"about":[{"href":"https:\/\/livinghome.vn\/thiet-bi\/wp-json\/wp\/v2\/types\/product"}],"replies":[{"embeddable":true,"href":"https:\/\/livinghome.vn\/thiet-bi\/wp-json\/wp\/v2\/comments?post=4189"}],"wp:featuredmedia":[{"embeddable":true,"href":"https:\/\/livinghome.vn\/thiet-bi\/wp-json\/wp\/v2\/media\/4263"}],"wp:attachment":[{"href":"https:\/\/livinghome.vn\/thiet-bi\/wp-json\/wp\/v2\/media?parent=4189"}],"wp:term":[{"taxonomy":"product_brand","embeddable":true,"href":"https:\/\/livinghome.vn\/thiet-bi\/wp-json\/wp\/v2\/product_brand?post=4189"},{"taxonomy":"product_cat","embeddable":true,"href":"https:\/\/livinghome.vn\/thiet-bi\/wp-json\/wp\/v2\/product_cat?post=4189"},{"taxonomy":"product_tag","embeddable":true,"href":"https:\/\/livinghome.vn\/thiet-bi\/wp-json\/wp\/v2\/product_tag?post=4189"}],"curies":[{"name":"wp","href":"https:\/\/api.w.org\/{rel}","templated":true}]}}