{"id":4172,"date":"2023-01-12T18:52:51","date_gmt":"2023-01-12T18:52:51","guid":{"rendered":"https:\/\/livinghome.vn\/thiet-bi\/?post_type=product&#038;p=4172"},"modified":"2024-11-29T14:20:04","modified_gmt":"2024-11-29T07:20:04","slug":"may-hut-mui-arber-ab900u","status":"publish","type":"product","link":"https:\/\/livinghome.vn\/thiet-bi\/may-hut-mui-arber-ab900u\/","title":{"rendered":"M\u00e1y h\u00fat m\u00f9i Arber AB900U Inox kh\u00f4ng g\u1ec9 90cm"},"content":{"rendered":"<div>M\u00e1y h\u00fat m\u00f9i Arber AB900U- s\u1ef1 l\u1ef1a ch\u1ecdn ho\u00e0n h\u1ea3o cho kh\u00f4ng gian c\u1ee7a gia \u0111\u00ecnh b\u1ea1n!<\/div>\n<div>l\u00e0 thu\u01a1ng hi\u1ec7u chuy\u00ean v\u1ec1 m\u00e1y h\u00fat m\u00f9i \u0111\u1ebfn t\u1eeb Italia, h\u00e3ng Arber lu\u00f4n c\u1ed1 g\u1eafng \u0111em t\u1edbi cho ng\u01b0\u1eddi ti\u00eau d\u00f9ng nh\u1eefng m\u1eabu m\u00e1y h\u00fat m\u00f9i t\u1ed1t nh\u1ea5t kh\u00f4ng ch\u1ec9 v\u1ec1 ki\u1ec3u d\u00e1ng m\u00e0 c\u00f2n v\u1ec1 ch\u1ea5t l\u01b0\u1ee3ng nh\u01b0 c\u00f4ng su\u1ea5t h\u00fat cao, \u0111\u1ed9 \u1ed3n th\u1ea5p.<\/div>\n<h2>M\u00e1y h\u00fat m\u00f9i Arber AB900Ug\u1ed3m nh\u1eefng chi ti\u1ebft :<\/h2>\n<h3>Th\u00f4ng tin s\u1ea3n ph\u1ea9m<\/h3>\n<ul>\n<li>Ph\u00e2n lo\u1ea1i : <a href=\"https:\/\/livinghome.vn\/thiet-bi\/may-hut-mui\/may-hut-mui-gan-tuong\/\">M\u00e1y h\u00fat m\u00f9i<\/a> Arber AB900U<\/li>\n<li>B\u1ed9 l\u1ecdc :\u00a0M\u00e0ng nh\u00f4m 5 l\u1edbp, 2 ng\u0103n<\/li>\n<li>Ch\u1ea5t li\u1ec7u : Inox 430\/304, k\u00ednh\u00a0 chi\u1ee5 l\u1ef1c, ch\u1ecbu nhi\u1ec7t<\/li>\n<\/ul>\n<p>M\u00e1y h\u00fat m\u00f9i Arber AB900U s\u1eed d\u1ee5ng Ch\u1ea5t li\u1ec7u Inox kh\u00f4ng g\u1ec9, k\u00ednh ch\u1ecbu l\u1ef1c C\u00f4ng su\u1ea5t c\u1ef1c \u0111\u1ea1i 1000m3\/h. M\u00e1y ch\u1ec9 c\u00f3 \u0111\u1ed9 \u1ed3n t\u1ed1i \u0111a ch\u01b0a \u0111\u1ea1t t\u1edbi 60Db. Ch\u1ec3 \u0111\u1ed9 kh\u1eed m\u00f9i b\u1eb1ng than ho\u1ea1t t\u00ednh ho\u1eb7c h\u00fat \u0111\u1ea9y ra ngo\u00e0i.<\/p>\n<h3>T\u00ednh n\u0103ng :<\/h3>\n<ul>\n<li>Ngu\u1ed3n : 220-240V\/50hz<\/li>\n<li>C\u00f4ng su\u1ea5t motor : 104W &#8211; N\u0103ng l\u01b0\u1ee3ng : A+<\/li>\n<li>C\u00f4ng su\u1ea5t h\u00fat c\u1ef1c \u0111\u1ea1i : 1000m3\/h<\/li>\n<li>N\u0103ng l\u01b0\u1ee3ng ti\u00eau th\u1ee5 : 30KWH\/annum<\/li>\n<li>C\u00f4ng su\u1ea5t b\u00f3ng \u0111\u00e8n : 2 x 2W led<\/li>\n<li>\u0110\u1ed9 \u1ed3n : \u2265 35Db<\/li>\n<li>\u0110i\u1ec1u khi\u1ec3n : C\u01a1 d\u1ea1ng nh\u1ea5n, 3 t\u1ed1c \u0111\u1ed9<\/li>\n<li>Kh\u1eed m\u00f9i b\u1eb1ng than ho\u1ea1t t\u00ednh<\/li>\n<li>Tho\u00e1t kh\u00ed :\u00a0\u00a0\u00d8 150mm<\/li>\n<li>K\u00edch th\u01b0\u1edbc : 900mm<\/li>\n<\/ul>\n<div class=\"mceTemp\"><\/div>\n<figure id=\"attachment_65240\" aria-describedby=\"caption-attachment-65240\" style=\"width: 800px\" class=\"wp-caption aligncenter\"><img loading=\"lazy\" decoding=\"async\" class=\"wp-image-65240 size-large\" src=\"https:\/\/livinghome.vn\/thiet-bi\/wp-content\/uploads\/nha-bep\/arber\/may-hut-mui-tum-kinh\/may-hut-mui-tum-kinh-arber-ab900u\/may-hut-mui-tum-kinh-arber-ab900u-1-800x800.jpg\" alt=\"M\u00e1y h\u00fat m\u00f9i Arber AB900U Inox kh\u00f4ng g\u1ec9 90cm\" width=\"800\" height=\"800\" title=\"\"><figcaption id=\"caption-attachment-65240\" class=\"wp-caption-text\">M\u00e1y h\u00fat m\u00f9i Arber AB900U Inox kh\u00f4ng g\u1ec9 90cm<\/figcaption><\/figure>\n<h3>M\u1ed9t s\u1ed1 l\u01b0u \u00fd khi s\u1eed d\u1ee5ng M\u00e1y h\u00fat m\u00f9i Arber AB900U<\/h3>\n<p>\u0110\u1ec3 n\u00e2ng cao hi\u1ec7u su\u1ea5t h\u00fat c\u1ee7a m\u00e1y h\u00fat m\u00f9i khi s\u1eed d\u1ee5ng b\u1ea1n c\u1ea7n l\u01b0u \u00fd nh\u1eefng \u0111i\u1ec1u sau \u0111\u00e2y:<\/p>\n<p>\u0110\u1ed1i v\u1edbi nh\u1eefng chi\u1ebfc m\u00e1y h\u00fat m\u00f9i s\u1eed d\u1ee5ng than ho\u1ea1t t\u00ednh, b\u1ea1n n\u00ean thay than t\u1eeb 6 th\u00e1ng \u0111\u1ebfn 1 n\u0103m m\u1ed9t l\u1ea7n \u0111\u1ec3 \u0111\u1ea3m b\u1ea3o hi\u1ec7u qu\u1ea3 kh\u1eed m\u00f9i.<\/p>\n<p>Lu\u00f4n lau ch\u00f9i m\u00e1y b\u1eb1ng gi\u1ebb m\u1ec1m, c\u00f3 ch\u1ea5t t\u1ea9y r\u1eeda.<\/p>\n<p>Kh\u00f4ng s\u1eed d\u1ee5ng m\u00e1y khi ngu\u1ed3n \u0111i\u1ec7n ch\u1eadp ch\u1eddn.<\/p>\n<p>\u0110\u1ec3 tr\u00e1nh g\u00e2y h\u1ea1n \u0111\u1ebfn \u0111\u1ed9ng c\u01a1 b\u00ean trong m\u00e1y b\u1ea1n kh\u00f4ng n\u00ean \u0111\u1ec3 n\u01b0\u1edbc ho\u1eb7c v\u1eadt\u00a0c\u1ee9ng l\u1ecdt v\u00e0o trong m\u00e1y.<\/p>\n<p>\u0110\u1eb7c bi\u1ec7t \u0111\u1ec3 ti\u1ebft ki\u1ec7m \u0111i\u1ec7n v\u00e0 t\u0103ng tu\u1ed5i th\u1ecd cho m\u00e1y h\u01a1n h\u1ebft b\u1ea1n n\u00ean s\u1eed d\u1ee5ng \u0111\u00fang t\u1ed1c \u0111\u1ed9 c\u1ee7a m\u00e1y, kh\u00f4ng n\u00ean l\u1ea1m d\u1ee5ng t\u1ed1c \u0111\u1ed9 cao nh\u1ea5t t\u1ee9c \u0111\u1ed1i v\u1edbi nh\u1eefng m\u00f3n \u0103n kh\u00f4ng ch\u1ee9a d\u1ea7u m\u1ee1 nh\u01b0 c\u00e1c m\u00f3n lu\u1ed9c b\u1ea1n ch\u1ec9 c\u1ea7n \u0111\u1ec3 m\u00e1y \u1edf m\u1ee9c c\u00f4ng su\u1ea5t th\u1ea5p, v\u1edbi nh\u1eefng m\u00f3n ch\u1ee9a nhi\u1ec1u d\u1ea7u m\u1ee1 nh\u01b0: chi\u00ean, x\u00e0o, r\u00e1n ho\u1eb7c nh\u1eefng m\u00f3n n\u1eb7ng m\u00f9i nh\u01b0 gi\u1ea3 c\u00e0y th\u00ec b\u1ea1n m\u1edbi c\u1ea7n s\u1eed d\u1ee5ng m\u00e1y h\u00fat m\u00f9i \u1edf c\u1ea5p \u0111\u1ed9 cao.<\/p>\n<p>T\u1ea7m 2 th\u00e1ng b\u1ea1n n\u00ean v\u1ec7 sinh l\u01b0\u1edbi l\u1ecdc 1 l\u1ea7n. N\u00ean b\u1ea3o d\u01b0\u1ee1ng m\u00e1y 12 th\u00e1ng 1 l\u1ea7n c\u0169ng l\u00e0 c\u00e1ch \u0111\u1ec3 m\u00e1y ho\u1ea1t \u0111\u1ed9ng t\u1ed1t h\u01a1n.<\/p>\n<p>&nbsp;<\/p>\n","protected":false},"excerpt":{"rendered":"<div class=\"clearfix summary mb-3\">\n<p>Ngu\u1ed3n : 220V-50hz<\/p>\n<p>C\u00f4ng su\u1ea5t motor : 195W &#8211; N\u0103ng l\u01b0\u1ee3ng : A+<\/p>\n<p>C\u00f4ng su\u1ea5t h\u00fat c\u1ef1c \u0111\u1ea1i : 1000m3\/h<\/p>\n<p>N\u0103ng l\u01b0\u1ee3ng ti\u00eau th\u1ee5 : 30KWH\/annum<\/p>\n<p>C\u00f4ng su\u1ea5t b\u00f3ng \u0111\u00e8n : 2 x 2W led<\/p>\n<p>\u0110\u1ed9 \u1ed3n : \u2265 35Db<\/p>\n<p>\u0110i\u1ec1u khi\u1ec3n : C\u01a1 d\u1ea1ng nh\u1ea5n, 3 t\u1ed1c \u0111\u1ed9, b\u00e0n ph\u00edm n\u0103m ph\u00ed tr\u00ean.<\/p>\n<p>Kh\u1eed m\u00f9i b\u1eb1ng than ho\u1ea1t t\u00ednh<\/p>\n<\/div>\n","protected":false},"featured_media":4246,"comment_status":"open","ping_status":"closed","template":"","meta":[],"product_brand":[],"product_cat":[596,89,447],"product_tag":[448,459,90],"class_list":{"0":"post-4172","1":"product","2":"type-product","3":"status-publish","4":"has-post-thumbnail","6":"product_cat-may-hut-mui-arber","7":"product_cat-may-hut-mui-gan-tuong","8":"product_cat-thuong-hieu-arber","9":"product_tag-arber","10":"product_tag-may-hut-mui-arber","11":"product_tag-may-hut-mui-gan-tuong","13":"first","14":"instock","15":"sale","16":"shipping-taxable","17":"purchasable","18":"product-type-simple"},"_links":{"self":[{"href":"https:\/\/livinghome.vn\/thiet-bi\/wp-json\/wp\/v2\/product\/4172","targetHints":{"allow":["GET"]}}],"collection":[{"href":"https:\/\/livinghome.vn\/thiet-bi\/wp-json\/wp\/v2\/product"}],"about":[{"href":"https:\/\/livinghome.vn\/thiet-bi\/wp-json\/wp\/v2\/types\/product"}],"replies":[{"embeddable":true,"href":"https:\/\/livinghome.vn\/thiet-bi\/wp-json\/wp\/v2\/comments?post=4172"}],"wp:featuredmedia":[{"embeddable":true,"href":"https:\/\/livinghome.vn\/thiet-bi\/wp-json\/wp\/v2\/media\/4246"}],"wp:attachment":[{"href":"https:\/\/livinghome.vn\/thiet-bi\/wp-json\/wp\/v2\/media?parent=4172"}],"wp:term":[{"taxonomy":"product_brand","embeddable":true,"href":"https:\/\/livinghome.vn\/thiet-bi\/wp-json\/wp\/v2\/product_brand?post=4172"},{"taxonomy":"product_cat","embeddable":true,"href":"https:\/\/livinghome.vn\/thiet-bi\/wp-json\/wp\/v2\/product_cat?post=4172"},{"taxonomy":"product_tag","embeddable":true,"href":"https:\/\/livinghome.vn\/thiet-bi\/wp-json\/wp\/v2\/product_tag?post=4172"}],"curies":[{"name":"wp","href":"https:\/\/api.w.org\/{rel}","templated":true}]}}