{"id":4138,"date":"2023-01-12T18:52:05","date_gmt":"2023-01-12T18:52:05","guid":{"rendered":"https:\/\/livinghome.vn\/thiet-bi\/?post_type=product&#038;p=4138"},"modified":"2024-11-29T14:20:09","modified_gmt":"2024-11-29T07:20:09","slug":"may-hut-mui-arber-ab900ea","status":"publish","type":"product","link":"https:\/\/livinghome.vn\/thiet-bi\/may-hut-mui-arber-ab900ea\/","title":{"rendered":"M\u00e1y h\u00fat m\u00f9i Arber AB900EA ch\u1ecbu l\u1ef1c 90cm"},"content":{"rendered":"<p>M\u00e1y h\u00fat m\u00f9i Arber AB900EA c\u00f3 th\u00e2n m\u00e1y mang thi\u1ebft k\u1ebf k\u00ednh cong v\u1edbi ch\u1ea5t li\u1ec7u inox v\u00e0 k\u00ednh c\u01b0\u1eddng l\u1ef1c m\u00e1y c\u00f3 t\u00ednh ch\u1ecbu nhi\u1ec7t, ch\u1ecbu l\u1ef1c r\u1ea5t cao. Kh\u00e1ch h\u00e0ng c\u00f3 th\u1ec3 ho\u00e0n to\u00e0n y\u00ean t\u00e2m v\u1ec1 \u0111\u1ed9 an to\u00e0n c\u1ee7a m\u00e1y. M\u00e1y c\u00f3 m\u00e0u b\u1ea1c nh\u00ecn r\u1ea5t s\u00e1ng v\u00e0 sang tr\u1ecdng, \u0111\u1eb9p m\u1eaft.<\/p>\n<p>\u0110\u00e2y l\u00e0 d\u00f2ng s\u1ea3n ph\u1ea9m treo t\u01b0\u1eddng c\u1ee7a\u00a0Arber, v\u1edbi c\u00e1c ch\u1ee9c n\u0103ng \u0111\u1eb7c bi\u1ec7t, \u0111\u01b0\u1ee3c l\u1eafp r\u00e1p b\u1edfi v\u1eadt li\u1ec7u h\u1ea1ng nh\u1ea5t gi\u00fap l\u00e0m s\u1ea1ch kh\u00f4ng kh\u00ed, gi\u1eef c\u0103n b\u1ebfp tr\u1edf l\u00ean tho\u00e1ng m\u00e1t\u00a0v\u00e0 \u0111\u1ea3m b\u1ea3o y\u1ebfu t\u1ed1 th\u1ea9m m\u1ef9\u00a0c\u0169ng nh\u01b0 t\u00ednh b\u1ec1n b\u1ec9 theo th\u1eddi gian. M\u00e1y ph\u00f9 h\u1ee3p v\u1edbi nh\u1eefng kh\u00f4ng gian b\u1ebfp hi\u1ec7n \u0111\u1ea1i, t\u0103ng th\u00eam v\u1ebb sang tr\u1ecdng cho gian b\u1ebfp c\u1ee7a b\u1ea1n. Ch\u1ea5t li\u1ec7u c\u1ee7a m\u00e1y \u0111\u01b0\u1ee3c l\u00e0m b\u1eb1ng ch\u1ea5t li\u1ec7u inox v\u00e0 k\u00ednh c\u01b0\u1eddng l\u1ef1c t\u0103ng \u0111\u1ed9 b\u1ec1n cho m\u00e1y v\u00e0 \u0111\u1ed9 an to\u00e0n cho ng\u01b0\u1eddi s\u1eed d\u1ee5ng.<\/p>\n<h2>M\u00e1y h\u00fat m\u00f9i Arber AB900EA g\u1ed3m nh\u1eefng chi ti\u1ebft :<\/h2>\n<h3>Th\u00f4ng tin s\u1ea3n ph\u1ea9m<\/h3>\n<ul>\n<li>Ph\u00e2n lo\u1ea1i : <a href=\"https:\/\/livinghome.vn\/thiet-bi\/may-hut-mui\/may-hut-mui-gan-tuong\/\">M\u00e1y h\u00fat m\u00f9i<\/a> Arber AB900EA<\/li>\n<li>B\u1ed9 l\u1ecdc :\u00a0M\u00e0ng nh\u00f4m 5 l\u1edbp, 2 ng\u0103n<\/li>\n<li>Ch\u1ea5t li\u1ec7u : Inox 430\/304, k\u00ednh\u00a0 chi\u1ee5 l\u1ef1c, ch\u1ecbu nhi\u1ec7t<\/li>\n<\/ul>\n<p>M\u00e1y h\u00fat m\u00f9i Arber AB900EA s\u1eed d\u1ee5ng b\u1ea3ng \u0111i\u1ec1u khi\u1ec3n ph\u00edm c\u01a1 g\u1ed3m 3 t\u1ed1c \u0111\u1ed9 h\u00fat ph\u00f9 h\u1ee3p v\u1edbi l\u01b0\u1ee3ng m\u00f9i v\u00e0 kh\u00f3i khi n\u1ea5u \u0103n \u0111\u1ec3 \u0111\u1ea3m b\u1ea3o s\u1ea1ch m\u00f9i cho kh\u00f4ng gian b\u1ebfp nh\u00e0 b\u1ea1n. H\u1ec7 th\u1ed1ng \u0111\u00e8n chi\u1ebfu s\u00e1ng c\u1ee7a m\u00e1y g\u1ed3m 2 \u0111\u00e8n led c\u00f3 t\u00e1c d\u1ee5ng chi\u1ebfu s\u00e1ng v\u00e0 l\u00e0m cho c\u00f4ng vi\u1ec7c n\u1ea5u \u0103n th\u00eam thu\u1eadn l\u1ee3i. L\u01b0\u1edbi l\u1ecdc m\u1ee1 b\u1eb1ng h\u1ee3p kim g\u1ed3m nhi\u1ec1u l\u1edbp \u0111\u1ec3 ng\u0103n ch\u1eb7n tri\u1ec7t \u0111\u1ec3 m\u00f9i, b\u1ee5i l\u1ecdt v\u00e0o b\u00ean trong m\u00e1y g\u00e2y h\u1ecfng \u0111\u1ed9ng c\u01a1. T\u1ea5m l\u01b0\u1edbi n\u00e0y c\u00f3 th\u1ec3 th\u00e1o r\u1eddi \u0111\u1ec3 v\u1ec7 sinh m\u1ed9t c\u00e1ch d\u1ec5 d\u00e0ng.<\/p>\n<h3>T\u00ednh n\u0103ng :<\/h3>\n<ul>\n<li>Ngu\u1ed3n : 220-240V\/50hz<\/li>\n<li>C\u00f4ng su\u1ea5t motor : 104W &#8211; N\u0103ng l\u01b0\u1ee3ng : A+<\/li>\n<li>C\u00f4ng su\u1ea5t h\u00fat c\u1ef1c \u0111\u1ea1i : 1000m3\/h<\/li>\n<li>N\u0103ng l\u01b0\u1ee3ng ti\u00eau th\u1ee5 : 30KWH\/annum<\/li>\n<li>C\u00f4ng su\u1ea5t b\u00f3ng \u0111\u00e8n : 2 x 2W led<\/li>\n<li>\u0110\u1ed9 \u1ed3n : \u2265 35Db<\/li>\n<li>\u0110i\u1ec1u khi\u1ec3n : C\u01a1 d\u1ea1ng nh\u1ea5n, 3 t\u1ed1c \u0111\u1ed9<\/li>\n<li>Kh\u1eed m\u00f9i b\u1eb1ng than ho\u1ea1t t\u00ednh<\/li>\n<li>Tho\u00e1t kh\u00ed :\u00a0\u00a0\u00d8 150mm<\/li>\n<li>K\u00edch th\u01b0\u1edbc : 900mm<\/li>\n<\/ul>\n<div class=\"mceTemp\"><\/div>\n<figure id=\"attachment_65229\" aria-describedby=\"caption-attachment-65229\" style=\"width: 800px\" class=\"wp-caption aligncenter\"><img loading=\"lazy\" decoding=\"async\" class=\"wp-image-65229 size-large\" src=\"https:\/\/livinghome.vn\/thiet-bi\/wp-content\/uploads\/nha-bep\/arber\/may-hut-mui-tum-kinh\/may-hut-mui-tum-kinh-arber-ab900ea\/may-hut-mui-tum-kinh-arber-ab900ea-1-800x800.jpg\" alt=\"M\u00e1y h\u00fat m\u00f9i Arber AB900EA ch\u1ecbu l\u1ef1c 90cm\" width=\"800\" height=\"800\" title=\"\"><figcaption id=\"caption-attachment-65229\" class=\"wp-caption-text\">M\u00e1y h\u00fat m\u00f9i Arber AB900EA ch\u1ecbu l\u1ef1c 90cm<\/figcaption><\/figure>\n<h3>M\u1ed9t s\u1ed1 l\u01b0u \u00fd khi s\u1eed d\u1ee5ng m\u00e1y h\u00fat m\u00f9i Arber AB900EA<\/h3>\n<p>\u0110\u1ec3 n\u00e2ng cao hi\u1ec7u su\u1ea5t h\u00fat c\u1ee7a m\u00e1y h\u00fat m\u00f9i khi s\u1eed d\u1ee5ng b\u1ea1n c\u1ea7n l\u01b0u \u00fd nh\u1eefng \u0111i\u1ec1u sau \u0111\u00e2y:<\/p>\n<p>\u0110\u1ed1i v\u1edbi nh\u1eefng chi\u1ebfc m\u00e1y h\u00fat m\u00f9i s\u1eed d\u1ee5ng than ho\u1ea1t t\u00ednh, b\u1ea1n n\u00ean thay than t\u1eeb 6 th\u00e1ng \u0111\u1ebfn 1 n\u0103m m\u1ed9t l\u1ea7n \u0111\u1ec3 \u0111\u1ea3m b\u1ea3o hi\u1ec7u qu\u1ea3 kh\u1eed m\u00f9i.<\/p>\n<p>Lu\u00f4n lau ch\u00f9i m\u00e1y b\u1eb1ng gi\u1ebb m\u1ec1m, c\u00f3 ch\u1ea5t t\u1ea9y r\u1eeda.<\/p>\n<p>Kh\u00f4ng s\u1eed d\u1ee5ng m\u00e1y khi ngu\u1ed3n \u0111i\u1ec7n ch\u1eadp ch\u1eddn.<\/p>\n<p>\u0110\u1ec3 tr\u00e1nh g\u00e2y h\u1ea1n \u0111\u1ebfn \u0111\u1ed9ng c\u01a1 b\u00ean trong m\u00e1y b\u1ea1n kh\u00f4ng n\u00ean \u0111\u1ec3 n\u01b0\u1edbc ho\u1eb7c v\u1eadt\u00a0c\u1ee9ng l\u1ecdt v\u00e0o trong m\u00e1y.<\/p>\n<p>\u0110\u1eb7c bi\u1ec7t \u0111\u1ec3 ti\u1ebft ki\u1ec7m \u0111i\u1ec7n v\u00e0 t\u0103ng tu\u1ed5i th\u1ecd cho m\u00e1y h\u01a1n h\u1ebft b\u1ea1n n\u00ean s\u1eed d\u1ee5ng \u0111\u00fang t\u1ed1c \u0111\u1ed9 c\u1ee7a m\u00e1y, kh\u00f4ng n\u00ean l\u1ea1m d\u1ee5ng t\u1ed1c \u0111\u1ed9 cao nh\u1ea5t t\u1ee9c \u0111\u1ed1i v\u1edbi nh\u1eefng m\u00f3n \u0103n kh\u00f4ng ch\u1ee9a d\u1ea7u m\u1ee1 nh\u01b0 c\u00e1c m\u00f3n lu\u1ed9c b\u1ea1n ch\u1ec9 c\u1ea7n \u0111\u1ec3 m\u00e1y \u1edf m\u1ee9c c\u00f4ng su\u1ea5t th\u1ea5p, v\u1edbi nh\u1eefng m\u00f3n ch\u1ee9a nhi\u1ec1u d\u1ea7u m\u1ee1 nh\u01b0: chi\u00ean, x\u00e0o, r\u00e1n ho\u1eb7c nh\u1eefng m\u00f3n n\u1eb7ng m\u00f9i nh\u01b0 gi\u1ea3 c\u00e0y th\u00ec b\u1ea1n m\u1edbi c\u1ea7n s\u1eed d\u1ee5ng m\u00e1y h\u00fat m\u00f9i \u1edf c\u1ea5p \u0111\u1ed9 cao.<\/p>\n<p>T\u1ea7m 2 th\u00e1ng b\u1ea1n n\u00ean v\u1ec7 sinh l\u01b0\u1edbi l\u1ecdc 1 l\u1ea7n. N\u00ean b\u1ea3o d\u01b0\u1ee1ng m\u00e1y 12 th\u00e1ng 1 l\u1ea7n c\u0169ng l\u00e0 c\u00e1ch \u0111\u1ec3 m\u00e1y ho\u1ea1t \u0111\u1ed9ng t\u1ed1t h\u01a1n.<\/p>\n<p>&nbsp;<\/p>\n","protected":false},"excerpt":{"rendered":"<div class=\"clearfix summary mb-3\">\n<p>Ngu\u1ed3n : 220-240V\/50hz<\/p>\n<p>C\u00f4ng su\u1ea5t motor : 104W &#8211; N\u0103ng l\u01b0\u1ee3ng : A+<\/p>\n<p>C\u00f4ng su\u1ea5t h\u00fat c\u1ef1c \u0111\u1ea1i : 1000m3\/h<\/p>\n<p>N\u0103ng l\u01b0\u1ee3ng ti\u00eau th\u1ee5 : 30KWH\/annum<\/p>\n<p>C\u00f4ng su\u1ea5t b\u00f3ng \u0111\u00e8n : 2 x 2W led<\/p>\n<p>\u0110\u1ed9 \u1ed3n : \u2265 35Db<\/p>\n<p>\u0110i\u1ec1u khi\u1ec3n : C\u01a1 d\u1ea1ng nh\u1ea5n, 3 t\u1ed1c \u0111\u1ed9<\/p>\n<p>Kh\u1eed m\u00f9i b\u1eb1ng than ho\u1ea1t t\u00ednh<\/p>\n<\/div>\n<div class=\"like-socials\">\n<div class=\"fb-like fb_iframe_widget\" data-href=\"https:\/\/arber.vn\/san-pham\/may-hut-khu-mui\/may-hut-mui-ab700ea.html\" data-layout=\"button_count\" data-action=\"like\" data-size=\"small\" data-show-faces=\"false\" data-share=\"false\"><\/div>\n<\/div>\n","protected":false},"featured_media":4227,"comment_status":"open","ping_status":"closed","template":"","meta":[],"product_brand":[],"product_cat":[596,89,447],"product_tag":[448,459,90],"class_list":{"0":"post-4138","1":"product","2":"type-product","3":"status-publish","4":"has-post-thumbnail","6":"product_cat-may-hut-mui-arber","7":"product_cat-may-hut-mui-gan-tuong","8":"product_cat-thuong-hieu-arber","9":"product_tag-arber","10":"product_tag-may-hut-mui-arber","11":"product_tag-may-hut-mui-gan-tuong","13":"first","14":"instock","15":"sale","16":"shipping-taxable","17":"purchasable","18":"product-type-simple"},"_links":{"self":[{"href":"https:\/\/livinghome.vn\/thiet-bi\/wp-json\/wp\/v2\/product\/4138","targetHints":{"allow":["GET"]}}],"collection":[{"href":"https:\/\/livinghome.vn\/thiet-bi\/wp-json\/wp\/v2\/product"}],"about":[{"href":"https:\/\/livinghome.vn\/thiet-bi\/wp-json\/wp\/v2\/types\/product"}],"replies":[{"embeddable":true,"href":"https:\/\/livinghome.vn\/thiet-bi\/wp-json\/wp\/v2\/comments?post=4138"}],"wp:featuredmedia":[{"embeddable":true,"href":"https:\/\/livinghome.vn\/thiet-bi\/wp-json\/wp\/v2\/media\/4227"}],"wp:attachment":[{"href":"https:\/\/livinghome.vn\/thiet-bi\/wp-json\/wp\/v2\/media?parent=4138"}],"wp:term":[{"taxonomy":"product_brand","embeddable":true,"href":"https:\/\/livinghome.vn\/thiet-bi\/wp-json\/wp\/v2\/product_brand?post=4138"},{"taxonomy":"product_cat","embeddable":true,"href":"https:\/\/livinghome.vn\/thiet-bi\/wp-json\/wp\/v2\/product_cat?post=4138"},{"taxonomy":"product_tag","embeddable":true,"href":"https:\/\/livinghome.vn\/thiet-bi\/wp-json\/wp\/v2\/product_tag?post=4138"}],"curies":[{"name":"wp","href":"https:\/\/api.w.org\/{rel}","templated":true}]}}