{"id":4093,"date":"2023-01-12T18:51:15","date_gmt":"2023-01-12T18:51:15","guid":{"rendered":"https:\/\/livinghome.vn\/thiet-bi\/?post_type=product&#038;p=4093"},"modified":"2024-11-29T14:20:09","modified_gmt":"2024-11-29T07:20:09","slug":"bep-gas-arber-ab731a-sang-trong-sieu-ben","status":"publish","type":"product","link":"https:\/\/livinghome.vn\/thiet-bi\/bep-gas-arber-ab731a-sang-trong-sieu-ben\/","title":{"rendered":"B\u1ebfp gas Arber AB731A sang tr\u1ecdng si\u00eau b\u1ec1n"},"content":{"rendered":"<p>B\u1ebfp gas \u00e2m Arber AB731A v\u1edbi thi\u1ebft k\u1ebf 2 l\u00f2 n\u1ea5u m\u1eb7t b\u1ebfp k\u00ednh c\u01b0\u1eddng l\u1ef1c m\u00e0u \u0111en sang tr\u1ecdng, h\u1ec7 th\u1ed1ng \u0111\u00e1nh l\u1eeda b\u1eb1ng IC si\u00eau nh\u1ea1y, ch\u1ee9c n\u0103ng c\u1ea3m \u1ee9ng ng\u1eaft gas t\u1ef1 \u0111\u1ed9ng an to\u00e0n. S\u1edf h\u1eefu b\u1ebfp gas \u00e2m Arber AB731A s\u1ebd gi\u00fap cho c\u00f4ng vi\u1ec7c ch\u1ebf bi\u1ebfn th\u1ee9c \u0103n h\u1eb1ng ng\u00e0y c\u1ee7a ng\u01b0\u1eddi s\u1eed d\u1ee5ng tr\u1edf n\u00ean nhanh ch\u00f3ng v\u00e0 an to\u00e0n h\u01a1n.<\/p>\n<h2>B\u1ebfp gas Arber AB731A c\u00f3 nh\u1eefng chi ti\u1ebft n\u00e0o n\u1ed5i b\u1eadt<\/h2>\n<h3>T\u00ean s\u1ea3n ph\u1ea9m<\/h3>\n<ul>\n<li>Ph\u00e2n lo\u1ea1i : <a href=\"https:\/\/livinghome.vn\/thiet-bi\/bep-gas-am\/\">B\u1ebfp gas \u00e2m<\/a> Arber AB731A<\/li>\n<li>S\u1ed1 l\u01b0\u1ee3ng : 2 b\u1ebfp<\/li>\n<\/ul>\n<h3>T\u00ednh n\u0103ng<\/h3>\n<ul>\n<li>H\u1ec7 th\u1ed1ng c\u1ea3m \u1ee9ng : T\u1ef1 \u0111\u1ed9ng ng\u1eaft gas an to\u00e0n.<\/li>\n<li>H\u1ec7 th\u1ed1ng \u0111\u00e1nh l\u1eeda IC t\u1ef1 \u0111\u1ed9ng: Pin 1,5V<\/li>\n<li>B\u1ed9 chia l\u1eeda : B\u1eb1ng \u0111\u1ed3ng<\/li>\n<li>S\u1ed1 v\u00f2ng l\u1eeda : 2+2<\/li>\n<li>Ki\u1ec1ng : B\u1eb1ng gang si\u00eau b\u1ec1n<\/li>\n<li>H\u1ecdng : Gang si\u00eau b\u1ec1n<\/li>\n<li>L\u01b0\u1ee3ng ti\u00eau thu gas : Ti\u1ebft ki\u1ec7m gas<\/li>\n<\/ul>\n<p>B\u1ebfp gas Arber AB731A s\u1eed d\u1ee5ng b\u1ed9 chia l\u1eeda b\u1eb1ng \u0111\u1ed3ng cho \u0111\u1ed9 b\u1ec1n cao, ki\u1ec1ng b\u1ebfp 5 ch\u00e2n ch\u1eafc ch\u1eafn l\u00e0m t\u1eeb th\u00e9p tr\u00e1ng men ch\u1ed1ng g\u1ec9 s\u00e9t, khay ch\u1ed1ng tr\u00e0n l\u00e0m b\u1eb1ng inox, b\u1ee5ng b\u1ebfp b\u1eb1ng th\u00e9p s\u01a1n t\u1ec9nh \u0111i\u1ec7n ch\u1ed1ng g\u1ec9 s\u00e9t, m\u1eb7t b\u1ebfp l\u00e0m t\u1eeb k\u00ednh c\u01b0\u1eddng l\u1ef1c c\u00f3 kh\u1ea3 n\u0103ng ch\u1ecbu l\u1ef1c, ch\u1ecbu nhi\u1ec7t, ch\u1ecbu s\u1ed1c nhi\u1ec7t t\u1ed1t h\u1ea1n ch\u1ebf kh\u1ea3 n\u1eb1ng n\u1ee9t v\u1ee1 khi n\u1ea5u \u0103n \u1edf nhi\u1ec7t \u0111\u1ed9 cao l\u1ea1i d\u1ec5 lau ch\u00f9i v\u1ec7 sinh.<\/p>\n<p>B\u1ebfp gas \u00e2m Arber AB731A tr\u1ea1ng b\u1ecb ch\u1ee9c n\u0103ng c\u1ea3m \u1ee9ng ng\u1eaft gas t\u1ef1 \u0111\u1ed9ng an to\u00e0n cho ng\u01b0\u1eddi s\u1eed d\u1ee5ng, h\u1ea1n ch\u1ebf nh\u1eefng r\u1ee7i ro c\u00f3 th\u1ec3 x\u1ea3y ra trong qu\u00e1 tr\u00ecnh ch\u1ebf bi\u1ebfn th\u1ee9c \u0103n. B\u1ebfp gas \u00e2m m\u1eb7t k\u00ednh Arber AB731A s\u1eed d\u1ee5ng h\u1ec7 th\u1ed1ng \u0111\u00e1nh l\u1eeda IC si\u00eau nh\u1ea1y k\u1ebft h\u1ee3p n\u00fat v\u1eb7n thon g\u1ecdn nh\u1eb9 nh\u00e0ng gi\u00fap ng\u01b0\u1eddi d\u00f9ng thao t\u00e1c s\u1eed d\u1ee5ng b\u1ebfp d\u1ec5 d\u00e0ng h\u01a1n.<\/p>\n<h3>Ch\u1ea5t li\u1ec7u<\/h3>\n<ul>\n<li>M\u1eb7t b\u1ebfp : K\u00ednh m\u00e0u \u0111en ch\u1ecbu l\u1ef1c, ch\u1ecbu nhi\u1ec7t<\/li>\n<li>Khung b\u1ebfp : Th\u00e9p s\u01a1n t\u0129nh \u0111i\u1ec7n kh\u00f4ng g\u1ec9.<\/li>\n<\/ul>\n<h3>Th\u00f4ng s\u1ed1 k\u1ef7 thu\u1eadt<\/h3>\n<ul>\n<li>K\u00edch th\u01b0\u1edbc m\u1eb7t b\u1ebfp : 730 x 430 x 80mm<\/li>\n<li>K\u00edch th\u01b0\u1edbc l\u1eafp \u0111\u1eb7t : 690 x 390mm<\/li>\n<li>Xu\u1ea5t x\u1ee9 : Made in China<\/li>\n<\/ul>\n<figure id=\"attachment_65067\" aria-describedby=\"caption-attachment-65067\" style=\"width: 800px\" class=\"wp-caption aligncenter\"><img loading=\"lazy\" decoding=\"async\" class=\"wp-image-65067 size-large\" src=\"https:\/\/livinghome.vn\/thiet-bi\/wp-content\/uploads\/nha-bep\/arber\/bep-ga\/bep-ga-arber-ab731a\/bep-ga-arber-ab731a-1-800x800.jpg\" alt=\"B\u1ebfp gas Arber AB731A sang tr\u1ecdng si\u00eau b\u1ec1n \" width=\"800\" height=\"800\" title=\"\"><figcaption id=\"caption-attachment-65067\" class=\"wp-caption-text\">B\u1ebfp gas Arber AB731A sang tr\u1ecdng si\u00eau b\u1ec1n<\/figcaption><\/figure>\n","protected":false},"excerpt":{"rendered":"<p>H\u1ec7 th\u1ed1ng c\u1ea3m \u1ee9ng : T\u1ef1 \u0111\u1ed9ng ng\u1eaft gas an to\u00e0n.<\/p>\n<p>H\u1ec7 th\u1ed1ng \u0111\u00e1nh l\u1eeda IC t\u1ef1 \u0111\u1ed9ng: Pin 1,5V<\/p>\n<p>B\u1ed9 chia l\u1eeda : B\u1eb1ng \u0111\u1ed3ng<\/p>\n<p>S\u1ed1 v\u00f2ng l\u1eeda : 2+2<\/p>\n<p>Ki\u1ec1ng : B\u1eb1ng gang si\u00eau b\u1ec1n<\/p>\n<p>H\u1ecdng : Gang si\u00eau b\u1ec1n<\/p>\n<p>L\u01b0\u1ee3ng ti\u00eau thu gas : Ti\u1ebft ki\u1ec7m gas<\/p>\n","protected":false},"featured_media":4185,"comment_status":"open","ping_status":"closed","template":"","meta":[],"product_brand":[],"product_cat":[731,123,447],"product_tag":[448,126,732,458],"class_list":{"0":"post-4093","1":"product","2":"type-product","3":"status-publish","4":"has-post-thumbnail","6":"product_cat-bep-gas-arber","7":"product_cat-bep-gas","8":"product_cat-thuong-hieu-arber","9":"product_tag-arber","10":"product_tag-bep-gas-am","11":"product_tag-bep-gas-am-arber","12":"product_tag-bep-gas-arber","14":"first","15":"instock","16":"sale","17":"shipping-taxable","18":"purchasable","19":"product-type-simple"},"_links":{"self":[{"href":"https:\/\/livinghome.vn\/thiet-bi\/wp-json\/wp\/v2\/product\/4093","targetHints":{"allow":["GET"]}}],"collection":[{"href":"https:\/\/livinghome.vn\/thiet-bi\/wp-json\/wp\/v2\/product"}],"about":[{"href":"https:\/\/livinghome.vn\/thiet-bi\/wp-json\/wp\/v2\/types\/product"}],"replies":[{"embeddable":true,"href":"https:\/\/livinghome.vn\/thiet-bi\/wp-json\/wp\/v2\/comments?post=4093"}],"wp:featuredmedia":[{"embeddable":true,"href":"https:\/\/livinghome.vn\/thiet-bi\/wp-json\/wp\/v2\/media\/4185"}],"wp:attachment":[{"href":"https:\/\/livinghome.vn\/thiet-bi\/wp-json\/wp\/v2\/media?parent=4093"}],"wp:term":[{"taxonomy":"product_brand","embeddable":true,"href":"https:\/\/livinghome.vn\/thiet-bi\/wp-json\/wp\/v2\/product_brand?post=4093"},{"taxonomy":"product_cat","embeddable":true,"href":"https:\/\/livinghome.vn\/thiet-bi\/wp-json\/wp\/v2\/product_cat?post=4093"},{"taxonomy":"product_tag","embeddable":true,"href":"https:\/\/livinghome.vn\/thiet-bi\/wp-json\/wp\/v2\/product_tag?post=4093"}],"curies":[{"name":"wp","href":"https:\/\/api.w.org\/{rel}","templated":true}]}}